{"id":13,"date":"2022-05-24T09:09:16","date_gmt":"2022-05-24T09:09:16","guid":{"rendered":"https:\/\/stoic-haibt.89-188-76-10.plesk.page\/?page_id=13"},"modified":"2024-10-01T14:25:19","modified_gmt":"2024-10-01T12:25:19","slug":"om-jensens-bofhus","status":"publish","type":"page","link":"https:\/\/jensens.com\/da\/om-jensens-bofhus\/","title":{"rendered":"Om Jensens B\u00f8fhus"},"content":{"rendered":"\r\n<div id=\"section-block_376916d8de7ae831055d370a21916a67\" class=\"section\">\r\n\t<div class=\"container\">\r\n\t\t<div class=\"row\">\r\n\t\t\t<div class=\"col-12\">\r\n\t\t\t\t<div class=\"section__inner\">\r\n\t\t\t\t\t\n\r\n<div id=\"textBlock-block_95bbb3f149590d8f9a5bfcba8c4cda5f\" class=\"textBlock textBlock--left\">\r\n\t<div class=\"container\">\r\n\t\t<div class=\"row\">\r\n\t\t\t<div class=\"col-12 col-lg-10 col-xl-8 offset-xl-2 offset-lg-1\" data-aos=\"fade-up\" data-aos-duration=\"800\" data-aos-offset=\"-150\">\r\n\t\t\t\t<div class=\"textBlock__inner\">\r\n\t\t\t\t\t<h1>Om Jensens B\u00f8fhus<\/h1>\n<h2>Det handler om at bruge tid sammen med dem, du holder af<\/h2>\n<h3>Uanset om dem, du inviterer, er til drinkskort eller legerum<\/h3>\n<p>I over 30 \u00e5r har Jensens B\u00f8fhus serveret Favoritb\u00f8ffer p\u00e5 stribe, pommes, softice i laaange baner, og meget mere. Det g\u00f8r vi stadig. Og vi er glade for, at vi har kunnet m\u00e6tte b\u00f8rn og voksne, og b\u00f8rn, som nu er blevet voksne og som har f\u00e5et deres egne b\u00f8rn, og alle jer andre b\u00f8rn, voksne, bedstefor\u00e6ldre, venner, kolleger og potentielle k\u00e6restepar, der sl\u00e5r vejen forbi os.<\/p>\n<h3>Stort menukort, smilende service og softice ad libitum<\/h3>\n<p>Vi er for dig, der \u00f8nsker et godt, uformelt m\u00e5ltid tilsat en smilende service. Vi har et stort menukort, og du skal nok blive m\u00e6t. Vi har alt fra legerum til drinkskort, og vi g\u00e5r ikke s\u00e5 meget op i, om vinen sk\u00e6nkes fra h\u00f8jre eller venstre, om du skal have softice til forret og hovedret, eller om dine b\u00f8rn spilder. Pyt (og hvor der leves, der spildes, er det ikke s\u00e5dan?).<\/p>\n<p>Vores fornemmeste opgave er at s\u00f8rge for, at du f\u00e5r en god oplevelse med dine k\u00e6re, n\u00e5r I har afsat tid til at v\u00e6re sammen. For det gode samv\u00e6r, der bliver til gode minder, er i virkeligheden det vigtigste, vi kan servere for vores g\u00e6ster.<\/p>\n<p>Vi gl\u00e6der os, til du bes\u00f8ger os.<\/p>\n\t\t\t\t\t<div class=\"textBlock__inner__buttons\">\r\n\t\t\t\t\t\t\t\t\t\t\t<\/div>\r\n\t\t\t\t<\/div>\r\n\t\t\t\t\t\t\t<\/div>\r\n\t\t<\/div>\r\n\t<\/div>\r\n<\/div>\n\r\n\t\t\t\t<\/div>\r\n\t\t\t<\/div>\r\n\t\t<\/div>\r\n\t<\/div>\r\n<\/div>","protected":false},"excerpt":{"rendered":"","protected":false},"author":3,"featured_media":0,"parent":0,"menu_order":0,"comment_status":"closed","ping_status":"closed","template":"","meta":{"_acf_changed":false,"inline_featured_image":false,"footnotes":""},"class_list":["post-13","page","type-page","status-publish","hentry"],"acf":[],"yoast_head":"<!-- This site is optimized with the Yoast SEO Premium plugin v26.9 (Yoast SEO v26.9) - https:\/\/yoast.com\/product\/yoast-seo-premium-wordpress\/ -->\n<title>Om Jensens B\u00f8fhus - 30 \u00e5r med traditioner<\/title>\n<meta name=\"description\" content=\"I snart 30 \u00e5r har vores restauranter dannet hyggelige rammer for danskernes sm\u00e5 og store anledninger. L\u00e6s om Jensens B\u00f8fhus&#039; grundtanke og vision.\" \/>\n<meta name=\"robots\" content=\"index, follow, max-snippet:-1, max-image-preview:large, max-video-preview:-1\" \/>\n<link rel=\"canonical\" href=\"https:\/\/jensens.com\/da\/om-jensens-bofhus\/\" \/>\n<meta property=\"og:locale\" content=\"da_DK\" \/>\n<meta property=\"og:type\" content=\"article\" \/>\n<meta property=\"og:title\" content=\"Om Jensens B\u00f8fhus\" \/>\n<meta property=\"og:description\" content=\"I snart 30 \u00e5r har vores restauranter dannet hyggelige rammer for danskernes sm\u00e5 og store anledninger. L\u00e6s om Jensens B\u00f8fhus&#039; grundtanke og vision.\" \/>\n<meta property=\"og:url\" content=\"https:\/\/jensens.com\/da\/om-jensens-bofhus\/\" \/>\n<meta property=\"og:site_name\" content=\"Jensens\" \/>\n<meta property=\"article:modified_time\" content=\"2024-10-01T12:25:19+00:00\" \/>\n<meta name=\"twitter:card\" content=\"summary_large_image\" \/>\n<script type=\"application\/ld+json\" class=\"yoast-schema-graph\">{\"@context\":\"https:\/\/schema.org\",\"@graph\":[{\"@type\":\"WebPage\",\"@id\":\"https:\/\/jensens.com\/da\/om-jensens-bofhus\/\",\"url\":\"https:\/\/jensens.com\/da\/om-jensens-bofhus\/\",\"name\":\"Om Jensens B\u00f8fhus - 30 \u00e5r med traditioner\",\"isPartOf\":{\"@id\":\"https:\/\/jensens.com\/da\/#website\"},\"datePublished\":\"2022-05-24T09:09:16+00:00\",\"dateModified\":\"2024-10-01T12:25:19+00:00\",\"description\":\"I snart 30 \u00e5r har vores restauranter dannet hyggelige rammer for danskernes sm\u00e5 og store anledninger. L\u00e6s om Jensens B\u00f8fhus' grundtanke og vision.\",\"breadcrumb\":{\"@id\":\"https:\/\/jensens.com\/da\/om-jensens-bofhus\/#breadcrumb\"},\"inLanguage\":\"da-DK\",\"potentialAction\":[{\"@type\":\"ReadAction\",\"target\":[\"https:\/\/jensens.com\/da\/om-jensens-bofhus\/\"]}]},{\"@type\":\"BreadcrumbList\",\"@id\":\"https:\/\/jensens.com\/da\/om-jensens-bofhus\/#breadcrumb\",\"itemListElement\":[{\"@type\":\"ListItem\",\"position\":1,\"name\":\"Home\",\"item\":\"https:\/\/jensens.com\/da\/\"},{\"@type\":\"ListItem\",\"position\":2,\"name\":\"Om Jensens B\u00f8fhus\"}]},{\"@type\":\"WebSite\",\"@id\":\"https:\/\/jensens.com\/da\/#website\",\"url\":\"https:\/\/jensens.com\/da\/\",\"name\":\"Jensens\",\"description\":\"\",\"potentialAction\":[{\"@type\":\"SearchAction\",\"target\":{\"@type\":\"EntryPoint\",\"urlTemplate\":\"https:\/\/jensens.com\/da\/?s={search_term_string}\"},\"query-input\":{\"@type\":\"PropertyValueSpecification\",\"valueRequired\":true,\"valueName\":\"search_term_string\"}}],\"inLanguage\":\"da-DK\"}]}<\/script>\n<!-- \/ Yoast SEO Premium plugin. -->","yoast_head_json":{"title":"Om Jensens B\u00f8fhus - 30 \u00e5r med traditioner","description":"I snart 30 \u00e5r har vores restauranter dannet hyggelige rammer for danskernes sm\u00e5 og store anledninger. L\u00e6s om Jensens B\u00f8fhus' grundtanke og vision.","robots":{"index":"index","follow":"follow","max-snippet":"max-snippet:-1","max-image-preview":"max-image-preview:large","max-video-preview":"max-video-preview:-1"},"canonical":"https:\/\/jensens.com\/da\/om-jensens-bofhus\/","og_locale":"da_DK","og_type":"article","og_title":"Om Jensens B\u00f8fhus","og_description":"I snart 30 \u00e5r har vores restauranter dannet hyggelige rammer for danskernes sm\u00e5 og store anledninger. L\u00e6s om Jensens B\u00f8fhus' grundtanke og vision.","og_url":"https:\/\/jensens.com\/da\/om-jensens-bofhus\/","og_site_name":"Jensens","article_modified_time":"2024-10-01T12:25:19+00:00","twitter_card":"summary_large_image","schema":{"@context":"https:\/\/schema.org","@graph":[{"@type":"WebPage","@id":"https:\/\/jensens.com\/da\/om-jensens-bofhus\/","url":"https:\/\/jensens.com\/da\/om-jensens-bofhus\/","name":"Om Jensens B\u00f8fhus - 30 \u00e5r med traditioner","isPartOf":{"@id":"https:\/\/jensens.com\/da\/#website"},"datePublished":"2022-05-24T09:09:16+00:00","dateModified":"2024-10-01T12:25:19+00:00","description":"I snart 30 \u00e5r har vores restauranter dannet hyggelige rammer for danskernes sm\u00e5 og store anledninger. L\u00e6s om Jensens B\u00f8fhus' grundtanke og vision.","breadcrumb":{"@id":"https:\/\/jensens.com\/da\/om-jensens-bofhus\/#breadcrumb"},"inLanguage":"da-DK","potentialAction":[{"@type":"ReadAction","target":["https:\/\/jensens.com\/da\/om-jensens-bofhus\/"]}]},{"@type":"BreadcrumbList","@id":"https:\/\/jensens.com\/da\/om-jensens-bofhus\/#breadcrumb","itemListElement":[{"@type":"ListItem","position":1,"name":"Home","item":"https:\/\/jensens.com\/da\/"},{"@type":"ListItem","position":2,"name":"Om Jensens B\u00f8fhus"}]},{"@type":"WebSite","@id":"https:\/\/jensens.com\/da\/#website","url":"https:\/\/jensens.com\/da\/","name":"Jensens","description":"","potentialAction":[{"@type":"SearchAction","target":{"@type":"EntryPoint","urlTemplate":"https:\/\/jensens.com\/da\/?s={search_term_string}"},"query-input":{"@type":"PropertyValueSpecification","valueRequired":true,"valueName":"search_term_string"}}],"inLanguage":"da-DK"}]}},"_links":{"self":[{"href":"https:\/\/jensens.com\/da\/wp-json\/wp\/v2\/pages\/13","targetHints":{"allow":["GET"]}}],"collection":[{"href":"https:\/\/jensens.com\/da\/wp-json\/wp\/v2\/pages"}],"about":[{"href":"https:\/\/jensens.com\/da\/wp-json\/wp\/v2\/types\/page"}],"author":[{"embeddable":true,"href":"https:\/\/jensens.com\/da\/wp-json\/wp\/v2\/users\/3"}],"replies":[{"embeddable":true,"href":"https:\/\/jensens.com\/da\/wp-json\/wp\/v2\/comments?post=13"}],"version-history":[{"count":22,"href":"https:\/\/jensens.com\/da\/wp-json\/wp\/v2\/pages\/13\/revisions"}],"predecessor-version":[{"id":371821413,"href":"https:\/\/jensens.com\/da\/wp-json\/wp\/v2\/pages\/13\/revisions\/371821413"}],"wp:attachment":[{"href":"https:\/\/jensens.com\/da\/wp-json\/wp\/v2\/media?parent=13"}],"curies":[{"name":"wp","href":"https:\/\/api.w.org\/{rel}","templated":true}]}}