{"id":163,"date":"2022-05-25T11:30:55","date_gmt":"2022-05-25T11:30:55","guid":{"rendered":"https:\/\/stoic-haibt.89-188-76-10.plesk.page\/?page_id=163"},"modified":"2026-04-13T14:38:49","modified_gmt":"2026-04-13T12:38:49","slug":"boern","status":"publish","type":"page","link":"https:\/\/jensens.com\/da\/boern\/","title":{"rendered":"B\u00f8rn"},"content":{"rendered":"\r\n<div id=\"textBlock-block_4912d8604d5ba75e75bf5bcd5ae2cddd\" class=\"textBlock textBlock--\">\r\n\t<div class=\"container\">\r\n\t\t<div class=\"row\">\r\n\t\t\t<div class=\"col-12 col-lg-10 col-xl-8 offset-xl-2 offset-lg-1\" data-aos=\"fade-up\" data-aos-duration=\"800\" data-aos-offset=\"-150\">\r\n\t\t\t\t<div class=\"textBlock__inner\">\r\n\t\t\t\t\t<h1 style=\"text-align: center\">Jensens B\u00f8fhus? Det er en restaurant for b\u00f8rn!<\/h1>\n<p style=\"text-align: center\">B\u00f8rn er mere end velkomne p\u00e5 Jensens B\u00f8fhus. Vi g\u00f8r os umage for at g\u00f8re det sjovt for de mindste at komme p\u00e5 restaurant, og vi forst\u00e5r 100 %, n\u00e5r nogle af vores g\u00e6ster helst vil have krymmel med softice til hovedret. Eller lave suger\u00f8rs-bobler. Eller skal ammes. Der skal v\u00e6re plads til det hele.<\/p>\n\t\t\t\t\t<div class=\"textBlock__inner__buttons\">\r\n\t\t\t\t\t\t\t\t\t\t\t<\/div>\r\n\t\t\t\t<\/div>\r\n\t\t\t\t\t\t\t<\/div>\r\n\t\t<\/div>\r\n\t<\/div>\r\n<\/div>\n\n\r\n<div id=\"spacer-block_8b5b476ca5bbc6b1e6f9394d9bbe94f2\" class=\"spacer\" style=\"background:rgba(255,255,255,0)\">\r\n\t<style>\r\n\t\t\r\n\t\t\t#spacer-block_8b5b476ca5bbc6b1e6f9394d9bbe94f2{ height: 50px; }\r\n\t\t\t@media(min-width:992px){ #spacer-block_8b5b476ca5bbc6b1e6f9394d9bbe94f2{ height: 50px; } }\r\n\t\t\t@media(min-width:1200px){ #spacer-block_8b5b476ca5bbc6b1e6f9394d9bbe94f2{ height: 100px; } }\r\n\t\t\t<\/style>\r\n<\/div>\n\n\r\n<div id=\"textImageBlock-block_91289b8f241b8f1926743169c54175f0\" class=\"textImageBlock textImageBlock--imageLast textImageBlock--imageBorder textImageBlock--circle textImageBlock--middle\" style=\"background:\">\r\n\t<div class=\"container\">\r\n\t\t<div class=\"row\">\r\n\t\t\t<div class=\"col-12 col-lg-6\">\r\n\t\t\t\t<div class=\"textImageBlock__image textImageBlock__image--default\" data-aos=\"fade-up\" data-aos-duration=\"800\">\r\n\t\t\t\t\t<img decoding=\"async\" src=\"\" data-src=\"https:\/\/jensens.com\/wp-content\/uploads\/2022\/10\/SMASK_menu-520x520-1.jpg\" data-srcset=\"https:\/\/jensens.com\/wp-content\/uploads\/2022\/10\/SMASK_menu-520x520-1.jpg 600w, https:\/\/jensens.com\/wp-content\/uploads\/2022\/10\/SMASK_menu-520x520-1.jpg 1024w\" sizes=\"auto\" alt=\"Underholdning til b\u00f8rnene p\u00e5 Restaurant Jensens B\u00f8fhus\" class=\"lazyload\" \/>\t\t\t\t<\/div>\r\n\t\t\t<\/div>\r\n\t\t\t<div class=\"col-12 col-lg-6\">\r\n\t\t\t\t<div class=\"textImageBlock__content\" data-aos-duration=\"800\" data-aos=\"fade-up\" data-aos-delay=\"100\">\r\n\t\t\t\t\t<div class=\"textImageBlock__content__text\" style=\"max-width:px\">\r\n\t\t\t\t\t\t<h2 style=\"text-align: center\"><strong>B\u00f8rnemenukort til b\u00e5de sultne og ikke-s\u00e5-sultne b\u00f8rn<\/strong><\/h2>\n<p style=\"text-align: center\">Hvorfor spise frikadeller, fisk og nuggets, n\u00e5r man kan f\u00e5 K\u00f8dkometer, Raketfisk og M\u00e5nesten?<\/p>\n<p style=\"text-align: center\">P\u00e5 Jensens B\u00f8fhus f\u00e5r b\u00f8rn deres helt eget menukort fra det ydre rum med retter i b\u00f8rnest\u00f8rrelse.<\/p>\n\t\t\t\t\t<\/div>\r\n\t\t\t\t\t\t\t\t\t\t\t<div class=\"textImageBlock__content__buttons\">\r\n\t\t\t\t\t\t\t<a href=\"https:\/\/jensens.com\/wp-content\/uploads\/2026\/04\/Boernemenu_April_26.pdf\" target=\"\" class=\"button button--round button--outline\"><span>Se b\u00f8rnemenukort<\/span><\/a>\t\t\t\t\t\t<\/div>\r\n\t\t\t\t\t\t\t\t\t<\/div>\r\n\t\t\t<\/div>\r\n\t\t<\/div>\r\n\t<\/div>\r\n<\/div>\n\n\r\n<div id=\"textImageBlock-block_c85ffb0e70727e03dfda917dd41c0adc\" class=\"textImageBlock textImageBlock--imageBorder textImageBlock--circle textImageBlock--middle\" style=\"background:\">\r\n\t<div class=\"container\">\r\n\t\t<div class=\"row\">\r\n\t\t\t<div class=\"col-12 col-lg-6\">\r\n\t\t\t\t<div class=\"textImageBlock__image textImageBlock__image--default\" data-aos=\"fade-up\" data-aos-duration=\"800\">\r\n\t\t\t\t\t<img decoding=\"async\" src=\"\" data-src=\"https:\/\/jensens.com\/wp-content\/uploads\/2022\/10\/legerum-520x520-1.jpg\" data-srcset=\"https:\/\/jensens.com\/wp-content\/uploads\/2022\/10\/legerum-520x520-1.jpg 600w, https:\/\/jensens.com\/wp-content\/uploads\/2022\/10\/legerum-520x520-1.jpg 1024w\" sizes=\"auto\" alt=\"Legerum til b\u00f8rnene p\u00e5 restaurant Jensens B\u00f8fhus\" class=\"lazyload\" \/>\t\t\t\t<\/div>\r\n\t\t\t<\/div>\r\n\t\t\t<div class=\"col-12 col-lg-6\">\r\n\t\t\t\t<div class=\"textImageBlock__content\" data-aos-duration=\"800\" data-aos=\"fade-up\" data-aos-delay=\"100\">\r\n\t\t\t\t\t<div class=\"textImageBlock__content__text\" style=\"max-width:px\">\r\n\t\t\t\t\t\t<h2 style=\"text-align: center\"><strong>Legerum p\u00e5 Jensens B\u00f8fhuse<\/strong><\/h2>\n<p style=\"text-align: center\">Er det sv\u00e6rt at vente p\u00e5 maden, har vi udstyret de fleste af vores b\u00f8fhuse med et legerum, hvor de mindste er velkomne til at sl\u00e5 sig l\u00f8s.<\/p>\n\t\t\t\t\t<\/div>\r\n\t\t\t\t\t\t\t\t\t<\/div>\r\n\t\t\t<\/div>\r\n\t\t<\/div>\r\n\t<\/div>\r\n<\/div>\n\n\r\n<div id=\"textImageBlock-block_377efa3507d86c2bddb6b7d2490316f4\" class=\"textImageBlock textImageBlock--imageLast textImageBlock--imageBorder textImageBlock--circle textImageBlock--middle\" style=\"background:\">\r\n\t<div class=\"container\">\r\n\t\t<div class=\"row\">\r\n\t\t\t<div class=\"col-12 col-lg-6\">\r\n\t\t\t\t<div class=\"textImageBlock__image textImageBlock__image--default\" data-aos=\"fade-up\" data-aos-duration=\"800\">\r\n\t\t\t\t\t<img decoding=\"async\" src=\"\" data-src=\"https:\/\/jensens.com\/wp-content\/uploads\/2022\/10\/fokus_happysunday_dk_se_no.jpg\" data-srcset=\"https:\/\/jensens.com\/wp-content\/uploads\/2022\/10\/fokus_happysunday_dk_se_no-600x600.jpg 600w, https:\/\/jensens.com\/wp-content\/uploads\/2022\/10\/fokus_happysunday_dk_se_no.jpg 1024w\" sizes=\"auto\" alt=\"Tilbud til b\u00f8rnefamilier p\u00e5 Restauran Jensens B\u00f8fhus\" class=\"lazyload\" \/>\t\t\t\t<\/div>\r\n\t\t\t<\/div>\r\n\t\t\t<div class=\"col-12 col-lg-6\">\r\n\t\t\t\t<div class=\"textImageBlock__content\" data-aos-duration=\"800\" data-aos=\"fade-up\" data-aos-delay=\"100\">\r\n\t\t\t\t\t<div class=\"textImageBlock__content__text\" style=\"max-width:px\">\r\n\t\t\t\t\t\t<h2 style=\"text-align: center\"><strong>S\u00e6rligt tilbud for vores club-medlemmer <\/strong><\/h2>\n<p style=\"text-align: center\">Som medlem af Club Jensens, spiser alle b\u00f8rn til og med 12 \u00e5r til halv pris HVER s\u00f8ndag \u2013 halv pris g\u00e6lder p\u00e5 vores b\u00f8rnehovedretter og er inklusiv GRATIS Ta&#8217; selv softice til b\u00f8rnene til dessert.<\/p>\n\t\t\t\t\t<\/div>\r\n\t\t\t\t\t\t\t\t\t\t\t<div class=\"textImageBlock__content__buttons\">\r\n\t\t\t\t\t\t\t<a href=\"https:\/\/clubjensens.dk\/happy-sunday\/\" target=\"_blank\" class=\"button button--round button--outline\"><span>L\u00e6s mere<\/span><\/a>\t\t\t\t\t\t<\/div>\r\n\t\t\t\t\t\t\t\t\t<\/div>\r\n\t\t\t<\/div>\r\n\t\t<\/div>\r\n\t<\/div>\r\n<\/div>\n\n\r\n<div id=\"textImageBlock-block_e413e67c1c40c33883f16775211b1c56\" class=\"textImageBlock textImageBlock--imageBorder textImageBlock--circle textImageBlock--middle\" style=\"background:\">\r\n\t<div class=\"container\">\r\n\t\t<div class=\"row\">\r\n\t\t\t<div class=\"col-12 col-lg-6\">\r\n\t\t\t\t<div class=\"textImageBlock__image textImageBlock__image--default\" data-aos=\"fade-up\" data-aos-duration=\"800\">\r\n\t\t\t\t\t<img decoding=\"async\" src=\"\" data-src=\"https:\/\/jensens.com\/wp-content\/uploads\/2022\/10\/spil-520x520-1.jpg\" data-srcset=\"https:\/\/jensens.com\/wp-content\/uploads\/2022\/10\/spil-520x520-1.jpg 600w, https:\/\/jensens.com\/wp-content\/uploads\/2022\/10\/spil-520x520-1.jpg 1024w\" sizes=\"auto\" alt=\"Sjove online spil til b\u00f8rnene fra Restaurant Jensens B\u00f8fhus\" class=\"lazyload\" \/>\t\t\t\t<\/div>\r\n\t\t\t<\/div>\r\n\t\t\t<div class=\"col-12 col-lg-6\">\r\n\t\t\t\t<div class=\"textImageBlock__content\" data-aos-duration=\"800\" data-aos=\"fade-up\" data-aos-delay=\"100\">\r\n\t\t\t\t\t<div class=\"textImageBlock__content__text\" style=\"max-width:px\">\r\n\t\t\t\t\t\t<h2 style=\"text-align: center\"><strong>Spil med os<\/strong><\/h2>\n<p style=\"text-align: center\">N\u00e5r der skal god stemning om bordet \u2013 og intet andet dur \u2013 s\u00e5 har vi nogle sjove, sm\u00e5 onlinespil, der er lige til at g\u00e5 til, selv for de mindste.<\/p>\n\t\t\t\t\t<\/div>\r\n\t\t\t\t\t\t\t\t\t\t\t<div class=\"textImageBlock__content__buttons\">\r\n\t\t\t\t\t\t\t<a href=\"https:\/\/eur06.safelinks.protection.outlook.com\/?url=https%3A%2F%2Fjensens-boefhus.campaign.playable.com%2Fsmasks-univers&#038;data=05%7C02%7CISGU%40jensens.com%7Cd9ee62725b6a471bed9708ddd34377c0%7C3969f70f89884b89a536c21097061f84%7C0%7C0%7C638899008945637932%7CUnknown%7CTWFpbGZsb3d8eyJFbXB0eU1hcGkiOnRydWUsIlYiOiIwLjAuMDAwMCIsIlAiOiJXaW4zMiIsIkFOIjoiTWFpbCIsIldUIjoyfQ%3D%3D%7C0%7C%7C%7C&#038;sdata=aAkcWHG51F2Niek%2FoHdD04UJ9D41usfnDimLkjTnPyU%3D&#038;reserved=0\" target=\"_blank\" class=\"button button--round button--outline\"><span>Spil med nu<\/span><\/a>\t\t\t\t\t\t<\/div>\r\n\t\t\t\t\t\t\t\t\t<\/div>\r\n\t\t\t<\/div>\r\n\t\t<\/div>\r\n\t<\/div>\r\n<\/div>","protected":false},"excerpt":{"rendered":"","protected":false},"author":3,"featured_media":0,"parent":0,"menu_order":0,"comment_status":"closed","ping_status":"closed","template":"","meta":{"_acf_changed":false,"inline_featured_image":false,"footnotes":""},"class_list":["post-163","page","type-page","status-publish","hentry"],"acf":[],"yoast_head":"<!-- This site is optimized with the Yoast SEO Premium plugin v26.9 (Yoast SEO v26.9) - https:\/\/yoast.com\/product\/yoast-seo-premium-wordpress\/ -->\n<title>B\u00f8rn er altid velkomne p\u00e5 Jensens B\u00f8fhus! Ta\u2019 dem bare med! \ud83e\udd73<\/title>\n<meta name=\"description\" content=\"Vi er en b\u00f8rnevenlig restaurant, bl.a. fordi vi har et b\u00f8rnemenukort med alle b\u00f8rnenes favoritter. Samt legerum i de fleste restauranter.\" \/>\n<meta name=\"robots\" content=\"index, follow, max-snippet:-1, max-image-preview:large, max-video-preview:-1\" \/>\n<link rel=\"canonical\" href=\"https:\/\/jensens.com\/da\/boern\/\" \/>\n<meta property=\"og:locale\" content=\"da_DK\" \/>\n<meta property=\"og:type\" content=\"article\" \/>\n<meta property=\"og:title\" content=\"B\u00f8rn\" \/>\n<meta property=\"og:description\" content=\"Vi er en b\u00f8rnevenlig restaurant, bl.a. fordi vi har et b\u00f8rnemenukort med alle b\u00f8rnenes favoritter. Samt legerum i de fleste restauranter.\" \/>\n<meta property=\"og:url\" content=\"https:\/\/jensens.com\/da\/boern\/\" \/>\n<meta property=\"og:site_name\" content=\"Jensens\" \/>\n<meta property=\"article:modified_time\" content=\"2026-04-13T12:38:49+00:00\" \/>\n<meta name=\"twitter:card\" content=\"summary_large_image\" \/>\n<script type=\"application\/ld+json\" class=\"yoast-schema-graph\">{\"@context\":\"https:\/\/schema.org\",\"@graph\":[{\"@type\":\"WebPage\",\"@id\":\"https:\/\/jensens.com\/da\/boern\/\",\"url\":\"https:\/\/jensens.com\/da\/boern\/\",\"name\":\"B\u00f8rn er altid velkomne p\u00e5 Jensens B\u00f8fhus! Ta\u2019 dem bare med! \ud83e\udd73\",\"isPartOf\":{\"@id\":\"https:\/\/jensens.com\/da\/#website\"},\"datePublished\":\"2022-05-25T11:30:55+00:00\",\"dateModified\":\"2026-04-13T12:38:49+00:00\",\"description\":\"Vi er en b\u00f8rnevenlig restaurant, bl.a. fordi vi har et b\u00f8rnemenukort med alle b\u00f8rnenes favoritter. Samt legerum i de fleste restauranter.\",\"breadcrumb\":{\"@id\":\"https:\/\/jensens.com\/da\/boern\/#breadcrumb\"},\"inLanguage\":\"da-DK\",\"potentialAction\":[{\"@type\":\"ReadAction\",\"target\":[\"https:\/\/jensens.com\/da\/boern\/\"]}]},{\"@type\":\"BreadcrumbList\",\"@id\":\"https:\/\/jensens.com\/da\/boern\/#breadcrumb\",\"itemListElement\":[{\"@type\":\"ListItem\",\"position\":1,\"name\":\"Home\",\"item\":\"https:\/\/jensens.com\/da\/\"},{\"@type\":\"ListItem\",\"position\":2,\"name\":\"B\u00f8rn\"}]},{\"@type\":\"WebSite\",\"@id\":\"https:\/\/jensens.com\/da\/#website\",\"url\":\"https:\/\/jensens.com\/da\/\",\"name\":\"Jensens\",\"description\":\"\",\"potentialAction\":[{\"@type\":\"SearchAction\",\"target\":{\"@type\":\"EntryPoint\",\"urlTemplate\":\"https:\/\/jensens.com\/da\/?s={search_term_string}\"},\"query-input\":{\"@type\":\"PropertyValueSpecification\",\"valueRequired\":true,\"valueName\":\"search_term_string\"}}],\"inLanguage\":\"da-DK\"}]}<\/script>\n<!-- \/ Yoast SEO Premium plugin. -->","yoast_head_json":{"title":"B\u00f8rn er altid velkomne p\u00e5 Jensens B\u00f8fhus! Ta\u2019 dem bare med! \ud83e\udd73","description":"Vi er en b\u00f8rnevenlig restaurant, bl.a. fordi vi har et b\u00f8rnemenukort med alle b\u00f8rnenes favoritter. Samt legerum i de fleste restauranter.","robots":{"index":"index","follow":"follow","max-snippet":"max-snippet:-1","max-image-preview":"max-image-preview:large","max-video-preview":"max-video-preview:-1"},"canonical":"https:\/\/jensens.com\/da\/boern\/","og_locale":"da_DK","og_type":"article","og_title":"B\u00f8rn","og_description":"Vi er en b\u00f8rnevenlig restaurant, bl.a. fordi vi har et b\u00f8rnemenukort med alle b\u00f8rnenes favoritter. Samt legerum i de fleste restauranter.","og_url":"https:\/\/jensens.com\/da\/boern\/","og_site_name":"Jensens","article_modified_time":"2026-04-13T12:38:49+00:00","twitter_card":"summary_large_image","schema":{"@context":"https:\/\/schema.org","@graph":[{"@type":"WebPage","@id":"https:\/\/jensens.com\/da\/boern\/","url":"https:\/\/jensens.com\/da\/boern\/","name":"B\u00f8rn er altid velkomne p\u00e5 Jensens B\u00f8fhus! Ta\u2019 dem bare med! \ud83e\udd73","isPartOf":{"@id":"https:\/\/jensens.com\/da\/#website"},"datePublished":"2022-05-25T11:30:55+00:00","dateModified":"2026-04-13T12:38:49+00:00","description":"Vi er en b\u00f8rnevenlig restaurant, bl.a. fordi vi har et b\u00f8rnemenukort med alle b\u00f8rnenes favoritter. Samt legerum i de fleste restauranter.","breadcrumb":{"@id":"https:\/\/jensens.com\/da\/boern\/#breadcrumb"},"inLanguage":"da-DK","potentialAction":[{"@type":"ReadAction","target":["https:\/\/jensens.com\/da\/boern\/"]}]},{"@type":"BreadcrumbList","@id":"https:\/\/jensens.com\/da\/boern\/#breadcrumb","itemListElement":[{"@type":"ListItem","position":1,"name":"Home","item":"https:\/\/jensens.com\/da\/"},{"@type":"ListItem","position":2,"name":"B\u00f8rn"}]},{"@type":"WebSite","@id":"https:\/\/jensens.com\/da\/#website","url":"https:\/\/jensens.com\/da\/","name":"Jensens","description":"","potentialAction":[{"@type":"SearchAction","target":{"@type":"EntryPoint","urlTemplate":"https:\/\/jensens.com\/da\/?s={search_term_string}"},"query-input":{"@type":"PropertyValueSpecification","valueRequired":true,"valueName":"search_term_string"}}],"inLanguage":"da-DK"}]}},"_links":{"self":[{"href":"https:\/\/jensens.com\/da\/wp-json\/wp\/v2\/pages\/163","targetHints":{"allow":["GET"]}}],"collection":[{"href":"https:\/\/jensens.com\/da\/wp-json\/wp\/v2\/pages"}],"about":[{"href":"https:\/\/jensens.com\/da\/wp-json\/wp\/v2\/types\/page"}],"author":[{"embeddable":true,"href":"https:\/\/jensens.com\/da\/wp-json\/wp\/v2\/users\/3"}],"replies":[{"embeddable":true,"href":"https:\/\/jensens.com\/da\/wp-json\/wp\/v2\/comments?post=163"}],"version-history":[{"count":105,"href":"https:\/\/jensens.com\/da\/wp-json\/wp\/v2\/pages\/163\/revisions"}],"predecessor-version":[{"id":397902587,"href":"https:\/\/jensens.com\/da\/wp-json\/wp\/v2\/pages\/163\/revisions\/397902587"}],"wp:attachment":[{"href":"https:\/\/jensens.com\/da\/wp-json\/wp\/v2\/media?parent=163"}],"curies":[{"name":"wp","href":"https:\/\/api.w.org\/{rel}","templated":true}]}}