{"id":18,"date":"2022-05-24T09:09:52","date_gmt":"2022-05-24T09:09:52","guid":{"rendered":"https:\/\/stoic-haibt.89-188-76-10.plesk.page\/?page_id=18"},"modified":"2026-02-17T09:45:45","modified_gmt":"2026-02-17T08:45:45","slug":"handelsbetingelser","status":"publish","type":"page","link":"https:\/\/jensens.com\/da\/handelsbetingelser\/","title":{"rendered":"Handelsbetingelser"},"content":{"rendered":"\r\n<div id=\"textBlock-block_176a5fca778c56ec6afbda546c97c495\" class=\"textBlock textBlock--left\">\r\n\t<div class=\"container\">\r\n\t\t<div class=\"row\">\r\n\t\t\t<div class=\"col-12 col-lg-10 col-xl-8 offset-xl-2 offset-lg-1\" data-aos=\"fade-up\" data-aos-duration=\"800\" data-aos-offset=\"-150\">\r\n\t\t\t\t<div class=\"textBlock__inner\">\r\n\t\t\t\t\t<h1>Handelsbetingelser for onlinek\u00f8b p\u00e5 hjemmeside<\/h1>\n<p><strong>1. Introduktion<br \/>\n<\/strong><strong>1.1<\/strong> Handelsbetingelserne beskriver vilk\u00e5r og betingelser, som g\u00e6lder ved brug af hjemmesiden som udbydes af Jensens B\u00f8fhus A\/S ved bestilling af gavekort og eventuelt andre ydelser p\u00e5 Jensens B\u00f8fhus\u2019 restauranter i Danmark.<\/p>\n<p><strong>1.2<\/strong> Enhver brug af personoplysninger, som er angivet i forbindelse med brug af hjemmeside, er underlagt vores <a href=\"https:\/\/jensens.com\/da\/privatlivspolitik\/\">privatlivspolitik.<\/a><\/p>\n<p><strong>1.3<\/strong> Ved bestilling af mad p\u00e5 en Jensens B\u00f8fhus restaurant, eller som takeaway-bestilling via vores\u00a0<a href=\"https:\/\/jensens.heapsgo.com\/da\/dnk\/restaurants\/\">Take Away<\/a> , samt ved onlinek\u00f8b af gavekort accepterer du nedenst\u00e5ende aftalevilk\u00e5r.<\/p>\n<p><strong>2. Virksomheds- \/ selskabsoplysninger<\/strong><\/p>\n<p><strong>2.1<\/strong> Jensens B\u00f8fhus A\/S, Cortex Park 12, 7. sal, 5230 Odense M. CVR-nr. 13 21 25 38.<\/p>\n<p><strong>2.2<\/strong> Jensens B\u00f8fhus driver restaurationsvirksomhed, direkte fra vores fysiske restauranter. Restauranterne tilbyder ogs\u00e5, at du kan afgive ordrer via vores <a href=\"https:\/\/jensens.heapsgo.com\/da\/dnk\/restaurants\/\">Take Away<\/a> til afhentning i restauranterne.<\/p>\n<p><strong>3. Din retsevne<\/strong><\/p>\n<p><strong>3.1<\/strong> Du skal v\u00e6re fyldt 18 \u00e5r, for at kunne k\u00f8be et gavekort p\u00e5 vores hjemmeside.<\/p>\n<p><strong>3.2<\/strong> Du anerkender og accepterer, at hvis du har en specifik madallergi, intolerance eller lignende, skal du kontakte restaurantens medarbejdere direkte, for at f\u00e5 svar p\u00e5 om maden er passende for dig, inden du placerer en ordrer via vores <a href=\"https:\/\/jensens.heapsgo.com\/da\/dnk\/restaurants\/\">Take Away<\/a>.<\/p>\n<p><strong>4. Ordre<br \/>\n<\/strong>Ved k\u00f8b af <a href=\"https:\/\/jensens.heapsgo.com\/da\/dnk\/restaurants\/\">Take Away<\/a>.<\/p>\n<p><strong>4.1<\/strong> N\u00e5r du har valgt de produkter, som du \u00f8nsker at bestille fra menuen i <a href=\"https:\/\/jensens.heapsgo.com\/da\/dnk\/restaurants\/\">Take Away<\/a> og har indtastet de n\u00f8dvendige oplysninger for at f\u00e6rdigg\u00f8re din bestilling, skal du afgive din ordre ved at trykke p\u00e5 knappen \u201dBetal med kreditkort\u201d, hvorefter din bestilling gennemf\u00f8res.<\/p>\n<p>N\u00e5r din bestilling er gennemf\u00f8rt, modtager du automatisk en ordrebekr\u00e6ftelse p\u00e5 den e-mailadresse du oplyser, n\u00e5r du afgiver din ordre.<\/p>\n<p><strong>4.2<\/strong> Bestilling kan ske indtil 60 minutter f\u00f8r lukketid. Drikkevarer kan bestilles indtil 15 minutter f\u00f8r lukketid.<\/p>\n<p>N\u00e5r du foretager en bestilling som en takeawayordre via <a href=\"https:\/\/jensens.heapsgo.com\/da\/dnk\/restaurants\/\">Take Away<\/a>, skal du v\u00e6lge den restaurant, hvor du \u00f8nsker at afhente din bestilling.<\/p>\n<p><strong>4.3<\/strong> I tilf\u00e6lde af, at du \u00f8nsker at \u00e6ndre din ordre, skal du hurtigst muligt kontakte personalet i den p\u00e5g\u00e6ldende restaurant. Det kan dog ikke garanteres, at din ordrer kan \u00e6ndres, n\u00e5r din bestilling er gennemf\u00f8rt og du har f\u00e5et din ordrebekr\u00e6ftelse.<\/p>\n<p><strong>4.4<\/strong> N\u00e5r du har modtaget en ordrebekr\u00e6ftelse, m\u00e5 du forvente, at der er rimelig leveringstid i forhold til fremstilling af maden p\u00e5 din bestilling.<\/p>\n<p><strong>4.5<\/strong> I tilf\u00e6lde af, at din elektroniske betaling ikke bliver godkendt, vil din bestilling \/ ordre ikke blive behandlet eller viderekommunikeret til vores k\u00f8kken i den p\u00e5g\u00e6ldende restaurant.<\/p>\n<p><strong>4.6<\/strong> Ved online k\u00f8b af gavekort<\/p>\n<p>N\u00e5r du k\u00f8ber elektroniske gavekort p\u00e5 vores hjemmesiden, leveres gavekortet ogs\u00e5 i en elektroniks udgave som sendes til den e-mailadresse som oplyses ved bestillingen.<\/p>\n<p><strong>5. Alkohol<\/strong><\/p>\n<p><strong>5.1<\/strong> Du anerkender og acceptere, at det i henhold til lov om forbud mod salg af tobak og alkohol til personer under 18 \u00e5r, ikke er tilladt for restauranten at s\u00e6lge alkoholiske drikkevarer med en alkoholvolumenprocent p\u00e5 1,2% eller derover til personer under 16 \u00e5r, eller alkoholholdige drikkevarer med en alkoholvolumenprocent p\u00e5 16,5% og derover til personer under 18 \u00e5r.<\/p>\n<p><strong>5.1.1<\/strong> Hvis din ordre indeholder alkohol, kan du blive bedt om at dokumentere din alder i forbindelse med, at du afgiver en ordre \/ bestilling. Hvis du ikke kan dokumentere din alder, p\u00e5 en \u2013 for restaurantens personale \u2013 tilfredsstillende m\u00e5de, eller hvis personalet med rimelighed mist\u00e6nker, at den p\u00e5g\u00e6ldende alkohol er bestilt p\u00e5 vegne af personer, som restauranten ikke lovligt kan s\u00e6lge alkohol til, forbeholder restauranten sig retten til ikke at gennemf\u00f8re udlevering af de p\u00e5g\u00e6ldende alkoholiske drikkevarer.<\/p>\n<p><strong>6. Priser og betaling<\/strong><\/p>\n<p><strong>6.1<\/strong> Priser er angivet inklusive moms og afgifter, i DKK.<\/p>\n<p><strong>6.2<\/strong> N\u00e5r du afgiver bestilling via hjemmesiden overf\u00f8res du til et s\u00e6rskilt, sikkert betalingsvindue via nets Easy, hvor betalingen kan gennemf\u00f8res med et af nedenst\u00e5ende betalingskort:<\/p>\n<ul>\n<li>Dankort<\/li>\n<li>VISA\/Dankort<\/li>\n<li>MasterCard<\/li>\n<li>Maestro<\/li>\n<li>MobilePay<\/li>\n<\/ul>\n<p><strong>6.3<\/strong> Jensens B\u00f8fhus A\/S kan ikke g\u00f8res ansvarlig for fejl eller mangler hos Nets Easy.<\/p>\n<p><strong>6.4<\/strong> Jensens B\u00f8fhus opkr\u00e6ves ikke ekstra kortgebyr eller andre gebyrer i forbindelse med betalingerne.<\/p>\n<p><strong>6.5<\/strong> N\u00e5r bestillingen er gennemf\u00f8rt og betalt via hjemmesiden, tr\u00e6kker vi pengene fra din konto.<\/p>\n<p><strong>6.6<\/strong> N\u00e5r betaling er godkendt, modtager du en betalingsbekr\u00e6ftelse p\u00e5 e-mailadressen du har oplyst ved k\u00f8bet. Dette er en bekr\u00e6ftelse p\u00e5, at ordren er betalt. \u00a0Ordren vil derfor blive behandlet.<\/p>\n<p><strong>6.7<\/strong> Ved betaling vil overf\u00f8rslen af dine kortinformationer og det p\u00e5g\u00e6ldende k\u00f8bsbel\u00f8b ske igennem en krypteret og sikker l\u00f8sning via Nets Easy. Kortoplysninger gemmes under den igangv\u00e6rende session, s\u00e5 det er let at genbestille. Jensens B\u00f8fhus A\/S hverken opbevarer eller gemmer din oplysninger efter k\u00f8bet.<\/p>\n<p><strong>7. Udlevering \/ afhentning<\/strong><\/p>\n<p><strong>7.1<\/strong> Onlinebestillinger skal afhentes p\u00e5 den valgte restaurant senest 60 min. efter det aftalte tidspunkt. Tidspunktet vil fremg\u00e5 af den ordrebekr\u00e6ftelse, som automatisk fremsendes pr. mail i forbindelse med onlinek\u00f8b via <a href=\"https:\/\/jensens.heapsgo.com\/da\/dnk\/restaurants\/\">Take Away<\/a>.<\/p>\n<p><strong>7.2.<\/strong> S\u00e6rlige vilk\u00e5r. Af hygiejnehensyn vil uafhentede onlinebestillinger (ved mere end 60 min forsinkelse fra afhenterens side) pga. f\u00f8devaresikkerhed blive kasseret p\u00e5 k\u00f8bers regning.<\/p>\n<p><strong>8. Fortrydelsesret<\/strong><\/p>\n<p><strong>8.1<\/strong> If\u00f8lge Forbrugeraftaleloven er online k\u00f8b af f\u00f8devarer, drikkevarer og andre varer til husholdningens l\u00f8bende forbrug ikke omfattet af fortrydelsesret.<\/p>\n<p><strong>8.2<\/strong> N\u00e5r bestillingen i restauranten, eller fra andet sted som en takeawayordre, er gennemf\u00f8rt via <a href=\"https:\/\/jensens.heapsgo.com\/da\/dnk\/restaurants\/\">Take Away<\/a> og bekr\u00e6ftet, er det ikke muligt at fortryde sin bestilling.<\/p>\n<p><strong>9. Klageadgang<\/strong><\/p>\n<p><strong>9.1<\/strong> Evt. klager skal sendes\u00a0<a href=\"mailto:info@jensens.com\">info@jensens.com<\/a>. Hvis det ikke lykkes at finde en l\u00f8sning, kan du indgive en klage til Anken\u00e6vnet for hotel, restaurant og turisme, s\u00e5fremt betingelserne herfor er opfyldt. L\u00e6s mere p\u00e5\u00a0<a href=\"http:\/\/hrt-ankenaevn.dk\/\" target=\"_blank\" rel=\"noopener\">hrt-ankenaevn.dk<\/a><\/p>\n<p><em>Opdateret den 17. februar 2026<\/em><\/p>\n\t\t\t\t\t<div class=\"textBlock__inner__buttons\">\r\n\t\t\t\t\t\t\t\t\t\t\t<\/div>\r\n\t\t\t\t<\/div>\r\n\t\t\t\t\t\t\t<\/div>\r\n\t\t<\/div>\r\n\t<\/div>\r\n<\/div>","protected":false},"excerpt":{"rendered":"","protected":false},"author":3,"featured_media":0,"parent":0,"menu_order":0,"comment_status":"closed","ping_status":"closed","template":"","meta":{"_acf_changed":false,"inline_featured_image":false,"footnotes":""},"class_list":["post-18","page","type-page","status-publish","hentry"],"acf":[],"yoast_head":"<!-- This site is optimized with the Yoast SEO Premium plugin v26.9 (Yoast SEO v26.9) - https:\/\/yoast.com\/product\/yoast-seo-premium-wordpress\/ -->\n<title>Handelsbetingelser - Jensens<\/title>\n<meta name=\"robots\" content=\"noindex, follow\" \/>\n<meta property=\"og:locale\" content=\"da_DK\" \/>\n<meta property=\"og:type\" content=\"article\" \/>\n<meta property=\"og:title\" content=\"Handelsbetingelser\" \/>\n<meta property=\"og:url\" content=\"https:\/\/jensens.com\/da\/handelsbetingelser\/\" \/>\n<meta property=\"og:site_name\" content=\"Jensens\" \/>\n<meta property=\"article:modified_time\" content=\"2026-02-17T08:45:45+00:00\" \/>\n<meta name=\"twitter:card\" content=\"summary_large_image\" \/>\n<script type=\"application\/ld+json\" class=\"yoast-schema-graph\">{\"@context\":\"https:\/\/schema.org\",\"@graph\":[{\"@type\":\"WebPage\",\"@id\":\"https:\/\/jensens.com\/da\/handelsbetingelser\/\",\"url\":\"https:\/\/jensens.com\/da\/handelsbetingelser\/\",\"name\":\"Handelsbetingelser - Jensens\",\"isPartOf\":{\"@id\":\"https:\/\/jensens.com\/da\/#website\"},\"datePublished\":\"2022-05-24T09:09:52+00:00\",\"dateModified\":\"2026-02-17T08:45:45+00:00\",\"breadcrumb\":{\"@id\":\"https:\/\/jensens.com\/da\/handelsbetingelser\/#breadcrumb\"},\"inLanguage\":\"da-DK\",\"potentialAction\":[{\"@type\":\"ReadAction\",\"target\":[\"https:\/\/jensens.com\/da\/handelsbetingelser\/\"]}]},{\"@type\":\"BreadcrumbList\",\"@id\":\"https:\/\/jensens.com\/da\/handelsbetingelser\/#breadcrumb\",\"itemListElement\":[{\"@type\":\"ListItem\",\"position\":1,\"name\":\"Home\",\"item\":\"https:\/\/jensens.com\/da\/\"},{\"@type\":\"ListItem\",\"position\":2,\"name\":\"Handelsbetingelser\"}]},{\"@type\":\"WebSite\",\"@id\":\"https:\/\/jensens.com\/da\/#website\",\"url\":\"https:\/\/jensens.com\/da\/\",\"name\":\"Jensens\",\"description\":\"\",\"potentialAction\":[{\"@type\":\"SearchAction\",\"target\":{\"@type\":\"EntryPoint\",\"urlTemplate\":\"https:\/\/jensens.com\/da\/?s={search_term_string}\"},\"query-input\":{\"@type\":\"PropertyValueSpecification\",\"valueRequired\":true,\"valueName\":\"search_term_string\"}}],\"inLanguage\":\"da-DK\"}]}<\/script>\n<!-- \/ Yoast SEO Premium plugin. -->","yoast_head_json":{"title":"Handelsbetingelser - Jensens","robots":{"index":"noindex","follow":"follow"},"og_locale":"da_DK","og_type":"article","og_title":"Handelsbetingelser","og_url":"https:\/\/jensens.com\/da\/handelsbetingelser\/","og_site_name":"Jensens","article_modified_time":"2026-02-17T08:45:45+00:00","twitter_card":"summary_large_image","schema":{"@context":"https:\/\/schema.org","@graph":[{"@type":"WebPage","@id":"https:\/\/jensens.com\/da\/handelsbetingelser\/","url":"https:\/\/jensens.com\/da\/handelsbetingelser\/","name":"Handelsbetingelser - Jensens","isPartOf":{"@id":"https:\/\/jensens.com\/da\/#website"},"datePublished":"2022-05-24T09:09:52+00:00","dateModified":"2026-02-17T08:45:45+00:00","breadcrumb":{"@id":"https:\/\/jensens.com\/da\/handelsbetingelser\/#breadcrumb"},"inLanguage":"da-DK","potentialAction":[{"@type":"ReadAction","target":["https:\/\/jensens.com\/da\/handelsbetingelser\/"]}]},{"@type":"BreadcrumbList","@id":"https:\/\/jensens.com\/da\/handelsbetingelser\/#breadcrumb","itemListElement":[{"@type":"ListItem","position":1,"name":"Home","item":"https:\/\/jensens.com\/da\/"},{"@type":"ListItem","position":2,"name":"Handelsbetingelser"}]},{"@type":"WebSite","@id":"https:\/\/jensens.com\/da\/#website","url":"https:\/\/jensens.com\/da\/","name":"Jensens","description":"","potentialAction":[{"@type":"SearchAction","target":{"@type":"EntryPoint","urlTemplate":"https:\/\/jensens.com\/da\/?s={search_term_string}"},"query-input":{"@type":"PropertyValueSpecification","valueRequired":true,"valueName":"search_term_string"}}],"inLanguage":"da-DK"}]}},"_links":{"self":[{"href":"https:\/\/jensens.com\/da\/wp-json\/wp\/v2\/pages\/18","targetHints":{"allow":["GET"]}}],"collection":[{"href":"https:\/\/jensens.com\/da\/wp-json\/wp\/v2\/pages"}],"about":[{"href":"https:\/\/jensens.com\/da\/wp-json\/wp\/v2\/types\/page"}],"author":[{"embeddable":true,"href":"https:\/\/jensens.com\/da\/wp-json\/wp\/v2\/users\/3"}],"replies":[{"embeddable":true,"href":"https:\/\/jensens.com\/da\/wp-json\/wp\/v2\/comments?post=18"}],"version-history":[{"count":59,"href":"https:\/\/jensens.com\/da\/wp-json\/wp\/v2\/pages\/18\/revisions"}],"predecessor-version":[{"id":397902436,"href":"https:\/\/jensens.com\/da\/wp-json\/wp\/v2\/pages\/18\/revisions\/397902436"}],"wp:attachment":[{"href":"https:\/\/jensens.com\/da\/wp-json\/wp\/v2\/media?parent=18"}],"curies":[{"name":"wp","href":"https:\/\/api.w.org\/{rel}","templated":true}]}}