{"id":19230872,"date":"2022-08-16T15:41:39","date_gmt":"2022-08-16T13:41:39","guid":{"rendered":"https:\/\/stoic-haibt.89-188-76-10.plesk.page\/?page_id=19230872"},"modified":"2026-03-16T21:00:40","modified_gmt":"2026-03-16T20:00:40","slug":"min-profil","status":"publish","type":"page","link":"https:\/\/jensens.com\/da\/min-profil\/","title":{"rendered":"Min profil"},"content":{"rendered":"\r\n<div id=\"textBlock-block_5453ba4d208efcd2fcea506bf1dea1e7\" class=\"textBlock textBlock--left\">\r\n\t<div class=\"container\">\r\n\t\t<div class=\"row\">\r\n\t\t\t<div class=\"col-12 col-lg-10 col-xl-8 offset-xl-2 offset-lg-1\" data-aos=\"fade-up\" data-aos-duration=\"800\" data-aos-offset=\"-150\">\r\n\t\t\t\t<div class=\"textBlock__inner\">\r\n\t\t\t\t\t<p><img loading=\"lazy\" decoding=\"async\" class=\"aligncenter size-medium wp-image-371824680\" style=\"display:block;margin: auto\" src=\"https:\/\/jensens.com\/wp-content\/uploads\/2024\/12\/clubjensens-logo.svg\" alt=\"\" width=\"300\" height=\"101\" \/><\/p>\n\t\t\t\t\t<div class=\"textBlock__inner__buttons\">\r\n\t\t\t\t\t\t\t\t\t\t\t<\/div>\r\n\t\t\t\t<\/div>\r\n\t\t\t\t\t\t\t<\/div>\r\n\t\t<\/div>\r\n\t<\/div>\r\n<\/div>\n\n<div class=\"loginClub\">\r\n    <h1 class=\"loginClub__title\">Log ind<\/h1>\r\n    <div class=\"loginClub__content\"><\/div>\r\n    \t<div class=\"loginContainer\">\r\n\t\t<form id=\"loginClubForm\" class=\"loginClub__form\">\r\n\t\t\t<ul class=\"errorList\">\r\n\t\t\t\t<li>Ugyldig e-mail eller adgangskode. Pr\u00f8v igen.<\/li>\r\n\t\t\t<\/ul>\r\n\t\t\t<div class=\"formRow\">\r\n\t\t\t\t<label for=\"email\">Dit email *<\/label>\r\n\t\t\t\t<div class=\"formRow__input\">\r\n\t\t\t\t\t<input type=\"email\" name=\"email\" id=\"email\" placeholder=\"\" value=\"\" required \/>\r\n\t\t\t\t<\/div>\r\n\t\t\t<\/div>\r\n\t\t\t<div class=\"formRow\">\r\n\t\t\t\t<label for=\"password\">Dit password *<\/label>\r\n\t\t\t\t<div class=\"formRow__input\">\r\n\t\t\t\t\t<input type=\"password\" name=\"password\" id=\"password\" placeholder=\"\" value=\"\" required \/>\r\n\t\t\t\t<\/div>\r\n\t\t\t<\/div>\r\n\t\t\t<button class=\"button button--round button--red buttonLoader\">\r\n\t\t\t\t<span>Login<\/span>\r\n\t\t\t<\/button>\r\n\t\t\t<a href=\"https:\/\/jensens.com\/da\/register\/\" class=\"button button--round button--red registerClubButton\"><span>Tilmeld dig klubben<\/span><\/a>\r\n\t\t\t<div class=\"returnRedLink\">\r\n\t\t\t\t<a href=\"https:\/\/jensens.com\/da\/forgot-password\/\"><span>Glemt adgangskode<\/span><\/a>\r\n\t\t\t<\/div>\r\n\t\t<\/form>\r\n\t<\/div>\r\n<\/div>\r\n\n\n\r\n<div id=\"textColumnsWrap-block_dcb69cd8dff9c6b97c3ff44176ca87d2\" class=\"textColumnsWrap\">\r\n    <div class=\"container\">\r\n        <div class=\"row\">\r\n            <div class=\"col-12\">\r\n                <h2 class=\"textColumnsTitle\">Club Jensens fordele<\/h2>                <div class=\"textColumns\">\r\n                                                                                <div class=\"textColumns__single\">\r\n                                    <div class=\"textColumns__single__image\"><img data-src=\"https:\/\/jensens.com\/wp-content\/uploads\/2024\/10\/Boernefotos-website-3-1080x1080.jpg\" data-srcset=\"https:\/\/jensens.com\/wp-content\/uploads\/2024\/10\/Boernefotos-website-3-600x600.jpg 600w, https:\/\/jensens.com\/wp-content\/uploads\/2024\/10\/Boernefotos-website-3-1024x1024.jpg 1024w, https:\/\/jensens.com\/wp-content\/uploads\/2024\/10\/Boernefotos-website-3-1080x1080.jpg 1900w\" sizes=\"auto\" alt=\"Club Jensens fordele\" class=\"lazyload cover\" \/><\/div><div class=\"textColumns__text\"><p><strong>Gratis softice ifm. din f\u00f8dselsdag. <\/strong><\/p>\n<p>Gratis softice til hele selskabet i forbindelse med din f\u00f8dselsdag. G\u00e6lder en uge f\u00f8r og en uge efter din f\u00f8dselsdag \u2013 og du kan benytte dig af denne fordel s\u00e5 mange gange, du har lyst, i denne periode. Fordelen foruds\u00e6tter k\u00f8b af hovedret til hver person, der \u00f8nsker den gratis softice.<\/p>\n<\/div>                                <\/div>\r\n                                                            <div class=\"textColumns__single\">\r\n                                    <div class=\"textColumns__single__image\"><img data-src=\"https:\/\/jensens.com\/wp-content\/uploads\/2024\/10\/Boernefotos-website-1-1080x1080.jpg\" data-srcset=\"https:\/\/jensens.com\/wp-content\/uploads\/2024\/10\/Boernefotos-website-1-600x600.jpg 600w, https:\/\/jensens.com\/wp-content\/uploads\/2024\/10\/Boernefotos-website-1-1024x1024.jpg 1024w, https:\/\/jensens.com\/wp-content\/uploads\/2024\/10\/Boernefotos-website-1-1080x1080.jpg 1900w\" sizes=\"auto\" alt=\"Club Jensens fordele\" class=\"lazyload cover\" \/><\/div><div class=\"textColumns__text\"><p><strong>Happy Sunday &#8211; B\u00f8rnerabat HVER s\u00f8ndag!<\/strong><\/p>\n<p>Hver s\u00f8ndag kan b\u00f8rn (t.o.m 12 \u00e5r) spise til halv pris. Vores b\u00f8rneretter inkluderer altid gratis ta\u2019 selv softice softice. Tilbuddet g\u00e6lder 1-3 b\u00f8rn for hver voksen, der k\u00f8ber hovedret. Kan ikke kombineres med andre rabatter og tilbud, og g\u00e6lder ikke i Take Away.<\/p>\n<\/div>                                <\/div>\r\n                                                            <div class=\"textColumns__single\">\r\n                                    <div class=\"textColumns__single__image\"><img data-src=\"https:\/\/jensens.com\/wp-content\/uploads\/2024\/10\/Medarbejderfotos-3-1080x1080.jpg\" data-srcset=\"https:\/\/jensens.com\/wp-content\/uploads\/2024\/10\/Medarbejderfotos-3-600x600.jpg 600w, https:\/\/jensens.com\/wp-content\/uploads\/2024\/10\/Medarbejderfotos-3-1024x1024.jpg 1024w, https:\/\/jensens.com\/wp-content\/uploads\/2024\/10\/Medarbejderfotos-3-1080x1080.jpg 1900w\" sizes=\"auto\" alt=\"Club Jensens fordele\" class=\"lazyload cover\" \/><\/div><div class=\"textColumns__text\"><p><strong>S\u00e6rlige fordele<\/strong><\/p>\n<p>Som Club-medlem f\u00e5r du adgang til eksklusive fordele! Du f\u00e5r mulighed for at deltage i sp\u00e6ndende arrangementer, vinde billetter til events og begivenheder, samt smage udvalgte retter f\u00f8r alle andre.<\/p>\n<\/div>                                <\/div>\r\n                                                                <\/div>\r\n            <\/div>\r\n        <\/div>\r\n    <\/div>\r\n<\/div>\n\n","protected":false},"excerpt":{"rendered":"","protected":false},"author":3,"featured_media":0,"parent":0,"menu_order":0,"comment_status":"closed","ping_status":"closed","template":"template-parts\/min-profil-template.php","meta":{"_acf_changed":false,"inline_featured_image":false,"footnotes":""},"class_list":["post-19230872","page","type-page","status-publish","hentry"],"acf":[],"yoast_head":"<!-- This site is optimized with the Yoast SEO Premium plugin v26.9 (Yoast SEO v26.9) - https:\/\/yoast.com\/product\/yoast-seo-premium-wordpress\/ -->\n<title>Min profil - Jensens<\/title>\n<meta name=\"robots\" content=\"index, follow, max-snippet:-1, max-image-preview:large, max-video-preview:-1\" \/>\n<link rel=\"canonical\" href=\"https:\/\/jensens.com\/da\/min-profil\/\" \/>\n<meta property=\"og:locale\" content=\"da_DK\" \/>\n<meta property=\"og:type\" content=\"article\" \/>\n<meta property=\"og:title\" content=\"Min profil\" \/>\n<meta property=\"og:url\" content=\"https:\/\/jensens.com\/da\/min-profil\/\" \/>\n<meta property=\"og:site_name\" content=\"Jensens\" \/>\n<meta property=\"article:modified_time\" content=\"2026-03-16T20:00:40+00:00\" \/>\n<meta name=\"twitter:card\" content=\"summary_large_image\" \/>\n<script type=\"application\/ld+json\" class=\"yoast-schema-graph\">{\"@context\":\"https:\/\/schema.org\",\"@graph\":[{\"@type\":\"WebPage\",\"@id\":\"https:\/\/jensens.com\/da\/min-profil\/\",\"url\":\"https:\/\/jensens.com\/da\/min-profil\/\",\"name\":\"Min profil - Jensens\",\"isPartOf\":{\"@id\":\"https:\/\/jensens.com\/da\/#website\"},\"datePublished\":\"2022-08-16T13:41:39+00:00\",\"dateModified\":\"2026-03-16T20:00:40+00:00\",\"breadcrumb\":{\"@id\":\"https:\/\/jensens.com\/da\/min-profil\/#breadcrumb\"},\"inLanguage\":\"da-DK\",\"potentialAction\":[{\"@type\":\"ReadAction\",\"target\":[\"https:\/\/jensens.com\/da\/min-profil\/\"]}]},{\"@type\":\"BreadcrumbList\",\"@id\":\"https:\/\/jensens.com\/da\/min-profil\/#breadcrumb\",\"itemListElement\":[{\"@type\":\"ListItem\",\"position\":1,\"name\":\"Home\",\"item\":\"https:\/\/jensens.com\/da\/\"},{\"@type\":\"ListItem\",\"position\":2,\"name\":\"Min profil\"}]},{\"@type\":\"WebSite\",\"@id\":\"https:\/\/jensens.com\/da\/#website\",\"url\":\"https:\/\/jensens.com\/da\/\",\"name\":\"Jensens\",\"description\":\"\",\"potentialAction\":[{\"@type\":\"SearchAction\",\"target\":{\"@type\":\"EntryPoint\",\"urlTemplate\":\"https:\/\/jensens.com\/da\/?s={search_term_string}\"},\"query-input\":{\"@type\":\"PropertyValueSpecification\",\"valueRequired\":true,\"valueName\":\"search_term_string\"}}],\"inLanguage\":\"da-DK\"}]}<\/script>\n<!-- \/ Yoast SEO Premium plugin. -->","yoast_head_json":{"title":"Min profil - Jensens","robots":{"index":"index","follow":"follow","max-snippet":"max-snippet:-1","max-image-preview":"max-image-preview:large","max-video-preview":"max-video-preview:-1"},"canonical":"https:\/\/jensens.com\/da\/min-profil\/","og_locale":"da_DK","og_type":"article","og_title":"Min profil","og_url":"https:\/\/jensens.com\/da\/min-profil\/","og_site_name":"Jensens","article_modified_time":"2026-03-16T20:00:40+00:00","twitter_card":"summary_large_image","schema":{"@context":"https:\/\/schema.org","@graph":[{"@type":"WebPage","@id":"https:\/\/jensens.com\/da\/min-profil\/","url":"https:\/\/jensens.com\/da\/min-profil\/","name":"Min profil - Jensens","isPartOf":{"@id":"https:\/\/jensens.com\/da\/#website"},"datePublished":"2022-08-16T13:41:39+00:00","dateModified":"2026-03-16T20:00:40+00:00","breadcrumb":{"@id":"https:\/\/jensens.com\/da\/min-profil\/#breadcrumb"},"inLanguage":"da-DK","potentialAction":[{"@type":"ReadAction","target":["https:\/\/jensens.com\/da\/min-profil\/"]}]},{"@type":"BreadcrumbList","@id":"https:\/\/jensens.com\/da\/min-profil\/#breadcrumb","itemListElement":[{"@type":"ListItem","position":1,"name":"Home","item":"https:\/\/jensens.com\/da\/"},{"@type":"ListItem","position":2,"name":"Min profil"}]},{"@type":"WebSite","@id":"https:\/\/jensens.com\/da\/#website","url":"https:\/\/jensens.com\/da\/","name":"Jensens","description":"","potentialAction":[{"@type":"SearchAction","target":{"@type":"EntryPoint","urlTemplate":"https:\/\/jensens.com\/da\/?s={search_term_string}"},"query-input":{"@type":"PropertyValueSpecification","valueRequired":true,"valueName":"search_term_string"}}],"inLanguage":"da-DK"}]}},"_links":{"self":[{"href":"https:\/\/jensens.com\/da\/wp-json\/wp\/v2\/pages\/19230872","targetHints":{"allow":["GET"]}}],"collection":[{"href":"https:\/\/jensens.com\/da\/wp-json\/wp\/v2\/pages"}],"about":[{"href":"https:\/\/jensens.com\/da\/wp-json\/wp\/v2\/types\/page"}],"author":[{"embeddable":true,"href":"https:\/\/jensens.com\/da\/wp-json\/wp\/v2\/users\/3"}],"replies":[{"embeddable":true,"href":"https:\/\/jensens.com\/da\/wp-json\/wp\/v2\/comments?post=19230872"}],"version-history":[{"count":159,"href":"https:\/\/jensens.com\/da\/wp-json\/wp\/v2\/pages\/19230872\/revisions"}],"predecessor-version":[{"id":397902501,"href":"https:\/\/jensens.com\/da\/wp-json\/wp\/v2\/pages\/19230872\/revisions\/397902501"}],"wp:attachment":[{"href":"https:\/\/jensens.com\/da\/wp-json\/wp\/v2\/media?parent=19230872"}],"curies":[{"name":"wp","href":"https:\/\/api.w.org\/{rel}","templated":true}]}}