{"id":22,"date":"2022-05-24T09:10:09","date_gmt":"2022-05-24T09:10:09","guid":{"rendered":"https:\/\/stoic-haibt.89-188-76-10.plesk.page\/?page_id=22"},"modified":"2025-06-30T15:07:34","modified_gmt":"2025-06-30T13:07:34","slug":"too-good-to-go","status":"publish","type":"page","link":"https:\/\/jensens.com\/da\/too-good-to-go\/","title":{"rendered":"Too Good to Go"},"content":{"rendered":"\r\n<div id=\"subHero-block_617615007f99ab3592fb821dcdd2979a\" class=\"subHero\">\r\n\t\t\t<div class=\"subHero__img\">\r\n\t\t\t<img decoding=\"async\" src=\"https:\/\/jensens.com\/wp-content\/uploads\/2022\/10\/header_toogoodtoogo_1920x850-1900x841.jpg\" srcset=\"https:\/\/jensens.com\/wp-content\/uploads\/2022\/10\/header_toogoodtoogo_1920x850-600x266.jpg 600w, https:\/\/jensens.com\/wp-content\/uploads\/2022\/10\/header_toogoodtoogo_1920x850-1024x453.jpg 1024w, https:\/\/jensens.com\/wp-content\/uploads\/2022\/10\/header_toogoodtoogo_1920x850-1900x841.jpg 1900w\" sizes=\"auto\" alt=\"To good to go - find det hos Jensens B\u00f8fhus\" class=\"cover\" \/>\t\t<\/div>\r\n\t<\/div>\n\n\r\n<div id=\"textBlock-block_f46700a992a88f872d551b5f73e48ca1\" class=\"textBlock textBlock--left\">\r\n\t<div class=\"container\">\r\n\t\t<div class=\"row\">\r\n\t\t\t<div class=\"col-12 col-lg-10 col-xl-8 offset-xl-2 offset-lg-1\" data-aos=\"fade-up\" data-aos-duration=\"800\" data-aos-offset=\"-150\">\r\n\t\t\t\t<div class=\"textBlock__inner\">\r\n\t\t\t\t\t<h1 class=\"et_pb_module_header\"><b><span lang=\"EN-US\">Stop spild af <\/span><\/b><b><span lang=\"EN-US\">god sovs <\/span><\/b><b><span lang=\"EN-US\">med Too Good To Go<\/span><\/b><\/h1>\n<div class=\"et_pb_blurb_description\">\n<p>Forestil dig lige en l\u00e6kker b\u00f8f, som slet ikke bliver spist. Eller en ordentlig bunke pommes, som bare ender p\u00e5 bunden af skraldespanden. Tragisk, ikke?<\/p>\n<p>Vi bryder os ikke om madvarer, som g\u00e5r til spilde. Derfor har vi indg\u00e5et et genialt samarbejde med Too Good To Go, som med deres madspilds-app hj\u00e6lper spisesteder i hele landet med at sende dagens overskudsmad videre til nogen, der kan f\u00e5 gl\u00e6de af det.<\/p>\n<p>Vi pakker hver dag to slags lykkebokse: Den ene med et lunt m\u00e5ltid, der f.eks. kan best\u00e5 af spareribs eller en go\u2019 b\u00f8f med tilbeh\u00f8r. Den anden med blandet salat fra vores l\u00e6kre salatbar. Og s\u00e5 s\u00e6tter vi dem til salg til billige penge.<\/p>\n<p>Alts\u00e5: Du hj\u00e6lper med at stoppe madspild, og f\u00e5r lov at spise mad fra Jensens B\u00f8fhus samtidig \u2013 kan det blive bedre? Vi er vilde med samarbejdet \u2013 og det h\u00e5ber vi, at du ogs\u00e5 bliver! Har du ikke app\u2019en endnu, s\u00e5 finder du den lige her:<\/p>\n<\/div>\n\t\t\t\t\t<div class=\"textBlock__inner__buttons\">\r\n\t\t\t\t\t\t\t\t\t\t\t\t\t\t\t\t\t\t\t\t\t<a href=\"https:\/\/apps.apple.com\/dk\/app\/too-good-to-go-stop-madspild\/id1060683933?l=da\" target=\"_blank\" class=\"button button--red button--round\"><span>App store<\/span><\/a>\t\t\t\t\t\t\t\t\t\t\t\t\t\t\t<a href=\"https:\/\/play.google.com\/store\/apps\/details?id=com.app.tgtg&#038;hl=da\" target=\"_blank\" class=\"button button--red button--round\"><span>Google Play<\/span><\/a>\t\t\t\t\t\t\t\t\t\t\t\t\t\t\t\t\t\t<\/div>\r\n\t\t\t\t<\/div>\r\n\t\t\t\t\t\t\t<\/div>\r\n\t\t<\/div>\r\n\t<\/div>\r\n<\/div>\n\n\n<p><\/p>\n\n\n\r\n<div id=\"spacer-block_1e6a448d1e09900d1250a4665e61ab12\" class=\"spacer\" style=\"background:rgba(255,255,255,0)\">\r\n\t<style>\r\n\t\t\r\n\t\t\t#spacer-block_1e6a448d1e09900d1250a4665e61ab12{ height: 30px; }\r\n\t\t\t@media(min-width:992px){ #spacer-block_1e6a448d1e09900d1250a4665e61ab12{ height: 40px; } }\r\n\t\t\t@media(min-width:1200px){ #spacer-block_1e6a448d1e09900d1250a4665e61ab12{ height: 80px; } }\r\n\t\t\t<\/style>\r\n<\/div>\n\n\n<p><\/p>\n","protected":false},"excerpt":{"rendered":"","protected":false},"author":3,"featured_media":0,"parent":0,"menu_order":0,"comment_status":"closed","ping_status":"closed","template":"","meta":{"_acf_changed":false,"inline_featured_image":false,"footnotes":""},"class_list":["post-22","page","type-page","status-publish","hentry"],"acf":[],"yoast_head":"<!-- This site is optimized with the Yoast SEO Premium plugin v26.9 (Yoast SEO v26.9) - https:\/\/yoast.com\/product\/yoast-seo-premium-wordpress\/ -->\n<title>Jensens B\u00f8fhus p\u00e5 Too Good to Go | Stop madspild<\/title>\n<meta name=\"description\" content=\"Hj\u00e6lp med at stoppe madspild ved at k\u00f8be dagens lykkebokse med fx spareribs, en go\u2019 b\u00f8f med tilbeh\u00f8r, eller blandet salat fra vores \u00f8kologiske salatbar.\" \/>\n<meta name=\"robots\" content=\"index, follow, max-snippet:-1, max-image-preview:large, max-video-preview:-1\" \/>\n<link rel=\"canonical\" href=\"https:\/\/jensens.com\/da\/too-good-to-go\/\" \/>\n<meta property=\"og:locale\" content=\"da_DK\" \/>\n<meta property=\"og:type\" content=\"article\" \/>\n<meta property=\"og:title\" content=\"Too Good to Go\" \/>\n<meta property=\"og:description\" content=\"Hj\u00e6lp med at stoppe madspild ved at k\u00f8be dagens lykkebokse med fx spareribs, en go\u2019 b\u00f8f med tilbeh\u00f8r, eller blandet salat fra vores \u00f8kologiske salatbar.\" \/>\n<meta property=\"og:url\" content=\"https:\/\/jensens.com\/da\/too-good-to-go\/\" \/>\n<meta property=\"og:site_name\" content=\"Jensens\" \/>\n<meta property=\"article:modified_time\" content=\"2025-06-30T13:07:34+00:00\" \/>\n<meta name=\"twitter:card\" content=\"summary_large_image\" \/>\n<script type=\"application\/ld+json\" class=\"yoast-schema-graph\">{\"@context\":\"https:\/\/schema.org\",\"@graph\":[{\"@type\":\"WebPage\",\"@id\":\"https:\/\/jensens.com\/da\/too-good-to-go\/\",\"url\":\"https:\/\/jensens.com\/da\/too-good-to-go\/\",\"name\":\"Jensens B\u00f8fhus p\u00e5 Too Good to Go | Stop madspild\",\"isPartOf\":{\"@id\":\"https:\/\/jensens.com\/da\/#website\"},\"datePublished\":\"2022-05-24T09:10:09+00:00\",\"dateModified\":\"2025-06-30T13:07:34+00:00\",\"description\":\"Hj\u00e6lp med at stoppe madspild ved at k\u00f8be dagens lykkebokse med fx spareribs, en go\u2019 b\u00f8f med tilbeh\u00f8r, eller blandet salat fra vores \u00f8kologiske salatbar.\",\"breadcrumb\":{\"@id\":\"https:\/\/jensens.com\/da\/too-good-to-go\/#breadcrumb\"},\"inLanguage\":\"da-DK\",\"potentialAction\":[{\"@type\":\"ReadAction\",\"target\":[\"https:\/\/jensens.com\/da\/too-good-to-go\/\"]}]},{\"@type\":\"BreadcrumbList\",\"@id\":\"https:\/\/jensens.com\/da\/too-good-to-go\/#breadcrumb\",\"itemListElement\":[{\"@type\":\"ListItem\",\"position\":1,\"name\":\"Home\",\"item\":\"https:\/\/jensens.com\/da\/\"},{\"@type\":\"ListItem\",\"position\":2,\"name\":\"Too Good to Go\"}]},{\"@type\":\"WebSite\",\"@id\":\"https:\/\/jensens.com\/da\/#website\",\"url\":\"https:\/\/jensens.com\/da\/\",\"name\":\"Jensens\",\"description\":\"\",\"potentialAction\":[{\"@type\":\"SearchAction\",\"target\":{\"@type\":\"EntryPoint\",\"urlTemplate\":\"https:\/\/jensens.com\/da\/?s={search_term_string}\"},\"query-input\":{\"@type\":\"PropertyValueSpecification\",\"valueRequired\":true,\"valueName\":\"search_term_string\"}}],\"inLanguage\":\"da-DK\"}]}<\/script>\n<!-- \/ Yoast SEO Premium plugin. -->","yoast_head_json":{"title":"Jensens B\u00f8fhus p\u00e5 Too Good to Go | Stop madspild","description":"Hj\u00e6lp med at stoppe madspild ved at k\u00f8be dagens lykkebokse med fx spareribs, en go\u2019 b\u00f8f med tilbeh\u00f8r, eller blandet salat fra vores \u00f8kologiske salatbar.","robots":{"index":"index","follow":"follow","max-snippet":"max-snippet:-1","max-image-preview":"max-image-preview:large","max-video-preview":"max-video-preview:-1"},"canonical":"https:\/\/jensens.com\/da\/too-good-to-go\/","og_locale":"da_DK","og_type":"article","og_title":"Too Good to Go","og_description":"Hj\u00e6lp med at stoppe madspild ved at k\u00f8be dagens lykkebokse med fx spareribs, en go\u2019 b\u00f8f med tilbeh\u00f8r, eller blandet salat fra vores \u00f8kologiske salatbar.","og_url":"https:\/\/jensens.com\/da\/too-good-to-go\/","og_site_name":"Jensens","article_modified_time":"2025-06-30T13:07:34+00:00","twitter_card":"summary_large_image","schema":{"@context":"https:\/\/schema.org","@graph":[{"@type":"WebPage","@id":"https:\/\/jensens.com\/da\/too-good-to-go\/","url":"https:\/\/jensens.com\/da\/too-good-to-go\/","name":"Jensens B\u00f8fhus p\u00e5 Too Good to Go | Stop madspild","isPartOf":{"@id":"https:\/\/jensens.com\/da\/#website"},"datePublished":"2022-05-24T09:10:09+00:00","dateModified":"2025-06-30T13:07:34+00:00","description":"Hj\u00e6lp med at stoppe madspild ved at k\u00f8be dagens lykkebokse med fx spareribs, en go\u2019 b\u00f8f med tilbeh\u00f8r, eller blandet salat fra vores \u00f8kologiske salatbar.","breadcrumb":{"@id":"https:\/\/jensens.com\/da\/too-good-to-go\/#breadcrumb"},"inLanguage":"da-DK","potentialAction":[{"@type":"ReadAction","target":["https:\/\/jensens.com\/da\/too-good-to-go\/"]}]},{"@type":"BreadcrumbList","@id":"https:\/\/jensens.com\/da\/too-good-to-go\/#breadcrumb","itemListElement":[{"@type":"ListItem","position":1,"name":"Home","item":"https:\/\/jensens.com\/da\/"},{"@type":"ListItem","position":2,"name":"Too Good to Go"}]},{"@type":"WebSite","@id":"https:\/\/jensens.com\/da\/#website","url":"https:\/\/jensens.com\/da\/","name":"Jensens","description":"","potentialAction":[{"@type":"SearchAction","target":{"@type":"EntryPoint","urlTemplate":"https:\/\/jensens.com\/da\/?s={search_term_string}"},"query-input":{"@type":"PropertyValueSpecification","valueRequired":true,"valueName":"search_term_string"}}],"inLanguage":"da-DK"}]}},"_links":{"self":[{"href":"https:\/\/jensens.com\/da\/wp-json\/wp\/v2\/pages\/22","targetHints":{"allow":["GET"]}}],"collection":[{"href":"https:\/\/jensens.com\/da\/wp-json\/wp\/v2\/pages"}],"about":[{"href":"https:\/\/jensens.com\/da\/wp-json\/wp\/v2\/types\/page"}],"author":[{"embeddable":true,"href":"https:\/\/jensens.com\/da\/wp-json\/wp\/v2\/users\/3"}],"replies":[{"embeddable":true,"href":"https:\/\/jensens.com\/da\/wp-json\/wp\/v2\/comments?post=22"}],"version-history":[{"count":44,"href":"https:\/\/jensens.com\/da\/wp-json\/wp\/v2\/pages\/22\/revisions"}],"predecessor-version":[{"id":371831193,"href":"https:\/\/jensens.com\/da\/wp-json\/wp\/v2\/pages\/22\/revisions\/371831193"}],"wp:attachment":[{"href":"https:\/\/jensens.com\/da\/wp-json\/wp\/v2\/media?parent=22"}],"curies":[{"name":"wp","href":"https:\/\/api.w.org\/{rel}","templated":true}]}}