{"id":24,"date":"2022-05-24T09:10:18","date_gmt":"2022-05-24T09:10:18","guid":{"rendered":"https:\/\/stoic-haibt.89-188-76-10.plesk.page\/?page_id=24"},"modified":"2026-03-16T15:21:19","modified_gmt":"2026-03-16T14:21:19","slug":"presse","status":"publish","type":"page","link":"https:\/\/jensens.com\/da\/presse\/","title":{"rendered":"Presse"},"content":{"rendered":"\r\n<div id=\"textBlock-block_94fc6cd3b7bd774e0db526227d8496a3\" class=\"textBlock textBlock--left\">\r\n\t<div class=\"container\">\r\n\t\t<div class=\"row\">\r\n\t\t\t<div class=\"col-12 col-lg-10 col-xl-8 offset-xl-2 offset-lg-1\" data-aos=\"fade-up\" data-aos-duration=\"800\" data-aos-offset=\"-150\">\r\n\t\t\t\t<div class=\"textBlock__inner\">\r\n\t\t\t\t\t<p><!-- wp:heading --><\/p>\n<h1>Presse<\/h1>\n<p><!-- \/wp:heading --> <!-- wp:paragraph --><\/p>\n<p>Jensens B\u00f8fhus er en \u00e5ben og tilg\u00e6ngelig virksomhed, som tilstr\u00e6ber at im\u00f8dekomme sp\u00f8rgsm\u00e5l omkring restaurantk\u00e6dens virke.<\/p>\n<p><!-- \/wp:paragraph --> <!-- wp:paragraph --><\/p>\n<p>Find\/download vores logo, klik <a href=\"https:\/\/jensens.com\/wp-content\/uploads\/2018\/04\/Jensens_boefhus-favicon.png\">her.<\/a><\/p>\n<p><!-- \/wp:paragraph --> <!-- wp:paragraph --><\/p>\n<p><strong>Henvendelser skal ske til: <a href=\"mailto:info@jensens.com\">jensens@bones.dk<\/a><\/strong><\/p>\n<p><!-- \/wp:paragraph --><\/p>\n\t\t\t\t\t<div class=\"textBlock__inner__buttons\">\r\n\t\t\t\t\t\t\t\t\t\t\t<\/div>\r\n\t\t\t\t<\/div>\r\n\t\t\t\t\t\t\t<\/div>\r\n\t\t<\/div>\r\n\t<\/div>\r\n<\/div>","protected":false},"excerpt":{"rendered":"","protected":false},"author":3,"featured_media":0,"parent":0,"menu_order":0,"comment_status":"closed","ping_status":"closed","template":"","meta":{"_acf_changed":false,"inline_featured_image":false,"footnotes":""},"class_list":["post-24","page","type-page","status-publish","hentry"],"acf":[],"yoast_head":"<!-- This site is optimized with the Yoast SEO Premium plugin v26.9 (Yoast SEO v26.9) - https:\/\/yoast.com\/product\/yoast-seo-premium-wordpress\/ -->\n<title>Presseinformation - Jensens B\u00f8fhus - Pressekontakt<\/title>\n<meta name=\"description\" content=\"Jensens B\u00f8fhus er en \u00e5ben og tilg\u00e6ngelig virksomhed, som tilstr\u00e6ber at im\u00f8dekomme sp\u00f8rgsm\u00e5l omkring restaurantk\u00e6dens virke.\" \/>\n<meta name=\"robots\" content=\"index, follow, max-snippet:-1, max-image-preview:large, max-video-preview:-1\" \/>\n<link rel=\"canonical\" href=\"https:\/\/jensens.com\/da\/presse\/\" \/>\n<meta property=\"og:locale\" content=\"da_DK\" \/>\n<meta property=\"og:type\" content=\"article\" \/>\n<meta property=\"og:title\" content=\"Presse\" \/>\n<meta property=\"og:description\" content=\"Jensens B\u00f8fhus er en \u00e5ben og tilg\u00e6ngelig virksomhed, som tilstr\u00e6ber at im\u00f8dekomme sp\u00f8rgsm\u00e5l omkring restaurantk\u00e6dens virke.\" \/>\n<meta property=\"og:url\" content=\"https:\/\/jensens.com\/da\/presse\/\" \/>\n<meta property=\"og:site_name\" content=\"Jensens\" \/>\n<meta property=\"article:modified_time\" content=\"2026-03-16T14:21:19+00:00\" \/>\n<meta name=\"twitter:card\" content=\"summary_large_image\" \/>\n<script type=\"application\/ld+json\" class=\"yoast-schema-graph\">{\"@context\":\"https:\/\/schema.org\",\"@graph\":[{\"@type\":\"WebPage\",\"@id\":\"https:\/\/jensens.com\/da\/presse\/\",\"url\":\"https:\/\/jensens.com\/da\/presse\/\",\"name\":\"Presseinformation - Jensens B\u00f8fhus - Pressekontakt\",\"isPartOf\":{\"@id\":\"https:\/\/jensens.com\/da\/#website\"},\"datePublished\":\"2022-05-24T09:10:18+00:00\",\"dateModified\":\"2026-03-16T14:21:19+00:00\",\"description\":\"Jensens B\u00f8fhus er en \u00e5ben og tilg\u00e6ngelig virksomhed, som tilstr\u00e6ber at im\u00f8dekomme sp\u00f8rgsm\u00e5l omkring restaurantk\u00e6dens virke.\",\"breadcrumb\":{\"@id\":\"https:\/\/jensens.com\/da\/presse\/#breadcrumb\"},\"inLanguage\":\"da-DK\",\"potentialAction\":[{\"@type\":\"ReadAction\",\"target\":[\"https:\/\/jensens.com\/da\/presse\/\"]}]},{\"@type\":\"BreadcrumbList\",\"@id\":\"https:\/\/jensens.com\/da\/presse\/#breadcrumb\",\"itemListElement\":[{\"@type\":\"ListItem\",\"position\":1,\"name\":\"Home\",\"item\":\"https:\/\/jensens.com\/da\/\"},{\"@type\":\"ListItem\",\"position\":2,\"name\":\"Presse\"}]},{\"@type\":\"WebSite\",\"@id\":\"https:\/\/jensens.com\/da\/#website\",\"url\":\"https:\/\/jensens.com\/da\/\",\"name\":\"Jensens\",\"description\":\"\",\"potentialAction\":[{\"@type\":\"SearchAction\",\"target\":{\"@type\":\"EntryPoint\",\"urlTemplate\":\"https:\/\/jensens.com\/da\/?s={search_term_string}\"},\"query-input\":{\"@type\":\"PropertyValueSpecification\",\"valueRequired\":true,\"valueName\":\"search_term_string\"}}],\"inLanguage\":\"da-DK\"}]}<\/script>\n<!-- \/ Yoast SEO Premium plugin. -->","yoast_head_json":{"title":"Presseinformation - Jensens B\u00f8fhus - Pressekontakt","description":"Jensens B\u00f8fhus er en \u00e5ben og tilg\u00e6ngelig virksomhed, som tilstr\u00e6ber at im\u00f8dekomme sp\u00f8rgsm\u00e5l omkring restaurantk\u00e6dens virke.","robots":{"index":"index","follow":"follow","max-snippet":"max-snippet:-1","max-image-preview":"max-image-preview:large","max-video-preview":"max-video-preview:-1"},"canonical":"https:\/\/jensens.com\/da\/presse\/","og_locale":"da_DK","og_type":"article","og_title":"Presse","og_description":"Jensens B\u00f8fhus er en \u00e5ben og tilg\u00e6ngelig virksomhed, som tilstr\u00e6ber at im\u00f8dekomme sp\u00f8rgsm\u00e5l omkring restaurantk\u00e6dens virke.","og_url":"https:\/\/jensens.com\/da\/presse\/","og_site_name":"Jensens","article_modified_time":"2026-03-16T14:21:19+00:00","twitter_card":"summary_large_image","schema":{"@context":"https:\/\/schema.org","@graph":[{"@type":"WebPage","@id":"https:\/\/jensens.com\/da\/presse\/","url":"https:\/\/jensens.com\/da\/presse\/","name":"Presseinformation - Jensens B\u00f8fhus - Pressekontakt","isPartOf":{"@id":"https:\/\/jensens.com\/da\/#website"},"datePublished":"2022-05-24T09:10:18+00:00","dateModified":"2026-03-16T14:21:19+00:00","description":"Jensens B\u00f8fhus er en \u00e5ben og tilg\u00e6ngelig virksomhed, som tilstr\u00e6ber at im\u00f8dekomme sp\u00f8rgsm\u00e5l omkring restaurantk\u00e6dens virke.","breadcrumb":{"@id":"https:\/\/jensens.com\/da\/presse\/#breadcrumb"},"inLanguage":"da-DK","potentialAction":[{"@type":"ReadAction","target":["https:\/\/jensens.com\/da\/presse\/"]}]},{"@type":"BreadcrumbList","@id":"https:\/\/jensens.com\/da\/presse\/#breadcrumb","itemListElement":[{"@type":"ListItem","position":1,"name":"Home","item":"https:\/\/jensens.com\/da\/"},{"@type":"ListItem","position":2,"name":"Presse"}]},{"@type":"WebSite","@id":"https:\/\/jensens.com\/da\/#website","url":"https:\/\/jensens.com\/da\/","name":"Jensens","description":"","potentialAction":[{"@type":"SearchAction","target":{"@type":"EntryPoint","urlTemplate":"https:\/\/jensens.com\/da\/?s={search_term_string}"},"query-input":{"@type":"PropertyValueSpecification","valueRequired":true,"valueName":"search_term_string"}}],"inLanguage":"da-DK"}]}},"_links":{"self":[{"href":"https:\/\/jensens.com\/da\/wp-json\/wp\/v2\/pages\/24","targetHints":{"allow":["GET"]}}],"collection":[{"href":"https:\/\/jensens.com\/da\/wp-json\/wp\/v2\/pages"}],"about":[{"href":"https:\/\/jensens.com\/da\/wp-json\/wp\/v2\/types\/page"}],"author":[{"embeddable":true,"href":"https:\/\/jensens.com\/da\/wp-json\/wp\/v2\/users\/3"}],"replies":[{"embeddable":true,"href":"https:\/\/jensens.com\/da\/wp-json\/wp\/v2\/comments?post=24"}],"version-history":[{"count":24,"href":"https:\/\/jensens.com\/da\/wp-json\/wp\/v2\/pages\/24\/revisions"}],"predecessor-version":[{"id":397902492,"href":"https:\/\/jensens.com\/da\/wp-json\/wp\/v2\/pages\/24\/revisions\/397902492"}],"wp:attachment":[{"href":"https:\/\/jensens.com\/da\/wp-json\/wp\/v2\/media?parent=24"}],"curies":[{"name":"wp","href":"https:\/\/api.w.org\/{rel}","templated":true}]}}