{"id":368313363,"date":"2023-03-14T14:48:54","date_gmt":"2023-03-14T13:48:54","guid":{"rendered":"https:\/\/jensens.com\/?page_id=368313363"},"modified":"2025-06-30T15:01:29","modified_gmt":"2025-06-30T13:01:29","slug":"find-restaurant","status":"publish","type":"page","link":"https:\/\/jensens.com\/da\/find-restaurant\/","title":{"rendered":"Find restaurant"},"content":{"rendered":"","protected":false},"excerpt":{"rendered":"","protected":false},"author":3,"featured_media":0,"parent":0,"menu_order":0,"comment_status":"closed","ping_status":"closed","template":"template-parts\/find-restaurant-template.php","meta":{"_acf_changed":false,"inline_featured_image":false,"footnotes":""},"class_list":["post-368313363","page","type-page","status-publish","hentry"],"acf":[],"yoast_head":"<!-- This site is optimized with the Yoast SEO Premium plugin v26.9 (Yoast SEO v26.9) - https:\/\/yoast.com\/product\/yoast-seo-premium-wordpress\/ -->\n<title>Find restaurant - Jensens B\u00f8fhus<\/title>\n<meta name=\"description\" content=\"Find din n\u00e6rmeste Jensens B\u00f8fhus restaurant! Se \u00e5bningstider, adresser og bestil take away eller book bord online. Din favoritrestaurant venter!\" \/>\n<meta name=\"robots\" content=\"index, follow, max-snippet:-1, max-image-preview:large, max-video-preview:-1\" \/>\n<link rel=\"canonical\" href=\"https:\/\/jensens.com\/da\/find-restaurant\/\" \/>\n<meta property=\"og:locale\" content=\"da_DK\" \/>\n<meta property=\"og:type\" content=\"article\" \/>\n<meta property=\"og:title\" content=\"Find restaurant\" \/>\n<meta property=\"og:description\" content=\"Find din n\u00e6rmeste Jensens B\u00f8fhus restaurant! Se \u00e5bningstider, adresser og bestil take away eller book bord online. Din favoritrestaurant venter!\" \/>\n<meta property=\"og:url\" content=\"https:\/\/jensens.com\/da\/find-restaurant\/\" \/>\n<meta property=\"og:site_name\" content=\"Jensens\" \/>\n<meta property=\"article:modified_time\" content=\"2025-06-30T13:01:29+00:00\" \/>\n<meta name=\"twitter:card\" content=\"summary_large_image\" \/>\n<script type=\"application\/ld+json\" class=\"yoast-schema-graph\">{\"@context\":\"https:\/\/schema.org\",\"@graph\":[{\"@type\":\"WebPage\",\"@id\":\"https:\/\/jensens.com\/da\/find-restaurant\/\",\"url\":\"https:\/\/jensens.com\/da\/find-restaurant\/\",\"name\":\"Find restaurant - Jensens B\u00f8fhus\",\"isPartOf\":{\"@id\":\"https:\/\/jensens.com\/da\/#website\"},\"datePublished\":\"2023-03-14T13:48:54+00:00\",\"dateModified\":\"2025-06-30T13:01:29+00:00\",\"description\":\"Find din n\u00e6rmeste Jensens B\u00f8fhus restaurant! Se \u00e5bningstider, adresser og bestil take away eller book bord online. Din favoritrestaurant venter!\",\"breadcrumb\":{\"@id\":\"https:\/\/jensens.com\/da\/find-restaurant\/#breadcrumb\"},\"inLanguage\":\"da-DK\",\"potentialAction\":[{\"@type\":\"ReadAction\",\"target\":[\"https:\/\/jensens.com\/da\/find-restaurant\/\"]}]},{\"@type\":\"BreadcrumbList\",\"@id\":\"https:\/\/jensens.com\/da\/find-restaurant\/#breadcrumb\",\"itemListElement\":[{\"@type\":\"ListItem\",\"position\":1,\"name\":\"Home\",\"item\":\"https:\/\/jensens.com\/da\/\"},{\"@type\":\"ListItem\",\"position\":2,\"name\":\"Find restaurant\"}]},{\"@type\":\"WebSite\",\"@id\":\"https:\/\/jensens.com\/da\/#website\",\"url\":\"https:\/\/jensens.com\/da\/\",\"name\":\"Jensens\",\"description\":\"\",\"potentialAction\":[{\"@type\":\"SearchAction\",\"target\":{\"@type\":\"EntryPoint\",\"urlTemplate\":\"https:\/\/jensens.com\/da\/?s={search_term_string}\"},\"query-input\":{\"@type\":\"PropertyValueSpecification\",\"valueRequired\":true,\"valueName\":\"search_term_string\"}}],\"inLanguage\":\"da-DK\"}]}<\/script>\n<!-- \/ Yoast SEO Premium plugin. -->","yoast_head_json":{"title":"Find restaurant - Jensens B\u00f8fhus","description":"Find din n\u00e6rmeste Jensens B\u00f8fhus restaurant! Se \u00e5bningstider, adresser og bestil take away eller book bord online. Din favoritrestaurant venter!","robots":{"index":"index","follow":"follow","max-snippet":"max-snippet:-1","max-image-preview":"max-image-preview:large","max-video-preview":"max-video-preview:-1"},"canonical":"https:\/\/jensens.com\/da\/find-restaurant\/","og_locale":"da_DK","og_type":"article","og_title":"Find restaurant","og_description":"Find din n\u00e6rmeste Jensens B\u00f8fhus restaurant! Se \u00e5bningstider, adresser og bestil take away eller book bord online. Din favoritrestaurant venter!","og_url":"https:\/\/jensens.com\/da\/find-restaurant\/","og_site_name":"Jensens","article_modified_time":"2025-06-30T13:01:29+00:00","twitter_card":"summary_large_image","schema":{"@context":"https:\/\/schema.org","@graph":[{"@type":"WebPage","@id":"https:\/\/jensens.com\/da\/find-restaurant\/","url":"https:\/\/jensens.com\/da\/find-restaurant\/","name":"Find restaurant - Jensens B\u00f8fhus","isPartOf":{"@id":"https:\/\/jensens.com\/da\/#website"},"datePublished":"2023-03-14T13:48:54+00:00","dateModified":"2025-06-30T13:01:29+00:00","description":"Find din n\u00e6rmeste Jensens B\u00f8fhus restaurant! Se \u00e5bningstider, adresser og bestil take away eller book bord online. Din favoritrestaurant venter!","breadcrumb":{"@id":"https:\/\/jensens.com\/da\/find-restaurant\/#breadcrumb"},"inLanguage":"da-DK","potentialAction":[{"@type":"ReadAction","target":["https:\/\/jensens.com\/da\/find-restaurant\/"]}]},{"@type":"BreadcrumbList","@id":"https:\/\/jensens.com\/da\/find-restaurant\/#breadcrumb","itemListElement":[{"@type":"ListItem","position":1,"name":"Home","item":"https:\/\/jensens.com\/da\/"},{"@type":"ListItem","position":2,"name":"Find restaurant"}]},{"@type":"WebSite","@id":"https:\/\/jensens.com\/da\/#website","url":"https:\/\/jensens.com\/da\/","name":"Jensens","description":"","potentialAction":[{"@type":"SearchAction","target":{"@type":"EntryPoint","urlTemplate":"https:\/\/jensens.com\/da\/?s={search_term_string}"},"query-input":{"@type":"PropertyValueSpecification","valueRequired":true,"valueName":"search_term_string"}}],"inLanguage":"da-DK"}]}},"_links":{"self":[{"href":"https:\/\/jensens.com\/da\/wp-json\/wp\/v2\/pages\/368313363","targetHints":{"allow":["GET"]}}],"collection":[{"href":"https:\/\/jensens.com\/da\/wp-json\/wp\/v2\/pages"}],"about":[{"href":"https:\/\/jensens.com\/da\/wp-json\/wp\/v2\/types\/page"}],"author":[{"embeddable":true,"href":"https:\/\/jensens.com\/da\/wp-json\/wp\/v2\/users\/3"}],"replies":[{"embeddable":true,"href":"https:\/\/jensens.com\/da\/wp-json\/wp\/v2\/comments?post=368313363"}],"version-history":[{"count":2,"href":"https:\/\/jensens.com\/da\/wp-json\/wp\/v2\/pages\/368313363\/revisions"}],"predecessor-version":[{"id":397901670,"href":"https:\/\/jensens.com\/da\/wp-json\/wp\/v2\/pages\/368313363\/revisions\/397901670"}],"wp:attachment":[{"href":"https:\/\/jensens.com\/da\/wp-json\/wp\/v2\/media?parent=368313363"}],"curies":[{"name":"wp","href":"https:\/\/api.w.org\/{rel}","templated":true}]}}