{"id":368317118,"date":"2023-05-15T14:36:10","date_gmt":"2023-05-15T12:36:10","guid":{"rendered":"https:\/\/jensens.com\/?page_id=368317118"},"modified":"2026-04-13T15:16:17","modified_gmt":"2026-04-13T13:16:17","slug":"menukort","status":"publish","type":"page","link":"https:\/\/jensens.com\/da\/menukort\/","title":{"rendered":"Menukort"},"content":{"rendered":"\r\n<div id=\"menukortCustom-block_600c0eed9f057c61dc2d2c1cfc27ef68\" class=\"menukortCustom\">\r\n\t<div class=\"container\">\r\n\t\t<div class=\"row\">\r\n\t\t\t<div class=\"col-12 col-xl-10 offset-xl-1\">\r\n                <div class=\"accordionText\">\r\n                    <h1 style=\"text-align: center\"><strong>Jensens B\u00f8fhus menu<\/strong><\/h1>\n<p style=\"text-align: center\">Hos Jensens serverer vi dine favoritter til frokost og aften \u2013 altid lavet med k\u00e6rlighed og p\u00e5 gode r\u00e5varer. P\u00e5 vores menukort finder du b\u00e5de velkendte og nye retter til priser, hvor alle kan v\u00e6re med.<\/p>\n<p>&nbsp;<\/p>\n                <\/div>\r\n                <div class=\"accordion\">\r\n                                                                        <div class=\"row\">\r\n                                                                                                            <div class=\"col-12 col-lg-4 col-sm-6\">\r\n                                            <div class=\"singleMenuItem\">\r\n                                                <div class=\"singleMenuItem__image\"><img loading=\"lazy\" decoding=\"async\" width=\"1920\" height=\"1920\" src=\"https:\/\/jensens.com\/wp-content\/uploads\/2025\/10\/1-1.jpg\" class=\"attachment-fulll size-fulll\" alt=\"frokostb\u00f8f\" srcset=\"https:\/\/jensens.com\/wp-content\/uploads\/2025\/10\/1-1.jpg 1920w, https:\/\/jensens.com\/wp-content\/uploads\/2025\/10\/1-1-300x300.jpg 300w, https:\/\/jensens.com\/wp-content\/uploads\/2025\/10\/1-1-1024x1024.jpg 1024w, https:\/\/jensens.com\/wp-content\/uploads\/2025\/10\/1-1-150x150.jpg 150w, https:\/\/jensens.com\/wp-content\/uploads\/2025\/10\/1-1-768x768.jpg 768w, https:\/\/jensens.com\/wp-content\/uploads\/2025\/10\/1-1-1536x1536.jpg 1536w, https:\/\/jensens.com\/wp-content\/uploads\/2025\/10\/1-1-1080x1080.jpg 1080w, https:\/\/jensens.com\/wp-content\/uploads\/2025\/10\/1-1-1500x1500.jpg 1500w, https:\/\/jensens.com\/wp-content\/uploads\/2025\/10\/1-1-600x600.jpg 600w, https:\/\/jensens.com\/wp-content\/uploads\/2025\/10\/1-1-100x100.jpg 100w\" sizes=\"auto, (max-width: 1920px) 100vw, 1920px\" \/><\/div>                                                <div class=\"singleMenuItem__title\">Frokostmenu f\u00f8r kl 16:00<\/div>                                                \r\n                                                <div class=\"singleMenuItem__content\"><p>Kig forbi til en hyggelig frokost hos Jensens. Nyd vores klassiske favoritter i rolige omgivelser. Frokost serveres alle dage f\u00f8r kl. 16.00. Perfekt til b\u00e5de hverdag og en velfortjent pause.<\/p>\n<\/div>\r\n                                                <a href=\"https:\/\/jensens.com\/wp-content\/uploads\/2026\/01\/Jensens_Frokostkort36.pdf\" target=\"\" class=\"button button--red\"><span>Frokostmenu<\/span><\/a>                                            <\/div>\r\n                                        <\/div>\r\n                                                                            <div class=\"col-12 col-lg-4 col-sm-6\">\r\n                                            <div class=\"singleMenuItem\">\r\n                                                <div class=\"singleMenuItem__image\"><img loading=\"lazy\" decoding=\"async\" width=\"1920\" height=\"1920\" src=\"https:\/\/jensens.com\/wp-content\/uploads\/2025\/10\/4-2.jpg\" class=\"attachment-fulll size-fulll\" alt=\"Ribeye\" srcset=\"https:\/\/jensens.com\/wp-content\/uploads\/2025\/10\/4-2.jpg 1920w, https:\/\/jensens.com\/wp-content\/uploads\/2025\/10\/4-2-300x300.jpg 300w, https:\/\/jensens.com\/wp-content\/uploads\/2025\/10\/4-2-1024x1024.jpg 1024w, https:\/\/jensens.com\/wp-content\/uploads\/2025\/10\/4-2-150x150.jpg 150w, https:\/\/jensens.com\/wp-content\/uploads\/2025\/10\/4-2-768x768.jpg 768w, https:\/\/jensens.com\/wp-content\/uploads\/2025\/10\/4-2-1536x1536.jpg 1536w, https:\/\/jensens.com\/wp-content\/uploads\/2025\/10\/4-2-1080x1080.jpg 1080w, https:\/\/jensens.com\/wp-content\/uploads\/2025\/10\/4-2-1500x1500.jpg 1500w, https:\/\/jensens.com\/wp-content\/uploads\/2025\/10\/4-2-600x600.jpg 600w, https:\/\/jensens.com\/wp-content\/uploads\/2025\/10\/4-2-100x100.jpg 100w\" sizes=\"auto, (max-width: 1920px) 100vw, 1920px\" \/><\/div>                                                <div class=\"singleMenuItem__title\">Aftenmenu efter kl. 16:00<\/div>                                                \r\n                                                <div class=\"singleMenuItem__content\"><p>N\u00e5r aftenen falder p\u00e5, t\u00e6nder vi for stemningen. Gl\u00e6d dig til velkendte klassikere og god atmosf\u00e6re. Vores aftenmenuer skabt til n\u00e6rv\u00e6r og nydelse. Tag plads og nyd en aften hos Jensens.<\/p>\n<\/div>\r\n                                                <a href=\"https:\/\/jensens.com\/wp-content\/uploads\/2026\/01\/Jensens_Aftenkort45.pdf\" target=\"\" class=\"button button--red\"><span>Aftenmenu<\/span><\/a>                                            <\/div>\r\n                                        <\/div>\r\n                                                                            <div class=\"col-12 col-lg-4 col-sm-6\">\r\n                                            <div class=\"singleMenuItem\">\r\n                                                <div class=\"singleMenuItem__image\"><img loading=\"lazy\" decoding=\"async\" width=\"1920\" height=\"1920\" src=\"https:\/\/jensens.com\/wp-content\/uploads\/2026\/04\/Boern-1920x1920-1-1.jpg\" class=\"attachment-fulll size-fulll\" alt=\"B\u00f8rneretter\" srcset=\"https:\/\/jensens.com\/wp-content\/uploads\/2026\/04\/Boern-1920x1920-1-1.jpg 1920w, https:\/\/jensens.com\/wp-content\/uploads\/2026\/04\/Boern-1920x1920-1-1-300x300.jpg 300w, https:\/\/jensens.com\/wp-content\/uploads\/2026\/04\/Boern-1920x1920-1-1-1024x1024.jpg 1024w, https:\/\/jensens.com\/wp-content\/uploads\/2026\/04\/Boern-1920x1920-1-1-150x150.jpg 150w, https:\/\/jensens.com\/wp-content\/uploads\/2026\/04\/Boern-1920x1920-1-1-768x768.jpg 768w, https:\/\/jensens.com\/wp-content\/uploads\/2026\/04\/Boern-1920x1920-1-1-1536x1536.jpg 1536w, https:\/\/jensens.com\/wp-content\/uploads\/2026\/04\/Boern-1920x1920-1-1-1080x1080.jpg 1080w, https:\/\/jensens.com\/wp-content\/uploads\/2026\/04\/Boern-1920x1920-1-1-1500x1500.jpg 1500w, https:\/\/jensens.com\/wp-content\/uploads\/2026\/04\/Boern-1920x1920-1-1-600x600.jpg 600w, https:\/\/jensens.com\/wp-content\/uploads\/2026\/04\/Boern-1920x1920-1-1-100x100.jpg 100w\" sizes=\"auto, (max-width: 1920px) 100vw, 1920px\" \/><\/div>                                                <div class=\"singleMenuItem__title\">B\u00f8rnemenu<\/div>                                                \r\n                                                <div class=\"singleMenuItem__content\"><p>For de mindste kan sulten b\u00e5de v\u00e6re stor og lille. Det kender de sk\u00f8re rumv\u00e6sner Smask og Hik alt til, og derfor har vi selvf\u00f8lgelig et s\u00e6rskilt menukort med alle b\u00f8rns (og rumv\u00e6sners) favoritter.<\/p>\n<\/div>\r\n                                                <a href=\"https:\/\/jensens.com\/wp-content\/uploads\/2026\/04\/Boernemenu_April_26.pdf\" target=\"_blank\" class=\"button button--red\"><span>B\u00f8rnemenukort<\/span><\/a>                                            <\/div>\r\n                                        <\/div>\r\n                                                                                                    <div class=\"col-12\">\r\n                                    <p><a href=\"https:\/\/jensens.com\/wp-content\/uploads\/2026\/01\/Jensens_Drikkevarekort-002.pdf\">Drikkevarer og Vin<\/a><\/p>\n<p>Fuldf\u00f8r m\u00e5ltidet med noget godt i glasset.<br data-start=\"139\" data-end=\"142\" data-is-only-node=\"\" \/>V\u00e6lg mellem kolde forfriskninger, klassiske favoritter<br data-start=\"196\" data-end=\"199\" \/>og n\u00f8je udvalgte drikke til b\u00e5de frokost og aften.<br data-start=\"249\" data-end=\"252\" \/>Noget for enhver smag \u2013 uanset anledning.<\/p>\n<p>&nbsp;<\/p>\n<p>&nbsp;<\/p>\n<p>&nbsp;<\/p>\n<p>Hos <a style=\"font-weight: normal;color: #222;text-decoration: none;font-family: sans-serif\" href=\"https:\/\/jensens.com\/da\/\" target=\"_blank\" rel=\"noopener\">restaurant<\/a> Jensens B\u00f8fhus finder du et stort udvalg af retter og en m\u00e5de at bestille p\u00e5, der passer til dit behov.<\/p>\n<p>&nbsp;<\/p>\n                                <\/div>\r\n                            <\/div>\r\n                                            \r\n                <\/div>\r\n\t\t\t<\/div>\r\n\t\t<\/div>\r\n\t<\/div>\r\n<\/div>\n\n\r\n<div id=\"buttonContainer-block_b5d6678b1987603125ccc022b200a9c6\" class=\"buttonContainer buttonAlign--left\">\r\n    <\/div>\n\n\r\n<div id=\"menukortCustom-block_3dfaf00028cdd3134a1eb47ecd7f87dc\" class=\"menukortCustom\">\r\n\t<div class=\"container\">\r\n\t\t<div class=\"row\">\r\n\t\t\t<div class=\"col-12 col-xl-10 offset-xl-1\">\r\n                <div class=\"accordionText\">\r\n                                    <\/div>\r\n                <div class=\"accordion\">\r\n                    \r\n                <\/div>\r\n\t\t\t<\/div>\r\n\t\t<\/div>\r\n\t<\/div>\r\n<\/div>","protected":false},"excerpt":{"rendered":"","protected":false},"author":3,"featured_media":0,"parent":0,"menu_order":0,"comment_status":"closed","ping_status":"closed","template":"","meta":{"_acf_changed":false,"inline_featured_image":false,"footnotes":""},"class_list":["post-368317118","page","type-page","status-publish","hentry"],"acf":[],"yoast_head":"<!-- This site is optimized with the Yoast SEO Premium plugin v26.9 (Yoast SEO v26.9) - https:\/\/yoast.com\/product\/yoast-seo-premium-wordpress\/ -->\n<title>Jensens B\u00f8fhus | Menukort | Restaurant eller takeaway<\/title>\n<meta name=\"description\" content=\"P\u00e5 vores menukort finder du b\u00e5de velkendte og nye retter til priser, hvor alle kan v\u00e6re med.Du kan spise i vores restaurant eller bestille som takeaway.\" \/>\n<meta name=\"robots\" content=\"index, follow, max-snippet:-1, max-image-preview:large, max-video-preview:-1\" \/>\n<link rel=\"canonical\" href=\"https:\/\/jensens.com\/da\/menukort\/\" \/>\n<meta property=\"og:locale\" content=\"da_DK\" \/>\n<meta property=\"og:type\" content=\"article\" \/>\n<meta property=\"og:title\" content=\"Menukort\" \/>\n<meta property=\"og:description\" content=\"P\u00e5 vores menukort finder du b\u00e5de velkendte og nye retter til priser, hvor alle kan v\u00e6re med.Du kan spise i vores restaurant eller bestille som takeaway.\" \/>\n<meta property=\"og:url\" content=\"https:\/\/jensens.com\/da\/menukort\/\" \/>\n<meta property=\"og:site_name\" content=\"Jensens\" \/>\n<meta property=\"article:modified_time\" content=\"2026-04-13T13:16:17+00:00\" \/>\n<meta name=\"twitter:card\" content=\"summary_large_image\" \/>\n<script type=\"application\/ld+json\" class=\"yoast-schema-graph\">{\"@context\":\"https:\/\/schema.org\",\"@graph\":[{\"@type\":\"WebPage\",\"@id\":\"https:\/\/jensens.com\/da\/menukort\/\",\"url\":\"https:\/\/jensens.com\/da\/menukort\/\",\"name\":\"Jensens B\u00f8fhus | Menukort | Restaurant eller takeaway\",\"isPartOf\":{\"@id\":\"https:\/\/jensens.com\/da\/#website\"},\"datePublished\":\"2023-05-15T12:36:10+00:00\",\"dateModified\":\"2026-04-13T13:16:17+00:00\",\"description\":\"P\u00e5 vores menukort finder du b\u00e5de velkendte og nye retter til priser, hvor alle kan v\u00e6re med.Du kan spise i vores restaurant eller bestille som takeaway.\",\"breadcrumb\":{\"@id\":\"https:\/\/jensens.com\/da\/menukort\/#breadcrumb\"},\"inLanguage\":\"da-DK\",\"potentialAction\":[{\"@type\":\"ReadAction\",\"target\":[\"https:\/\/jensens.com\/da\/menukort\/\"]}]},{\"@type\":\"BreadcrumbList\",\"@id\":\"https:\/\/jensens.com\/da\/menukort\/#breadcrumb\",\"itemListElement\":[{\"@type\":\"ListItem\",\"position\":1,\"name\":\"Home\",\"item\":\"https:\/\/jensens.com\/da\/\"},{\"@type\":\"ListItem\",\"position\":2,\"name\":\"Menukort\"}]},{\"@type\":\"WebSite\",\"@id\":\"https:\/\/jensens.com\/da\/#website\",\"url\":\"https:\/\/jensens.com\/da\/\",\"name\":\"Jensens\",\"description\":\"\",\"potentialAction\":[{\"@type\":\"SearchAction\",\"target\":{\"@type\":\"EntryPoint\",\"urlTemplate\":\"https:\/\/jensens.com\/da\/?s={search_term_string}\"},\"query-input\":{\"@type\":\"PropertyValueSpecification\",\"valueRequired\":true,\"valueName\":\"search_term_string\"}}],\"inLanguage\":\"da-DK\"}]}<\/script>\n<!-- \/ Yoast SEO Premium plugin. -->","yoast_head_json":{"title":"Jensens B\u00f8fhus | Menukort | Restaurant eller takeaway","description":"P\u00e5 vores menukort finder du b\u00e5de velkendte og nye retter til priser, hvor alle kan v\u00e6re med.Du kan spise i vores restaurant eller bestille som takeaway.","robots":{"index":"index","follow":"follow","max-snippet":"max-snippet:-1","max-image-preview":"max-image-preview:large","max-video-preview":"max-video-preview:-1"},"canonical":"https:\/\/jensens.com\/da\/menukort\/","og_locale":"da_DK","og_type":"article","og_title":"Menukort","og_description":"P\u00e5 vores menukort finder du b\u00e5de velkendte og nye retter til priser, hvor alle kan v\u00e6re med.Du kan spise i vores restaurant eller bestille som takeaway.","og_url":"https:\/\/jensens.com\/da\/menukort\/","og_site_name":"Jensens","article_modified_time":"2026-04-13T13:16:17+00:00","twitter_card":"summary_large_image","schema":{"@context":"https:\/\/schema.org","@graph":[{"@type":"WebPage","@id":"https:\/\/jensens.com\/da\/menukort\/","url":"https:\/\/jensens.com\/da\/menukort\/","name":"Jensens B\u00f8fhus | Menukort | Restaurant eller takeaway","isPartOf":{"@id":"https:\/\/jensens.com\/da\/#website"},"datePublished":"2023-05-15T12:36:10+00:00","dateModified":"2026-04-13T13:16:17+00:00","description":"P\u00e5 vores menukort finder du b\u00e5de velkendte og nye retter til priser, hvor alle kan v\u00e6re med.Du kan spise i vores restaurant eller bestille som takeaway.","breadcrumb":{"@id":"https:\/\/jensens.com\/da\/menukort\/#breadcrumb"},"inLanguage":"da-DK","potentialAction":[{"@type":"ReadAction","target":["https:\/\/jensens.com\/da\/menukort\/"]}]},{"@type":"BreadcrumbList","@id":"https:\/\/jensens.com\/da\/menukort\/#breadcrumb","itemListElement":[{"@type":"ListItem","position":1,"name":"Home","item":"https:\/\/jensens.com\/da\/"},{"@type":"ListItem","position":2,"name":"Menukort"}]},{"@type":"WebSite","@id":"https:\/\/jensens.com\/da\/#website","url":"https:\/\/jensens.com\/da\/","name":"Jensens","description":"","potentialAction":[{"@type":"SearchAction","target":{"@type":"EntryPoint","urlTemplate":"https:\/\/jensens.com\/da\/?s={search_term_string}"},"query-input":{"@type":"PropertyValueSpecification","valueRequired":true,"valueName":"search_term_string"}}],"inLanguage":"da-DK"}]}},"_links":{"self":[{"href":"https:\/\/jensens.com\/da\/wp-json\/wp\/v2\/pages\/368317118","targetHints":{"allow":["GET"]}}],"collection":[{"href":"https:\/\/jensens.com\/da\/wp-json\/wp\/v2\/pages"}],"about":[{"href":"https:\/\/jensens.com\/da\/wp-json\/wp\/v2\/types\/page"}],"author":[{"embeddable":true,"href":"https:\/\/jensens.com\/da\/wp-json\/wp\/v2\/users\/3"}],"replies":[{"embeddable":true,"href":"https:\/\/jensens.com\/da\/wp-json\/wp\/v2\/comments?post=368317118"}],"version-history":[{"count":152,"href":"https:\/\/jensens.com\/da\/wp-json\/wp\/v2\/pages\/368317118\/revisions"}],"predecessor-version":[{"id":397902593,"href":"https:\/\/jensens.com\/da\/wp-json\/wp\/v2\/pages\/368317118\/revisions\/397902593"}],"wp:attachment":[{"href":"https:\/\/jensens.com\/da\/wp-json\/wp\/v2\/media?parent=368317118"}],"curies":[{"name":"wp","href":"https:\/\/api.w.org\/{rel}","templated":true}]}}