{"id":371832265,"date":"2025-08-13T15:25:36","date_gmt":"2025-08-13T13:25:36","guid":{"rendered":"https:\/\/jensens.com\/?page_id=371832265"},"modified":"2026-01-28T12:57:21","modified_gmt":"2026-01-28T11:57:21","slug":"restaurant-uden-bordbestilling-velkommen-hos-jensens-boefhus-naar-hverdagen-aendrer-planer","status":"publish","type":"page","link":"https:\/\/jensens.com\/da\/restaurant-uden-bordbestilling-velkommen-hos-jensens-boefhus-naar-hverdagen-aendrer-planer\/","title":{"rendered":"Restaurant uden bordbestilling \u2013 velkommen hos Jensens B\u00f8fhus, n\u00e5r hverdagen \u00e6ndrer planer"},"content":{"rendered":"\r\n<div id=\"textBlock-block_85e0d84442d7a0379056798479bb82ef\" class=\"textBlock textBlock--left\">\r\n\t<div class=\"container\">\r\n\t\t<div class=\"row\">\r\n\t\t\t<div class=\"col-12 col-lg-10 col-xl-8 offset-xl-2 offset-lg-1\" data-aos=\"fade-up\" data-aos-duration=\"800\" data-aos-offset=\"-150\">\r\n\t\t\t\t<div class=\"textBlock__inner\">\r\n\t\t\t\t\t<h1>Restaurant uden bordbestilling<\/h1>\n<h3>Velkommen hos Jensens B\u00f8fhus, n\u00e5r hverdagen \u00e6ndrer planer<\/h3>\n<p>Vi kender det alt for godt: En dag med planer i kalenderen, der hurtigt \u00e6ndrer sig. B\u00f8rnene er tr\u00e6tte, trafikken driller, eller m\u00e5ske kommer aftensmaden bare lidt for langt ned p\u00e5 prioriteringslisten. Heldigvis beh\u00f8ver I ikke aflyse den hyggelige middag ude. Hos os kan I komme, som I er &#8211; med eller uden bordbestilling.<\/p>\n<p>Hos Jensens B\u00f8fhus er der plads til spontanitet. Vi ved, at is\u00e6r b\u00f8rnefamilier har brug for fleksibilitet, og derfor har vi gjort det nemt at kigge ind &#8211; ogs\u00e5 uden at have booket bord p\u00e5 forh\u00e5nd.<\/p>\n<p><!-- wp:heading --><\/p>\n<h2 id=\"h-hvor-kan-i-finde-restaurant-jensens-bofhus\">Hvor kan I finde restaurant Jensens B\u00f8fhus?<\/h2>\n<p>Vi har <strong>12 restauranter fordelt over hele Danmark<\/strong>, og I kan altid tjekke den <a href=\"https:\/\/jensens.com\/da\/find-restaurant\/\">n\u00e6rmeste restaurant lige her:<\/a><\/p>\n<p>Vi er bl.a. at finde i:<\/p>\n<ul>\n<li style=\"list-style-type: none\">\n<ul>\n<li><strong>Jylland:<\/strong> Aalborg, Aarhus, Herning, Kolding, Esbjerg<\/li>\n<li><strong>Fyn:<\/strong>\u00a0Odense<\/li>\n<li><strong>Sj\u00e6lland:<\/strong> K\u00f8benhavn (Axeltorv og Vesterbrogade), Holb\u00e6k, Greve<\/li>\n<\/ul>\n<\/li>\n<\/ul>\n<p><!-- wp:heading --><\/p>\n<h2 id=\"h-hvorfor-er-vores-restauranter-oplagt-til-et-spontant-besog\">Hvorfor er vores restauranter oplagt til et spontant bes\u00f8g?<\/h2>\n<p><!-- \/wp:heading --> <!-- wp:paragraph --><\/p>\n<p><strong>B\u00f8rnefamilier er hjerteligt velkomne<\/strong><\/p>\n<p><!-- \/wp:paragraph --> <!-- wp:paragraph --><\/p>\n<p>N\u00e5r aftenen pludselig st\u00e5r \u00e5ben, og I har lyst til at slippe for madlavningen, er vi klar til at tage imod jer. Hos os er der b\u00f8rnevenlige retter, plads til barnevogne og en afslappet stemning, hvor man ikke skal hviske for ikke at forstyrre.<\/p>\n<p><!-- \/wp:paragraph --> <!-- wp:paragraph --><\/p>\n<p><strong>Kvalitet uden formelt snobberi<\/strong><\/p>\n<p><!-- \/wp:paragraph --> <!-- wp:paragraph --><\/p>\n<p>Vi serverer alt det, I elsker: m\u00f8re b\u00f8ffer, saftige spareribs, spr\u00f8de fritter og frisk salatbar. Vores retter rammer hele familien &#8211; og vores priser g\u00f8r det muligt at komme igen og igen.<\/p>\n<p><!-- \/wp:paragraph --> <!-- wp:paragraph --><\/p>\n<p><strong>Drop planerne &#8211; kom bare<\/strong><\/p>\n<p><!-- \/wp:paragraph --> <!-- wp:paragraph --><\/p>\n<p>Vi holder altid borde \u00e5bne til jer, der bare kommer forbi. Ingen stress, ingen forpligtelse. Skulle der v\u00e6re lidt ventetid, g\u00f8r vi vores bedste for at finde plads &#8211; eller anbefaler vores Take Away, s\u00e5 I kan tage maden med hjem og nyde den i ro og mag.<\/p>\n<p><!-- wp:image {\"align\":\"center\",\"id\":371832268,\"sizeSlug\":\"full\",\"linkDestination\":\"none\"} --><\/p>\n<figure class=\"wp-block-image aligncenter size-full\"><img loading=\"lazy\" decoding=\"async\" width=\"701\" height=\"246\" class=\"wp-image-371832268\" src=\"https:\/\/jensens.com\/wp-content\/uploads\/2025\/08\/Jensens-AS-restaurant-uden-bordbestilling.jpg\" alt=\"Restaurant uden bordbestilling\" srcset=\"https:\/\/jensens.com\/wp-content\/uploads\/2025\/08\/Jensens-AS-restaurant-uden-bordbestilling.jpg 701w, https:\/\/jensens.com\/wp-content\/uploads\/2025\/08\/Jensens-AS-restaurant-uden-bordbestilling-300x105.jpg 300w, https:\/\/jensens.com\/wp-content\/uploads\/2025\/08\/Jensens-AS-restaurant-uden-bordbestilling-600x211.jpg 600w\" sizes=\"auto, (max-width: 701px) 100vw, 701px\" \/><\/figure>\n<p><!-- \/wp:image --><\/p>\n<p><!-- wp:heading --><\/p>\n<h2 id=\"h-tips-til-et-godt-spontant-restaurantbesog\">Tips til et godt spontant restaurantbes\u00f8g<\/h2>\n<p><!-- \/wp:heading --><\/p>\n<ul>\n<li>Kom gerne f\u00f8r kl. 18 i weekenden &#8211; det \u00f8ger chancen for hurtig plads<\/li>\n<li>Sp\u00f8rg altid i restauranten, selvom det ser travlt ud &#8211; vi vil altid gerne hj\u00e6lpe<\/li>\n<li>Brug vores\u00a0<a href=\"https:\/\/jensens.com\/da\/take-away\/\"><strong>Take Away<\/strong><\/a>-l\u00f8sning, hvis det passer bedre (pt. ikke \u00e5ben)<\/li>\n<li>Meld jer ind i\u00a0<strong>Club Jensens<\/strong> og f\u00e5 gode tilbud &#8211; b\u00e5de n\u00e5r I planl\u00e6gger og n\u00e5r I kommer spontant<\/li>\n<\/ul>\n<p><!-- wp:heading --><\/p>\n<h2 id=\"h-klar-til-en-middag-uden-bordbestilling\">Klar til en middag uden bordbestilling?<\/h2>\n<p><!-- \/wp:heading --> <!-- wp:paragraph --><\/p>\n<p>Vi er her for jer, uanset om planerne holder, eller I lige har ombestemt jer. Tag familien under armen og kig forbi. Nogle gange er det netop de aftener, der ikke er planlagt, der bliver de bedste.<\/p>\n<p><!-- \/wp:paragraph --> <!-- wp:paragraph --><\/p>\n<p><strong>Velkommen til <a href=\"https:\/\/jensens.com\/da\/\">Restaurant<\/a> Jensens B\u00f8fhus &#8211; her kan I komme, som I er. Med eller uden bordbestilling.<\/strong><\/p>\n<p><!-- \/wp:paragraph --><\/p>\n<p><!-- \/wp:paragraph --><\/p>\n<p><!-- \/wp:heading --><\/p>\n\t\t\t\t\t<div class=\"textBlock__inner__buttons\">\r\n\t\t\t\t\t\t\t\t\t\t\t<\/div>\r\n\t\t\t\t<\/div>\r\n\t\t\t\t\t\t\t<\/div>\r\n\t\t<\/div>\r\n\t<\/div>\r\n<\/div>","protected":false},"excerpt":{"rendered":"","protected":false},"author":3,"featured_media":0,"parent":0,"menu_order":0,"comment_status":"closed","ping_status":"closed","template":"","meta":{"_acf_changed":false,"inline_featured_image":false,"footnotes":""},"class_list":["post-371832265","page","type-page","status-publish","hentry"],"acf":[],"yoast_head":"<!-- This site is optimized with the Yoast SEO Premium plugin v26.9 (Yoast SEO v26.9) - https:\/\/yoast.com\/product\/yoast-seo-premium-wordpress\/ -->\n<title>Restauranter uden bordbestilling \u2013 velkommen hos Jensens B\u00f8fhus<\/title>\n<meta name=\"description\" content=\"Hos Jensens B\u00f8fhus er der plads til spontanitet. Is\u00e6r b\u00f8rnefamilier har brug for fleksibilitet. Vi har gjort det nemt som restaurant uden bordbestilling.\" \/>\n<meta name=\"robots\" content=\"index, follow, max-snippet:-1, max-image-preview:large, max-video-preview:-1\" \/>\n<link rel=\"canonical\" href=\"https:\/\/jensens.com\/da\/restaurant-uden-bordbestilling-velkommen-hos-jensens-boefhus-naar-hverdagen-aendrer-planer\/\" \/>\n<meta property=\"og:locale\" content=\"da_DK\" \/>\n<meta property=\"og:type\" content=\"article\" \/>\n<meta property=\"og:title\" content=\"Restaurant uden bordbestilling \u2013 velkommen hos Jensens B\u00f8fhus, n\u00e5r hverdagen \u00e6ndrer planer\" \/>\n<meta property=\"og:description\" content=\"Hos Jensens B\u00f8fhus er der plads til spontanitet. Is\u00e6r b\u00f8rnefamilier har brug for fleksibilitet. Vi har gjort det nemt som restaurant uden bordbestilling.\" \/>\n<meta property=\"og:url\" content=\"https:\/\/jensens.com\/da\/restaurant-uden-bordbestilling-velkommen-hos-jensens-boefhus-naar-hverdagen-aendrer-planer\/\" \/>\n<meta property=\"og:site_name\" content=\"Jensens\" \/>\n<meta property=\"article:modified_time\" content=\"2026-01-28T11:57:21+00:00\" \/>\n<meta name=\"twitter:card\" content=\"summary_large_image\" \/>\n<script type=\"application\/ld+json\" class=\"yoast-schema-graph\">{\"@context\":\"https:\/\/schema.org\",\"@graph\":[{\"@type\":\"WebPage\",\"@id\":\"https:\/\/jensens.com\/da\/restaurant-uden-bordbestilling-velkommen-hos-jensens-boefhus-naar-hverdagen-aendrer-planer\/\",\"url\":\"https:\/\/jensens.com\/da\/restaurant-uden-bordbestilling-velkommen-hos-jensens-boefhus-naar-hverdagen-aendrer-planer\/\",\"name\":\"Restauranter uden bordbestilling \u2013 velkommen hos Jensens B\u00f8fhus\",\"isPartOf\":{\"@id\":\"https:\/\/jensens.com\/da\/#website\"},\"datePublished\":\"2025-08-13T13:25:36+00:00\",\"dateModified\":\"2026-01-28T11:57:21+00:00\",\"description\":\"Hos Jensens B\u00f8fhus er der plads til spontanitet. Is\u00e6r b\u00f8rnefamilier har brug for fleksibilitet. Vi har gjort det nemt som restaurant uden bordbestilling.\",\"breadcrumb\":{\"@id\":\"https:\/\/jensens.com\/da\/restaurant-uden-bordbestilling-velkommen-hos-jensens-boefhus-naar-hverdagen-aendrer-planer\/#breadcrumb\"},\"inLanguage\":\"da-DK\",\"potentialAction\":[{\"@type\":\"ReadAction\",\"target\":[\"https:\/\/jensens.com\/da\/restaurant-uden-bordbestilling-velkommen-hos-jensens-boefhus-naar-hverdagen-aendrer-planer\/\"]}]},{\"@type\":\"BreadcrumbList\",\"@id\":\"https:\/\/jensens.com\/da\/restaurant-uden-bordbestilling-velkommen-hos-jensens-boefhus-naar-hverdagen-aendrer-planer\/#breadcrumb\",\"itemListElement\":[{\"@type\":\"ListItem\",\"position\":1,\"name\":\"Home\",\"item\":\"https:\/\/jensens.com\/da\/\"},{\"@type\":\"ListItem\",\"position\":2,\"name\":\"Restaurant uden bordbestilling \u2013 velkommen hos Jensens B\u00f8fhus, n\u00e5r hverdagen \u00e6ndrer planer\"}]},{\"@type\":\"WebSite\",\"@id\":\"https:\/\/jensens.com\/da\/#website\",\"url\":\"https:\/\/jensens.com\/da\/\",\"name\":\"Jensens\",\"description\":\"\",\"potentialAction\":[{\"@type\":\"SearchAction\",\"target\":{\"@type\":\"EntryPoint\",\"urlTemplate\":\"https:\/\/jensens.com\/da\/?s={search_term_string}\"},\"query-input\":{\"@type\":\"PropertyValueSpecification\",\"valueRequired\":true,\"valueName\":\"search_term_string\"}}],\"inLanguage\":\"da-DK\"}]}<\/script>\n<!-- \/ Yoast SEO Premium plugin. -->","yoast_head_json":{"title":"Restauranter uden bordbestilling \u2013 velkommen hos Jensens B\u00f8fhus","description":"Hos Jensens B\u00f8fhus er der plads til spontanitet. Is\u00e6r b\u00f8rnefamilier har brug for fleksibilitet. Vi har gjort det nemt som restaurant uden bordbestilling.","robots":{"index":"index","follow":"follow","max-snippet":"max-snippet:-1","max-image-preview":"max-image-preview:large","max-video-preview":"max-video-preview:-1"},"canonical":"https:\/\/jensens.com\/da\/restaurant-uden-bordbestilling-velkommen-hos-jensens-boefhus-naar-hverdagen-aendrer-planer\/","og_locale":"da_DK","og_type":"article","og_title":"Restaurant uden bordbestilling \u2013 velkommen hos Jensens B\u00f8fhus, n\u00e5r hverdagen \u00e6ndrer planer","og_description":"Hos Jensens B\u00f8fhus er der plads til spontanitet. Is\u00e6r b\u00f8rnefamilier har brug for fleksibilitet. Vi har gjort det nemt som restaurant uden bordbestilling.","og_url":"https:\/\/jensens.com\/da\/restaurant-uden-bordbestilling-velkommen-hos-jensens-boefhus-naar-hverdagen-aendrer-planer\/","og_site_name":"Jensens","article_modified_time":"2026-01-28T11:57:21+00:00","twitter_card":"summary_large_image","schema":{"@context":"https:\/\/schema.org","@graph":[{"@type":"WebPage","@id":"https:\/\/jensens.com\/da\/restaurant-uden-bordbestilling-velkommen-hos-jensens-boefhus-naar-hverdagen-aendrer-planer\/","url":"https:\/\/jensens.com\/da\/restaurant-uden-bordbestilling-velkommen-hos-jensens-boefhus-naar-hverdagen-aendrer-planer\/","name":"Restauranter uden bordbestilling \u2013 velkommen hos Jensens B\u00f8fhus","isPartOf":{"@id":"https:\/\/jensens.com\/da\/#website"},"datePublished":"2025-08-13T13:25:36+00:00","dateModified":"2026-01-28T11:57:21+00:00","description":"Hos Jensens B\u00f8fhus er der plads til spontanitet. Is\u00e6r b\u00f8rnefamilier har brug for fleksibilitet. Vi har gjort det nemt som restaurant uden bordbestilling.","breadcrumb":{"@id":"https:\/\/jensens.com\/da\/restaurant-uden-bordbestilling-velkommen-hos-jensens-boefhus-naar-hverdagen-aendrer-planer\/#breadcrumb"},"inLanguage":"da-DK","potentialAction":[{"@type":"ReadAction","target":["https:\/\/jensens.com\/da\/restaurant-uden-bordbestilling-velkommen-hos-jensens-boefhus-naar-hverdagen-aendrer-planer\/"]}]},{"@type":"BreadcrumbList","@id":"https:\/\/jensens.com\/da\/restaurant-uden-bordbestilling-velkommen-hos-jensens-boefhus-naar-hverdagen-aendrer-planer\/#breadcrumb","itemListElement":[{"@type":"ListItem","position":1,"name":"Home","item":"https:\/\/jensens.com\/da\/"},{"@type":"ListItem","position":2,"name":"Restaurant uden bordbestilling \u2013 velkommen hos Jensens B\u00f8fhus, n\u00e5r hverdagen \u00e6ndrer planer"}]},{"@type":"WebSite","@id":"https:\/\/jensens.com\/da\/#website","url":"https:\/\/jensens.com\/da\/","name":"Jensens","description":"","potentialAction":[{"@type":"SearchAction","target":{"@type":"EntryPoint","urlTemplate":"https:\/\/jensens.com\/da\/?s={search_term_string}"},"query-input":{"@type":"PropertyValueSpecification","valueRequired":true,"valueName":"search_term_string"}}],"inLanguage":"da-DK"}]}},"_links":{"self":[{"href":"https:\/\/jensens.com\/da\/wp-json\/wp\/v2\/pages\/371832265","targetHints":{"allow":["GET"]}}],"collection":[{"href":"https:\/\/jensens.com\/da\/wp-json\/wp\/v2\/pages"}],"about":[{"href":"https:\/\/jensens.com\/da\/wp-json\/wp\/v2\/types\/page"}],"author":[{"embeddable":true,"href":"https:\/\/jensens.com\/da\/wp-json\/wp\/v2\/users\/3"}],"replies":[{"embeddable":true,"href":"https:\/\/jensens.com\/da\/wp-json\/wp\/v2\/comments?post=371832265"}],"version-history":[{"count":14,"href":"https:\/\/jensens.com\/da\/wp-json\/wp\/v2\/pages\/371832265\/revisions"}],"predecessor-version":[{"id":397902240,"href":"https:\/\/jensens.com\/da\/wp-json\/wp\/v2\/pages\/371832265\/revisions\/397902240"}],"wp:attachment":[{"href":"https:\/\/jensens.com\/da\/wp-json\/wp\/v2\/media?parent=371832265"}],"curies":[{"name":"wp","href":"https:\/\/api.w.org\/{rel}","templated":true}]}}