{"id":397902551,"date":"2026-03-30T14:41:20","date_gmt":"2026-03-30T12:41:20","guid":{"rendered":"https:\/\/jensens.com\/?page_id=397902551"},"modified":"2026-03-30T15:06:16","modified_gmt":"2026-03-30T13:06:16","slug":"norge","status":"publish","type":"page","link":"https:\/\/jensens.com\/da\/norge\/","title":{"rendered":"Norge"},"content":{"rendered":"\r\n<div id=\"spacer-block_379beb4cad06d465e454f9ff7e3a45df\" class=\"spacer\" style=\"background:rgba(255,255,255,0)\">\r\n\t<style>\r\n\t\t\r\n\t\t\t#spacer-block_379beb4cad06d465e454f9ff7e3a45df{ height: 0px; }\r\n\t\t\t@media(min-width:992px){ #spacer-block_379beb4cad06d465e454f9ff7e3a45df{ height: 20px; } }\r\n\t\t\t@media(min-width:1200px){ #spacer-block_379beb4cad06d465e454f9ff7e3a45df{ height: 50px; } }\r\n\t\t\t<\/style>\r\n<\/div>\n\n\r\n<div id=\"textBlock-block_52adc5acca9c82f741cfa8a10a05c46a\" class=\"textBlock contactText textBlock--left\">\r\n\t<div class=\"container\">\r\n\t\t<div class=\"row\">\r\n\t\t\t<div class=\"col-12 col-xl-10 offset-xl-1 textMulti\" data-aos=\"fade-up\" data-aos-duration=\"800\" data-aos-offset=\"-150\">\r\n\t\t\t\t<div class=\"textBlock__inner\">\r\n\t\t\t\t\t<h1>Informasjon<\/h1>\n<p>Kj\u00e6re kunder,<br \/>\nEtter mange gode \u00e5r har vi tatt en strategisk beslutning om \u00e5 avvikle v\u00e5re restauranter i Norge og Sverige. V\u00e5r siste \u00e5pningsdag vil v\u00e6re 31. mars 2026.<\/p>\n<p>Vi er dypt takknemlige for alle dere som har bes\u00f8kt oss gjennom \u00e5rene. Det har v\u00e6rt en stor glede \u00e5 f\u00e5 \u00f8nske dere velkommen.<\/p>\n<p>V\u00e5r hjemmeside vil v\u00e6re tilgjengelig frem til 1. mai 2026.<\/p>\n<p>Vi vil ogs\u00e5 rette en stor takk til v\u00e5re leverand\u00f8rer og ikke minst v\u00e5re dyktige medarbeidere, som har v\u00e6rt en viktig del av v\u00e5r reise.<\/p>\n<p>Med vennlig hilsen<br \/>\nAnders Engdahl<br \/>\nCEO<\/p>\n<p>Dear customers,<br \/>\nAfter many wonderful years, we have made the strategic decision to close our restaurants in Norway and Sweden. Our final day of operation will be March 31.2026<\/p>\n<p>We are deeply grateful to all of you who have visited us over the years. It has truly been a pleasure to welcome you.<\/p>\n<p>Our website will remain available until May 1, 2026.<\/p>\n<p>We would also like to extend our sincere thanks to our suppliers and, not least, our dedicated employees, who have been an essential part of our journey.<\/p>\n<p>Kind regards,<br \/>\nAnders Engdahl<br \/>\nCEO<\/p>\n\t\t\t\t\t<div class=\"textBlock__inner__buttons\">\r\n\t\t\t\t\t\t\t\t\t\t\t<\/div>\r\n\t\t\t\t<\/div>\r\n\t\t\t\t\t\t\t<\/div>\r\n\t\t<\/div>\r\n\t<\/div>\r\n<\/div>\n\n\n<p><\/p>\n","protected":false},"excerpt":{"rendered":"","protected":false},"author":29,"featured_media":0,"parent":0,"menu_order":0,"comment_status":"closed","ping_status":"closed","template":"","meta":{"_acf_changed":false,"inline_featured_image":false,"footnotes":""},"class_list":["post-397902551","page","type-page","status-publish","hentry"],"acf":[],"yoast_head":"<!-- This site is optimized with the Yoast SEO Premium plugin v26.9 (Yoast SEO v26.9) - https:\/\/yoast.com\/product\/yoast-seo-premium-wordpress\/ -->\n<title>Information om Jensens B\u00f8fhus Norge<\/title>\n<meta name=\"description\" content=\"Du er altid velkommen til at kontakte Jensens B\u00f8fhus hovedkontor med dine sp\u00f8rgsm\u00e5l. Vil du i kontakt med en lokal restaurant, s\u00e5 kontakt dem direkte.\" \/>\n<meta name=\"robots\" content=\"index, follow, max-snippet:-1, max-image-preview:large, max-video-preview:-1\" \/>\n<link rel=\"canonical\" href=\"https:\/\/jensens.com\/da\/norge\/\" \/>\n<meta property=\"og:locale\" content=\"da_DK\" \/>\n<meta property=\"og:type\" content=\"article\" \/>\n<meta property=\"og:title\" content=\"Norge\" \/>\n<meta property=\"og:description\" content=\"Du er altid velkommen til at kontakte Jensens B\u00f8fhus hovedkontor med dine sp\u00f8rgsm\u00e5l. Vil du i kontakt med en lokal restaurant, s\u00e5 kontakt dem direkte.\" \/>\n<meta property=\"og:url\" content=\"https:\/\/jensens.com\/da\/norge\/\" \/>\n<meta property=\"og:site_name\" content=\"Jensens\" \/>\n<meta property=\"article:modified_time\" content=\"2026-03-30T13:06:16+00:00\" \/>\n<meta name=\"twitter:card\" content=\"summary_large_image\" \/>\n<script type=\"application\/ld+json\" class=\"yoast-schema-graph\">{\"@context\":\"https:\/\/schema.org\",\"@graph\":[{\"@type\":\"WebPage\",\"@id\":\"https:\/\/jensens.com\/da\/norge\/\",\"url\":\"https:\/\/jensens.com\/da\/norge\/\",\"name\":\"Information om Jensens B\u00f8fhus Norge\",\"isPartOf\":{\"@id\":\"https:\/\/jensens.com\/da\/#website\"},\"datePublished\":\"2026-03-30T12:41:20+00:00\",\"dateModified\":\"2026-03-30T13:06:16+00:00\",\"description\":\"Du er altid velkommen til at kontakte Jensens B\u00f8fhus hovedkontor med dine sp\u00f8rgsm\u00e5l. Vil du i kontakt med en lokal restaurant, s\u00e5 kontakt dem direkte.\",\"breadcrumb\":{\"@id\":\"https:\/\/jensens.com\/da\/norge\/#breadcrumb\"},\"inLanguage\":\"da-DK\",\"potentialAction\":[{\"@type\":\"ReadAction\",\"target\":[\"https:\/\/jensens.com\/da\/norge\/\"]}]},{\"@type\":\"BreadcrumbList\",\"@id\":\"https:\/\/jensens.com\/da\/norge\/#breadcrumb\",\"itemListElement\":[{\"@type\":\"ListItem\",\"position\":1,\"name\":\"Home\",\"item\":\"https:\/\/jensens.com\/da\/\"},{\"@type\":\"ListItem\",\"position\":2,\"name\":\"Norge\"}]},{\"@type\":\"WebSite\",\"@id\":\"https:\/\/jensens.com\/da\/#website\",\"url\":\"https:\/\/jensens.com\/da\/\",\"name\":\"Jensens\",\"description\":\"\",\"potentialAction\":[{\"@type\":\"SearchAction\",\"target\":{\"@type\":\"EntryPoint\",\"urlTemplate\":\"https:\/\/jensens.com\/da\/?s={search_term_string}\"},\"query-input\":{\"@type\":\"PropertyValueSpecification\",\"valueRequired\":true,\"valueName\":\"search_term_string\"}}],\"inLanguage\":\"da-DK\"}]}<\/script>\n<!-- \/ Yoast SEO Premium plugin. -->","yoast_head_json":{"title":"Information om Jensens B\u00f8fhus Norge","description":"Du er altid velkommen til at kontakte Jensens B\u00f8fhus hovedkontor med dine sp\u00f8rgsm\u00e5l. Vil du i kontakt med en lokal restaurant, s\u00e5 kontakt dem direkte.","robots":{"index":"index","follow":"follow","max-snippet":"max-snippet:-1","max-image-preview":"max-image-preview:large","max-video-preview":"max-video-preview:-1"},"canonical":"https:\/\/jensens.com\/da\/norge\/","og_locale":"da_DK","og_type":"article","og_title":"Norge","og_description":"Du er altid velkommen til at kontakte Jensens B\u00f8fhus hovedkontor med dine sp\u00f8rgsm\u00e5l. Vil du i kontakt med en lokal restaurant, s\u00e5 kontakt dem direkte.","og_url":"https:\/\/jensens.com\/da\/norge\/","og_site_name":"Jensens","article_modified_time":"2026-03-30T13:06:16+00:00","twitter_card":"summary_large_image","schema":{"@context":"https:\/\/schema.org","@graph":[{"@type":"WebPage","@id":"https:\/\/jensens.com\/da\/norge\/","url":"https:\/\/jensens.com\/da\/norge\/","name":"Information om Jensens B\u00f8fhus Norge","isPartOf":{"@id":"https:\/\/jensens.com\/da\/#website"},"datePublished":"2026-03-30T12:41:20+00:00","dateModified":"2026-03-30T13:06:16+00:00","description":"Du er altid velkommen til at kontakte Jensens B\u00f8fhus hovedkontor med dine sp\u00f8rgsm\u00e5l. Vil du i kontakt med en lokal restaurant, s\u00e5 kontakt dem direkte.","breadcrumb":{"@id":"https:\/\/jensens.com\/da\/norge\/#breadcrumb"},"inLanguage":"da-DK","potentialAction":[{"@type":"ReadAction","target":["https:\/\/jensens.com\/da\/norge\/"]}]},{"@type":"BreadcrumbList","@id":"https:\/\/jensens.com\/da\/norge\/#breadcrumb","itemListElement":[{"@type":"ListItem","position":1,"name":"Home","item":"https:\/\/jensens.com\/da\/"},{"@type":"ListItem","position":2,"name":"Norge"}]},{"@type":"WebSite","@id":"https:\/\/jensens.com\/da\/#website","url":"https:\/\/jensens.com\/da\/","name":"Jensens","description":"","potentialAction":[{"@type":"SearchAction","target":{"@type":"EntryPoint","urlTemplate":"https:\/\/jensens.com\/da\/?s={search_term_string}"},"query-input":{"@type":"PropertyValueSpecification","valueRequired":true,"valueName":"search_term_string"}}],"inLanguage":"da-DK"}]}},"_links":{"self":[{"href":"https:\/\/jensens.com\/da\/wp-json\/wp\/v2\/pages\/397902551","targetHints":{"allow":["GET"]}}],"collection":[{"href":"https:\/\/jensens.com\/da\/wp-json\/wp\/v2\/pages"}],"about":[{"href":"https:\/\/jensens.com\/da\/wp-json\/wp\/v2\/types\/page"}],"author":[{"embeddable":true,"href":"https:\/\/jensens.com\/da\/wp-json\/wp\/v2\/users\/29"}],"replies":[{"embeddable":true,"href":"https:\/\/jensens.com\/da\/wp-json\/wp\/v2\/comments?post=397902551"}],"version-history":[{"count":1,"href":"https:\/\/jensens.com\/da\/wp-json\/wp\/v2\/pages\/397902551\/revisions"}],"predecessor-version":[{"id":397902553,"href":"https:\/\/jensens.com\/da\/wp-json\/wp\/v2\/pages\/397902551\/revisions\/397902553"}],"wp:attachment":[{"href":"https:\/\/jensens.com\/da\/wp-json\/wp\/v2\/media?parent=397902551"}],"curies":[{"name":"wp","href":"https:\/\/api.w.org\/{rel}","templated":true}]}}