{"id":460,"date":"2022-05-30T13:45:51","date_gmt":"2022-05-30T13:45:51","guid":{"rendered":"https:\/\/stoic-haibt.89-188-76-10.plesk.page\/?page_id=460"},"modified":"2022-11-14T14:02:40","modified_gmt":"2022-11-14T13:02:40","slug":"kampagner-tilbud","status":"publish","type":"page","link":"https:\/\/jensens.com\/da\/kampagner-tilbud\/","title":{"rendered":"Kampagner &#038; Tilbud"},"content":{"rendered":"\r\n<div id=\"textBlock-block_4eba86b8e8d89961abc9f83ea6bff160\" class=\"textBlock textBlock--\">\r\n\t<div class=\"container\">\r\n\t\t<div class=\"row\">\r\n\t\t\t<div class=\"col-12 col-lg-10 col-xl-8 offset-xl-2 offset-lg-1\" data-aos=\"fade-up\" data-aos-duration=\"800\" data-aos-offset=\"-150\">\r\n\t\t\t\t<div class=\"textBlock__inner\">\r\n\t\t\t\t\t<h1 style=\"text-align: center\">Tilbud til dig<\/h1>\n<p style=\"text-align: center\">Hos Jensens B\u00f8fhus er der altid friske og fristende tilbud eller kampagner, som du finder her p\u00e5 siden. Tilmelder du dig vores klub, eller er du allerede medlem af Club Jensens, vil du f\u00e5 endnu flere fordele.<\/p>\n<p style=\"text-align: center\"><a href=\"https:\/\/clubjensens.dk\/\" target=\"_blank\" rel=\"noopener\">L\u00e6s mere her<\/a><\/p>\n\t\t\t\t\t<div class=\"textBlock__inner__buttons\">\r\n\t\t\t\t\t\t\t\t\t\t\t<\/div>\r\n\t\t\t\t<\/div>\r\n\t\t\t\t\t\t\t<\/div>\r\n\t\t<\/div>\r\n\t<\/div>\r\n<\/div>","protected":false},"excerpt":{"rendered":"","protected":false},"author":3,"featured_media":0,"parent":0,"menu_order":0,"comment_status":"closed","ping_status":"closed","template":"template-parts\/campaign-offer-overview-template.php","meta":{"_acf_changed":false,"inline_featured_image":false,"footnotes":""},"class_list":["post-460","page","type-page","status-publish","hentry"],"acf":[],"yoast_head":"<!-- This site is optimized with the Yoast SEO Premium plugin v26.9 (Yoast SEO v26.9) - https:\/\/yoast.com\/product\/yoast-seo-premium-wordpress\/ -->\n<title>Tilbud Jensens - Spar mange penge p\u00e5 dit restaurantbes\u00f8g<\/title>\n<meta name=\"description\" content=\"Se de mange tilbud i vores restauranter og spar penge. Her er en samlet oversigt over aktuelle kampagner, events og tilbud hos Jensens B\u00f8fhus\" \/>\n<meta name=\"robots\" content=\"index, follow, max-snippet:-1, max-image-preview:large, max-video-preview:-1\" \/>\n<link rel=\"canonical\" href=\"https:\/\/jensens.com\/da\/kampagner-tilbud\/\" \/>\n<meta property=\"og:locale\" content=\"da_DK\" \/>\n<meta property=\"og:type\" content=\"article\" \/>\n<meta property=\"og:title\" content=\"Kampagner &amp; Tilbud\" \/>\n<meta property=\"og:description\" content=\"Se de mange tilbud i vores restauranter og spar penge. Her er en samlet oversigt over aktuelle kampagner, events og tilbud hos Jensens B\u00f8fhus\" \/>\n<meta property=\"og:url\" content=\"https:\/\/jensens.com\/da\/kampagner-tilbud\/\" \/>\n<meta property=\"og:site_name\" content=\"Jensens\" \/>\n<meta property=\"article:modified_time\" content=\"2022-11-14T13:02:40+00:00\" \/>\n<meta name=\"twitter:card\" content=\"summary_large_image\" \/>\n<script type=\"application\/ld+json\" class=\"yoast-schema-graph\">{\"@context\":\"https:\/\/schema.org\",\"@graph\":[{\"@type\":\"WebPage\",\"@id\":\"https:\/\/jensens.com\/da\/kampagner-tilbud\/\",\"url\":\"https:\/\/jensens.com\/da\/kampagner-tilbud\/\",\"name\":\"Tilbud Jensens - Spar mange penge p\u00e5 dit restaurantbes\u00f8g\",\"isPartOf\":{\"@id\":\"https:\/\/jensens.com\/da\/#website\"},\"datePublished\":\"2022-05-30T13:45:51+00:00\",\"dateModified\":\"2022-11-14T13:02:40+00:00\",\"description\":\"Se de mange tilbud i vores restauranter og spar penge. Her er en samlet oversigt over aktuelle kampagner, events og tilbud hos Jensens B\u00f8fhus\",\"breadcrumb\":{\"@id\":\"https:\/\/jensens.com\/da\/kampagner-tilbud\/#breadcrumb\"},\"inLanguage\":\"da-DK\",\"potentialAction\":[{\"@type\":\"ReadAction\",\"target\":[\"https:\/\/jensens.com\/da\/kampagner-tilbud\/\"]}]},{\"@type\":\"BreadcrumbList\",\"@id\":\"https:\/\/jensens.com\/da\/kampagner-tilbud\/#breadcrumb\",\"itemListElement\":[{\"@type\":\"ListItem\",\"position\":1,\"name\":\"Home\",\"item\":\"https:\/\/jensens.com\/da\/\"},{\"@type\":\"ListItem\",\"position\":2,\"name\":\"Kampagner &#038; Tilbud\"}]},{\"@type\":\"WebSite\",\"@id\":\"https:\/\/jensens.com\/da\/#website\",\"url\":\"https:\/\/jensens.com\/da\/\",\"name\":\"Jensens\",\"description\":\"\",\"potentialAction\":[{\"@type\":\"SearchAction\",\"target\":{\"@type\":\"EntryPoint\",\"urlTemplate\":\"https:\/\/jensens.com\/da\/?s={search_term_string}\"},\"query-input\":{\"@type\":\"PropertyValueSpecification\",\"valueRequired\":true,\"valueName\":\"search_term_string\"}}],\"inLanguage\":\"da-DK\"}]}<\/script>\n<!-- \/ Yoast SEO Premium plugin. -->","yoast_head_json":{"title":"Tilbud Jensens - Spar mange penge p\u00e5 dit restaurantbes\u00f8g","description":"Se de mange tilbud i vores restauranter og spar penge. Her er en samlet oversigt over aktuelle kampagner, events og tilbud hos Jensens B\u00f8fhus","robots":{"index":"index","follow":"follow","max-snippet":"max-snippet:-1","max-image-preview":"max-image-preview:large","max-video-preview":"max-video-preview:-1"},"canonical":"https:\/\/jensens.com\/da\/kampagner-tilbud\/","og_locale":"da_DK","og_type":"article","og_title":"Kampagner & Tilbud","og_description":"Se de mange tilbud i vores restauranter og spar penge. Her er en samlet oversigt over aktuelle kampagner, events og tilbud hos Jensens B\u00f8fhus","og_url":"https:\/\/jensens.com\/da\/kampagner-tilbud\/","og_site_name":"Jensens","article_modified_time":"2022-11-14T13:02:40+00:00","twitter_card":"summary_large_image","schema":{"@context":"https:\/\/schema.org","@graph":[{"@type":"WebPage","@id":"https:\/\/jensens.com\/da\/kampagner-tilbud\/","url":"https:\/\/jensens.com\/da\/kampagner-tilbud\/","name":"Tilbud Jensens - Spar mange penge p\u00e5 dit restaurantbes\u00f8g","isPartOf":{"@id":"https:\/\/jensens.com\/da\/#website"},"datePublished":"2022-05-30T13:45:51+00:00","dateModified":"2022-11-14T13:02:40+00:00","description":"Se de mange tilbud i vores restauranter og spar penge. Her er en samlet oversigt over aktuelle kampagner, events og tilbud hos Jensens B\u00f8fhus","breadcrumb":{"@id":"https:\/\/jensens.com\/da\/kampagner-tilbud\/#breadcrumb"},"inLanguage":"da-DK","potentialAction":[{"@type":"ReadAction","target":["https:\/\/jensens.com\/da\/kampagner-tilbud\/"]}]},{"@type":"BreadcrumbList","@id":"https:\/\/jensens.com\/da\/kampagner-tilbud\/#breadcrumb","itemListElement":[{"@type":"ListItem","position":1,"name":"Home","item":"https:\/\/jensens.com\/da\/"},{"@type":"ListItem","position":2,"name":"Kampagner &#038; Tilbud"}]},{"@type":"WebSite","@id":"https:\/\/jensens.com\/da\/#website","url":"https:\/\/jensens.com\/da\/","name":"Jensens","description":"","potentialAction":[{"@type":"SearchAction","target":{"@type":"EntryPoint","urlTemplate":"https:\/\/jensens.com\/da\/?s={search_term_string}"},"query-input":{"@type":"PropertyValueSpecification","valueRequired":true,"valueName":"search_term_string"}}],"inLanguage":"da-DK"}]}},"_links":{"self":[{"href":"https:\/\/jensens.com\/da\/wp-json\/wp\/v2\/pages\/460","targetHints":{"allow":["GET"]}}],"collection":[{"href":"https:\/\/jensens.com\/da\/wp-json\/wp\/v2\/pages"}],"about":[{"href":"https:\/\/jensens.com\/da\/wp-json\/wp\/v2\/types\/page"}],"author":[{"embeddable":true,"href":"https:\/\/jensens.com\/da\/wp-json\/wp\/v2\/users\/3"}],"replies":[{"embeddable":true,"href":"https:\/\/jensens.com\/da\/wp-json\/wp\/v2\/comments?post=460"}],"version-history":[{"count":25,"href":"https:\/\/jensens.com\/da\/wp-json\/wp\/v2\/pages\/460\/revisions"}],"predecessor-version":[{"id":397902218,"href":"https:\/\/jensens.com\/da\/wp-json\/wp\/v2\/pages\/460\/revisions\/397902218"}],"wp:attachment":[{"href":"https:\/\/jensens.com\/da\/wp-json\/wp\/v2\/media?parent=460"}],"curies":[{"name":"wp","href":"https:\/\/api.w.org\/{rel}","templated":true}]}}