{"id":481,"date":"2022-06-02T11:32:06","date_gmt":"2022-06-02T11:32:06","guid":{"rendered":"https:\/\/stoic-haibt.89-188-76-10.plesk.page\/?page_id=481"},"modified":"2023-02-08T08:37:01","modified_gmt":"2023-02-08T07:37:01","slug":"job","status":"publish","type":"page","link":"https:\/\/jensens.com\/da\/job\/","title":{"rendered":"S\u00f8g job hos Jensens B\u00f8fhus"},"content":{"rendered":"\r\n<div id=\"subHero-block_deebc45b7b17747b86a5aba93cad9e82\" class=\"subHero\">\r\n\t\t\t<div class=\"subHero__img\">\r\n\t\t\t<img decoding=\"async\" src=\"https:\/\/jensens.com\/wp-content\/uploads\/2022\/11\/job_hero_1920x600px-1900x594.jpg\" srcset=\"https:\/\/jensens.com\/wp-content\/uploads\/2022\/11\/job_hero_1920x600px-600x188.jpg 600w, https:\/\/jensens.com\/wp-content\/uploads\/2022\/11\/job_hero_1920x600px-1024x320.jpg 1024w, https:\/\/jensens.com\/wp-content\/uploads\/2022\/11\/job_hero_1920x600px-1900x594.jpg 1900w\" sizes=\"auto\" alt=\"S\u00f8g job hos Jensens B\u00f8fhus\" class=\"cover\" \/>\t\t<\/div>\r\n\t<\/div>\n\n\r\n<div id=\"textBlock-block_181e65a58f32f8e73adc82c153acbcfb\" class=\"textBlock textBlock--left\">\r\n\t<div class=\"container\">\r\n\t\t<div class=\"row\">\r\n\t\t\t<div class=\"col-12 col-lg-10 col-xl-8 offset-xl-2 offset-lg-1\" data-aos=\"fade-up\" data-aos-duration=\"800\" data-aos-offset=\"-150\">\r\n\t\t\t\t<div class=\"textBlock__inner\">\r\n\t\t\t\t\t<h1>S\u00f8g job hos Jensens B\u00f8fhus<\/h1>\n<h2 style=\"text-align: left\"><strong>Vil du spise sovs hver dag?<\/strong><\/h2>\n<p style=\"text-align: left\">Jep, det kan du, hvis der st\u00e5r \u201dAnsat p\u00e5 Jensens B\u00f8fhus\u201d p\u00e5 dit visitkort. Vi har b\u00e5de jobs til dig, der g\u00e5r efter prisen som \u00c5rets Leder, dig, som er helt gr\u00f8n, og dig, som er alle mulige sp\u00e6ndende steder midt imellem.<\/p>\n<p style=\"text-align: left\">Er du et s\u00f8dt og smilende menneske? S\u00e5 vil vi megagerne h\u00f8re fra dig. Vi skal nok l\u00e6re dig resten.<\/p>\n\t\t\t\t\t<div class=\"textBlock__inner__buttons\">\r\n\t\t\t\t\t\t\t\t\t\t\t\t\t\t\t\t\t\t\t\t\t<a href=\"https:\/\/jensens.easycruit.com\/intranet\/danmark\" target=\"_blank\" class=\"button button--red button--round\"><span>Find dit nye job<\/span><\/a>\t\t\t\t\t\t\t\t\t\t\t\t\t\t\t\t\t\t<\/div>\r\n\t\t\t\t<\/div>\r\n\t\t\t\t\t\t\t<\/div>\r\n\t\t<\/div>\r\n\t<\/div>\r\n<\/div>\n\n\r\n<div id=\"textBlock-block_f32f8b75acbdf7bd718e0615a05bdd9a\" class=\"textBlock textBlock--left\">\r\n\t<div class=\"container\">\r\n\t\t<div class=\"row\">\r\n\t\t\t<div class=\"col-12 col-lg-10 col-xl-8 offset-xl-2 offset-lg-1\" data-aos=\"fade-up\" data-aos-duration=\"800\" data-aos-offset=\"-150\">\r\n\t\t\t\t<div class=\"textBlock__inner\">\r\n\t\t\t\t\t<h2><strong>Du beh\u00f8ver ikke at skrive en ans\u00f8gning<\/strong><\/h2>\n<p>Men du m\u00e5 selvf\u00f8lgelig gerne. Du skal bare vide, at du godt m\u00e5 sende en videoans\u00f8gning i stedet for en skriftlig.<\/p>\n<p>P\u00e5 den m\u00e5de kan vi nemlig se, at du \u00e9r et s\u00f8dt og smilende menneske. Der er ingen krav til videoens indhold. Vi gl\u00e6der os bare til at h\u00f8re fra dig.<\/p>\n<h2><strong>Intet match lige nu? S\u00f8g uopfordret!<\/strong><\/h2>\n<p style=\"font-weight: 400\">Send os en uopfordret ans\u00f8gning, hvor du viser, hvor nice du er, og fort\u00e6ller, hvorfor vi passer sammen som b\u00f8f og sovs. Du v\u00e6lger selv, om du vil sende en video eller en skriftlig ans\u00f8gning. Vi kontakter vi dig, hvis vi kan se et match.<\/p>\n\t\t\t\t\t<div class=\"textBlock__inner__buttons\">\r\n\t\t\t\t\t\t\t\t\t\t\t\t\t\t\t\t\t\t\t\t\t<a href=\"https:\/\/jensens.easycruit.com\/intranet\/uopfordret\/vacancy\/733979?iso=dk\" target=\"_blank\" class=\"button button--red button--round\"><span>S\u00f8g uopfordret job<\/span><\/a>\t\t\t\t\t\t\t\t\t\t\t\t\t\t\t\t\t\t<\/div>\r\n\t\t\t\t<\/div>\r\n\t\t\t\t\t\t\t<\/div>\r\n\t\t<\/div>\r\n\t<\/div>\r\n<\/div>\n\n\r\n<div id=\"textBlock-block_7f5913144a3b17caf88b626b9c005823\" class=\"textBlock textBlock--\">\r\n\t<div class=\"container\">\r\n\t\t<div class=\"row\">\r\n\t\t\t<div class=\"col-12 col-lg-10 col-xl-8 offset-xl-2 offset-lg-1\" data-aos=\"fade-up\" data-aos-duration=\"800\" data-aos-offset=\"-150\">\r\n\t\t\t\t<div class=\"textBlock__inner\">\r\n\t\t\t\t\t<h2><strong>Tag en lederuddannelse hos Jensens B\u00f8fhus<\/strong><\/h2>\n<p>Du har mulighed for at tage skridtet videre med en lederuddannelse p\u00e5 vores Jensens Academy. Her kan du bl.a. f\u00e5 kompetencer inden for personaleledelse, kommunikation, salg og rekruttering.<\/p>\n<p>Har du sp\u00f8rgsm\u00e5l? S\u00e5 er du altid velkommen til at <a href=\"https:\/\/jensens.com\/da\/kontakt\/\">kontakte os.<\/a><\/p>\n\t\t\t\t\t<div class=\"textBlock__inner__buttons\">\r\n\t\t\t\t\t\t\t\t\t\t\t<\/div>\r\n\t\t\t\t<\/div>\r\n\t\t\t\t\t\t\t<\/div>\r\n\t\t<\/div>\r\n\t<\/div>\r\n<\/div>\n\n\r\n<div id=\"section-block_b93db72a7d3194d9316f7a29fe6f175b\" class=\"section\">\r\n\t<div class=\"container\">\r\n\t\t<div class=\"row\">\r\n\t\t\t<div class=\"col-12\">\r\n\t\t\t\t<div class=\"section__inner\">\r\n\t\t\t\t\t\r\n\t\t\t\t<\/div>\r\n\t\t\t<\/div>\r\n\t\t<\/div>\r\n\t<\/div>\r\n<\/div>\n\n\n<p><\/p>\n","protected":false},"excerpt":{"rendered":"","protected":false},"author":3,"featured_media":0,"parent":0,"menu_order":0,"comment_status":"closed","ping_status":"closed","template":"","meta":{"_acf_changed":false,"inline_featured_image":false,"footnotes":""},"class_list":["post-481","page","type-page","status-publish","hentry"],"acf":[],"yoast_head":"<!-- This site is optimized with the Yoast SEO Premium plugin v26.9 (Yoast SEO v26.9) - https:\/\/yoast.com\/product\/yoast-seo-premium-wordpress\/ -->\n<title>S\u00f8g job hos Jensens B\u00f8fhus | Bliv en del af Jensens B\u00f8fhus<\/title>\n<meta name=\"description\" content=\"Vi har b\u00e5de jobs til dig, der vil v\u00e6re \u00c5rets Leder, dig, som er helt gr\u00f8n, og dig, som er alle mulige sp\u00e6ndende steder midt imellem.\" \/>\n<meta name=\"robots\" content=\"index, follow, max-snippet:-1, max-image-preview:large, max-video-preview:-1\" \/>\n<link rel=\"canonical\" href=\"https:\/\/jensens.com\/da\/job\/\" \/>\n<meta property=\"og:locale\" content=\"da_DK\" \/>\n<meta property=\"og:type\" content=\"article\" \/>\n<meta property=\"og:title\" content=\"S\u00f8g job hos Jensens B\u00f8fhus\" \/>\n<meta property=\"og:description\" content=\"Vi har b\u00e5de jobs til dig, der vil v\u00e6re \u00c5rets Leder, dig, som er helt gr\u00f8n, og dig, som er alle mulige sp\u00e6ndende steder midt imellem.\" \/>\n<meta property=\"og:url\" content=\"https:\/\/jensens.com\/da\/job\/\" \/>\n<meta property=\"og:site_name\" content=\"Jensens\" \/>\n<meta property=\"article:modified_time\" content=\"2023-02-08T07:37:01+00:00\" \/>\n<meta name=\"twitter:card\" content=\"summary_large_image\" \/>\n<script type=\"application\/ld+json\" class=\"yoast-schema-graph\">{\"@context\":\"https:\/\/schema.org\",\"@graph\":[{\"@type\":\"WebPage\",\"@id\":\"https:\/\/jensens.com\/da\/job\/\",\"url\":\"https:\/\/jensens.com\/da\/job\/\",\"name\":\"S\u00f8g job hos Jensens B\u00f8fhus | Bliv en del af Jensens B\u00f8fhus\",\"isPartOf\":{\"@id\":\"https:\/\/jensens.com\/da\/#website\"},\"datePublished\":\"2022-06-02T11:32:06+00:00\",\"dateModified\":\"2023-02-08T07:37:01+00:00\",\"description\":\"Vi har b\u00e5de jobs til dig, der vil v\u00e6re \u00c5rets Leder, dig, som er helt gr\u00f8n, og dig, som er alle mulige sp\u00e6ndende steder midt imellem.\",\"breadcrumb\":{\"@id\":\"https:\/\/jensens.com\/da\/job\/#breadcrumb\"},\"inLanguage\":\"da-DK\",\"potentialAction\":[{\"@type\":\"ReadAction\",\"target\":[\"https:\/\/jensens.com\/da\/job\/\"]}]},{\"@type\":\"BreadcrumbList\",\"@id\":\"https:\/\/jensens.com\/da\/job\/#breadcrumb\",\"itemListElement\":[{\"@type\":\"ListItem\",\"position\":1,\"name\":\"Home\",\"item\":\"https:\/\/jensens.com\/da\/\"},{\"@type\":\"ListItem\",\"position\":2,\"name\":\"S\u00f8g job hos Jensens B\u00f8fhus\"}]},{\"@type\":\"WebSite\",\"@id\":\"https:\/\/jensens.com\/da\/#website\",\"url\":\"https:\/\/jensens.com\/da\/\",\"name\":\"Jensens\",\"description\":\"\",\"potentialAction\":[{\"@type\":\"SearchAction\",\"target\":{\"@type\":\"EntryPoint\",\"urlTemplate\":\"https:\/\/jensens.com\/da\/?s={search_term_string}\"},\"query-input\":{\"@type\":\"PropertyValueSpecification\",\"valueRequired\":true,\"valueName\":\"search_term_string\"}}],\"inLanguage\":\"da-DK\"}]}<\/script>\n<!-- \/ Yoast SEO Premium plugin. -->","yoast_head_json":{"title":"S\u00f8g job hos Jensens B\u00f8fhus | Bliv en del af Jensens B\u00f8fhus","description":"Vi har b\u00e5de jobs til dig, der vil v\u00e6re \u00c5rets Leder, dig, som er helt gr\u00f8n, og dig, som er alle mulige sp\u00e6ndende steder midt imellem.","robots":{"index":"index","follow":"follow","max-snippet":"max-snippet:-1","max-image-preview":"max-image-preview:large","max-video-preview":"max-video-preview:-1"},"canonical":"https:\/\/jensens.com\/da\/job\/","og_locale":"da_DK","og_type":"article","og_title":"S\u00f8g job hos Jensens B\u00f8fhus","og_description":"Vi har b\u00e5de jobs til dig, der vil v\u00e6re \u00c5rets Leder, dig, som er helt gr\u00f8n, og dig, som er alle mulige sp\u00e6ndende steder midt imellem.","og_url":"https:\/\/jensens.com\/da\/job\/","og_site_name":"Jensens","article_modified_time":"2023-02-08T07:37:01+00:00","twitter_card":"summary_large_image","schema":{"@context":"https:\/\/schema.org","@graph":[{"@type":"WebPage","@id":"https:\/\/jensens.com\/da\/job\/","url":"https:\/\/jensens.com\/da\/job\/","name":"S\u00f8g job hos Jensens B\u00f8fhus | Bliv en del af Jensens B\u00f8fhus","isPartOf":{"@id":"https:\/\/jensens.com\/da\/#website"},"datePublished":"2022-06-02T11:32:06+00:00","dateModified":"2023-02-08T07:37:01+00:00","description":"Vi har b\u00e5de jobs til dig, der vil v\u00e6re \u00c5rets Leder, dig, som er helt gr\u00f8n, og dig, som er alle mulige sp\u00e6ndende steder midt imellem.","breadcrumb":{"@id":"https:\/\/jensens.com\/da\/job\/#breadcrumb"},"inLanguage":"da-DK","potentialAction":[{"@type":"ReadAction","target":["https:\/\/jensens.com\/da\/job\/"]}]},{"@type":"BreadcrumbList","@id":"https:\/\/jensens.com\/da\/job\/#breadcrumb","itemListElement":[{"@type":"ListItem","position":1,"name":"Home","item":"https:\/\/jensens.com\/da\/"},{"@type":"ListItem","position":2,"name":"S\u00f8g job hos Jensens B\u00f8fhus"}]},{"@type":"WebSite","@id":"https:\/\/jensens.com\/da\/#website","url":"https:\/\/jensens.com\/da\/","name":"Jensens","description":"","potentialAction":[{"@type":"SearchAction","target":{"@type":"EntryPoint","urlTemplate":"https:\/\/jensens.com\/da\/?s={search_term_string}"},"query-input":{"@type":"PropertyValueSpecification","valueRequired":true,"valueName":"search_term_string"}}],"inLanguage":"da-DK"}]}},"_links":{"self":[{"href":"https:\/\/jensens.com\/da\/wp-json\/wp\/v2\/pages\/481","targetHints":{"allow":["GET"]}}],"collection":[{"href":"https:\/\/jensens.com\/da\/wp-json\/wp\/v2\/pages"}],"about":[{"href":"https:\/\/jensens.com\/da\/wp-json\/wp\/v2\/types\/page"}],"author":[{"embeddable":true,"href":"https:\/\/jensens.com\/da\/wp-json\/wp\/v2\/users\/3"}],"replies":[{"embeddable":true,"href":"https:\/\/jensens.com\/da\/wp-json\/wp\/v2\/comments?post=481"}],"version-history":[{"count":82,"href":"https:\/\/jensens.com\/da\/wp-json\/wp\/v2\/pages\/481\/revisions"}],"predecessor-version":[{"id":397902235,"href":"https:\/\/jensens.com\/da\/wp-json\/wp\/v2\/pages\/481\/revisions\/397902235"}],"wp:attachment":[{"href":"https:\/\/jensens.com\/da\/wp-json\/wp\/v2\/media?parent=481"}],"curies":[{"name":"wp","href":"https:\/\/api.w.org\/{rel}","templated":true}]}}