{"id":19230181,"date":"2022-06-21T13:25:31","date_gmt":"2022-06-21T11:25:31","guid":{"rendered":"https:\/\/stoic-haibt.89-188-76-10.plesk.page\/?post_type=product&#038;p=19230181"},"modified":"2026-02-12T10:15:16","modified_gmt":"2026-02-12T09:15:16","slug":"gavekort","status":"publish","type":"product","link":"https:\/\/jensens.com\/da\/vare\/gavekort\/","title":{"rendered":"Gavekort til Jensens B\u00f8fhus"},"content":{"rendered":"<p>Den ultimative gave til dem, du \u00f8nsker mere kvalitetstid med. Et gavekort til Jensens b\u00f8fhus er en hyggelig aften, som ikke er planlagt endnu.<\/p>\n<p data-prosemirror-content-type=\"node\" data-prosemirror-node-name=\"paragraph\" data-prosemirror-node-block=\"true\" data-pm-slice=\"0 0 []\">Du kan roligt k\u00f8be et gavekort til Jensens &#8211; Den dag vi ikke l\u00e6ngere er her, f\u00e5r du mulighed for at indl\u00f8se det hod Bone&#8217;s, indtil da kan du se alle vores lokationer under find restaurant.<\/p>\n<p>V\u00e6lg selv bel\u00f8bet herunder.<\/p>\n<p>Vi sender gavekortet som en pdf til din mail. Husk at tjekke din spammappe, hvis du ikke modtager mailen inden for f\u00e5 minutter.<\/p>\n<p>&nbsp;<\/p>\n","protected":false},"excerpt":{"rendered":"<p>Den ultimative gave til dem, du \u00f8nsker mere kvalitetstid med. Et gavekort til Jensens b\u00f8fhus er en hyggelig aften, som ikke er planlagt endnu. Du kan roligt k\u00f8be et gavekort til Jensens &#8211; Den dag vi ikke l\u00e6ngere er her, f\u00e5r du mulighed for at indl\u00f8se det hod Bone&#8217;s, indtil da kan du se alle [&hellip;]<\/p>\n","protected":false},"featured_media":19232354,"template":"","meta":{"_acf_changed":false,"inline_featured_image":false},"restaurant":[],"product_brand":[],"product_cat":[1004],"product_tag":[],"class_list":{"0":"post-19230181","1":"product","2":"type-product","3":"status-publish","4":"has-post-thumbnail","6":"product_cat-gavekort","8":"first","9":"instock","10":"shipping-taxable","11":"purchasable","12":"product-type-variable"},"acf":[],"yoast_head":"<!-- This site is optimized with the Yoast SEO Premium plugin v26.9 (Yoast SEO v26.9) - https:\/\/yoast.com\/product\/yoast-seo-premium-wordpress\/ -->\n<title>Bestil gavekort til Restaurant Jensens B\u00f8fhus<\/title>\n<meta name=\"description\" content=\"Et gavekort til Jensens B\u00f8fhus er den perfekte gave til en hyggelig aften. F\u00e5 gavekortet tilsendt via e-mail, SMS eller som almindelig post.\" \/>\n<meta name=\"robots\" content=\"index, follow, max-snippet:-1, max-image-preview:large, max-video-preview:-1\" \/>\n<link rel=\"canonical\" href=\"https:\/\/jensens.com\/da\/vare\/gavekort\/\" \/>\n<meta property=\"og:locale\" content=\"da_DK\" \/>\n<meta property=\"og:type\" content=\"article\" \/>\n<meta property=\"og:title\" content=\"Gavekort til Jensens B\u00f8fhus\" \/>\n<meta property=\"og:description\" content=\"Et gavekort til Jensens B\u00f8fhus er den perfekte gave til en hyggelig aften. F\u00e5 gavekortet tilsendt via e-mail, SMS eller som almindelig post.\" \/>\n<meta property=\"og:url\" content=\"https:\/\/jensens.com\/da\/vare\/gavekort\/\" \/>\n<meta property=\"og:site_name\" content=\"Jensens\" \/>\n<meta property=\"article:modified_time\" content=\"2026-02-12T09:15:16+00:00\" \/>\n<meta property=\"og:image\" content=\"https:\/\/jensens.com\/wp-content\/uploads\/2022\/06\/gavekort_dk-e1729598294945.png\" \/>\n\t<meta property=\"og:image:width\" content=\"504\" \/>\n\t<meta property=\"og:image:height\" content=\"333\" \/>\n\t<meta property=\"og:image:type\" content=\"image\/png\" \/>\n<meta name=\"twitter:card\" content=\"summary_large_image\" \/>\n<meta name=\"twitter:label1\" content=\"Estimeret l\u00e6setid\" \/>\n\t<meta name=\"twitter:data1\" content=\"1 minut\" \/>\n<script type=\"application\/ld+json\" class=\"yoast-schema-graph\">{\"@context\":\"https:\/\/schema.org\",\"@graph\":[{\"@type\":\"WebPage\",\"@id\":\"https:\/\/jensens.com\/da\/vare\/gavekort\/\",\"url\":\"https:\/\/jensens.com\/da\/vare\/gavekort\/\",\"name\":\"Bestil gavekort til Restaurant Jensens B\u00f8fhus\",\"isPartOf\":{\"@id\":\"https:\/\/jensens.com\/da\/#website\"},\"primaryImageOfPage\":{\"@id\":\"https:\/\/jensens.com\/da\/vare\/gavekort\/#primaryimage\"},\"image\":{\"@id\":\"https:\/\/jensens.com\/da\/vare\/gavekort\/#primaryimage\"},\"thumbnailUrl\":\"https:\/\/jensens.com\/wp-content\/uploads\/2022\/06\/gavekort_dk-e1729598294945.png\",\"datePublished\":\"2022-06-21T11:25:31+00:00\",\"dateModified\":\"2026-02-12T09:15:16+00:00\",\"description\":\"Et gavekort til Jensens B\u00f8fhus er den perfekte gave til en hyggelig aften. F\u00e5 gavekortet tilsendt via e-mail, SMS eller som almindelig post.\",\"breadcrumb\":{\"@id\":\"https:\/\/jensens.com\/da\/vare\/gavekort\/#breadcrumb\"},\"inLanguage\":\"da-DK\",\"potentialAction\":[{\"@type\":\"ReadAction\",\"target\":[\"https:\/\/jensens.com\/da\/vare\/gavekort\/\"]}]},{\"@type\":\"ImageObject\",\"inLanguage\":\"da-DK\",\"@id\":\"https:\/\/jensens.com\/da\/vare\/gavekort\/#primaryimage\",\"url\":\"https:\/\/jensens.com\/wp-content\/uploads\/2022\/06\/gavekort_dk-e1729598294945.png\",\"contentUrl\":\"https:\/\/jensens.com\/wp-content\/uploads\/2022\/06\/gavekort_dk-e1729598294945.png\",\"width\":504,\"height\":333},{\"@type\":\"BreadcrumbList\",\"@id\":\"https:\/\/jensens.com\/da\/vare\/gavekort\/#breadcrumb\",\"itemListElement\":[{\"@type\":\"ListItem\",\"position\":1,\"name\":\"Home\",\"item\":\"https:\/\/jensens.com\/da\/\"},{\"@type\":\"ListItem\",\"position\":2,\"name\":\"Shop\",\"item\":\"https:\/\/jensens.com\/da\/shop\/\"},{\"@type\":\"ListItem\",\"position\":3,\"name\":\"Gavekort til Jensens B\u00f8fhus\"}]},{\"@type\":\"WebSite\",\"@id\":\"https:\/\/jensens.com\/da\/#website\",\"url\":\"https:\/\/jensens.com\/da\/\",\"name\":\"Jensens\",\"description\":\"\",\"potentialAction\":[{\"@type\":\"SearchAction\",\"target\":{\"@type\":\"EntryPoint\",\"urlTemplate\":\"https:\/\/jensens.com\/da\/?s={search_term_string}\"},\"query-input\":{\"@type\":\"PropertyValueSpecification\",\"valueRequired\":true,\"valueName\":\"search_term_string\"}}],\"inLanguage\":\"da-DK\"}]}<\/script>\n<!-- \/ Yoast SEO Premium plugin. -->","yoast_head_json":{"title":"Bestil gavekort til Restaurant Jensens B\u00f8fhus","description":"Et gavekort til Jensens B\u00f8fhus er den perfekte gave til en hyggelig aften. F\u00e5 gavekortet tilsendt via e-mail, SMS eller som almindelig post.","robots":{"index":"index","follow":"follow","max-snippet":"max-snippet:-1","max-image-preview":"max-image-preview:large","max-video-preview":"max-video-preview:-1"},"canonical":"https:\/\/jensens.com\/da\/vare\/gavekort\/","og_locale":"da_DK","og_type":"article","og_title":"Gavekort til Jensens B\u00f8fhus","og_description":"Et gavekort til Jensens B\u00f8fhus er den perfekte gave til en hyggelig aften. F\u00e5 gavekortet tilsendt via e-mail, SMS eller som almindelig post.","og_url":"https:\/\/jensens.com\/da\/vare\/gavekort\/","og_site_name":"Jensens","article_modified_time":"2026-02-12T09:15:16+00:00","og_image":[{"width":504,"height":333,"url":"https:\/\/jensens.com\/wp-content\/uploads\/2022\/06\/gavekort_dk-e1729598294945.png","type":"image\/png"}],"twitter_card":"summary_large_image","twitter_misc":{"Estimeret l\u00e6setid":"1 minut"},"schema":{"@context":"https:\/\/schema.org","@graph":[{"@type":"WebPage","@id":"https:\/\/jensens.com\/da\/vare\/gavekort\/","url":"https:\/\/jensens.com\/da\/vare\/gavekort\/","name":"Bestil gavekort til Restaurant Jensens B\u00f8fhus","isPartOf":{"@id":"https:\/\/jensens.com\/da\/#website"},"primaryImageOfPage":{"@id":"https:\/\/jensens.com\/da\/vare\/gavekort\/#primaryimage"},"image":{"@id":"https:\/\/jensens.com\/da\/vare\/gavekort\/#primaryimage"},"thumbnailUrl":"https:\/\/jensens.com\/wp-content\/uploads\/2022\/06\/gavekort_dk-e1729598294945.png","datePublished":"2022-06-21T11:25:31+00:00","dateModified":"2026-02-12T09:15:16+00:00","description":"Et gavekort til Jensens B\u00f8fhus er den perfekte gave til en hyggelig aften. F\u00e5 gavekortet tilsendt via e-mail, SMS eller som almindelig post.","breadcrumb":{"@id":"https:\/\/jensens.com\/da\/vare\/gavekort\/#breadcrumb"},"inLanguage":"da-DK","potentialAction":[{"@type":"ReadAction","target":["https:\/\/jensens.com\/da\/vare\/gavekort\/"]}]},{"@type":"ImageObject","inLanguage":"da-DK","@id":"https:\/\/jensens.com\/da\/vare\/gavekort\/#primaryimage","url":"https:\/\/jensens.com\/wp-content\/uploads\/2022\/06\/gavekort_dk-e1729598294945.png","contentUrl":"https:\/\/jensens.com\/wp-content\/uploads\/2022\/06\/gavekort_dk-e1729598294945.png","width":504,"height":333},{"@type":"BreadcrumbList","@id":"https:\/\/jensens.com\/da\/vare\/gavekort\/#breadcrumb","itemListElement":[{"@type":"ListItem","position":1,"name":"Home","item":"https:\/\/jensens.com\/da\/"},{"@type":"ListItem","position":2,"name":"Shop","item":"https:\/\/jensens.com\/da\/shop\/"},{"@type":"ListItem","position":3,"name":"Gavekort til Jensens B\u00f8fhus"}]},{"@type":"WebSite","@id":"https:\/\/jensens.com\/da\/#website","url":"https:\/\/jensens.com\/da\/","name":"Jensens","description":"","potentialAction":[{"@type":"SearchAction","target":{"@type":"EntryPoint","urlTemplate":"https:\/\/jensens.com\/da\/?s={search_term_string}"},"query-input":{"@type":"PropertyValueSpecification","valueRequired":true,"valueName":"search_term_string"}}],"inLanguage":"da-DK"}]}},"_links":{"self":[{"href":"https:\/\/jensens.com\/da\/wp-json\/wp\/v2\/product\/19230181","targetHints":{"allow":["GET"]}}],"collection":[{"href":"https:\/\/jensens.com\/da\/wp-json\/wp\/v2\/product"}],"about":[{"href":"https:\/\/jensens.com\/da\/wp-json\/wp\/v2\/types\/product"}],"wp:featuredmedia":[{"embeddable":true,"href":"https:\/\/jensens.com\/da\/wp-json\/wp\/v2\/media\/19232354"}],"wp:attachment":[{"href":"https:\/\/jensens.com\/da\/wp-json\/wp\/v2\/media?parent=19230181"}],"wp:term":[{"taxonomy":"restaurant","embeddable":true,"href":"https:\/\/jensens.com\/da\/wp-json\/wp\/v2\/restaurant?post=19230181"},{"taxonomy":"product_brand","embeddable":true,"href":"https:\/\/jensens.com\/da\/wp-json\/wp\/v2\/product_brand?post=19230181"},{"taxonomy":"product_cat","embeddable":true,"href":"https:\/\/jensens.com\/da\/wp-json\/wp\/v2\/product_cat?post=19230181"},{"taxonomy":"product_tag","embeddable":true,"href":"https:\/\/jensens.com\/da\/wp-json\/wp\/v2\/product_tag?post=19230181"}],"curies":[{"name":"wp","href":"https:\/\/api.w.org\/{rel}","templated":true}]}}