{"id":19230103,"date":"2022-05-25T11:30:55","date_gmt":"2022-05-25T11:30:55","guid":{"rendered":"https:\/\/stoic-haibt.89-188-76-10.plesk.page\/boern\/"},"modified":"2025-05-15T14:32:07","modified_gmt":"2025-05-15T12:32:07","slug":"barn","status":"publish","type":"page","link":"https:\/\/jensens.com\/sv\/barn\/","title":{"rendered":"B\u00f8rn"},"content":{"rendered":"\r\n<div id=\"textBlock-block_ee8f84b5708506348be9ede26dd60f99\" class=\"textBlock textBlock--left\">\r\n\t<div class=\"container\">\r\n\t\t<div class=\"row\">\r\n\t\t\t<div class=\"col-12 col-lg-10 col-xl-8 offset-xl-2 offset-lg-1\" data-aos=\"fade-up\" data-aos-duration=\"800\" data-aos-offset=\"-150\">\r\n\t\t\t\t<div class=\"textBlock__inner\">\r\n\t\t\t\t\t<h1 style=\"text-align: center\">Jensens B\u00f8fhus? En restaurang f\u00f6r barn!<\/h1>\n<p style=\"text-align: center\">Barn \u00e4r mycket v\u00e4lkomna p\u00e5 Jensens B\u00f8fhus. Vi anstr\u00e4nger oss f\u00f6r att g\u00f6ra det kul f\u00f6r de minsta att bes\u00f6ka restaurangen. Och vi har full f\u00f6rst\u00e5else f\u00f6r att n\u00e5gra av v\u00e5ra g\u00e4ster helst vill ha str\u00f6ssel och mjukglass som huvudr\u00e4tt. Eller bl\u00e5sa sugr\u00f6rsbubblor. Eller beh\u00f6ver ammas. Det ska finnas plats f\u00f6r allt.<\/p>\n\t\t\t\t\t<div class=\"textBlock__inner__buttons\">\r\n\t\t\t\t\t\t\t\t\t\t\t<\/div>\r\n\t\t\t\t<\/div>\r\n\t\t\t\t\t\t\t<\/div>\r\n\t\t<\/div>\r\n\t<\/div>\r\n<\/div>\n\n\r\n<div id=\"textImageBlock-block_86deabb51196dff057166212d5e071c0\" class=\"textImageBlock textImageBlock--imageLast textImageBlock--imageBorder textImageBlock--circle textImageBlock--middle\" style=\"background:\">\r\n\t<div class=\"container\">\r\n\t\t<div class=\"row\">\r\n\t\t\t<div class=\"col-12 col-lg-6\">\r\n\t\t\t\t<div class=\"textImageBlock__image textImageBlock__image--default\" data-aos=\"fade-up\" data-aos-duration=\"800\">\r\n\t\t\t\t\t<img decoding=\"async\" src=\"\" data-src=\"https:\/\/jensens.com\/wp-content\/uploads\/2022\/10\/SMASK_menu-520x520-2.jpg\" data-srcset=\"https:\/\/jensens.com\/wp-content\/uploads\/2022\/10\/SMASK_menu-520x520-2.jpg 600w, https:\/\/jensens.com\/wp-content\/uploads\/2022\/10\/SMASK_menu-520x520-2.jpg 1024w\" sizes=\"auto\" alt=\"\" class=\"lazyload\" \/>\t\t\t\t<\/div>\r\n\t\t\t<\/div>\r\n\t\t\t<div class=\"col-12 col-lg-6\">\r\n\t\t\t\t<div class=\"textImageBlock__content\" data-aos-duration=\"800\" data-aos=\"fade-up\" data-aos-delay=\"100\">\r\n\t\t\t\t\t<div class=\"textImageBlock__content__text\" style=\"max-width:517px\">\r\n\t\t\t\t\t\t<h2 style=\"text-align: center\"><strong>Barnmeny f\u00f6r b\u00e5de hungriga och inte-s\u00e5-hungriga barn<\/strong><\/h2>\n<p style=\"text-align: center\">Varf\u00f6r \u00e4ta k\u00f6ttbullar, spareribs och nuggets n\u00e4r man i\u00a0st\u00e4llet kan f\u00e5 stj\u00e4rnskott, galaxben och m\u00e5nsten?<\/p>\n<p style=\"text-align: center\">P\u00e5 Jensens B\u00f8fhus f\u00e5r barnen en helt egen meny fr\u00e5n yttre rymden, med r\u00e4tter i barnstorlek.<\/p>\n<p style=\"font-weight: 400;text-align: center\">Och p\u00e5 baksidan kan man rita och vinna! Skapa ett m\u00e4sterverk med de medf\u00f6ljande f\u00e4rgkritorna och leverera den till din v\u00e4rd\/inna p\u00e5 ditt\u00a0B\u00f8fhus. Varje m\u00e5nad drar vi 3 presentkort p\u00e5 SEK 150 kronor till Jensens\u00a0B\u00f8fhus. Vem vet, kanske \u00e4r det din teckning som blir dragen n\u00e4sta g\u00e5ng?<\/p>\n<p style=\"font-weight: 400;text-align: center\">L\u00e4s t\u00e4vlingsreglerna <span style=\"color: #000000\"><a style=\"color: #000000\" href=\"https:\/\/jensens.com\/sv\/tavlingsregler-och-villkor-for-manadens-teckning\/\"><u>h\u00e4r<\/u><\/a><\/span><\/p>\n\t\t\t\t\t<\/div>\r\n\t\t\t\t\t\t\t\t\t\t\t<div class=\"textImageBlock__content__buttons\">\r\n\t\t\t\t\t\t\t<a href=\"https:\/\/jensens.com\/wp-content\/uploads\/2025\/05\/smask_menu_SE_05_25_web.pdf\" target=\"\" class=\"button button--round button--outline\"><span>Se barnmenyn<\/span><\/a>\t\t\t\t\t\t<\/div>\r\n\t\t\t\t\t\t\t\t\t<\/div>\r\n\t\t\t<\/div>\r\n\t\t<\/div>\r\n\t<\/div>\r\n<\/div>\n\n\r\n<div id=\"textImageBlock-block_9ea8e5fe66b3558a9488e60619bccb01\" class=\"textImageBlock textImageBlock--imageBorder textImageBlock--circle textImageBlock--middle\" style=\"background:\">\r\n\t<div class=\"container\">\r\n\t\t<div class=\"row\">\r\n\t\t\t<div class=\"col-12 col-lg-6\">\r\n\t\t\t\t<div class=\"textImageBlock__image textImageBlock__image--default\" data-aos=\"fade-up\" data-aos-duration=\"800\">\r\n\t\t\t\t\t<img decoding=\"async\" src=\"\" data-src=\"https:\/\/jensens.com\/wp-content\/uploads\/2022\/10\/legerum-520x520-2.jpg\" data-srcset=\"https:\/\/jensens.com\/wp-content\/uploads\/2022\/10\/legerum-520x520-2.jpg 600w, https:\/\/jensens.com\/wp-content\/uploads\/2022\/10\/legerum-520x520-2.jpg 1024w\" sizes=\"auto\" alt=\"\" class=\"lazyload\" \/>\t\t\t\t<\/div>\r\n\t\t\t<\/div>\r\n\t\t\t<div class=\"col-12 col-lg-6\">\r\n\t\t\t\t<div class=\"textImageBlock__content\" data-aos-duration=\"800\" data-aos=\"fade-up\" data-aos-delay=\"100\">\r\n\t\t\t\t\t<div class=\"textImageBlock__content__text\" style=\"max-width:517px\">\r\n\t\t\t\t\t\t<h2 style=\"text-align: center\"><strong>Lekrum p\u00e5 alla Jensens B\u00f8fhus<\/strong><\/h2>\n<p style=\"text-align: center\">Det kan vara sv\u00e5rt att sitta still och v\u00e4nta p\u00e5 maten. D\u00e4rf\u00f6r har alla v\u00e5ra restauranger har ett lekrum d\u00e4r de minsta kan leka.<\/p>\n\t\t\t\t\t<\/div>\r\n\t\t\t\t\t\t\t\t\t<\/div>\r\n\t\t\t<\/div>\r\n\t\t<\/div>\r\n\t<\/div>\r\n<\/div>\n\n\r\n<div id=\"textImageBlock-block_6acab97970b08ec2e7922fa03e83e8a3\" class=\"textImageBlock textImageBlock--imageLast textImageBlock--imageBorder textImageBlock--circle textImageBlock--middle\" style=\"background:\">\r\n\t<div class=\"container\">\r\n\t\t<div class=\"row\">\r\n\t\t\t<div class=\"col-12 col-lg-6\">\r\n\t\t\t\t<div class=\"textImageBlock__image textImageBlock__image--default\" data-aos=\"fade-up\" data-aos-duration=\"800\">\r\n\t\t\t\t\t<img decoding=\"async\" src=\"\" data-src=\"https:\/\/jensens.com\/wp-content\/uploads\/2022\/10\/fokus_happysunday_dk_se_no.jpg\" data-srcset=\"https:\/\/jensens.com\/wp-content\/uploads\/2022\/10\/fokus_happysunday_dk_se_no-600x600.jpg 600w, https:\/\/jensens.com\/wp-content\/uploads\/2022\/10\/fokus_happysunday_dk_se_no.jpg 1024w\" sizes=\"auto\" alt=\"Tilbud til b\u00f8rnefamilier p\u00e5 Restauran Jensens B\u00f8fhus\" class=\"lazyload\" \/>\t\t\t\t<\/div>\r\n\t\t\t<\/div>\r\n\t\t\t<div class=\"col-12 col-lg-6\">\r\n\t\t\t\t<div class=\"textImageBlock__content\" data-aos-duration=\"800\" data-aos=\"fade-up\" data-aos-delay=\"100\">\r\n\t\t\t\t\t<div class=\"textImageBlock__content__text\" style=\"max-width:px\">\r\n\t\t\t\t\t\t<h2 style=\"text-align: center\"><strong>Specialerbjudande f\u00f6r v\u00e5ra Club-medlemmar<\/strong><\/h2>\n<p style=\"text-align: center\">\u00c4r du medlem i Club Jensens? Alla barn f\u00e5r n\u00e4mligen en valfri barnhuvudr\u00e4tt + ta sj\u00e4lv-mjukglass f\u00f6r HALVA PRISET* p\u00e5 s\u00f6ndagar. Varje s\u00f6ndag? Ja, varje s\u00f6ndag.<\/p>\n\t\t\t\t\t<\/div>\r\n\t\t\t\t\t\t\t\t\t\t\t<div class=\"textImageBlock__content__buttons\">\r\n\t\t\t\t\t\t\t<a href=\"https:\/\/clubjensens.se\/happy-sunday-2\/\" target=\"_blank\" class=\"button button--round button--outline\"><span>L\u00e4s mer<\/span><\/a>\t\t\t\t\t\t<\/div>\r\n\t\t\t\t\t\t\t\t\t<\/div>\r\n\t\t\t<\/div>\r\n\t\t<\/div>\r\n\t<\/div>\r\n<\/div>\n\n\r\n<div id=\"textImageBlock-block_c92323b95d2c8250d54b2fef5c3b81d5\" class=\"textImageBlock textImageBlock--multipleButtons textImageBlock--imageBorder textImageBlock--circle textImageBlock--middle\" style=\"background:\">\r\n\t<div class=\"container\">\r\n\t\t<div class=\"row\">\r\n\t\t\t<div class=\"col-12 col-lg-6\">\r\n\t\t\t\t<div class=\"textImageBlock__image textImageBlock__image--default\" data-aos=\"fade-up\" data-aos-duration=\"800\">\r\n\t\t\t\t\t<img decoding=\"async\" src=\"\" data-src=\"https:\/\/jensens.com\/wp-content\/uploads\/2022\/10\/spil-520x520-1.jpg\" data-srcset=\"https:\/\/jensens.com\/wp-content\/uploads\/2022\/10\/spil-520x520-1.jpg 600w, https:\/\/jensens.com\/wp-content\/uploads\/2022\/10\/spil-520x520-1.jpg 1024w\" sizes=\"auto\" alt=\"Sjove online spil til b\u00f8rnene fra Restaurant Jensens B\u00f8fhus\" class=\"lazyload\" \/>\t\t\t\t<\/div>\r\n\t\t\t<\/div>\r\n\t\t\t<div class=\"col-12 col-lg-6\">\r\n\t\t\t\t<div class=\"textImageBlock__content\" data-aos-duration=\"800\" data-aos=\"fade-up\" data-aos-delay=\"100\">\r\n\t\t\t\t\t<div class=\"textImageBlock__content__text\" style=\"max-width:517px\">\r\n\t\t\t\t\t\t<h2 style=\"text-align: center\"><strong>Spela med oss<\/strong><\/h2>\n<p style=\"text-align: center\">Om inget annat duger f\u00f6r att skapa bra st\u00e4mning runt bordet har vi tv\u00e5 roliga online-spel som \u00e4r l\u00e4tta f\u00f6r de minsta att spela.<\/p>\n\t\t\t\t\t<\/div>\r\n\t\t\t\t\t\t\t\t\t\t\t<div class=\"textImageBlock__content__buttons\">\r\n\t\t\t\t\t\t\t<a href=\"https:\/\/jensens-boefhus.leadfamly.com\/smask-vendespil-se\" target=\"_blank\" class=\"button button--round button--outline\"><span>Spela minnesspel<\/span><\/a><a href=\"https:\/\/jensens-boefhus.leadfamly.com\/smask-dropgame-se\" target=\"_blank\" class=\"button button--round button--outline\"><span>Spela f\u00e4ngstspel<\/span><\/a>\t\t\t\t\t\t<\/div>\r\n\t\t\t\t\t\t\t\t\t<\/div>\r\n\t\t\t<\/div>\r\n\t\t<\/div>\r\n\t<\/div>\r\n<\/div>","protected":false},"excerpt":{"rendered":"","protected":false},"author":3,"featured_media":0,"parent":0,"menu_order":0,"comment_status":"closed","ping_status":"closed","template":"","meta":{"_acf_changed":false,"inline_featured_image":false,"footnotes":""},"class_list":["post-19230103","page","type-page","status-publish","hentry"],"acf":[],"yoast_head":"<!-- This site is optimized with the Yoast SEO Premium plugin v26.9 (Yoast SEO v26.9) - https:\/\/yoast.com\/product\/yoast-seo-premium-wordpress\/ -->\n<title>B\u00f8rn - Jensens<\/title>\n<meta name=\"robots\" content=\"index, follow, max-snippet:-1, max-image-preview:large, max-video-preview:-1\" \/>\n<link rel=\"canonical\" href=\"https:\/\/jensens.com\/sv\/barn\/\" \/>\n<meta property=\"og:locale\" content=\"sv_SE\" \/>\n<meta property=\"og:type\" content=\"article\" \/>\n<meta property=\"og:title\" content=\"B\u00f8rn\" \/>\n<meta property=\"og:url\" content=\"https:\/\/jensens.com\/sv\/barn\/\" \/>\n<meta property=\"og:site_name\" content=\"Jensens\" \/>\n<meta property=\"article:modified_time\" content=\"2025-05-15T12:32:07+00:00\" \/>\n<meta name=\"twitter:card\" content=\"summary_large_image\" \/>\n<script type=\"application\/ld+json\" class=\"yoast-schema-graph\">{\"@context\":\"https:\/\/schema.org\",\"@graph\":[{\"@type\":\"WebPage\",\"@id\":\"https:\/\/jensens.com\/sv\/barn\/\",\"url\":\"https:\/\/jensens.com\/sv\/barn\/\",\"name\":\"B\u00f8rn - Jensens\",\"isPartOf\":{\"@id\":\"https:\/\/jensens.com\/sv\/#website\"},\"datePublished\":\"2022-05-25T11:30:55+00:00\",\"dateModified\":\"2025-05-15T12:32:07+00:00\",\"breadcrumb\":{\"@id\":\"https:\/\/jensens.com\/sv\/barn\/#breadcrumb\"},\"inLanguage\":\"sv-SE\",\"potentialAction\":[{\"@type\":\"ReadAction\",\"target\":[\"https:\/\/jensens.com\/sv\/barn\/\"]}]},{\"@type\":\"BreadcrumbList\",\"@id\":\"https:\/\/jensens.com\/sv\/barn\/#breadcrumb\",\"itemListElement\":[{\"@type\":\"ListItem\",\"position\":1,\"name\":\"Home\",\"item\":\"https:\/\/jensens.com\/sv\/\"},{\"@type\":\"ListItem\",\"position\":2,\"name\":\"B\u00f8rn\"}]},{\"@type\":\"WebSite\",\"@id\":\"https:\/\/jensens.com\/sv\/#website\",\"url\":\"https:\/\/jensens.com\/sv\/\",\"name\":\"Jensens\",\"description\":\"\",\"potentialAction\":[{\"@type\":\"SearchAction\",\"target\":{\"@type\":\"EntryPoint\",\"urlTemplate\":\"https:\/\/jensens.com\/sv\/?s={search_term_string}\"},\"query-input\":{\"@type\":\"PropertyValueSpecification\",\"valueRequired\":true,\"valueName\":\"search_term_string\"}}],\"inLanguage\":\"sv-SE\"}]}<\/script>\n<!-- \/ Yoast SEO Premium plugin. -->","yoast_head_json":{"title":"B\u00f8rn - Jensens","robots":{"index":"index","follow":"follow","max-snippet":"max-snippet:-1","max-image-preview":"max-image-preview:large","max-video-preview":"max-video-preview:-1"},"canonical":"https:\/\/jensens.com\/sv\/barn\/","og_locale":"sv_SE","og_type":"article","og_title":"B\u00f8rn","og_url":"https:\/\/jensens.com\/sv\/barn\/","og_site_name":"Jensens","article_modified_time":"2025-05-15T12:32:07+00:00","twitter_card":"summary_large_image","schema":{"@context":"https:\/\/schema.org","@graph":[{"@type":"WebPage","@id":"https:\/\/jensens.com\/sv\/barn\/","url":"https:\/\/jensens.com\/sv\/barn\/","name":"B\u00f8rn - Jensens","isPartOf":{"@id":"https:\/\/jensens.com\/sv\/#website"},"datePublished":"2022-05-25T11:30:55+00:00","dateModified":"2025-05-15T12:32:07+00:00","breadcrumb":{"@id":"https:\/\/jensens.com\/sv\/barn\/#breadcrumb"},"inLanguage":"sv-SE","potentialAction":[{"@type":"ReadAction","target":["https:\/\/jensens.com\/sv\/barn\/"]}]},{"@type":"BreadcrumbList","@id":"https:\/\/jensens.com\/sv\/barn\/#breadcrumb","itemListElement":[{"@type":"ListItem","position":1,"name":"Home","item":"https:\/\/jensens.com\/sv\/"},{"@type":"ListItem","position":2,"name":"B\u00f8rn"}]},{"@type":"WebSite","@id":"https:\/\/jensens.com\/sv\/#website","url":"https:\/\/jensens.com\/sv\/","name":"Jensens","description":"","potentialAction":[{"@type":"SearchAction","target":{"@type":"EntryPoint","urlTemplate":"https:\/\/jensens.com\/sv\/?s={search_term_string}"},"query-input":{"@type":"PropertyValueSpecification","valueRequired":true,"valueName":"search_term_string"}}],"inLanguage":"sv-SE"}]}},"_links":{"self":[{"href":"https:\/\/jensens.com\/sv\/wp-json\/wp\/v2\/pages\/19230103","targetHints":{"allow":["GET"]}}],"collection":[{"href":"https:\/\/jensens.com\/sv\/wp-json\/wp\/v2\/pages"}],"about":[{"href":"https:\/\/jensens.com\/sv\/wp-json\/wp\/v2\/types\/page"}],"author":[{"embeddable":true,"href":"https:\/\/jensens.com\/sv\/wp-json\/wp\/v2\/users\/3"}],"replies":[{"embeddable":true,"href":"https:\/\/jensens.com\/sv\/wp-json\/wp\/v2\/comments?post=19230103"}],"version-history":[{"count":74,"href":"https:\/\/jensens.com\/sv\/wp-json\/wp\/v2\/pages\/19230103\/revisions"}],"predecessor-version":[{"id":371829996,"href":"https:\/\/jensens.com\/sv\/wp-json\/wp\/v2\/pages\/19230103\/revisions\/371829996"}],"wp:attachment":[{"href":"https:\/\/jensens.com\/sv\/wp-json\/wp\/v2\/media?parent=19230103"}],"curies":[{"name":"wp","href":"https:\/\/api.w.org\/{rel}","templated":true}]}}