{"id":19230123,"date":"2022-06-16T05:45:54","date_gmt":"2022-06-16T03:45:54","guid":{"rendered":"https:\/\/stoic-haibt.89-188-76-10.plesk.page\/?page_id=19230123"},"modified":"2022-11-22T11:38:01","modified_gmt":"2022-11-22T10:38:01","slug":"handelsvillkor","status":"publish","type":"page","link":"https:\/\/jensens.com\/sv\/handelsvillkor\/","title":{"rendered":"K\u00f6pevillkor"},"content":{"rendered":"\r\n<div id=\"textBlock-block_af98d3000f1bbcd3f372915af6db31e5\" class=\"textBlock textBlock--left\">\r\n\t<div class=\"container\">\r\n\t\t<div class=\"row\">\r\n\t\t\t<div class=\"col-12 col-lg-10 col-xl-8 offset-xl-2 offset-lg-1\" data-aos=\"fade-up\" data-aos-duration=\"800\" data-aos-offset=\"-150\">\r\n\t\t\t\t<div class=\"textBlock__inner\">\r\n\t\t\t\t\t<h1><strong>K\u00f6pevillkor f\u00f6r onlinek\u00f6p p\u00e5 webbplats och i mobilapp i Sverige<\/strong><\/h1>\n<p>&nbsp;<\/p>\n<p><strong>1. Introduktion<\/strong><\/p>\n<p><strong>1.1<\/strong> K\u00f6pevillkoren beskriver de villkor som g\u00e4ller vid anv\u00e4ndning av den mobilapp och webbplats som erbjuds av Jensens B\u00f8fhus A\/S vid best\u00e4llning av mat, drycker och eventuella andra tj\u00e4nster p\u00e5 Jensens B\u00f8fhus restauranger i Sverige.<\/p>\n<p><strong>1.2<\/strong> All anv\u00e4ndning av personuppgifter, som uppges i samband med anv\u00e4ndning av webbplats och mobilapp, underligger v\u00e5r <a href=\"https:\/\/jensens.com\/sv\/integritetspolicy\/\">integritetspolicy.<\/a><\/p>\n<p><strong>1.3<\/strong> Vid best\u00e4llning av mat p\u00e5 en Jensens B\u00f8fhus-restaurang eller som take away-best\u00e4llning via webbplats\/mobilapp samt vid onlinek\u00f6p av presentkort samtycker du till nedanst\u00e5ende avtalsvillkor.<\/p>\n<p><strong>2. Verksamhets-\/f\u00f6retagsupplysningar<\/strong><\/p>\n<p><strong>2.1<\/strong> Jensens B\u00f8fhus A\/S, L\u00e6ss\u00f8egade 215, 5230 Odense M., Danmark. CVR-nr (danskt org.nr) 13 21 25 38.<\/p>\n<p><strong>2.2<\/strong> Jensens B\u00f8fhus driver restaurangverksamhet direkt fr\u00e5n v\u00e5ra fysiska restauranger med m\u00f6jlighet till best\u00e4llning och betalning via v\u00e5r mobilapp p\u00e5 restaurangerna. Restaurangerna erbjuder ocks\u00e5 m\u00f6jlighet att l\u00e4gga best\u00e4llningar via v\u00e5r webbplats och mobilapp f\u00f6r avh\u00e4mtning i restaurangerna.<\/p>\n<p><strong>3. Din r\u00e4ttskapacitet<\/strong><\/p>\n<p><strong>3.1<\/strong> Du ska ha fyllt 18 \u00e5r f\u00f6r att kunna l\u00e4gga en best\u00e4llning och betala i v\u00e5r mobilapp eller p\u00e5 v\u00e5r webbplats.<\/p>\n<p><strong>3.2<\/strong> Du erk\u00e4nner och accepterar att om du har en specifik matallergi, intolerans eller liknande ska du v\u00e4nda dig till restaurangens medarbetare f\u00f6r att f\u00e5 svar p\u00e5 om maten \u00e4r l\u00e4mplig f\u00f6r dig innan du l\u00e4gger en best\u00e4llning p\u00e5 webbplatsen eller i mobilappen.<\/p>\n<p><strong>4. Best\u00e4llningar<br \/>\n<\/strong>Vid onlinebest\u00e4llning och -k\u00f6p av mat i restaurangen och som take away<\/p>\n<p><strong>4.1<\/strong> N\u00e4r du har valt de produkter som du vill best\u00e4lla fr\u00e5n menyn i mobilappen och har angett n\u00f6dv\u00e4ndig information f\u00f6r att fullg\u00f6ra din best\u00e4llning, l\u00e4gger du din best\u00e4llning genom att trycka p\u00e5 knappen \u201dBekr\u00e4fta best\u00e4llning\u201d. D\u00e4refter genomf\u00f6rs din best\u00e4llning.<\/p>\n<p>N\u00e4r din best\u00e4llning har genomf\u00f6rts tar du automatiskt emot en best\u00e4llningsbekr\u00e4ftelse i mobilappen och p\u00e5 den e-postadress som du angav n\u00e4r du gjorde din best\u00e4llning.<\/p>\n<p>F\u00f6r take away-best\u00e4llningar som har gjorts p\u00e5 webbplatsen bekr\u00e4ftas din best\u00e4llning n\u00e4r din betalning har genomf\u00f6rts. Du tar emot best\u00e4llningsbekr\u00e4ftelse och kvitto p\u00e5 den e-postadress som du angav n\u00e4r du gjorde din best\u00e4llning.<\/p>\n<p><strong>4.2<\/strong> N\u00e4r du g\u00f6r en best\u00e4llning via v\u00e5r mobilapp ska du v\u00e4lja den restaurang som du befinner dig p\u00e5. Best\u00e4llning kan g\u00f6ras upp till 60 minuter f\u00f6re st\u00e4ngningsdags. Drycker kan best\u00e4llas upp till 15 minuter f\u00f6re st\u00e4ngningsdags.<\/p>\n<p>N\u00e4r du l\u00e4gger en best\u00e4llning som en take away-best\u00e4llning, p\u00e5 webbplatsen eller i mobilappen, ska du v\u00e4lja den restaurang d\u00e4r du \u00f6nskar h\u00e4mta din best\u00e4llning.<\/p>\n<p><strong>4.3<\/strong> Om du skulle vilja \u00e4ndra din best\u00e4llning ska du s\u00e5 snart som m\u00f6jligt kontakta personalen p\u00e5 den aktuella restaurangen. Vi kan dock inte garantera att din best\u00e4llning kan \u00e4ndras efter att din best\u00e4llning har genomf\u00f6rts och du har f\u00e5tt din best\u00e4llningsbekr\u00e4ftelse.<\/p>\n<p><strong>4.4<\/strong> N\u00e4r du har mottagit en best\u00e4llningsbekr\u00e4ftelse kan du r\u00e4kna med en rimlig leveranstid i f\u00f6rh\u00e5llande till tillagningen av maten p\u00e5 din best\u00e4llning.<\/p>\n<p><strong>4.5<\/strong> Om din elektroniska betalning inte godk\u00e4nns kommer din best\u00e4llning\/order inte att behandlas eller vidarebefordras till k\u00f6ket i den aktuella restaurangen.<\/p>\n<p><strong>4.6<\/strong> Vid onlinebest\u00e4llning och -k\u00f6p av presentkort<\/p>\n<p>N\u00e4r du k\u00f6per elektroniska presentkort p\u00e5 v\u00e5r webbplats levereras presentkortet ocks\u00e5 elektroniskt till den e-postadress som anges vid best\u00e4llningen.<\/p>\n<p><strong>5. Alkohol<\/strong><\/p>\n<p><strong>5.1<\/strong> Du erk\u00e4nner och accepterar att det i enlighet med alkohollagen inte \u00e4r till\u00e5tet f\u00f6r restaurangen att s\u00e4lja alkoholdrycker eller alkoholdrycksliknande preparat till personer under 18 \u00e5r.<\/p>\n<p><strong>5.1.1<\/strong> Om din best\u00e4llning inneh\u00e5ller alkohol kan du bli ombedd att styrka din \u00e5lder i samband med att du l\u00e4gger en order\/best\u00e4llning. Om du inte kan styrka din \u00e5lder p\u00e5 ett f\u00f6r restaurangens personal tillfredsst\u00e4llande s\u00e4tt eller om personalen har rimliga sk\u00e4l att misst\u00e4nka att den aktuella alkoholen har best\u00e4llts till personer som restaurangen inte har laglig r\u00e4tt att s\u00e4lja alkohol till, f\u00f6rbeh\u00e5ller sig restaurangen r\u00e4tten att inte genomf\u00f6ra leverans av aktuella alkoholhaltiga drycker.<\/p>\n<p><strong>6. Priser och betalning<\/strong><\/p>\n<p><strong>6.1<\/strong> Priser anges inklusive moms och avgifter i svenska kronor.<\/p>\n<p><strong>6.2<\/strong> N\u00e4r du l\u00e4gger en best\u00e4llning via webbplatsen och\/eller mobilappen f\u00f6rflyttas du till ett separat, s\u00e4kert betalningsf\u00f6nster via Nets Easy, d\u00e4r betalningen kan genomf\u00f6ras med ett av nedanst\u00e5ende betalningsmetoder:<\/p>\n<ul>\n<li>VISA<\/li>\n<li>MasterCard<\/li>\n<li>Maestro<\/li>\n<li>Swish<\/li>\n<\/ul>\n<p><strong>6.3<\/strong> Jensens B\u00f8fhus A\/S kan inte h\u00e5llas ansvarig f\u00f6r fel eller brister hos Nets Easy.<\/p>\n<p><strong>6.4<\/strong> Jensens B\u00f8fhus kr\u00e4ver inga extra kortavgifter eller andra avgifter i samband med betalning.<\/p>\n<p><strong>6.5<\/strong> N\u00e4r best\u00e4llningen \u00e4r genomf\u00f6rd och betald via webbplatsen och\/eller mobilappen drar vi pengarna fr\u00e5n ditt konto.<\/p>\n<p><strong>6.6<\/strong> N\u00e4r betalningen har godk\u00e4nts mottar du en betalningsbekr\u00e4ftelse p\u00e5 mobilappen och\/eller den e-postadress du angav vid k\u00f6pet. Det \u00e4r en bekr\u00e4ftelse p\u00e5 att best\u00e4llningen \u00e4r betald.\u00a0 Best\u00e4llningen kommer d\u00e4rf\u00f6r att behandlas. Din betalnings\u00f6versikt kommer att finnas tillg\u00e4nglig i mobilappen under rubriken \u201dBest\u00e4llt\u201d.<\/p>\n<p><strong>6.7<\/strong> Vid betalning \u00f6verf\u00f6rs dina kortuppgifter och det aktuella beloppet genom en krypterad och s\u00e4ker l\u00f6sning via Nets Easy. Kortuppgifter sparas under p\u00e5g\u00e5ende session s\u00e5 att det \u00e4r l\u00e4tt att g\u00f6ra en ny best\u00e4llning. Jensens B\u00f8fhus A\/S varken arkiverar eller spara dina uppgifter efter k\u00f6pet.<\/p>\n<p><strong>6.8<\/strong> Vid betalning kan du anv\u00e4nda intj\u00e4nade Club Jensens-po\u00e4ng. L\u00e4s mer om Club Jensens villkor <a href=\"https:\/\/clubjensens.se\/villkor-och-regler\/\">h\u00e4r<\/a>.<\/p>\n<p><strong>7. Utleverans \/ avh\u00e4mtning<\/strong><\/p>\n<p><strong>7.1<\/strong> Onlinebest\u00e4llningar ska avh\u00e4mtas p\u00e5 vald restaurang senast 60 minuter efter avtalad tid. Tiden framg\u00e5r av den best\u00e4llningsbekr\u00e4ftelse som automatiskt skickas via mejl i samband med onlinek\u00f6p p\u00e5 webbplatsen eller i mobilappen.<\/p>\n<p><strong>7.2<\/strong> S\u00e4rskilda villkor. Av livsmedelss\u00e4kerhetssk\u00e4l kasseras ej avh\u00e4mtade onlinebest\u00e4llningar (vid mer \u00e4n 60 minuters f\u00f6rsening fr\u00e5n avh\u00e4mtarens sida) p\u00e5 k\u00f6parens bekostnad.<\/p>\n<p><strong>8. \u00c5ngerr\u00e4tt<\/strong><\/p>\n<p><strong>8.1<\/strong> I enlighet med distansavtalslagen omfattas onlinek\u00f6p av matvaror och livsmedel med kort h\u00e5llbarhet inte av \u00e5ngerr\u00e4tten.<\/p>\n<p><strong>8.2<\/strong> N\u00e4r best\u00e4llningen i restaurangen, eller fr\u00e5n en annan plats som en take away-best\u00e4llning, har genomf\u00f6rts via webbplatsen eller mobilappen g\u00e5r det inte l\u00e4ngre att \u00e5ngra best\u00e4llningen.<\/p>\n<p><strong>9. Hantering av klagom\u00e5l<\/strong><\/p>\n<p><strong>9.1<\/strong> Ev. klagom\u00e5l ska skickas till\u00a0<a href=\"mailto:info@jensens.com\">info@jensens.com<\/a>. Om det inte g\u00e5r att hitta n\u00e5gon l\u00f6sning kan du g\u00f6ra en anm\u00e4lan till Allm\u00e4nna reklamationsn\u00e4mnden. L\u00e4s mer p\u00e5 <a href=\"https:\/\/arn.se\/\">arn.se<\/a><\/p>\n<p><em>Uppdaterad 20 oktober 2022<\/em><\/p>\n\t\t\t\t\t<div class=\"textBlock__inner__buttons\">\r\n\t\t\t\t\t\t\t\t\t\t\t<\/div>\r\n\t\t\t\t<\/div>\r\n\t\t\t\t\t\t\t<\/div>\r\n\t\t<\/div>\r\n\t<\/div>\r\n<\/div>\n\n\n<p><\/p>\n\n\n\n<p><\/p>\n\n\n\n<p><\/p>\n\n\n\n<p><\/p>\n","protected":false},"excerpt":{"rendered":"","protected":false},"author":3,"featured_media":0,"parent":0,"menu_order":0,"comment_status":"closed","ping_status":"closed","template":"","meta":{"_acf_changed":false,"inline_featured_image":false,"footnotes":""},"class_list":["post-19230123","page","type-page","status-publish","hentry"],"acf":[],"yoast_head":"<!-- This site is optimized with the Yoast SEO Premium plugin v26.9 (Yoast SEO v26.9) - https:\/\/yoast.com\/product\/yoast-seo-premium-wordpress\/ -->\n<title>K\u00f6pevillkor - Jensens<\/title>\n<meta name=\"robots\" content=\"noindex, follow\" \/>\n<meta property=\"og:locale\" content=\"sv_SE\" \/>\n<meta property=\"og:type\" content=\"article\" \/>\n<meta property=\"og:title\" content=\"K\u00f6pevillkor\" \/>\n<meta property=\"og:url\" content=\"https:\/\/jensens.com\/sv\/handelsvillkor\/\" \/>\n<meta property=\"og:site_name\" content=\"Jensens\" \/>\n<meta property=\"article:modified_time\" content=\"2022-11-22T10:38:01+00:00\" \/>\n<meta name=\"twitter:card\" content=\"summary_large_image\" \/>\n<script type=\"application\/ld+json\" class=\"yoast-schema-graph\">{\"@context\":\"https:\/\/schema.org\",\"@graph\":[{\"@type\":\"WebPage\",\"@id\":\"https:\/\/jensens.com\/sv\/handelsvillkor\/\",\"url\":\"https:\/\/jensens.com\/sv\/handelsvillkor\/\",\"name\":\"K\u00f6pevillkor - Jensens\",\"isPartOf\":{\"@id\":\"https:\/\/jensens.com\/sv\/#website\"},\"datePublished\":\"2022-06-16T03:45:54+00:00\",\"dateModified\":\"2022-11-22T10:38:01+00:00\",\"breadcrumb\":{\"@id\":\"https:\/\/jensens.com\/sv\/handelsvillkor\/#breadcrumb\"},\"inLanguage\":\"sv-SE\",\"potentialAction\":[{\"@type\":\"ReadAction\",\"target\":[\"https:\/\/jensens.com\/sv\/handelsvillkor\/\"]}]},{\"@type\":\"BreadcrumbList\",\"@id\":\"https:\/\/jensens.com\/sv\/handelsvillkor\/#breadcrumb\",\"itemListElement\":[{\"@type\":\"ListItem\",\"position\":1,\"name\":\"Home\",\"item\":\"https:\/\/jensens.com\/sv\/\"},{\"@type\":\"ListItem\",\"position\":2,\"name\":\"K\u00f6pevillkor\"}]},{\"@type\":\"WebSite\",\"@id\":\"https:\/\/jensens.com\/sv\/#website\",\"url\":\"https:\/\/jensens.com\/sv\/\",\"name\":\"Jensens\",\"description\":\"\",\"potentialAction\":[{\"@type\":\"SearchAction\",\"target\":{\"@type\":\"EntryPoint\",\"urlTemplate\":\"https:\/\/jensens.com\/sv\/?s={search_term_string}\"},\"query-input\":{\"@type\":\"PropertyValueSpecification\",\"valueRequired\":true,\"valueName\":\"search_term_string\"}}],\"inLanguage\":\"sv-SE\"}]}<\/script>\n<!-- \/ Yoast SEO Premium plugin. -->","yoast_head_json":{"title":"K\u00f6pevillkor - Jensens","robots":{"index":"noindex","follow":"follow"},"og_locale":"sv_SE","og_type":"article","og_title":"K\u00f6pevillkor","og_url":"https:\/\/jensens.com\/sv\/handelsvillkor\/","og_site_name":"Jensens","article_modified_time":"2022-11-22T10:38:01+00:00","twitter_card":"summary_large_image","schema":{"@context":"https:\/\/schema.org","@graph":[{"@type":"WebPage","@id":"https:\/\/jensens.com\/sv\/handelsvillkor\/","url":"https:\/\/jensens.com\/sv\/handelsvillkor\/","name":"K\u00f6pevillkor - Jensens","isPartOf":{"@id":"https:\/\/jensens.com\/sv\/#website"},"datePublished":"2022-06-16T03:45:54+00:00","dateModified":"2022-11-22T10:38:01+00:00","breadcrumb":{"@id":"https:\/\/jensens.com\/sv\/handelsvillkor\/#breadcrumb"},"inLanguage":"sv-SE","potentialAction":[{"@type":"ReadAction","target":["https:\/\/jensens.com\/sv\/handelsvillkor\/"]}]},{"@type":"BreadcrumbList","@id":"https:\/\/jensens.com\/sv\/handelsvillkor\/#breadcrumb","itemListElement":[{"@type":"ListItem","position":1,"name":"Home","item":"https:\/\/jensens.com\/sv\/"},{"@type":"ListItem","position":2,"name":"K\u00f6pevillkor"}]},{"@type":"WebSite","@id":"https:\/\/jensens.com\/sv\/#website","url":"https:\/\/jensens.com\/sv\/","name":"Jensens","description":"","potentialAction":[{"@type":"SearchAction","target":{"@type":"EntryPoint","urlTemplate":"https:\/\/jensens.com\/sv\/?s={search_term_string}"},"query-input":{"@type":"PropertyValueSpecification","valueRequired":true,"valueName":"search_term_string"}}],"inLanguage":"sv-SE"}]}},"_links":{"self":[{"href":"https:\/\/jensens.com\/sv\/wp-json\/wp\/v2\/pages\/19230123","targetHints":{"allow":["GET"]}}],"collection":[{"href":"https:\/\/jensens.com\/sv\/wp-json\/wp\/v2\/pages"}],"about":[{"href":"https:\/\/jensens.com\/sv\/wp-json\/wp\/v2\/types\/page"}],"author":[{"embeddable":true,"href":"https:\/\/jensens.com\/sv\/wp-json\/wp\/v2\/users\/3"}],"replies":[{"embeddable":true,"href":"https:\/\/jensens.com\/sv\/wp-json\/wp\/v2\/comments?post=19230123"}],"version-history":[{"count":31,"href":"https:\/\/jensens.com\/sv\/wp-json\/wp\/v2\/pages\/19230123\/revisions"}],"predecessor-version":[{"id":368303186,"href":"https:\/\/jensens.com\/sv\/wp-json\/wp\/v2\/pages\/19230123\/revisions\/368303186"}],"wp:attachment":[{"href":"https:\/\/jensens.com\/sv\/wp-json\/wp\/v2\/media?parent=19230123"}],"curies":[{"name":"wp","href":"https:\/\/api.w.org\/{rel}","templated":true}]}}