{"id":19230132,"date":"2022-06-02T11:32:06","date_gmt":"2022-06-02T11:32:06","guid":{"rendered":"https:\/\/stoic-haibt.89-188-76-10.plesk.page\/job\/"},"modified":"2023-07-12T11:08:36","modified_gmt":"2023-07-12T09:08:36","slug":"jobb","status":"publish","type":"page","link":"https:\/\/jensens.com\/sv\/jobb\/","title":{"rendered":"Jobb"},"content":{"rendered":"\r\n<div id=\"subHero-block_8e3da52374802e7d7d43a48e5d6113e4\" class=\"subHero\">\r\n\t\t\t<div class=\"subHero__img\">\r\n\t\t\t<img decoding=\"async\" src=\"https:\/\/jensens.com\/wp-content\/uploads\/2022\/11\/job_hero_1920x600px-1900x594.jpg\" srcset=\"https:\/\/jensens.com\/wp-content\/uploads\/2022\/11\/job_hero_1920x600px-600x188.jpg 600w, https:\/\/jensens.com\/wp-content\/uploads\/2022\/11\/job_hero_1920x600px-1024x320.jpg 1024w, https:\/\/jensens.com\/wp-content\/uploads\/2022\/11\/job_hero_1920x600px-1900x594.jpg 1900w\" sizes=\"auto\" alt=\"\" class=\"cover\" \/>\t\t<\/div>\r\n\t<\/div>\n\n\r\n<div id=\"textBlock-block_b02e7aeef26c0c3bc369bcb350cba85e\" class=\"textBlock textBlock--left\">\r\n\t<div class=\"container\">\r\n\t\t<div class=\"row\">\r\n\t\t\t<div class=\"col-12 col-lg-10 col-xl-8 offset-xl-2 offset-lg-1\" data-aos=\"fade-up\" data-aos-duration=\"800\" data-aos-offset=\"-150\">\r\n\t\t\t\t<div class=\"textBlock__inner\">\r\n\t\t\t\t\t<h1>S\u00f6k jobb hos Jensens B\u00f8fhus<\/h1>\n<h2><strong>Vill du \u00e4ta s\u00e5s varje dag?<\/strong><\/h2>\n<p>Det kan du g\u00f6ra om du b\u00f6rjar jobba p\u00e5 Jensens B\u00f8fhus. Vi har b\u00e5de jobb f\u00f6r dig som satsar stenh\u00e5rt p\u00e5 att utses till \u00c5rets chef, f\u00f6r dig som \u00e4r helt gr\u00f6n och f\u00f6r dig som befinner dig p\u00e5 alla m\u00f6jliga sp\u00e4nnande st\u00e4llen d\u00e4remellan.<\/p>\n<p>\u00c4r du en glad och positiv person? D\u00e5 vill vi v\u00e4ldigt g\u00e4rna h\u00f6ra ifr\u00e5n dig. Vi l\u00e4r dig sedan resten.<\/p>\n\t\t\t\t\t<div class=\"textBlock__inner__buttons\">\r\n\t\t\t\t\t\t\t\t\t\t\t\t\t\t\t\t\t\t\t\t\t<a href=\"https:\/\/jensens.easycruit.com\/intranet\/sverige\" target=\"_blank\" class=\"button button--red button--round\"><span>Hitta ditt nya jobb<\/span><\/a>\t\t\t\t\t\t\t\t\t\t\t\t\t\t\t\t\t\t<\/div>\r\n\t\t\t\t<\/div>\r\n\t\t\t\t\t\t\t<\/div>\r\n\t\t<\/div>\r\n\t<\/div>\r\n<\/div>\n\n\r\n<div id=\"textBlock-block_fabbc3fecac1df5436c39d8878a7eac0\" class=\"textBlock textBlock--left\">\r\n\t<div class=\"container\">\r\n\t\t<div class=\"row\">\r\n\t\t\t<div class=\"col-12 col-lg-10 col-xl-8 offset-xl-2 offset-lg-1\" data-aos=\"fade-up\" data-aos-duration=\"800\" data-aos-offset=\"-150\">\r\n\t\t\t\t<div class=\"textBlock__inner\">\r\n\t\t\t\t\t<h2><strong>Du beh\u00f6ver inte skriva n\u00e5gon ans\u00f6kan<\/strong><\/h2>\n<p>Men du f\u00e5r f\u00f6rst\u00e5s g\u00e4rna g\u00f6ra det om du vill. Det g\u00e5r j\u00e4ttebra att skicka en videoans\u00f6kan ist\u00e4llet f\u00f6r ett skriftligt brev.<\/p>\n<p>P\u00e5 s\u00e5 s\u00e4tt kan vi n\u00e4mligen se att du \u00e4r en glad och positiv person. Vi st\u00e4ller inga krav p\u00e5 vad videon ska inneh\u00e5lla. Vi ser bara fram emot att f\u00e5 h\u00f6ra ifr\u00e5n dig.<\/p>\n\t\t\t\t\t<div class=\"textBlock__inner__buttons\">\r\n\t\t\t\t\t\t\t\t\t\t\t<\/div>\r\n\t\t\t\t<\/div>\r\n\t\t\t\t\t\t\t<\/div>\r\n\t\t<\/div>\r\n\t<\/div>\r\n<\/div>\n\n\r\n<div id=\"textBlock-block_ce1ebc1136f1dece2bd5cfec8ec1b719\" class=\"textBlock textBlock--left\">\r\n\t<div class=\"container\">\r\n\t\t<div class=\"row\">\r\n\t\t\t<div class=\"col-12 col-lg-10 col-xl-8 offset-xl-2 offset-lg-1\" data-aos=\"fade-up\" data-aos-duration=\"800\" data-aos-offset=\"-150\">\r\n\t\t\t\t<div class=\"textBlock__inner\">\r\n\t\t\t\t\t<h2><strong>Inget som passer just nu? Skicka en spontanans\u00f6kan!<\/strong><\/h2>\n<p>Skicka en spontanans\u00f6kan till oss d\u00e4r du visar hur trevlig du \u00e4r och varf\u00f6r du tror att vi passar ihop som fries och s\u00e5s. Du v\u00e4ljer sj\u00e4lv om du vill skicka en video eller en skriftlig ans\u00f6kan. Vi kontaktar dig om vi kan se att vi matchar.<\/p>\n<p>V\u00e4lj h\u00e4r vilket av Jensens B\u00f8fhus du vill jobba p\u00e5:<\/p>\n\t\t\t\t\t<div class=\"textBlock__inner__buttons\">\r\n\t\t\t\t\t\t\t\t\t\t\t\t\t\t\t\t\t\t\t\t\t<a href=\"https:\/\/jensens.easycruit.com\/intranet\/sverige\/vacancy\/2081401?iso=se\" target=\"_blank\" class=\"button button--red button--round\"><span>Spontanans\u00f6kan<\/span><\/a>\t\t\t\t\t\t\t\t\t\t\t\t\t\t\t\t\t\t<\/div>\r\n\t\t\t\t<\/div>\r\n\t\t\t\t\t\t\t<\/div>\r\n\t\t<\/div>\r\n\t<\/div>\r\n<\/div>\n\n\r\n<div id=\"textBlock-block_2074074109306d0a4aa7768896e2248e\" class=\"textBlock textBlock--left\">\r\n\t<div class=\"container\">\r\n\t\t<div class=\"row\">\r\n\t\t\t<div class=\"col-12 col-lg-10 col-xl-8 offset-xl-2 offset-lg-1\" data-aos=\"fade-up\" data-aos-duration=\"800\" data-aos-offset=\"-150\">\r\n\t\t\t\t<div class=\"textBlock__inner\">\r\n\t\t\t\t\t<h2><strong>G\u00e5 en ledarutbildning hos Jensens B\u00f8fhus<\/strong><\/h2>\n<p>Du har m\u00f6jlighet att g\u00e5 ett steg vidare med en ledarutbildning i v\u00e5r Jensens Academy. H\u00e4r kan du bland annat skaffa dig kompetens inom personalledning, kommunikation, f\u00f6rs\u00e4ljning och rekrytering.<\/p>\n<p>Har du fler fr\u00e5gor? D\u00e5 \u00e4r du alltid v\u00e4lkommen att <a href=\"https:\/\/jensens.com\/sv\/kontakta\/\">kontakta oss.<\/a><\/p>\n<p>&nbsp;<\/p>\n\t\t\t\t\t<div class=\"textBlock__inner__buttons\">\r\n\t\t\t\t\t\t\t\t\t\t\t<\/div>\r\n\t\t\t\t<\/div>\r\n\t\t\t\t\t\t\t<\/div>\r\n\t\t<\/div>\r\n\t<\/div>\r\n<\/div>\n\n\r\n<div id=\"section-block_ca1a2205a22b9866416eab355cc515b1\" class=\"section\">\r\n\t<div class=\"container\">\r\n\t\t<div class=\"row\">\r\n\t\t\t<div class=\"col-12\">\r\n\t\t\t\t<div class=\"section__inner\">\r\n\t\t\t\t\t\r\n\t\t\t\t<\/div>\r\n\t\t\t<\/div>\r\n\t\t<\/div>\r\n\t<\/div>\r\n<\/div>\n\n\n<p><\/p>\n","protected":false},"excerpt":{"rendered":"","protected":false},"author":3,"featured_media":0,"parent":0,"menu_order":0,"comment_status":"closed","ping_status":"closed","template":"","meta":{"_acf_changed":false,"inline_featured_image":false,"footnotes":""},"class_list":["post-19230132","page","type-page","status-publish","hentry"],"acf":[],"yoast_head":"<!-- This site is optimized with the Yoast SEO Premium plugin v26.9 (Yoast SEO v26.9) - https:\/\/yoast.com\/product\/yoast-seo-premium-wordpress\/ -->\n<title>Jobb - Jensens<\/title>\n<meta name=\"robots\" content=\"index, follow, max-snippet:-1, max-image-preview:large, max-video-preview:-1\" \/>\n<link rel=\"canonical\" href=\"https:\/\/jensens.com\/sv\/jobb\/\" \/>\n<meta property=\"og:locale\" content=\"sv_SE\" \/>\n<meta property=\"og:type\" content=\"article\" \/>\n<meta property=\"og:title\" content=\"Jobb\" \/>\n<meta property=\"og:url\" content=\"https:\/\/jensens.com\/sv\/jobb\/\" \/>\n<meta property=\"og:site_name\" content=\"Jensens\" \/>\n<meta property=\"article:modified_time\" content=\"2023-07-12T09:08:36+00:00\" \/>\n<meta name=\"twitter:card\" content=\"summary_large_image\" \/>\n<script type=\"application\/ld+json\" class=\"yoast-schema-graph\">{\"@context\":\"https:\/\/schema.org\",\"@graph\":[{\"@type\":\"WebPage\",\"@id\":\"https:\/\/jensens.com\/sv\/jobb\/\",\"url\":\"https:\/\/jensens.com\/sv\/jobb\/\",\"name\":\"Jobb - Jensens\",\"isPartOf\":{\"@id\":\"https:\/\/jensens.com\/sv\/#website\"},\"datePublished\":\"2022-06-02T11:32:06+00:00\",\"dateModified\":\"2023-07-12T09:08:36+00:00\",\"breadcrumb\":{\"@id\":\"https:\/\/jensens.com\/sv\/jobb\/#breadcrumb\"},\"inLanguage\":\"sv-SE\",\"potentialAction\":[{\"@type\":\"ReadAction\",\"target\":[\"https:\/\/jensens.com\/sv\/jobb\/\"]}]},{\"@type\":\"BreadcrumbList\",\"@id\":\"https:\/\/jensens.com\/sv\/jobb\/#breadcrumb\",\"itemListElement\":[{\"@type\":\"ListItem\",\"position\":1,\"name\":\"Home\",\"item\":\"https:\/\/jensens.com\/sv\/\"},{\"@type\":\"ListItem\",\"position\":2,\"name\":\"Jobb\"}]},{\"@type\":\"WebSite\",\"@id\":\"https:\/\/jensens.com\/sv\/#website\",\"url\":\"https:\/\/jensens.com\/sv\/\",\"name\":\"Jensens\",\"description\":\"\",\"potentialAction\":[{\"@type\":\"SearchAction\",\"target\":{\"@type\":\"EntryPoint\",\"urlTemplate\":\"https:\/\/jensens.com\/sv\/?s={search_term_string}\"},\"query-input\":{\"@type\":\"PropertyValueSpecification\",\"valueRequired\":true,\"valueName\":\"search_term_string\"}}],\"inLanguage\":\"sv-SE\"}]}<\/script>\n<!-- \/ Yoast SEO Premium plugin. -->","yoast_head_json":{"title":"Jobb - Jensens","robots":{"index":"index","follow":"follow","max-snippet":"max-snippet:-1","max-image-preview":"max-image-preview:large","max-video-preview":"max-video-preview:-1"},"canonical":"https:\/\/jensens.com\/sv\/jobb\/","og_locale":"sv_SE","og_type":"article","og_title":"Jobb","og_url":"https:\/\/jensens.com\/sv\/jobb\/","og_site_name":"Jensens","article_modified_time":"2023-07-12T09:08:36+00:00","twitter_card":"summary_large_image","schema":{"@context":"https:\/\/schema.org","@graph":[{"@type":"WebPage","@id":"https:\/\/jensens.com\/sv\/jobb\/","url":"https:\/\/jensens.com\/sv\/jobb\/","name":"Jobb - Jensens","isPartOf":{"@id":"https:\/\/jensens.com\/sv\/#website"},"datePublished":"2022-06-02T11:32:06+00:00","dateModified":"2023-07-12T09:08:36+00:00","breadcrumb":{"@id":"https:\/\/jensens.com\/sv\/jobb\/#breadcrumb"},"inLanguage":"sv-SE","potentialAction":[{"@type":"ReadAction","target":["https:\/\/jensens.com\/sv\/jobb\/"]}]},{"@type":"BreadcrumbList","@id":"https:\/\/jensens.com\/sv\/jobb\/#breadcrumb","itemListElement":[{"@type":"ListItem","position":1,"name":"Home","item":"https:\/\/jensens.com\/sv\/"},{"@type":"ListItem","position":2,"name":"Jobb"}]},{"@type":"WebSite","@id":"https:\/\/jensens.com\/sv\/#website","url":"https:\/\/jensens.com\/sv\/","name":"Jensens","description":"","potentialAction":[{"@type":"SearchAction","target":{"@type":"EntryPoint","urlTemplate":"https:\/\/jensens.com\/sv\/?s={search_term_string}"},"query-input":{"@type":"PropertyValueSpecification","valueRequired":true,"valueName":"search_term_string"}}],"inLanguage":"sv-SE"}]}},"_links":{"self":[{"href":"https:\/\/jensens.com\/sv\/wp-json\/wp\/v2\/pages\/19230132","targetHints":{"allow":["GET"]}}],"collection":[{"href":"https:\/\/jensens.com\/sv\/wp-json\/wp\/v2\/pages"}],"about":[{"href":"https:\/\/jensens.com\/sv\/wp-json\/wp\/v2\/types\/page"}],"author":[{"embeddable":true,"href":"https:\/\/jensens.com\/sv\/wp-json\/wp\/v2\/users\/3"}],"replies":[{"embeddable":true,"href":"https:\/\/jensens.com\/sv\/wp-json\/wp\/v2\/comments?post=19230132"}],"version-history":[{"count":49,"href":"https:\/\/jensens.com\/sv\/wp-json\/wp\/v2\/pages\/19230132\/revisions"}],"predecessor-version":[{"id":371801368,"href":"https:\/\/jensens.com\/sv\/wp-json\/wp\/v2\/pages\/19230132\/revisions\/371801368"}],"wp:attachment":[{"href":"https:\/\/jensens.com\/sv\/wp-json\/wp\/v2\/media?parent=19230132"}],"curies":[{"name":"wp","href":"https:\/\/api.w.org\/{rel}","templated":true}]}}