{"id":19230133,"date":"2022-06-16T05:47:50","date_gmt":"2022-06-16T03:47:50","guid":{"rendered":"https:\/\/stoic-haibt.89-188-76-10.plesk.page\/persondatapolitik-vilkaar\/"},"modified":"2022-11-24T09:57:48","modified_gmt":"2022-11-24T08:57:48","slug":"integritetspolicy","status":"publish","type":"page","link":"https:\/\/jensens.com\/sv\/integritetspolicy\/","title":{"rendered":"Cookie- och integritetspolicy"},"content":{"rendered":"\r\n<div id=\"textBlock-block_e7cea692aa9f9065c8d2f5109192c422\" class=\"textBlock textBlock--left\">\r\n\t<div class=\"container\">\r\n\t\t<div class=\"row\">\r\n\t\t\t<div class=\"col-12 col-lg-10 col-xl-8 offset-xl-2 offset-lg-1\" data-aos=\"fade-up\" data-aos-duration=\"800\" data-aos-offset=\"-150\">\r\n\t\t\t\t<div class=\"textBlock__inner\">\r\n\t\t\t\t\t<h1>Cookie- och integritetspolicy hos Jensens B\u00f8fhus<\/h1>\n<p>N\u00e4r du bes\u00f6ker jensens.com, clubjensens.se, take-away.dk samt spelar med i v\u00e5ra spel p\u00e5 app.leadfamly.com samlar Jensens B\u00f8fhus A\/S och DANSKE FAMILIERESTAURANTER A\/S (CVR-nummer 81684316) in information om dina r\u00f6relser p\u00e5 v\u00e5r(a) webbplats(er).<\/p>\n<p>Dessa uppgifter anv\u00e4nds f\u00f6r att f\u00f6rb\u00e4ttra din upplevelser, bed\u00f6ma anv\u00e4ndningen av enskilda komponenter p\u00e5 webbplatsen jensens.com och f\u00f6r att st\u00f6dja v\u00e5r marknadsf\u00f6ring av erbjudandena fr\u00e5n Jensens B\u00f8fhus och Danske Famillierestauranter.<\/p>\n<p>Om du inte vill att uppgifter samlas in b\u00f6r du radera dina cookies och upph\u00f6ra att anv\u00e4nda webbplatsen (<a href=\"blank\">klicka h\u00e4r f\u00f6r att se instruktioner<\/a>).<\/p>\n<p>Nedan kan du l\u00e4sa ing\u00e5ende om de uppgifter som vi samlar in, hur vi behandlar dem, vad vi anv\u00e4nder dem till, vem som har tillg\u00e5ng till uppgifterna och hur du kontaktar Jensens B\u00f8fhus A\/S ang\u00e5ende cookies och integritetspolicy.<\/p>\n<p>Insamlingen av uppgifter p\u00e5 jensens.com och tillh\u00f6rande dom\u00e4ner (s\u00e5som n\u00e4mndes i det f\u00f6rsta stycket i denna text) sker inom ramen f\u00f6r g\u00e4llande lagstiftning. S\u00e5vida behandling av personuppgifter, som inte \u00e4r offentligt tillg\u00e4ngliga, g\u00f6rs via webbplatsen kommer behandlingen att ske i \u00f6verensst\u00e4mmelse med personuppgiftslagen.<\/p>\n<p><strong>Cookies<br \/>\n<\/strong>Webbplatsen jensens.com anv\u00e4nder cookies. Cookies \u00e4r en textfil som sparas p\u00e5 din dator, mobil eller motsvarande enhet. Syftet \u00e4r att k\u00e4nna igen enheten, minnas inst\u00e4llningar, utf\u00f6ra statistik och rikta annonser.<\/p>\n<p>Det finns inga personuppgifter sparade i v\u00e5ra cookies och cookies kan inte inneh\u00e5lla skadlig kod som t.ex. virus. Det \u00e4r m\u00f6jligt att radera eller blockera cookies. <a href=\"blank\">Klicka h\u00e4r<\/a> f\u00f6r att se instruktioner.<\/p>\n<p>Observera att om du raderar eller blockerar cookies kan du dessutom riskera att webbplatsen inte fungerar optimalt samt att det finns inneh\u00e5ll som du inte f\u00e5r tillg\u00e5ng till.<\/p>\n<p><strong>Anv\u00e4ndning av personuppgifter<br \/>\n<\/strong>Personuppgifter \u00e4r alla slags uppgifter som kan h\u00e4nf\u00f6ras direkt till dig. N\u00e4r du anv\u00e4nder v\u00e5r webbplats samlar vi in och behandlar en rad s\u00e5dana uppgifter. Det sker t.ex. vid allm\u00e4n tillg\u00e5ng av webbplatsens inneh\u00e5ll om du anm\u00e4ler dig till v\u00e5rt nyhetsbrev, deltar i t\u00e4vlingar eller unders\u00f6kningar, registrerar dig som medlem eller prenumerant av Jensens B\u00f8fhus lojalitetsprogram Club Jensens, bokar bord online eller g\u00f6r k\u00f6p via webbplatsen.<\/p>\n<p>Vi samlar in och behandlar vanligtvis f\u00f6ljande typer av uppgifter: Ett unikt id och teknisk information om din dator, surfplatta eller mobiltelefon, din ip-adress, geografisk placering samt vilka sidor du klickar p\u00e5 (intressen). I den omfattning du sj\u00e4lv ger explicit samtycke och sj\u00e4lv anger uppgifterna behandlas \u00e4ven namn, telefonnummer, e-postadress, adress och betalningsuppgifter. Det sker normalt i samband med inloggning eller vid ett k\u00f6p.<\/p>\n<p><strong>S\u00e4kerhet<br \/>\n<\/strong>Vi behandlar dina personuppgifter p\u00e5 ett s\u00e4kert och konfidentiellt s\u00e4tt i \u00f6verensst\u00e4mmelse med g\u00e4llande lagstiftning, d\u00e4ribland personuppgiftslagen och dataskyddslagen. Dina uppgifter kommer enbart att anv\u00e4ndas f\u00f6r det syfte som de samlats in f\u00f6r och raderas n\u00e4r detta syfte har uppfyllts eller inte l\u00e4ngre \u00e4r relevant.<\/p>\n<p>Vi har vidtagit tekniska och organisatoriska \u00e5tg\u00e4rder mot att dina uppgifter oavsiktligt eller otill\u00e5tet raderas, offentligg\u00f6rs, f\u00f6rloras, f\u00f6rverkas eller kommer till obeh\u00f6rigas k\u00e4nnedom, missbrukas eller p\u00e5 annat s\u00e4tt behandlas i strid med lagstiftningen.<\/p>\n<p><strong>Syfte<br \/>\n<\/strong>Vi anv\u00e4nder cookies f\u00f6r att f\u00f6ra demografisk och anv\u00e4ndarrelaterad statistik. P\u00e5 s\u00e5 s\u00e4tt f\u00e5r vi m\u00f6jlighet att anpassa och skapa inneh\u00e5ll och tj\u00e4nster som \u00f6verensst\u00e4mmer med dina och \u00f6vriga anv\u00e4ndares intressen och \u00f6nskem\u00e5l. Ditt samtycke g\u00e4ller f\u00f6r jensens.com och relaterade dom\u00e4nnamn\/webbplatser som administreras av Jensens B\u00f8fhus A\/S (se f\u00f6rsta stycket \u00f6verst i texten).<\/p>\n<p><strong>Lagringsperiod<br \/>\n<\/strong>Uppgifterna lagras under den period som \u00e4r till\u00e5ten enligt lagen och vi raderar dem n\u00e4r de inte l\u00e4ngre \u00e4r n\u00f6dv\u00e4ndiga. Perioden beror p\u00e5 typen av uppgifter och orsaken till lagringen. Det \u00e4r d\u00e4rf\u00f6r inte m\u00f6jligt att ange en generell tidsram f\u00f6r n\u00e4r olika uppgifter raderas.<\/p>\n<p><strong>\u00d6verf\u00f6ring av uppgifter och tredjepartscookies<br \/>\n<\/strong>Jensens.com anv\u00e4nder en rad tredjepartstj\u00e4nster p\u00e5 webbplatsen: Meta (d\u00e4ribland Facebook och Instagram), Google, Bord i Byen och Playable. Dessa tredjepartskomponenter inneb\u00e4r att innehavaren av dem kan ta emot tekniska data om din webbl\u00e4sare, ip-adress och vilken sida du bes\u00f6ker p\u00e5 jensens.com. Dessa tj\u00e4nster anv\u00e4nder ocks\u00e5 cookies. Observera att du kan v\u00e4lja att avvisa tredjepartscookies i din webbl\u00e4sare. Personuppgifter \u00f6verf\u00f6rs inte till tredje part s\u00e5vida du inte uttryckligen ger ditt samtycke till det.<\/p>\n<p>Observera att om du samtidigt med ditt bes\u00f6k p\u00e5 jensens.com \u00e4r inloggad p\u00e5 t.ex. Facebook eller Google, s\u00e5 \u00e4r det m\u00f6jligt f\u00f6r Facebook och Google att knyta dessa data till din profil. Den behandling som innehavaren av tredjepartskomponenter kan g\u00f6ra utifr\u00e5n detta ligger utanf\u00f6r Jensens B\u00f8fhus kontroll och \u00e4r enbart en fr\u00e5ga mellan dig som bes\u00f6kare p\u00e5 webbplatsen och innehavaren av tredjepartskomponenterna.<\/p>\n<p>Vi anv\u00e4nder h\u00e4rut\u00f6ver en rad tredje parter f\u00f6r lagring och behandling av uppgifter. De behandlar enbart uppgifter p\u00e5 uppdrag av Jensens B\u00f8fhus och f\u00e5r inte anv\u00e4nda dem f\u00f6r egna syften.<\/p>\n<p>\u00d6verf\u00f6ring av personuppgifter som namn och e-postadress m.m. kan bara g\u00f6ras om du samtycker till det. Jensens B\u00f8fhus anv\u00e4nder bara personuppgiftsbitr\u00e4den i EU.<\/p>\n<p><strong>Skydd av personuppgifter<br \/>\n<\/strong>I enlighet med lagen ska dina personuppgifter f\u00f6rvaras s\u00e4kert och konfidentiellt. Vi sparar dina personuppgifter p\u00e5 servrar med skyddad \u00e5tkomst som \u00e4r placerade i kontrollerade lokaler och v\u00e5ra s\u00e4kerhets\u00e5tg\u00e4rder kontrolleras kontinuerligt. Det g\u00f6r vi f\u00f6r att avg\u00f6ra om v\u00e5ra anv\u00e4ndaruppgifter hanteras ansvarsfullt och under st\u00e4ndigt h\u00e4nsyn till dina r\u00e4ttigheter som anv\u00e4ndare.<\/p>\n<p>Det g\u00e5r aldrig att till 100 procent garantera s\u00e4kerheten vid uppgifts\u00f6verf\u00f6ring via internet. N\u00e4r uppgifter skickas och lagras elektroniskt inneb\u00e4r det en potentiell risk f\u00f6r att obeh\u00f6riga tilltvingar sig \u00e5tkomst till uppgifterna. Du l\u00e4mnar s\u00e5ledes dina personuppgifter p\u00e5 eget ansvar. Personuppgifter raderas eller anonymiseras kontinuerligt.<\/p>\n<p>Den expanderande utvecklingen och anv\u00e4ndningen av digitala verktyg inneb\u00e4r att \u00e4ndringar i v\u00e5r behandling av personuppgifter kan bli n\u00f6dv\u00e4ndiga. Vi f\u00f6rbeh\u00e5ller oss d\u00e4rf\u00f6r r\u00e4tten att uppdatera och \u00e4ndra befintliga riktlinjer f\u00f6r behandling av personuppgifter. Du kan alltid se n\u00e4r riktlinjerna uppdaterades senast, l\u00e4ngst ner p\u00e5 denna sida. I h\u00e4ndelse av v\u00e4sentliga \u00e4ndringar informerar vi tydligt om detta p\u00e5 webbplatsen.<\/p>\n<p><strong>Insyn och klagom\u00e5l<\/strong><br \/>\nDu har r\u00e4tt att f\u00e5 information om vilka personuppgifter vi behandlar om dig i ett allm\u00e4nt tillg\u00e4ngligt format. Du kan dessutom n\u00e4r som helst g\u00f6ra inv\u00e4ndningar mot att uppgifter anv\u00e4nds. Du kan \u00e4ven \u00e5terkalla ditt samtycke om att uppgifter om dig behandlas.<\/p>\n<p>Om de uppgifter om dig som behandlas \u00e4r felaktiga har du r\u00e4tt att f\u00e5 dem r\u00e4ttade eller raderade. Kontakta d\u00e5: <a href=\"mailto:info@jensens.com\">info@jensens.com<\/a><u>.<\/u> Om du vill klaga \u00f6ver v\u00e5r behandling av dina personuppgifter har du ocks\u00e5 m\u00f6jlighet att kontakta <a href=\"https:\/\/www.imy.se\/\" target=\"_blank\" rel=\"noopener\">Integritetsskyddsmyndigheten<\/a>.<\/p>\n<p>Om du inte l\u00e4ngre vill att vi ska behandla dina personuppgifter eller att vi ska begr\u00e4nsa behandlingen av dina personuppgifter, kan du \u00e4ven skicka oss en beg\u00e4ran om detta till ovanst\u00e5ende e-postadress.<\/p>\n<p><strong>Utgivare<br \/>\n<\/strong>Webbplatsen \u00e4gs och publiceras av:<\/p>\n<p>Jensens B\u00f8fhus A\/S<br \/>\nL\u00e6ss\u00f8egade 215<br \/>\nDK-5230 Odense M<\/p>\n<p>Tel.: +45 70 30 40 50<br \/>\nE-post:\u00a0<a href=\"mailto:info@jensens.com\">info@jensens.com<\/a><\/p>\n<p>&nbsp;<\/p>\n<p><em>Uppdaterad: 14 oktober 2022<\/em><\/p>\n\t\t\t\t\t<div class=\"textBlock__inner__buttons\">\r\n\t\t\t\t\t\t\t\t\t\t\t<\/div>\r\n\t\t\t\t<\/div>\r\n\t\t\t\t\t\t\t<\/div>\r\n\t\t<\/div>\r\n\t<\/div>\r\n<\/div>","protected":false},"excerpt":{"rendered":"","protected":false},"author":3,"featured_media":0,"parent":0,"menu_order":0,"comment_status":"closed","ping_status":"closed","template":"","meta":{"_acf_changed":false,"inline_featured_image":false,"footnotes":""},"class_list":["post-19230133","page","type-page","status-publish","hentry"],"acf":[],"yoast_head":"<!-- This site is optimized with the Yoast SEO Premium plugin v26.9 (Yoast SEO v26.9) - https:\/\/yoast.com\/product\/yoast-seo-premium-wordpress\/ -->\n<title>Cookie- och integritetspolicy - Jensens<\/title>\n<meta name=\"robots\" content=\"noindex, follow\" \/>\n<meta property=\"og:locale\" content=\"sv_SE\" \/>\n<meta property=\"og:type\" content=\"article\" \/>\n<meta property=\"og:title\" content=\"Cookie- och integritetspolicy\" \/>\n<meta property=\"og:url\" content=\"https:\/\/jensens.com\/sv\/integritetspolicy\/\" \/>\n<meta property=\"og:site_name\" content=\"Jensens\" \/>\n<meta property=\"article:modified_time\" content=\"2022-11-24T08:57:48+00:00\" \/>\n<meta name=\"twitter:card\" content=\"summary_large_image\" \/>\n<script type=\"application\/ld+json\" class=\"yoast-schema-graph\">{\"@context\":\"https:\/\/schema.org\",\"@graph\":[{\"@type\":\"WebPage\",\"@id\":\"https:\/\/jensens.com\/sv\/integritetspolicy\/\",\"url\":\"https:\/\/jensens.com\/sv\/integritetspolicy\/\",\"name\":\"Cookie- och integritetspolicy - Jensens\",\"isPartOf\":{\"@id\":\"https:\/\/jensens.com\/sv\/#website\"},\"datePublished\":\"2022-06-16T03:47:50+00:00\",\"dateModified\":\"2022-11-24T08:57:48+00:00\",\"breadcrumb\":{\"@id\":\"https:\/\/jensens.com\/sv\/integritetspolicy\/#breadcrumb\"},\"inLanguage\":\"sv-SE\",\"potentialAction\":[{\"@type\":\"ReadAction\",\"target\":[\"https:\/\/jensens.com\/sv\/integritetspolicy\/\"]}]},{\"@type\":\"BreadcrumbList\",\"@id\":\"https:\/\/jensens.com\/sv\/integritetspolicy\/#breadcrumb\",\"itemListElement\":[{\"@type\":\"ListItem\",\"position\":1,\"name\":\"Home\",\"item\":\"https:\/\/jensens.com\/sv\/\"},{\"@type\":\"ListItem\",\"position\":2,\"name\":\"Cookie- och integritetspolicy\"}]},{\"@type\":\"WebSite\",\"@id\":\"https:\/\/jensens.com\/sv\/#website\",\"url\":\"https:\/\/jensens.com\/sv\/\",\"name\":\"Jensens\",\"description\":\"\",\"potentialAction\":[{\"@type\":\"SearchAction\",\"target\":{\"@type\":\"EntryPoint\",\"urlTemplate\":\"https:\/\/jensens.com\/sv\/?s={search_term_string}\"},\"query-input\":{\"@type\":\"PropertyValueSpecification\",\"valueRequired\":true,\"valueName\":\"search_term_string\"}}],\"inLanguage\":\"sv-SE\"}]}<\/script>\n<!-- \/ Yoast SEO Premium plugin. -->","yoast_head_json":{"title":"Cookie- och integritetspolicy - Jensens","robots":{"index":"noindex","follow":"follow"},"og_locale":"sv_SE","og_type":"article","og_title":"Cookie- och integritetspolicy","og_url":"https:\/\/jensens.com\/sv\/integritetspolicy\/","og_site_name":"Jensens","article_modified_time":"2022-11-24T08:57:48+00:00","twitter_card":"summary_large_image","schema":{"@context":"https:\/\/schema.org","@graph":[{"@type":"WebPage","@id":"https:\/\/jensens.com\/sv\/integritetspolicy\/","url":"https:\/\/jensens.com\/sv\/integritetspolicy\/","name":"Cookie- och integritetspolicy - Jensens","isPartOf":{"@id":"https:\/\/jensens.com\/sv\/#website"},"datePublished":"2022-06-16T03:47:50+00:00","dateModified":"2022-11-24T08:57:48+00:00","breadcrumb":{"@id":"https:\/\/jensens.com\/sv\/integritetspolicy\/#breadcrumb"},"inLanguage":"sv-SE","potentialAction":[{"@type":"ReadAction","target":["https:\/\/jensens.com\/sv\/integritetspolicy\/"]}]},{"@type":"BreadcrumbList","@id":"https:\/\/jensens.com\/sv\/integritetspolicy\/#breadcrumb","itemListElement":[{"@type":"ListItem","position":1,"name":"Home","item":"https:\/\/jensens.com\/sv\/"},{"@type":"ListItem","position":2,"name":"Cookie- och integritetspolicy"}]},{"@type":"WebSite","@id":"https:\/\/jensens.com\/sv\/#website","url":"https:\/\/jensens.com\/sv\/","name":"Jensens","description":"","potentialAction":[{"@type":"SearchAction","target":{"@type":"EntryPoint","urlTemplate":"https:\/\/jensens.com\/sv\/?s={search_term_string}"},"query-input":{"@type":"PropertyValueSpecification","valueRequired":true,"valueName":"search_term_string"}}],"inLanguage":"sv-SE"}]}},"_links":{"self":[{"href":"https:\/\/jensens.com\/sv\/wp-json\/wp\/v2\/pages\/19230133","targetHints":{"allow":["GET"]}}],"collection":[{"href":"https:\/\/jensens.com\/sv\/wp-json\/wp\/v2\/pages"}],"about":[{"href":"https:\/\/jensens.com\/sv\/wp-json\/wp\/v2\/types\/page"}],"author":[{"embeddable":true,"href":"https:\/\/jensens.com\/sv\/wp-json\/wp\/v2\/users\/3"}],"replies":[{"embeddable":true,"href":"https:\/\/jensens.com\/sv\/wp-json\/wp\/v2\/comments?post=19230133"}],"version-history":[{"count":23,"href":"https:\/\/jensens.com\/sv\/wp-json\/wp\/v2\/pages\/19230133\/revisions"}],"predecessor-version":[{"id":368303370,"href":"https:\/\/jensens.com\/sv\/wp-json\/wp\/v2\/pages\/19230133\/revisions\/368303370"}],"wp:attachment":[{"href":"https:\/\/jensens.com\/sv\/wp-json\/wp\/v2\/media?parent=19230133"}],"curies":[{"name":"wp","href":"https:\/\/api.w.org\/{rel}","templated":true}]}}