{"id":19230135,"date":"2022-06-16T05:48:22","date_gmt":"2022-06-16T05:48:22","guid":{"rendered":"https:\/\/stoic-haibt.89-188-76-10.plesk.page\/?page_id=19230135"},"modified":"2024-10-01T14:25:58","modified_gmt":"2024-10-01T12:25:58","slug":"om-jensens-bofhus","status":"publish","type":"page","link":"https:\/\/jensens.com\/sv\/om-jensens-bofhus\/","title":{"rendered":"Om Jensens B\u00f8fhus"},"content":{"rendered":"\r\n<div id=\"textBlock-block_9526ff321084c258c100a01a9dccc34b\" class=\"textBlock textBlock--left\">\r\n\t<div class=\"container\">\r\n\t\t<div class=\"row\">\r\n\t\t\t<div class=\"col-12 col-lg-10 col-xl-8 offset-xl-2 offset-lg-1\" data-aos=\"fade-up\" data-aos-duration=\"800\" data-aos-offset=\"-150\">\r\n\t\t\t\t<div class=\"textBlock__inner\">\r\n\t\t\t\t\t<h1>Om Jensens B\u00f8fhus<\/h1>\n<h2><strong>Det handlar om att tillbringa tid med dem du tycker om<\/strong><\/h2>\n<h3><strong>Oavsett om dina g\u00e4ster f\u00f6redrar cocktails eller lekrummet<\/strong><\/h3>\n<p>I mer \u00e4n 30 \u00e5r har Jensens B\u00f8fhus serverat massor av Favoritbiffar, fries, mjukglass i l\u00e5\u00e5\u00e5nga rader och mycket annat. Det g\u00f6r vi fortfarande. Och vi \u00e4r glada \u00f6ver att ha kunnat m\u00e4tta barn och vuxna, och barn som nu har blivit vuxna och f\u00e5tt egna barn, och alla andra barn, vuxna, mor- och farf\u00f6r\u00e4ldrar, v\u00e4nner, kolleger och potentiella k\u00e4rlekspar som tittar f\u00f6rbi hos oss.<\/p>\n<p><strong>Stor meny, service med ett leende och obegr\u00e4nsat med mjukglass<\/strong><\/p>\n<p>Vi finns h\u00e4r f\u00f6r dig som vill ha en god och avslappnad m\u00e5ltid och service med ett leende. Vi har en stor meny och du ska nog bli m\u00e4tt. Vi har allt fr\u00e5n lekrum till cocktails, och vi \u00e4r inte s\u00e5 noga med i om vinet serveras fr\u00e5n h\u00f6ger eller v\u00e4nster, om du vill ha mjukglass till f\u00f6rr\u00e4tt och huvudr\u00e4tt eller om dina barn r\u00e5kar spilla. Strunt i det (f\u00f6r det finns annat som \u00e4r viktigare, eller hur?).<\/p>\n<p>V\u00e5r fr\u00e4msta uppgift \u00e4r att se till att du f\u00e5r en fin upplevelse med dina n\u00e4ra och k\u00e4ra, n\u00e4r ni har avsatt tid f\u00f6r att vara tillsammans. F\u00f6r den goda samvaron som skapar fina minnen \u00e4r i sj\u00e4lva verket det viktigaste vi kan servera v\u00e5ra g\u00e4ster.<\/p>\n<p>Vi ser fram emot ditt bes\u00f6k.<\/p>\n\t\t\t\t\t<div class=\"textBlock__inner__buttons\">\r\n\t\t\t\t\t\t\t\t\t\t\t<\/div>\r\n\t\t\t\t<\/div>\r\n\t\t\t\t\t\t\t<\/div>\r\n\t\t<\/div>\r\n\t<\/div>\r\n<\/div>","protected":false},"excerpt":{"rendered":"","protected":false},"author":3,"featured_media":0,"parent":0,"menu_order":0,"comment_status":"closed","ping_status":"closed","template":"","meta":{"_acf_changed":false,"inline_featured_image":false,"footnotes":""},"class_list":["post-19230135","page","type-page","status-publish","hentry"],"acf":[],"yoast_head":"<!-- This site is optimized with the Yoast SEO Premium plugin v26.9 (Yoast SEO v26.9) - https:\/\/yoast.com\/product\/yoast-seo-premium-wordpress\/ -->\n<title>Om Jensens B\u00f8fhus \u2013 30 \u00e5r med traditioner<\/title>\n<meta name=\"description\" content=\"I snart 30 \u00e5r har v\u00e5ra restauranger skapat trevliga f\u00f6ruts\u00e4ttningar f\u00f6r b\u00e5de sm\u00e5 och stora firanden. L\u00e4s mer om Jensens B\u00f8fhus grundtanke och vision.\" \/>\n<meta name=\"robots\" content=\"index, follow, max-snippet:-1, max-image-preview:large, max-video-preview:-1\" \/>\n<link rel=\"canonical\" href=\"https:\/\/jensens.com\/sv\/om-jensens-bofhus\/\" \/>\n<meta property=\"og:locale\" content=\"sv_SE\" \/>\n<meta property=\"og:type\" content=\"article\" \/>\n<meta property=\"og:title\" content=\"Om Jensens B\u00f8fhus\" \/>\n<meta property=\"og:description\" content=\"I snart 30 \u00e5r har v\u00e5ra restauranger skapat trevliga f\u00f6ruts\u00e4ttningar f\u00f6r b\u00e5de sm\u00e5 och stora firanden. L\u00e4s mer om Jensens B\u00f8fhus grundtanke och vision.\" \/>\n<meta property=\"og:url\" content=\"https:\/\/jensens.com\/sv\/om-jensens-bofhus\/\" \/>\n<meta property=\"og:site_name\" content=\"Jensens\" \/>\n<meta property=\"article:modified_time\" content=\"2024-10-01T12:25:58+00:00\" \/>\n<meta name=\"twitter:card\" content=\"summary_large_image\" \/>\n<script type=\"application\/ld+json\" class=\"yoast-schema-graph\">{\"@context\":\"https:\/\/schema.org\",\"@graph\":[{\"@type\":\"WebPage\",\"@id\":\"https:\/\/jensens.com\/sv\/om-jensens-bofhus\/\",\"url\":\"https:\/\/jensens.com\/sv\/om-jensens-bofhus\/\",\"name\":\"Om Jensens B\u00f8fhus \u2013 30 \u00e5r med traditioner\",\"isPartOf\":{\"@id\":\"https:\/\/jensens.com\/sv\/#website\"},\"datePublished\":\"2022-06-16T05:48:22+00:00\",\"dateModified\":\"2024-10-01T12:25:58+00:00\",\"description\":\"I snart 30 \u00e5r har v\u00e5ra restauranger skapat trevliga f\u00f6ruts\u00e4ttningar f\u00f6r b\u00e5de sm\u00e5 och stora firanden. L\u00e4s mer om Jensens B\u00f8fhus grundtanke och vision.\",\"breadcrumb\":{\"@id\":\"https:\/\/jensens.com\/sv\/om-jensens-bofhus\/#breadcrumb\"},\"inLanguage\":\"sv-SE\",\"potentialAction\":[{\"@type\":\"ReadAction\",\"target\":[\"https:\/\/jensens.com\/sv\/om-jensens-bofhus\/\"]}]},{\"@type\":\"BreadcrumbList\",\"@id\":\"https:\/\/jensens.com\/sv\/om-jensens-bofhus\/#breadcrumb\",\"itemListElement\":[{\"@type\":\"ListItem\",\"position\":1,\"name\":\"Home\",\"item\":\"https:\/\/jensens.com\/sv\/\"},{\"@type\":\"ListItem\",\"position\":2,\"name\":\"Om Jensens B\u00f8fhus\"}]},{\"@type\":\"WebSite\",\"@id\":\"https:\/\/jensens.com\/sv\/#website\",\"url\":\"https:\/\/jensens.com\/sv\/\",\"name\":\"Jensens\",\"description\":\"\",\"potentialAction\":[{\"@type\":\"SearchAction\",\"target\":{\"@type\":\"EntryPoint\",\"urlTemplate\":\"https:\/\/jensens.com\/sv\/?s={search_term_string}\"},\"query-input\":{\"@type\":\"PropertyValueSpecification\",\"valueRequired\":true,\"valueName\":\"search_term_string\"}}],\"inLanguage\":\"sv-SE\"}]}<\/script>\n<!-- \/ Yoast SEO Premium plugin. -->","yoast_head_json":{"title":"Om Jensens B\u00f8fhus \u2013 30 \u00e5r med traditioner","description":"I snart 30 \u00e5r har v\u00e5ra restauranger skapat trevliga f\u00f6ruts\u00e4ttningar f\u00f6r b\u00e5de sm\u00e5 och stora firanden. L\u00e4s mer om Jensens B\u00f8fhus grundtanke och vision.","robots":{"index":"index","follow":"follow","max-snippet":"max-snippet:-1","max-image-preview":"max-image-preview:large","max-video-preview":"max-video-preview:-1"},"canonical":"https:\/\/jensens.com\/sv\/om-jensens-bofhus\/","og_locale":"sv_SE","og_type":"article","og_title":"Om Jensens B\u00f8fhus","og_description":"I snart 30 \u00e5r har v\u00e5ra restauranger skapat trevliga f\u00f6ruts\u00e4ttningar f\u00f6r b\u00e5de sm\u00e5 och stora firanden. L\u00e4s mer om Jensens B\u00f8fhus grundtanke och vision.","og_url":"https:\/\/jensens.com\/sv\/om-jensens-bofhus\/","og_site_name":"Jensens","article_modified_time":"2024-10-01T12:25:58+00:00","twitter_card":"summary_large_image","schema":{"@context":"https:\/\/schema.org","@graph":[{"@type":"WebPage","@id":"https:\/\/jensens.com\/sv\/om-jensens-bofhus\/","url":"https:\/\/jensens.com\/sv\/om-jensens-bofhus\/","name":"Om Jensens B\u00f8fhus \u2013 30 \u00e5r med traditioner","isPartOf":{"@id":"https:\/\/jensens.com\/sv\/#website"},"datePublished":"2022-06-16T05:48:22+00:00","dateModified":"2024-10-01T12:25:58+00:00","description":"I snart 30 \u00e5r har v\u00e5ra restauranger skapat trevliga f\u00f6ruts\u00e4ttningar f\u00f6r b\u00e5de sm\u00e5 och stora firanden. L\u00e4s mer om Jensens B\u00f8fhus grundtanke och vision.","breadcrumb":{"@id":"https:\/\/jensens.com\/sv\/om-jensens-bofhus\/#breadcrumb"},"inLanguage":"sv-SE","potentialAction":[{"@type":"ReadAction","target":["https:\/\/jensens.com\/sv\/om-jensens-bofhus\/"]}]},{"@type":"BreadcrumbList","@id":"https:\/\/jensens.com\/sv\/om-jensens-bofhus\/#breadcrumb","itemListElement":[{"@type":"ListItem","position":1,"name":"Home","item":"https:\/\/jensens.com\/sv\/"},{"@type":"ListItem","position":2,"name":"Om Jensens B\u00f8fhus"}]},{"@type":"WebSite","@id":"https:\/\/jensens.com\/sv\/#website","url":"https:\/\/jensens.com\/sv\/","name":"Jensens","description":"","potentialAction":[{"@type":"SearchAction","target":{"@type":"EntryPoint","urlTemplate":"https:\/\/jensens.com\/sv\/?s={search_term_string}"},"query-input":{"@type":"PropertyValueSpecification","valueRequired":true,"valueName":"search_term_string"}}],"inLanguage":"sv-SE"}]}},"_links":{"self":[{"href":"https:\/\/jensens.com\/sv\/wp-json\/wp\/v2\/pages\/19230135","targetHints":{"allow":["GET"]}}],"collection":[{"href":"https:\/\/jensens.com\/sv\/wp-json\/wp\/v2\/pages"}],"about":[{"href":"https:\/\/jensens.com\/sv\/wp-json\/wp\/v2\/types\/page"}],"author":[{"embeddable":true,"href":"https:\/\/jensens.com\/sv\/wp-json\/wp\/v2\/users\/3"}],"replies":[{"embeddable":true,"href":"https:\/\/jensens.com\/sv\/wp-json\/wp\/v2\/comments?post=19230135"}],"version-history":[{"count":11,"href":"https:\/\/jensens.com\/sv\/wp-json\/wp\/v2\/pages\/19230135\/revisions"}],"predecessor-version":[{"id":371821415,"href":"https:\/\/jensens.com\/sv\/wp-json\/wp\/v2\/pages\/19230135\/revisions\/371821415"}],"wp:attachment":[{"href":"https:\/\/jensens.com\/sv\/wp-json\/wp\/v2\/media?parent=19230135"}],"curies":[{"name":"wp","href":"https:\/\/api.w.org\/{rel}","templated":true}]}}