{"id":19230138,"date":"2022-05-30T13:45:51","date_gmt":"2022-05-30T11:45:51","guid":{"rendered":"https:\/\/stoic-haibt.89-188-76-10.plesk.page\/kampagner-tilbud\/"},"modified":"2023-06-08T13:34:31","modified_gmt":"2023-06-08T11:34:31","slug":"kampanjer-erbjudande","status":"publish","type":"page","link":"https:\/\/jensens.com\/sv\/kampanjer-erbjudande\/","title":{"rendered":"Kampanjer &#038; erbjudande"},"content":{"rendered":"\r\n<div id=\"textBlock-block_b1432d39c9558c88a0f316e954e964df\" class=\"textBlock textBlock--left\">\r\n\t<div class=\"container\">\r\n\t\t<div class=\"row\">\r\n\t\t\t<div class=\"col-12 col-lg-10 col-xl-8 offset-xl-2 offset-lg-1\" data-aos=\"fade-up\" data-aos-duration=\"800\" data-aos-offset=\"-150\">\r\n\t\t\t\t<div class=\"textBlock__inner\">\r\n\t\t\t\t\t<h1 style=\"text-align: center\">Erbjudanden f\u00f6r dig<\/h1>\n<p style=\"text-align: center\">P\u00e5 Jensens B\u00f8fhus finns det alltid fr\u00e4scha och frestande erbjudanden eller kampanjer som du hittar p\u00e5 den h\u00e4r sidan. Om du anm\u00e4ler dig till v\u00e5r klubb, eller om du redan \u00e4r medlem i Club Jensens, f\u00e5r du \u00e4nnu fler f\u00f6rdelar. <a href=\"https:\/\/clubjensens.se\/\" target=\"_blank\" rel=\"noopener\">L\u00e4s mer h\u00e4r<\/a><\/p>\n\t\t\t\t\t<div class=\"textBlock__inner__buttons\">\r\n\t\t\t\t\t\t\t\t\t\t\t<\/div>\r\n\t\t\t\t<\/div>\r\n\t\t\t\t\t\t\t<\/div>\r\n\t\t<\/div>\r\n\t<\/div>\r\n<\/div>","protected":false},"excerpt":{"rendered":"","protected":false},"author":3,"featured_media":0,"parent":0,"menu_order":0,"comment_status":"closed","ping_status":"closed","template":"template-parts\/campaign-offer-overview-template.php","meta":{"_acf_changed":false,"inline_featured_image":false,"footnotes":""},"class_list":["post-19230138","page","type-page","status-publish","hentry"],"acf":[],"yoast_head":"<!-- This site is optimized with the Yoast SEO Premium plugin v26.9 (Yoast SEO v26.9) - https:\/\/yoast.com\/product\/yoast-seo-premium-wordpress\/ -->\n<title>Aktuella erbjudanden \u2013 Jensens B\u00f8fhus<\/title>\n<meta name=\"description\" content=\"Det h\u00e4nder alltid n\u00e5got p\u00e5 Jensens B\u00f8fhus! H\u00e4r kan du se v\u00e5ra aktuella erbjudanden och kampanjer.\" \/>\n<meta name=\"robots\" content=\"index, follow, max-snippet:-1, max-image-preview:large, max-video-preview:-1\" \/>\n<link rel=\"canonical\" href=\"https:\/\/jensens.com\/sv\/kampanjer-erbjudande\/\" \/>\n<meta property=\"og:locale\" content=\"sv_SE\" \/>\n<meta property=\"og:type\" content=\"article\" \/>\n<meta property=\"og:title\" content=\"Kampanjer &amp; erbjudande\" \/>\n<meta property=\"og:description\" content=\"Det h\u00e4nder alltid n\u00e5got p\u00e5 Jensens B\u00f8fhus! H\u00e4r kan du se v\u00e5ra aktuella erbjudanden och kampanjer.\" \/>\n<meta property=\"og:url\" content=\"https:\/\/jensens.com\/sv\/kampanjer-erbjudande\/\" \/>\n<meta property=\"og:site_name\" content=\"Jensens\" \/>\n<meta property=\"article:modified_time\" content=\"2023-06-08T11:34:31+00:00\" \/>\n<meta name=\"twitter:card\" content=\"summary_large_image\" \/>\n<script type=\"application\/ld+json\" class=\"yoast-schema-graph\">{\"@context\":\"https:\/\/schema.org\",\"@graph\":[{\"@type\":\"WebPage\",\"@id\":\"https:\/\/jensens.com\/sv\/kampanjer-erbjudande\/\",\"url\":\"https:\/\/jensens.com\/sv\/kampanjer-erbjudande\/\",\"name\":\"Aktuella erbjudanden \u2013 Jensens B\u00f8fhus\",\"isPartOf\":{\"@id\":\"https:\/\/jensens.com\/sv\/#website\"},\"datePublished\":\"2022-05-30T11:45:51+00:00\",\"dateModified\":\"2023-06-08T11:34:31+00:00\",\"description\":\"Det h\u00e4nder alltid n\u00e5got p\u00e5 Jensens B\u00f8fhus! H\u00e4r kan du se v\u00e5ra aktuella erbjudanden och kampanjer.\",\"breadcrumb\":{\"@id\":\"https:\/\/jensens.com\/sv\/kampanjer-erbjudande\/#breadcrumb\"},\"inLanguage\":\"sv-SE\",\"potentialAction\":[{\"@type\":\"ReadAction\",\"target\":[\"https:\/\/jensens.com\/sv\/kampanjer-erbjudande\/\"]}]},{\"@type\":\"BreadcrumbList\",\"@id\":\"https:\/\/jensens.com\/sv\/kampanjer-erbjudande\/#breadcrumb\",\"itemListElement\":[{\"@type\":\"ListItem\",\"position\":1,\"name\":\"Home\",\"item\":\"https:\/\/jensens.com\/sv\/\"},{\"@type\":\"ListItem\",\"position\":2,\"name\":\"Kampanjer &#038; erbjudande\"}]},{\"@type\":\"WebSite\",\"@id\":\"https:\/\/jensens.com\/sv\/#website\",\"url\":\"https:\/\/jensens.com\/sv\/\",\"name\":\"Jensens\",\"description\":\"\",\"potentialAction\":[{\"@type\":\"SearchAction\",\"target\":{\"@type\":\"EntryPoint\",\"urlTemplate\":\"https:\/\/jensens.com\/sv\/?s={search_term_string}\"},\"query-input\":{\"@type\":\"PropertyValueSpecification\",\"valueRequired\":true,\"valueName\":\"search_term_string\"}}],\"inLanguage\":\"sv-SE\"}]}<\/script>\n<!-- \/ Yoast SEO Premium plugin. -->","yoast_head_json":{"title":"Aktuella erbjudanden \u2013 Jensens B\u00f8fhus","description":"Det h\u00e4nder alltid n\u00e5got p\u00e5 Jensens B\u00f8fhus! H\u00e4r kan du se v\u00e5ra aktuella erbjudanden och kampanjer.","robots":{"index":"index","follow":"follow","max-snippet":"max-snippet:-1","max-image-preview":"max-image-preview:large","max-video-preview":"max-video-preview:-1"},"canonical":"https:\/\/jensens.com\/sv\/kampanjer-erbjudande\/","og_locale":"sv_SE","og_type":"article","og_title":"Kampanjer & erbjudande","og_description":"Det h\u00e4nder alltid n\u00e5got p\u00e5 Jensens B\u00f8fhus! H\u00e4r kan du se v\u00e5ra aktuella erbjudanden och kampanjer.","og_url":"https:\/\/jensens.com\/sv\/kampanjer-erbjudande\/","og_site_name":"Jensens","article_modified_time":"2023-06-08T11:34:31+00:00","twitter_card":"summary_large_image","schema":{"@context":"https:\/\/schema.org","@graph":[{"@type":"WebPage","@id":"https:\/\/jensens.com\/sv\/kampanjer-erbjudande\/","url":"https:\/\/jensens.com\/sv\/kampanjer-erbjudande\/","name":"Aktuella erbjudanden \u2013 Jensens B\u00f8fhus","isPartOf":{"@id":"https:\/\/jensens.com\/sv\/#website"},"datePublished":"2022-05-30T11:45:51+00:00","dateModified":"2023-06-08T11:34:31+00:00","description":"Det h\u00e4nder alltid n\u00e5got p\u00e5 Jensens B\u00f8fhus! H\u00e4r kan du se v\u00e5ra aktuella erbjudanden och kampanjer.","breadcrumb":{"@id":"https:\/\/jensens.com\/sv\/kampanjer-erbjudande\/#breadcrumb"},"inLanguage":"sv-SE","potentialAction":[{"@type":"ReadAction","target":["https:\/\/jensens.com\/sv\/kampanjer-erbjudande\/"]}]},{"@type":"BreadcrumbList","@id":"https:\/\/jensens.com\/sv\/kampanjer-erbjudande\/#breadcrumb","itemListElement":[{"@type":"ListItem","position":1,"name":"Home","item":"https:\/\/jensens.com\/sv\/"},{"@type":"ListItem","position":2,"name":"Kampanjer &#038; erbjudande"}]},{"@type":"WebSite","@id":"https:\/\/jensens.com\/sv\/#website","url":"https:\/\/jensens.com\/sv\/","name":"Jensens","description":"","potentialAction":[{"@type":"SearchAction","target":{"@type":"EntryPoint","urlTemplate":"https:\/\/jensens.com\/sv\/?s={search_term_string}"},"query-input":{"@type":"PropertyValueSpecification","valueRequired":true,"valueName":"search_term_string"}}],"inLanguage":"sv-SE"}]}},"_links":{"self":[{"href":"https:\/\/jensens.com\/sv\/wp-json\/wp\/v2\/pages\/19230138","targetHints":{"allow":["GET"]}}],"collection":[{"href":"https:\/\/jensens.com\/sv\/wp-json\/wp\/v2\/pages"}],"about":[{"href":"https:\/\/jensens.com\/sv\/wp-json\/wp\/v2\/types\/page"}],"author":[{"embeddable":true,"href":"https:\/\/jensens.com\/sv\/wp-json\/wp\/v2\/users\/3"}],"replies":[{"embeddable":true,"href":"https:\/\/jensens.com\/sv\/wp-json\/wp\/v2\/comments?post=19230138"}],"version-history":[{"count":15,"href":"https:\/\/jensens.com\/sv\/wp-json\/wp\/v2\/pages\/19230138\/revisions"}],"predecessor-version":[{"id":368318408,"href":"https:\/\/jensens.com\/sv\/wp-json\/wp\/v2\/pages\/19230138\/revisions\/368318408"}],"wp:attachment":[{"href":"https:\/\/jensens.com\/sv\/wp-json\/wp\/v2\/media?parent=19230138"}],"curies":[{"name":"wp","href":"https:\/\/api.w.org\/{rel}","templated":true}]}}