{"id":19230139,"date":"2022-06-16T05:48:57","date_gmt":"2022-06-16T05:48:57","guid":{"rendered":"https:\/\/stoic-haibt.89-188-76-10.plesk.page\/kontakt-faq\/"},"modified":"2025-08-11T13:32:19","modified_gmt":"2025-08-11T11:32:19","slug":"kontakta","status":"publish","type":"page","link":"https:\/\/jensens.com\/sv\/kontakta\/","title":{"rendered":"Kontakt &#038; FAQ"},"content":{"rendered":"\r\n<div id=\"textBlock-block_8d89fdcd2399133f2d7b2f6f47224a5c\" class=\"textBlock contactText textBlock--left\">\r\n\t<div class=\"container\">\r\n\t\t<div class=\"row\">\r\n\t\t\t<div class=\"col-12 col-xl-10 offset-xl-1 textMulti\" data-aos=\"fade-up\" data-aos-duration=\"800\" data-aos-offset=\"-150\">\r\n\t\t\t\t<div class=\"textBlock__inner\">\r\n\t\t\t\t\t<h1>Kontakta Jensens B\u00f8fhus<\/h1>\n<p>H\u00e4nv\u00e4ndelser besvaras under kontorets \u00f6ppettider. M\u00e5ndag-fredag 12.00-15.00 p\u00e5 telefon: <a href=\"tel:+4570304050\">+4570304050<\/a> eller fyll i formul\u00e4ret nedanf\u00f6r<\/p>\n<p>Adress<br \/>\nJensens B\u00f8fhus (HQ)<br \/>\nL\u00e6ss\u00f8egade 215<br \/>\n5230 Odense M<br \/>\nDK &#8211; Danmark<\/p>\n\t\t\t\t\t<div class=\"textBlock__inner__buttons\">\r\n\t\t\t\t\t\t\t\t\t\t\t<\/div>\r\n\t\t\t\t<\/div>\r\n\t\t\t\t\t\t\t<\/div>\r\n\t\t<\/div>\r\n\t<\/div>\r\n<\/div>\n\n\r\n<div id=\"contactBlock-block_5f5bdecceb955efcd6545433dd75c437\" class=\"contactBlock contactBlock--accordion\" data-aos=\"fade-up\" data-aos-duration=\"800\">\r\n\t<div class=\"container\">\r\n\t\t<div class=\"row\">\r\n\t\t\t<div class=\"col-12 col-xl-10 offset-xl-1\">\r\n\t\t\t\t<div class=\"contactColWrap\">\r\n\r\n\t\t            \t\t                <div class=\"accordion\">\r\n\t\t                    <div class=\"accordion__inner\">\r\n\t\t                    \t<div class=\"accordion__inner__title\"> Vanliga fr\u00e5gor<\/div>\r\n\t\t                        \t\t                            <div class=\"accordionSingle\">\r\n\t\t                                <div class=\"accordionSingle__title\">\r\n\t\t                                    <span>Vad \u00e4r \u00f6ppettiderna?<\/span>\r\n\t\t                                    <svg class=\"icon\"><use xlink:href=\"#chevron-down\" \/><\/svg>\r\n\t\t                                <\/div>\r\n\t\t                                <div class=\"accordionSingle__content\">\r\n\t\t                            \t\t<p>Du hittar v\u00e5ra \u00f6ppettider p\u00e5 f\u00f6rstasidan. V\u00e4lj den restaurang du vill bes\u00f6ka i menyn till v\u00e4nster \u2013 d\u00e4r kan du se \u00f6ppettider, restaurangens adress och annan kontaktinformation <a class=\"restaurantModalOpen\">har<\/a><\/p>\n\t\t                                <\/div>\r\n\t\t                            <\/div>\r\n\t\t                        \t\t                            <div class=\"accordionSingle\">\r\n\t\t                                <div class=\"accordionSingle__title\">\r\n\t\t                                    <span>Hur bokar jag bord?<\/span>\r\n\t\t                                    <svg class=\"icon\"><use xlink:href=\"#chevron-down\" \/><\/svg>\r\n\t\t                                <\/div>\r\n\t\t                                <div class=\"accordionSingle__content\">\r\n\t\t                            \t\t<p>Du bokar bord genom att klicka p\u00e5 den h\u00e4r l\u00e4nken: <a href=\"https:\/\/jensens.com\/sv\/boka-bord\/\">\u201dBoka bord\u201d<\/a> eller p\u00e5 Boka bord-knappen. F\u00f6rst v\u00e4ljer du vilken restaurang du vill bes\u00f6ka, d\u00e4refter tiden samt hur m\u00e5nga ni \u00e4r som kommer. Observera att du inte kan boka bord via mejl till Jensens B\u00f8fhus.<\/p>\n\t\t                                <\/div>\r\n\t\t                            <\/div>\r\n\t\t                        \t\t                            <div class=\"accordionSingle\">\r\n\t\t                                <div class=\"accordionSingle__title\">\r\n\t\t                                    <span>Varf\u00f6r kan jag inte boka bord f\u00f6r den tidpunkt jag vill?<\/span>\r\n\t\t                                    <svg class=\"icon\"><use xlink:href=\"#chevron-down\" \/><\/svg>\r\n\t\t                                <\/div>\r\n\t\t                                <div class=\"accordionSingle__content\">\r\n\t\t                            \t\t<p>N\u00e5gra av v\u00e5ra restauranger tar inte emot bokningar f\u00f6r lunch samt fredag- och l\u00f6rdagkv\u00e4llar. Kan du inte boka bord p\u00e5 dessa tider s\u00e5 titta i st\u00e4llet in i restaurangen, s\u00e5 hj\u00e4lper vi dig boka bord s\u00e5 snart som m\u00f6jligt.\u00a0 <a class=\"restaurantModalOpen\">Se har<\/a><\/p>\n\t\t                                <\/div>\r\n\t\t                            <\/div>\r\n\t\t                        \t\t                            <div class=\"accordionSingle\">\r\n\t\t                                <div class=\"accordionSingle__title\">\r\n\t\t                                    <span>Barnmeny<\/span>\r\n\t\t                                    <svg class=\"icon\"><use xlink:href=\"#chevron-down\" \/><\/svg>\r\n\t\t                                <\/div>\r\n\t\t                                <div class=\"accordionSingle__content\">\r\n\t\t                            \t\t<p>Barn \u00e4r barn till och med 12 \u00e5r<\/p>\n\t\t                                <\/div>\r\n\t\t                            <\/div>\r\n\t\t                        \t\t                            <div class=\"accordionSingle\">\r\n\t\t                                <div class=\"accordionSingle__title\">\r\n\t\t                                    <span>Kan jag ta med barnvagnen in p\u00e5 restaurangen?<\/span>\r\n\t\t                                    <svg class=\"icon\"><use xlink:href=\"#chevron-down\" \/><\/svg>\r\n\t\t                                <\/div>\r\n\t\t                                <div class=\"accordionSingle__content\">\r\n\t\t                            \t\t<p>P\u00e5 grund av brandmyndigheterna \u00e4r det tyv\u00e4rr inte till\u00e5tet att ta med barn- eller sittvagn in i restaurangen. Vi har d\u00e4remot utrymme att st\u00e4lla den i entr\u00e9n eller i f\u00f6rbindelse till restaurangen. P\u00e5 s\u00e5 s\u00e4tt kan du h\u00e5lla ett \u00f6ga p\u00e5 vagnen medan du och din familj njuter av bes\u00f6ket.<\/p>\n\t\t                                <\/div>\r\n\t\t                            <\/div>\r\n\t\t                        \t\t                            <div class=\"accordionSingle\">\r\n\t\t                                <div class=\"accordionSingle__title\">\r\n\t\t                                    <span>\u00c4r restaurangerna handikappanpassade?<\/span>\r\n\t\t                                    <svg class=\"icon\"><use xlink:href=\"#chevron-down\" \/><\/svg>\r\n\t\t                                <\/div>\r\n\t\t                                <div class=\"accordionSingle__content\">\r\n\t\t                            \t\t<p>Vi arbetar st\u00e4ndigt med att g\u00f6ra v\u00e5ra restauranger s\u00e5 handikappanpassade som m\u00f6jligt. V\u00e4nligen kontakta den restaurang du planerar bes\u00f6ka s\u00e5 kan de f\u00f6rbereda f\u00f6r ditt bes\u00f6k. Du hittar telefonnumret till restaurangen p\u00e5 f\u00f6rstasidan. V\u00e4lj den restaurang du vill bes\u00f6ka i menyn till v\u00e4nster \u2013 d\u00e4r kan du se lokala \u00f6ppettider, restaurangens adress och annan kontaktinformation. Se\u00a0<a class=\"restaurantModalOpen\">har<\/a><\/p>\n\t\t                                <\/div>\r\n\t\t                            <\/div>\r\n\t\t                        \t\t                            <div class=\"accordionSingle\">\r\n\t\t                                <div class=\"accordionSingle__title\">\r\n\t\t                                    <span>Club Jensens f\u00f6rdelar f\u00f6r dig<\/span>\r\n\t\t                                    <svg class=\"icon\"><use xlink:href=\"#chevron-down\" \/><\/svg>\r\n\t\t                                <\/div>\r\n\t\t                                <div class=\"accordionSingle__content\">\r\n\t\t                            \t\t<p>Som medlem av Club Jensens f\u00e5r du s\u00e4rskilda priser p\u00e5 utvalda r\u00e4tter och exklusiva f\u00f6rm\u00e5ner som evenemang, biljetter till event och tidig provsmakning av r\u00e4tter. Du f\u00e5r ocks\u00e5 gratis mjukglass till hela s\u00e4llskapet p\u00e5 din f\u00f6delsedag (en vecka f\u00f6re och efter) samt halva priset f\u00f6r barn (upp till 12 \u00e5r) varje s\u00f6ndag, inklusive gratis mjukglass till dessert.<\/p>\n\t\t                                <\/div>\r\n\t\t                            <\/div>\r\n\t\t                        \t\t                            <div class=\"accordionSingle\">\r\n\t\t                                <div class=\"accordionSingle__title\">\r\n\t\t                                    <span>Studentrabatt<\/span>\r\n\t\t                                    <svg class=\"icon\"><use xlink:href=\"#chevron-down\" \/><\/svg>\r\n\t\t                                <\/div>\r\n\t\t                                <div class=\"accordionSingle__content\">\r\n\t\t                            \t\t<p>Alla studerande f\u00e5r fr\u00e5n m\u00e5ndag till och med torsdag fram till kl 16:00 20% rabatt p\u00e5 r\u00e4kningen vid uppvisande av studentkort. L\u00e4s <a href=\"https:\/\/jensens.com\/sv\/erbjudanden\/studenterbjudande\/\">mer.<\/a><\/p>\n\t\t                                <\/div>\r\n\t\t                            <\/div>\r\n\t\t                        \t\t                            <div class=\"accordionSingle\">\r\n\t\t                                <div class=\"accordionSingle__title\">\r\n\t\t                                    <span>Kontaktinformation<\/span>\r\n\t\t                                    <svg class=\"icon\"><use xlink:href=\"#chevron-down\" \/><\/svg>\r\n\t\t                                <\/div>\r\n\t\t                                <div class=\"accordionSingle__content\">\r\n\t\t                            \t\t<p>Fick du inte svar p\u00e5 dina fr\u00e5gor\u00a0h\u00e4r \u00e4r du v\u00e4lkommen att kontakta oss i ett privat meddelande p\u00e5 facebook eller skriva till oss p\u00e5\u00a0<a href=\"mailto:info@jensens.com\">info@jensens.com<\/a>.<\/p>\n\t\t                                <\/div>\r\n\t\t                            <\/div>\r\n\t\t                        \t\t                            <div class=\"accordionSingle\">\r\n\t\t                                <div class=\"accordionSingle__title\">\r\n\t\t                                    <span>F\u00e5r jag ta med min hund till restaurangen?<\/span>\r\n\t\t                                    <svg class=\"icon\"><use xlink:href=\"#chevron-down\" \/><\/svg>\r\n\t\t                                <\/div>\r\n\t\t                                <div class=\"accordionSingle__content\">\r\n\t\t                            \t\t<p>Om din hund \u00e4r en servicehund \u00e4r den sj\u00e4lvklart v\u00e4lkommen. Men inga andra hundar f\u00e5r f\u00f6lja med.<\/p>\n\t\t                                <\/div>\r\n\t\t                            <\/div>\r\n\t\t                        \t\t                    <\/div>\r\n\t\t    \t\t\t<\/div>\r\n\t                \r\n\t\t\t\t\t<div class=\"contactBlock__inner\">\r\n\t\t\t\t\t\t<div class=\"contactBlock__inner__content\">\r\n\t\t\t\t\t\t\t<h2>\u00d6vriga f\u00f6rfr\u00e5gningar<\/h2>\r\n\t\t\t\t\t\t\t<p>Fyll i formul\u00e4ret p\u00e5 denna sida. Vi g\u00f6r dig uppm\u00e4rksam p\u00e5 bordsreservationer inte kan g\u00f6ras genom nedanst\u00e5ende formul\u00e4r<\/p>\n\t\t\t\t\t\t<\/div>\r\n\t\t\t\t\t\t<form id=\"contactForm\" class=\"contactForm\">\r\n\t\t\t\t\t\t\t<div class=\"formRow\">\r\n\t\t\t\t\t\t\t\t<label for=\"kommentar\">Vad har du p\u00e5 hj\u00e4rtat?<\/label>\r\n\t\t\t\t\t\t\t\t<div class=\"formRow__input\">\r\n\t\t\t\t\t\t\t\t\t<textarea type=\"tel\" name=\"kommentar\" id=\"kommentar\" placeholder=\"\"><\/textarea>\r\n\t\t\t\t\t\t\t\t<\/div>\r\n\t\t\t\t\t\t\t<\/div>\r\n\t\t\t\t\t\t\t<h3>\u00c4r du intresserad av att bes\u00f6ka en av v\u00e5ra restauranger? Fyll i vilken restaurang och datum f\u00f6r bes\u00f6ket. <\/h3>\r\n\t\t\t\t\t\t\t<div class=\"calendarBlock\">\r\n\t\t\t\t\t\t\t\t<div class=\"label\">Datum f\u00f6r bes\u00f6ket<\/div>\r\n\t\t\t\t\t\t\t\t<div class=\"calendarInputWrap\">\r\n\t\t\t\t\t\t\t\t\t<input type=\"text\" class=\"calendar\" id=\"calendar\" placeholder=\"V\u00e4lj datum\" \/>\r\n\t\t\t\t\t\t\t\t\t<svg width=\"24\" height=\"24\" viewBox=\"0 0 24 24\" fill=\"none\" xmlns=\"http:\/\/www.w3.org\/2000\/svg\">\r\n\t\t\t\t\t\t\t\t\t\t<path d=\"M4.75 8.75C4.75 7.64543 5.64543 6.75 6.75 6.75H17.25C18.3546 6.75 19.25 7.64543 19.25 8.75V17.25C19.25 18.3546 18.3546 19.25 17.25 19.25H6.75C5.64543 19.25 4.75 18.3546 4.75 17.25V8.75Z\" stroke=\"#D7BEB1\" stroke-width=\"1.5\" stroke-linecap=\"round\" stroke-linejoin=\"round\"\/>\r\n\t\t\t\t\t\t\t\t\t\t<path d=\"M8 4.75V8.25\" stroke=\"#D7BEB1\" stroke-width=\"1.5\" stroke-linecap=\"round\" stroke-linejoin=\"round\"\/>\r\n\t\t\t\t\t\t\t\t\t\t<path d=\"M8 11V12\" stroke=\"#D7BEB1\" stroke-width=\"1.5\" stroke-linecap=\"round\" stroke-linejoin=\"round\"\/>\r\n\t\t\t\t\t\t\t\t\t\t<path d=\"M8 15V16\" stroke=\"#D7BEB1\" stroke-width=\"1.5\" stroke-linecap=\"round\" stroke-linejoin=\"round\"\/>\r\n\t\t\t\t\t\t\t\t\t\t<path d=\"M12 11V12\" stroke=\"#D7BEB1\" stroke-width=\"1.5\" stroke-linecap=\"round\" stroke-linejoin=\"round\"\/>\r\n\t\t\t\t\t\t\t\t\t\t<path d=\"M12 15V16\" stroke=\"#D7BEB1\" stroke-width=\"1.5\" stroke-linecap=\"round\" stroke-linejoin=\"round\"\/>\r\n\t\t\t\t\t\t\t\t\t\t<path d=\"M16 4.75V8.25\" stroke=\"#D7BEB1\" stroke-width=\"1.5\" stroke-linecap=\"round\" stroke-linejoin=\"round\"\/>\r\n\t\t\t\t\t\t\t\t\t\t<path d=\"M16 11V12\" stroke=\"#D7BEB1\" stroke-width=\"1.5\" stroke-linecap=\"round\" stroke-linejoin=\"round\"\/>\r\n\t\t\t\t\t\t\t\t\t\t<path d=\"M16 15V16\" stroke=\"#D7BEB1\" stroke-width=\"1.5\" stroke-linecap=\"round\" stroke-linejoin=\"round\"\/>\r\n\t\t\t\t\t\t\t\t\t<\/svg>\r\n\t\t\t\t\t\t\t\t<\/div>\r\n\t\t\t\t\t\t\t<\/div>\r\n\t\t\t\t\t\t\t\t\t\t\t\t\t\t\t<div class=\"select selectJS\">\r\n\t\t\t\t\t\t\t\t\t<span class=\"label\">Vilken restaurang g\u00e4ller det? <\/span>\r\n\t\t\t\t\t\t\t\t\t<div class=\"selectWrapper\">\r\n\t\t\t\t\t\t\t\t\t\t<select class=\"selectNative js-selectNative\" id=\"hvilken\" aria-labelledby=\"hvilken\">\r\n\t\t\t\t\t\t\t\t\t\t\t<option value=\"\" disabled=\"\" selected=\"\">V\u00e4lj restaurang<\/option>\r\n\t\t\t\t\t\t\t\t\t\t\t\t\t\t\t\t\t\t\t\t\t<\/select>\r\n\r\n\t\t\t\t\t\t\t\t\t\t<div class=\"selectCustom js-selectCustom\" aria-hidden=\"true\">\r\n\t\t\t\t\t\t\t\t\t\t\t<div class=\"selectCustom-trigger\">V\u00e4lj restaurang<\/div>\r\n\t\t\t\t\t\t\t\t\t\t\t<div class=\"selectCustom-options\">\r\n\t\t\t\t\t\t\t\t\t\t\t\t\t\t\t\t\t\t\t\t\t\t\t<\/div>\r\n\t\t\t\t\t\t\t\t\t\t<\/div>\r\n\t\t\t\t\t\t\t\t\t<\/div>\r\n\t\t\t\t\t\t\t\t<\/div>\r\n\t\t\t\t\t\t\t\t\t\t\t\t\t\t<div class=\"formRow\">\r\n\t\t\t\t\t\t\t\t<label for=\"navn\">Ditt namn *<\/label>\r\n\t\t\t\t\t\t\t\t<div class=\"formRow__input\">\r\n\t\t\t\t\t\t\t\t\t<input type=\"text\" name=\"navn\" id=\"navn\" placeholder=\"F\u00f6rnamn Efternamn\" required \/>\r\n\t\t\t\t\t\t\t\t<\/div>\r\n\t\t\t\t\t\t\t<\/div>\r\n\t\t\t\t\t\t\t<div class=\"formRow\">\r\n\t\t\t\t\t\t\t\t<label for=\"email\">Din mejladress*<\/label>\r\n\t\t\t\t\t\t\t\t<div class=\"formRow__input\">\r\n\t\t\t\t\t\t\t\t\t<input type=\"text\" name=\"email\" id=\"email\" placeholder=\"email@domain.com\" required \/>\r\n\t\t\t\t\t\t\t\t<\/div>\r\n\t\t\t\t\t\t\t<\/div>\r\n\t\t\t\t\t\t\t<div class=\"formRow\">\r\n\t\t\t\t\t\t\t\t<label for=\"phone\">Ditt telefonnummer <\/label>\r\n\t\t\t\t\t\t\t\t<div class=\"formRow__input\">\r\n\t\t\t\t\t\t\t\t\t<input type=\"tel\" name=\"phone\" id=\"phone\" placeholder=\"12 34 56 78\" \/>\r\n\t\t\t\t\t\t\t\t<\/div>\r\n\t\t\t\t\t\t\t<\/div>\r\n\t\t\t\t\t\t\t<div class=\"contactForm__button\">\r\n\t\t\t\t\t\t\t\t<button type=\"submit\" class=\"button button--red button--round buttonLoader\"><span>Send besked<\/span><\/button>\r\n\t\t\t\t\t\t\t<\/div>\r\n\t\t\t\t\t\t<\/form>\t\r\n\t\t\t\t\t<\/div>\r\n\r\n\t\t\t\t<\/div>\r\n\t\t\t<\/div>\r\n\t\t<\/div>\r\n\t<\/div>\r\n<\/div>\r\n\r\n<div class=\"contactModalWrap\">\r\n\t<div class=\"contactModalWrapFlex\">\r\n\t\t<div class=\"contactModal\">\r\n\t\t\t<h2>K\u00e4ra G\u00e4st<\/h2>\n<p class=\"p1\">Tack f\u00f6r din f\u00f6rfr\u00e5gan. Vi \u00e5terkommer till dig s\u00e5 snart som m\u00f6jligt.<\/p>\n\t\t\t<div class=\"closeContactModal contactModal__close\">\r\n\t\t\t\t<svg class=\"icon\">\r\n\t\t\t\t\t<use xlink:href=\"#close-thin\" \/>\r\n\t\t\t\t<\/svg>\r\n\t\t\t<\/div>\r\n\t\t\t<button class=\"button button--red button--round closeContactModal\">\r\n\t\t\t\t<span>Luk<\/span>\r\n\t\t\t<\/button>\r\n\t\t<\/div>\r\n\t<\/div>\r\n\t<div class=\"contactModalWrap__overlay closeContactModal\"><\/div>\r\n<\/div>","protected":false},"excerpt":{"rendered":"","protected":false},"author":3,"featured_media":0,"parent":0,"menu_order":0,"comment_status":"closed","ping_status":"closed","template":"","meta":{"_acf_changed":false,"inline_featured_image":false,"footnotes":""},"class_list":["post-19230139","page","type-page","status-publish","hentry"],"acf":[],"yoast_head":"<!-- This site is optimized with the Yoast SEO Premium plugin v26.9 (Yoast SEO v26.9) - https:\/\/yoast.com\/product\/yoast-seo-premium-wordpress\/ -->\n<title>Kontaktuppgifter och e-post till Jensens B\u00f8fhus huvudkontor<\/title>\n<meta name=\"description\" content=\"Du \u00e4r alltid v\u00e4lkommen att kontakta Jensens B\u00f8fhus huvudkontor om du har fr\u00e5gor. Och vill du n\u00e5 en lokal restaurang kan du kontakta den direkt.\" \/>\n<meta name=\"robots\" content=\"index, follow, max-snippet:-1, max-image-preview:large, max-video-preview:-1\" \/>\n<link rel=\"canonical\" href=\"https:\/\/jensens.com\/sv\/kontakta\/\" \/>\n<meta property=\"og:locale\" content=\"sv_SE\" \/>\n<meta property=\"og:type\" content=\"article\" \/>\n<meta property=\"og:title\" content=\"Kontakt &amp; FAQ\" \/>\n<meta property=\"og:description\" content=\"Du \u00e4r alltid v\u00e4lkommen att kontakta Jensens B\u00f8fhus huvudkontor om du har fr\u00e5gor. Och vill du n\u00e5 en lokal restaurang kan du kontakta den direkt.\" \/>\n<meta property=\"og:url\" content=\"https:\/\/jensens.com\/sv\/kontakta\/\" \/>\n<meta property=\"og:site_name\" content=\"Jensens\" \/>\n<meta property=\"article:modified_time\" content=\"2025-08-11T11:32:19+00:00\" \/>\n<meta name=\"twitter:card\" content=\"summary_large_image\" \/>\n<script type=\"application\/ld+json\" class=\"yoast-schema-graph\">{\"@context\":\"https:\/\/schema.org\",\"@graph\":[{\"@type\":\"WebPage\",\"@id\":\"https:\/\/jensens.com\/sv\/kontakta\/\",\"url\":\"https:\/\/jensens.com\/sv\/kontakta\/\",\"name\":\"Kontaktuppgifter och e-post till Jensens B\u00f8fhus huvudkontor\",\"isPartOf\":{\"@id\":\"https:\/\/jensens.com\/sv\/#website\"},\"datePublished\":\"2022-06-16T05:48:57+00:00\",\"dateModified\":\"2025-08-11T11:32:19+00:00\",\"description\":\"Du \u00e4r alltid v\u00e4lkommen att kontakta Jensens B\u00f8fhus huvudkontor om du har fr\u00e5gor. Och vill du n\u00e5 en lokal restaurang kan du kontakta den direkt.\",\"breadcrumb\":{\"@id\":\"https:\/\/jensens.com\/sv\/kontakta\/#breadcrumb\"},\"inLanguage\":\"sv-SE\",\"potentialAction\":[{\"@type\":\"ReadAction\",\"target\":[\"https:\/\/jensens.com\/sv\/kontakta\/\"]}]},{\"@type\":\"BreadcrumbList\",\"@id\":\"https:\/\/jensens.com\/sv\/kontakta\/#breadcrumb\",\"itemListElement\":[{\"@type\":\"ListItem\",\"position\":1,\"name\":\"Home\",\"item\":\"https:\/\/jensens.com\/sv\/\"},{\"@type\":\"ListItem\",\"position\":2,\"name\":\"Kontakt &#038; FAQ\"}]},{\"@type\":\"WebSite\",\"@id\":\"https:\/\/jensens.com\/sv\/#website\",\"url\":\"https:\/\/jensens.com\/sv\/\",\"name\":\"Jensens\",\"description\":\"\",\"potentialAction\":[{\"@type\":\"SearchAction\",\"target\":{\"@type\":\"EntryPoint\",\"urlTemplate\":\"https:\/\/jensens.com\/sv\/?s={search_term_string}\"},\"query-input\":{\"@type\":\"PropertyValueSpecification\",\"valueRequired\":true,\"valueName\":\"search_term_string\"}}],\"inLanguage\":\"sv-SE\"}]}<\/script>\n<!-- \/ Yoast SEO Premium plugin. -->","yoast_head_json":{"title":"Kontaktuppgifter och e-post till Jensens B\u00f8fhus huvudkontor","description":"Du \u00e4r alltid v\u00e4lkommen att kontakta Jensens B\u00f8fhus huvudkontor om du har fr\u00e5gor. Och vill du n\u00e5 en lokal restaurang kan du kontakta den direkt.","robots":{"index":"index","follow":"follow","max-snippet":"max-snippet:-1","max-image-preview":"max-image-preview:large","max-video-preview":"max-video-preview:-1"},"canonical":"https:\/\/jensens.com\/sv\/kontakta\/","og_locale":"sv_SE","og_type":"article","og_title":"Kontakt & FAQ","og_description":"Du \u00e4r alltid v\u00e4lkommen att kontakta Jensens B\u00f8fhus huvudkontor om du har fr\u00e5gor. Och vill du n\u00e5 en lokal restaurang kan du kontakta den direkt.","og_url":"https:\/\/jensens.com\/sv\/kontakta\/","og_site_name":"Jensens","article_modified_time":"2025-08-11T11:32:19+00:00","twitter_card":"summary_large_image","schema":{"@context":"https:\/\/schema.org","@graph":[{"@type":"WebPage","@id":"https:\/\/jensens.com\/sv\/kontakta\/","url":"https:\/\/jensens.com\/sv\/kontakta\/","name":"Kontaktuppgifter och e-post till Jensens B\u00f8fhus huvudkontor","isPartOf":{"@id":"https:\/\/jensens.com\/sv\/#website"},"datePublished":"2022-06-16T05:48:57+00:00","dateModified":"2025-08-11T11:32:19+00:00","description":"Du \u00e4r alltid v\u00e4lkommen att kontakta Jensens B\u00f8fhus huvudkontor om du har fr\u00e5gor. Och vill du n\u00e5 en lokal restaurang kan du kontakta den direkt.","breadcrumb":{"@id":"https:\/\/jensens.com\/sv\/kontakta\/#breadcrumb"},"inLanguage":"sv-SE","potentialAction":[{"@type":"ReadAction","target":["https:\/\/jensens.com\/sv\/kontakta\/"]}]},{"@type":"BreadcrumbList","@id":"https:\/\/jensens.com\/sv\/kontakta\/#breadcrumb","itemListElement":[{"@type":"ListItem","position":1,"name":"Home","item":"https:\/\/jensens.com\/sv\/"},{"@type":"ListItem","position":2,"name":"Kontakt &#038; FAQ"}]},{"@type":"WebSite","@id":"https:\/\/jensens.com\/sv\/#website","url":"https:\/\/jensens.com\/sv\/","name":"Jensens","description":"","potentialAction":[{"@type":"SearchAction","target":{"@type":"EntryPoint","urlTemplate":"https:\/\/jensens.com\/sv\/?s={search_term_string}"},"query-input":{"@type":"PropertyValueSpecification","valueRequired":true,"valueName":"search_term_string"}}],"inLanguage":"sv-SE"}]}},"_links":{"self":[{"href":"https:\/\/jensens.com\/sv\/wp-json\/wp\/v2\/pages\/19230139","targetHints":{"allow":["GET"]}}],"collection":[{"href":"https:\/\/jensens.com\/sv\/wp-json\/wp\/v2\/pages"}],"about":[{"href":"https:\/\/jensens.com\/sv\/wp-json\/wp\/v2\/types\/page"}],"author":[{"embeddable":true,"href":"https:\/\/jensens.com\/sv\/wp-json\/wp\/v2\/users\/3"}],"replies":[{"embeddable":true,"href":"https:\/\/jensens.com\/sv\/wp-json\/wp\/v2\/comments?post=19230139"}],"version-history":[{"count":36,"href":"https:\/\/jensens.com\/sv\/wp-json\/wp\/v2\/pages\/19230139\/revisions"}],"predecessor-version":[{"id":371832239,"href":"https:\/\/jensens.com\/sv\/wp-json\/wp\/v2\/pages\/19230139\/revisions\/371832239"}],"wp:attachment":[{"href":"https:\/\/jensens.com\/sv\/wp-json\/wp\/v2\/media?parent=19230139"}],"curies":[{"name":"wp","href":"https:\/\/api.w.org\/{rel}","templated":true}]}}