{"id":19230751,"date":"2022-07-18T12:01:08","date_gmt":"2022-07-18T10:01:08","guid":{"rendered":"https:\/\/stoic-haibt.89-188-76-10.plesk.page\/?page_id=19230751"},"modified":"2024-10-01T14:29:12","modified_gmt":"2024-10-01T12:29:12","slug":"club-villkor","status":"publish","type":"page","link":"https:\/\/jensens.com\/sv\/club-villkor\/","title":{"rendered":"Club Jensens &#8211; Villkor f\u00f6r medlemskap"},"content":{"rendered":"\r\n<div id=\"textBlock-block_30ef025665503b175777d6408efb37ca\" class=\"textBlock textBlock--left\">\r\n\t<div class=\"container\">\r\n\t\t<div class=\"row\">\r\n\t\t\t<div class=\"col-12 col-lg-10 col-xl-8 offset-xl-2 offset-lg-1\" data-aos=\"fade-up\" data-aos-duration=\"800\" data-aos-offset=\"-150\">\r\n\t\t\t\t<div class=\"textBlock__inner\">\r\n\t\t\t\t\t<h1>Villkor f\u00f6r medlemskap i Club Jensens<\/h1>\n<p>N\u00e4r du g\u00e5r med i Club Jensens accepterar du samtidigt f\u00f6ljande villkor.<\/p>\n<p>Club Jensens drivs av Jensens B\u00f8fhus, Cortex Park 12, 7. sal, 5230 Odense M, Danmark. Club Jensens \u00e4r ett lojalitetsprogram som ger exklusiva priser och f\u00f6rm\u00e5ner p\u00e5 Jensens B\u00f8fhus restauranger och p\u00e5 <a href=\"http:\/\/www.take-away.dk\" target=\"_blank\" rel=\"noopener\">www.take-away.dk<\/a>.<\/p>\n<p>Det kostar inget att g\u00e5 med i Club Jensens. Du kan g\u00e5 med h\u00e4r. Om du vill uppdatera din profil kan du g\u00f6ra det h\u00e4r.<\/p>\n<p>Du beh\u00f6ver ett svenskt mobiltelefonnummer och en e-postadress och ska ha fyllt 18 \u00e5r.<\/p>\n<p>Medlemskapet \u00e4r personligt och kan inte \u00f6verl\u00e5tas. Endast ett medlemskap per individ \u00e4r till\u00e5tet.<\/p>\n<p>Medlemskapet \u00e4r endast tillg\u00e4ngligt f\u00f6r privatpersoner; f\u00f6retag, f\u00f6reningar och liknande enheter \u00e4r inte ber\u00e4ttigade.<\/p>\n<p>Medlemsf\u00f6rm\u00e5ner g\u00e4ller endast p\u00e5 Jensens B\u00f8fhus-restauranger i Danmark och Sverige. Bel\u00f6ningar och f\u00f6rm\u00e5ner kan inte l\u00f6sas in p\u00e5 restauranger utanf\u00f6r dessa l\u00e4nder.<\/p>\n<p>Club Jensens kan inte kombineras med andra rabatter, rabattprogram eller f\u00f6rm\u00e5nskort.<\/p>\n<p>Som medlem i Club Jensens f\u00e5r du s\u00e4rskilda f\u00f6rm\u00e5ner.<\/p>\n<p><strong>\u00c4t till speciella Club Jensens-priser!<\/p>\n<p><\/strong>Som medlem f\u00e5r du tillg\u00e5ng till exklusiva Club Jensens-priser p\u00e5 utvalda r\u00e4tter. Det betyder att du kan njuta av dina favoriter till ett rabatterat pris n\u00e4r du bes\u00f6ker v\u00e5ra restauranger.<\/p>\n<p><strong>Happy Sunday<\/p>\n<p><\/strong>Erbjudandet g\u00e4ller f\u00f6r 1-3 barn (upp till 12 \u00e5r) per vuxen som best\u00e4ller en huvudr\u00e4tt. Det kan inte kombineras med andra rabatterbjudanden eller f\u00f6rm\u00e5nskort och g\u00e4ller inte f\u00f6r Take Away.<\/p>\n<p><strong>F\u00f6delsedag<\/p>\n<p><\/strong>N\u00e4r du fyller \u00e5r erbjuder vi gratis mjukglass till hela ditt s\u00e4llskap. Erbjudandet kr\u00e4ver att du best\u00e4ller en huvudr\u00e4tt i en av v\u00e5ra restauranger. Det g\u00e4ller s\u00e5 m\u00e5nga g\u00e5nger du vill, fr\u00e5n en vecka f\u00f6re till en vecka efter din f\u00f6delsedag.<\/p>\n<p>Men vi stannar inte d\u00e4r: Vi firar hela hush\u00e5llet. N\u00e4r du \u00e4r medlem g\u00e4ller erbjudandet om gratis mjukglass varje g\u00e5ng n\u00e5gon i hush\u00e5llet fyller \u00e5r, och du best\u00e4ller en huvudr\u00e4tt till ordinarie pris. Ta med legitimation om du firar n\u00e5gon annan \u00e4n Club Jensens-medlemmen fr\u00e5n hush\u00e5llet.<\/p>\n<p><strong>S\u00e4rskilda f\u00f6rm\u00e5ner<\/p>\n<p><\/strong>F\u00e5 tillg\u00e5ng till unika f\u00f6rdelar, inklusive inbjudningar till specialevenemang, chans att vinna biljetter till f\u00f6rest\u00e4llningar och tidig provsmakning av utvalda r\u00e4tter.<\/p>\n<h2>S\u00e5 kontaktar vi dig<\/h2>\n<p>N\u00e4r du accepterar Club Jensens villkor godk\u00e4nner du att vi f\u00e5r kontakta dig via telefon och skicka fysisk post, e-post, sms och annan digital marknadsf\u00f6ring. Vi kan kontakta dig ang\u00e5ende specialerbjudanden, sp\u00e4nnande t\u00e4vlingar, din f\u00f6delsedagsrabatt hos oss eller n\u00e5got helt annat. Du godk\u00e4nner ocks\u00e5 att vi f\u00e5r samla in information om dina k\u00f6p och best\u00e4llningar i Jensens B\u00f8fhus-restauranger och om best\u00e4llningar du g\u00f6r p\u00e5 jensens.com.<\/p>\n<h2>Allm\u00e4nt<\/h2>\n<p>Jensens B\u00f8fhus f\u00f6rbeh\u00e5ller sig r\u00e4tten att efter egen bed\u00f6mning avsluta Club Jensens-medlemskap och att \u00e4ndra, begr\u00e4nsa, anpassa eller ut\u00f6ka de regler, best\u00e4mmelser och villkor som g\u00e4ller f\u00f6r medlemskapet i Club Jensens. Detta omfattar, men \u00e4r inte begr\u00e4nsat till, att fastst\u00e4lla tidsgr\u00e4nser f\u00f6r och \u00e4ndringar av po\u00e4ngv\u00e4rden, intj\u00e4nande av po\u00e4ng och po\u00e4ngniv\u00e5, fr\u00e5n tid till annan och utan f\u00f6reg\u00e5ende meddelande.<\/p>\n<p>Jensens B\u00f8fhus f\u00f6rbeh\u00e5ller sig r\u00e4tten att dra in medlemsf\u00f6rm\u00e5ner och\/eller annullera intj\u00e4nade po\u00e4ng helt eller delvis om po\u00e4ngen \u00e4r resultatet av datorfel, bedr\u00e4geri, olagliga metoder eller andra metoder som inte \u00e4r till\u00e5tna enligt de allm\u00e4nna villkoren.<\/p>\n<p>Ett Club Jensens-medlemskort som inte har anv\u00e4nts p\u00e5 \u00f6ver 24 m\u00e5nader annulleras automatiskt och utan f\u00f6reg\u00e5ende meddelande. D\u00e4rmed upph\u00f6r medlemskapet i Club Jensens.<\/p>\n<p>Du kan n\u00e4r som helst s\u00e4ga upp medlemskapet h\u00e4r. Om du s\u00e4ger upp medlemskapet raderas dina intj\u00e4nade po\u00e4ng, rabatter och andra f\u00f6rm\u00e5ner.<\/p>\n<h2>Ansvarsbegr\u00e4nsning<\/h2>\n<p><strong>Jensens B\u00f8fhus <\/strong>ansvarar inte f\u00f6r fel eller driftst\u00f6rningar som beror p\u00e5 IT-system. Jensens B\u00f8fhus ansvarar heller inte f\u00f6r eventuella f\u00f6rluster eller skador som kan uppst\u00e5 till f\u00f6ljd av att ett Club Jensens-medlemskap upph\u00e4vs av Club Jensens.<\/p>\n<h2>Domstols beh\u00f6righet och lagval<\/h2>\n<p>Eventuell tvist som uppst\u00e5r med anledning av dessa villkor ska avg\u00f6ras i dansk domstol.<\/p>\n<p>Eventuell tvist som uppst\u00e5r med anledning av dessa villkor ska avg\u00f6ras enligt dansk r\u00e4tt.<\/p>\n<h2>Fr\u00e5gor och mer information<\/h2>\n<p>Om du vill ha mer information om Club Jensens eller har fr\u00e5gor kan du kontakta oss p\u00e5 <a href=\"mailto:info@jensens.com\">info@jensens.com<\/a>.<\/p>\n<h2>Personuppgifter<\/h2>\n<p>Nedan kan du l\u00e4sa Jensens B\u00f8fhus policy om behandling av dina personuppgifter som du l\u00e4mnar till oss n\u00e4r du bes\u00f6ker v\u00e5r webbplats.<\/p>\n<h3>Jensens B\u00f8fhus insamling av dina personuppgifter<\/h3>\n<p>Vi samlar in dina personuppgifter n\u00e4r du l\u00e4mnar dem till oss p\u00e5 <a href=\"http:\/\/clubjensens.dk\">www.clubjensens.dk<\/a>, <a href=\"http:\/\/www.jensens.com\">www.jensens.com<\/a> och <a href=\"http:\/\/www.take-away.dk\">www.take-away.dk<\/a> eller andra dom\u00e4ner som \u00e4gs av Jensens B\u00f8fhus\/Danske Familierestauranger, eller n\u00e4r du samtycker till detta.<\/p>\n<h3>N\u00e4r personuppgifter samlas in<\/h3>\n<p>N\u00e4r du bes\u00f6ker www.clubjensens.se och <a href=\"http:\/\/www.jensens.com\">www.jensens.com<\/a> informerar vi om att dina personuppgifter samlas in. Medlemsaktiviteter p\u00e5 www.clubjensens.se, f\u00f6ruts\u00e4tter att du l\u00e4mnar vissa personuppgifter. Det g\u00e4ller \u00e4ven n\u00e4r du registrerar dig f\u00f6r att f\u00e5 v\u00e5ra nyhetsbrev.<\/p>\n<h3>Vilka personuppgifter som samlas in<\/h3>\n<p>De personuppgifter som Jensens B\u00f8fhus samlar in kan till exempel omfatta namn, e-postadress, f\u00f6retagsadress och liknande identifierande uppgifter, samt inloggningsuppgifter, om du f\u00e5r s\u00e5dana i samband med din anv\u00e4ndning av tj\u00e4nster fr\u00e5n Jensens B\u00f8fhus. Dessutom samlar vi in uppgifter om ditt bes\u00f6k p\u00e5 <a href=\"http:\/\/clubjensens.dk\">www.clubjensens.se<\/a> og <a href=\"http:\/\/www.jensens.com\">www.jensens.com.<\/a><\/p>\n<h3>I vilket syfte som personuppgifterna samlas in<\/h3>\n<p>Jensens B\u00f8fhus samlar in dina personuppgifter f\u00f6r att kunna genomf\u00f6ra din bokning eller leverera en viss tj\u00e4nst till dig och f\u00f6r att kunna skicka nyhetsbrev och annan information om v\u00e5r verksamhet och v\u00e5ra tj\u00e4nster, om du beg\u00e4r det. Vidare samlar Jensens B\u00f8fhus in dina personuppgifter f\u00f6r att kunna anv\u00e4nda dem i interna marknadsunders\u00f6kningar, riktad marknadsf\u00f6ring och statistik. E-post och andra meddelanden, s\u00e5som nyhetsbrev, erbjudanden med mera, skickar vi endast till personer som beg\u00e4rt att f\u00e5 det och till medlemmar i Club Jensens. Du har alltid m\u00f6jlighet att ange att du inte l\u00e4ngre vill ha fler meddelanden fr\u00e5n oss.<\/p>\n<h3>Jensens B\u00f8fhus utl\u00e4mnande av dina personuppgifter<\/h3>\n<p>Dina personuppgifter l\u00e4mnas vidare till enheter och bolag som tillh\u00f6r Jensens B\u00f8fhus, till exempel dotterbolag och n\u00e4rst\u00e5ende bolag. Dina personuppgifter l\u00e4mnas inte ut externt utan att vi har f\u00e5tt ditt samtycke till det, om det inte finns en r\u00e4ttslig grund f\u00f6r utl\u00e4mnandet. Jensens B\u00f8fhus varken anv\u00e4nder eller l\u00e4mnar ut dina personuppgifter i marknadsf\u00f6ringssyfte, till exempel f\u00f6r att skicka e-post med reklaminneh\u00e5ll, s\u00e5vida du inte har beg\u00e4rt att f\u00e5 det och accepterat det.<\/p>\n<p>Jensens B\u00f8fhus kan ocks\u00e5 komma att l\u00e4mna ut dina personuppgifter till offentliga myndigheter eller andra i den utstr\u00e4ckning detta g\u00f6rs enligt g\u00e4llande lag, eller om Jensens B\u00f8fhus \u00e5l\u00e4ggs att g\u00f6ra detta av en beh\u00f6rig domstol.<\/p>\n<h3>Behandling hos tredje man<\/h3>\n<p>Jensens B\u00f8fhus kan v\u00e4lja att anlita personuppgiftsbitr\u00e4den, till exempel leverant\u00f6rer av programvara, webbhotell, sociala medier, professionella medier, s\u00e4kerhetskopiering, s\u00e4kerhet och lagring. Dina personuppgifter kan d\u00e4rmed l\u00e4mnas ut till tredje part som Jensens B\u00f8fhus anlitar f\u00f6r att behandla dina personuppgifter \u00e5 Jensens B\u00f8fhus v\u00e4gnar. Personuppgiftsbitr\u00e4den behandlar dina personuppgifter endast i de specifika syften som personuppgifterna har samlats in f\u00f6r.<\/p>\n<p>Dina personuppgifter kan \u00f6verf\u00f6ras till l\u00e4nder utanf\u00f6r EU\/EES, och till l\u00e4nder som inte har s\u00e4rskilda lagar f\u00f6r skydd av personuppgifter.<\/p>\n<p>Jensens B\u00f8fhus f\u00f6rpliktigar dessa personuppgiftsbitr\u00e4den att behandla dina personuppgifter konfidentiellt och att vidta n\u00f6dv\u00e4ndiga tekniska och organisatoriska s\u00e4kerhets\u00e5tg\u00e4rder som s\u00e4kerst\u00e4ller att uppgifterna inte oavsiktligt eller olagligt f\u00f6rst\u00f6rs, g\u00e5r f\u00f6rlorade eller \u00e4ndras eller kommer till obeh\u00f6rigas k\u00e4nnedom, missbrukas eller p\u00e5 annat s\u00e4tt behandlas i strid mot personuppgiftslagen.<\/p>\n<h3>Lagring av personuppgifter<\/h3>\n<p>Jensens B\u00f8fhus lagrar endast dina personuppgifter s\u00e5 l\u00e4nge det \u00e4r n\u00f6dv\u00e4ndigt f\u00f6r att uppfylla de syften som personuppgifterna har samlats in f\u00f6r.<\/p>\n<h3>Skydd av personuppgifter<\/h3>\n<p>Jensens B\u00f8fhus anstr\u00e4nger sig f\u00f6r att p\u00e5 b\u00e4sta m\u00f6jliga s\u00e4tt skydda dina personuppgifters kvalitet och integritet. Jensens B\u00f8fhus har satt in s\u00e4rskilda s\u00e4kerhets\u00e5tg\u00e4rder i detta syfte.<\/p>\n<h3>Din r\u00e4tt att veta vilka uppgifter Jensens B\u00f8fhus behandlar<\/h3>\n<p>Du har r\u00e4tt att veta vilka personuppgifter som Jensens B\u00f8fhus behandlar om dig. Dessutom har du r\u00e4tt att g\u00f6ra inv\u00e4ndningar mot insamlingen och mot vidare behandling av dina personuppgifter.<\/p>\n<h2>Jensens B\u00f8fhus anv\u00e4ndning av cookies<\/h2>\n<p>Genom att anv\u00e4nda <a href=\"http:\/\/clubjensens.dk\">www.clubjensens.se<\/a> og <a href=\"http:\/\/www.jensens.com\">www.jensens.com<\/a> accepterar du att vi anv\u00e4nder \u201dcookies\u201d. En cookie \u00e4r en liten textfil som sparas i webbl\u00e4saren p\u00e5 din dator, smartphone, iPad eller andra enheter som du anv\u00e4nder n\u00e4r du bes\u00f6ker webbplatsen. Cookies g\u00f6r det m\u00f6jligt att k\u00e4nna igen din dator\/enhet och samla in information om din internetanv\u00e4ndning, bland annat vilka sidor och funktioner du bes\u00f6ker med din webbl\u00e4sare, samt s\u00e4kerst\u00e4lla att den fungerar rent tekniskt. I vissa fall kr\u00e4vs cookies f\u00f6r att en webbplats ska fungera som den ska. En cookie \u00e4r en passiv fil och kan inte samla in information som \u00e4r lagrad p\u00e5 din dator eller sprida datorvirus och andra skadliga program. Den \u00e4r anonym och inneh\u00e5ller inga personuppgifter. I princip alla webbplatser anv\u00e4nder cookies.<\/p>\n<p>Om du \u00e4nd\u00e5 vill kontrollera eller radera cookies kan du g\u00f6ra det via inst\u00e4llningarna i din webbl\u00e4sare. Det kan dock p\u00e5verka webbplatsers funktioner.<\/p>\n<h3>R\u00e4tta eller radera personuppgifter<\/h3>\n<p>Om du vill att Jensens B\u00f8fhus r\u00e4ttar eller raderar personuppgifter som vi har samlat in om dig, eller om du inte l\u00e4ngre vill ha fler meddelanden av oss, kan du kontakta oss.<\/p>\n<h3>Regler<\/h3>\n<p>De regler som g\u00e4ller f\u00f6r Jensens B\u00f8fhus behandling av dina personuppgifter finns nedan:<\/p>\n<ul>\n<li>Personuppgiftslagen (1980:204)<\/li>\n<\/ul>\n<h3>Klagom\u00e5l<\/h3>\n<p>Om du har klagom\u00e5l ang\u00e5ende Jensens B\u00f8fhus behandling av personuppgifter kan du v\u00e4nda dig till Datainspektionen, Drottninggatan 29, 104 20 Stockholm, Sverige, tfn 08\u00a0657 61 00, e-post datainspektionen@datainspektionen.se.<\/p>\n\t\t\t\t\t<div class=\"textBlock__inner__buttons\">\r\n\t\t\t\t\t\t\t\t\t\t\t<\/div>\r\n\t\t\t\t<\/div>\r\n\t\t\t\t\t\t\t<\/div>\r\n\t\t<\/div>\r\n\t<\/div>\r\n<\/div>","protected":false},"excerpt":{"rendered":"","protected":false},"author":3,"featured_media":0,"parent":0,"menu_order":0,"comment_status":"closed","ping_status":"closed","template":"","meta":{"_acf_changed":false,"inline_featured_image":false,"footnotes":""},"class_list":["post-19230751","page","type-page","status-publish","hentry"],"acf":[],"yoast_head":"<!-- This site is optimized with the Yoast SEO Premium plugin v26.9 (Yoast SEO v26.9) - https:\/\/yoast.com\/product\/yoast-seo-premium-wordpress\/ -->\n<title>Club Jensens - Villkor f\u00f6r medlemskap - Jensens<\/title>\n<meta name=\"robots\" content=\"index, follow, max-snippet:-1, max-image-preview:large, max-video-preview:-1\" \/>\n<link rel=\"canonical\" href=\"https:\/\/jensens.com\/sv\/club-villkor\/\" \/>\n<meta property=\"og:locale\" content=\"sv_SE\" \/>\n<meta property=\"og:type\" content=\"article\" \/>\n<meta property=\"og:title\" content=\"Club Jensens - Villkor f\u00f6r medlemskap\" \/>\n<meta property=\"og:url\" content=\"https:\/\/jensens.com\/sv\/club-villkor\/\" \/>\n<meta property=\"og:site_name\" content=\"Jensens\" \/>\n<meta property=\"article:modified_time\" content=\"2024-10-01T12:29:12+00:00\" \/>\n<meta name=\"twitter:card\" content=\"summary_large_image\" \/>\n<script type=\"application\/ld+json\" class=\"yoast-schema-graph\">{\"@context\":\"https:\/\/schema.org\",\"@graph\":[{\"@type\":\"WebPage\",\"@id\":\"https:\/\/jensens.com\/sv\/club-villkor\/\",\"url\":\"https:\/\/jensens.com\/sv\/club-villkor\/\",\"name\":\"Club Jensens - Villkor f\u00f6r medlemskap - Jensens\",\"isPartOf\":{\"@id\":\"https:\/\/jensens.com\/sv\/#website\"},\"datePublished\":\"2022-07-18T10:01:08+00:00\",\"dateModified\":\"2024-10-01T12:29:12+00:00\",\"breadcrumb\":{\"@id\":\"https:\/\/jensens.com\/sv\/club-villkor\/#breadcrumb\"},\"inLanguage\":\"sv-SE\",\"potentialAction\":[{\"@type\":\"ReadAction\",\"target\":[\"https:\/\/jensens.com\/sv\/club-villkor\/\"]}]},{\"@type\":\"BreadcrumbList\",\"@id\":\"https:\/\/jensens.com\/sv\/club-villkor\/#breadcrumb\",\"itemListElement\":[{\"@type\":\"ListItem\",\"position\":1,\"name\":\"Home\",\"item\":\"https:\/\/jensens.com\/sv\/\"},{\"@type\":\"ListItem\",\"position\":2,\"name\":\"Club Jensens &#8211; Villkor f\u00f6r medlemskap\"}]},{\"@type\":\"WebSite\",\"@id\":\"https:\/\/jensens.com\/sv\/#website\",\"url\":\"https:\/\/jensens.com\/sv\/\",\"name\":\"Jensens\",\"description\":\"\",\"potentialAction\":[{\"@type\":\"SearchAction\",\"target\":{\"@type\":\"EntryPoint\",\"urlTemplate\":\"https:\/\/jensens.com\/sv\/?s={search_term_string}\"},\"query-input\":{\"@type\":\"PropertyValueSpecification\",\"valueRequired\":true,\"valueName\":\"search_term_string\"}}],\"inLanguage\":\"sv-SE\"}]}<\/script>\n<!-- \/ Yoast SEO Premium plugin. -->","yoast_head_json":{"title":"Club Jensens - Villkor f\u00f6r medlemskap - Jensens","robots":{"index":"index","follow":"follow","max-snippet":"max-snippet:-1","max-image-preview":"max-image-preview:large","max-video-preview":"max-video-preview:-1"},"canonical":"https:\/\/jensens.com\/sv\/club-villkor\/","og_locale":"sv_SE","og_type":"article","og_title":"Club Jensens - Villkor f\u00f6r medlemskap","og_url":"https:\/\/jensens.com\/sv\/club-villkor\/","og_site_name":"Jensens","article_modified_time":"2024-10-01T12:29:12+00:00","twitter_card":"summary_large_image","schema":{"@context":"https:\/\/schema.org","@graph":[{"@type":"WebPage","@id":"https:\/\/jensens.com\/sv\/club-villkor\/","url":"https:\/\/jensens.com\/sv\/club-villkor\/","name":"Club Jensens - Villkor f\u00f6r medlemskap - Jensens","isPartOf":{"@id":"https:\/\/jensens.com\/sv\/#website"},"datePublished":"2022-07-18T10:01:08+00:00","dateModified":"2024-10-01T12:29:12+00:00","breadcrumb":{"@id":"https:\/\/jensens.com\/sv\/club-villkor\/#breadcrumb"},"inLanguage":"sv-SE","potentialAction":[{"@type":"ReadAction","target":["https:\/\/jensens.com\/sv\/club-villkor\/"]}]},{"@type":"BreadcrumbList","@id":"https:\/\/jensens.com\/sv\/club-villkor\/#breadcrumb","itemListElement":[{"@type":"ListItem","position":1,"name":"Home","item":"https:\/\/jensens.com\/sv\/"},{"@type":"ListItem","position":2,"name":"Club Jensens &#8211; Villkor f\u00f6r medlemskap"}]},{"@type":"WebSite","@id":"https:\/\/jensens.com\/sv\/#website","url":"https:\/\/jensens.com\/sv\/","name":"Jensens","description":"","potentialAction":[{"@type":"SearchAction","target":{"@type":"EntryPoint","urlTemplate":"https:\/\/jensens.com\/sv\/?s={search_term_string}"},"query-input":{"@type":"PropertyValueSpecification","valueRequired":true,"valueName":"search_term_string"}}],"inLanguage":"sv-SE"}]}},"_links":{"self":[{"href":"https:\/\/jensens.com\/sv\/wp-json\/wp\/v2\/pages\/19230751","targetHints":{"allow":["GET"]}}],"collection":[{"href":"https:\/\/jensens.com\/sv\/wp-json\/wp\/v2\/pages"}],"about":[{"href":"https:\/\/jensens.com\/sv\/wp-json\/wp\/v2\/types\/page"}],"author":[{"embeddable":true,"href":"https:\/\/jensens.com\/sv\/wp-json\/wp\/v2\/users\/3"}],"replies":[{"embeddable":true,"href":"https:\/\/jensens.com\/sv\/wp-json\/wp\/v2\/comments?post=19230751"}],"version-history":[{"count":9,"href":"https:\/\/jensens.com\/sv\/wp-json\/wp\/v2\/pages\/19230751\/revisions"}],"predecessor-version":[{"id":371821418,"href":"https:\/\/jensens.com\/sv\/wp-json\/wp\/v2\/pages\/19230751\/revisions\/371821418"}],"wp:attachment":[{"href":"https:\/\/jensens.com\/sv\/wp-json\/wp\/v2\/media?parent=19230751"}],"curies":[{"name":"wp","href":"https:\/\/api.w.org\/{rel}","templated":true}]}}