{"id":19230884,"date":"2022-08-16T15:41:39","date_gmt":"2022-08-16T13:41:39","guid":{"rendered":"https:\/\/stoic-haibt.89-188-76-10.plesk.page\/min-profil\/"},"modified":"2026-01-05T08:56:55","modified_gmt":"2026-01-05T07:56:55","slug":"min-profil","status":"publish","type":"page","link":"https:\/\/jensens.com\/sv\/min-profil\/","title":{"rendered":"Min profil"},"content":{"rendered":"\r\n<div id=\"textBlock-block_0f9fc3a81ef50e7e05958ccc56f26374\" class=\"textBlock textBlock--left\">\r\n\t<div class=\"container\">\r\n\t\t<div class=\"row\">\r\n\t\t\t<div class=\"col-12 col-lg-10 col-xl-8 offset-xl-2 offset-lg-1\" data-aos=\"fade-up\" data-aos-duration=\"800\" data-aos-offset=\"-150\">\r\n\t\t\t\t<div class=\"textBlock__inner\">\r\n\t\t\t\t\t<p><img loading=\"lazy\" decoding=\"async\" class=\"aligncenter size-medium wp-image-371824680\" style=\"display:block;margin: auto\" src=\"https:\/\/jensens.com\/wp-content\/uploads\/2024\/12\/clubjensens-logo.svg\" alt=\"\" width=\"300\" height=\"101\" \/><\/p>\n\t\t\t\t\t<div class=\"textBlock__inner__buttons\">\r\n\t\t\t\t\t\t\t\t\t\t\t<\/div>\r\n\t\t\t\t<\/div>\r\n\t\t\t\t\t\t\t<\/div>\r\n\t\t<\/div>\r\n\t<\/div>\r\n<\/div>\n\n<div class=\"loginClub\">\r\n    <h1 class=\"loginClub__title\">Logga in<\/h1>\r\n    <div class=\"loginClub__content\"><\/div>\r\n    \t<div class=\"loginContainer\">\r\n\t\t<form id=\"loginClubForm\" class=\"loginClub__form\">\r\n\t\t\t<ul class=\"errorList\">\r\n\t\t\t\t<li>Ugyldig e-mail eller adgangskode. Pr\u00f8v igen.<\/li>\r\n\t\t\t<\/ul>\r\n\t\t\t<div class=\"formRow\">\r\n\t\t\t\t<label for=\"email\">Dit email *<\/label>\r\n\t\t\t\t<div class=\"formRow__input\">\r\n\t\t\t\t\t<input type=\"email\" name=\"email\" id=\"email\" placeholder=\"\" value=\"\" required \/>\r\n\t\t\t\t<\/div>\r\n\t\t\t<\/div>\r\n\t\t\t<div class=\"formRow\">\r\n\t\t\t\t<label for=\"password\">Dit password *<\/label>\r\n\t\t\t\t<div class=\"formRow__input\">\r\n\t\t\t\t\t<input type=\"password\" name=\"password\" id=\"password\" placeholder=\"\" value=\"\" required \/>\r\n\t\t\t\t<\/div>\r\n\t\t\t<\/div>\r\n\t\t\t<button class=\"button button--round button--red buttonLoader\">\r\n\t\t\t\t<span>Login<\/span>\r\n\t\t\t<\/button>\r\n\t\t\t<a href=\"https:\/\/jensens.com\/da\/register\/\" class=\"button button--round button--red registerClubButton\"><span>G\u00e5 med i klubben<\/span><\/a>\r\n\t\t\t<div class=\"returnRedLink\">\r\n\t\t\t\t<a href=\"https:\/\/jensens.com\/da\/forgot-password\/\"><span>Gl\u00f6mt l\u00f6senordet?<\/span><\/a>\r\n\t\t\t<\/div>\r\n\t\t<\/form>\r\n\t<\/div>\r\n<\/div>\r\n\n\n\r\n<div id=\"spacer-block_ea1dd2d41c0cfe903e4ce8f0af079a35\" class=\"spacer\" style=\"background:rgba(255,255,255,0)\">\r\n\t<style>\r\n\t\t\r\n\t\t\t#spacer-block_ea1dd2d41c0cfe903e4ce8f0af079a35{ height: 5px; }\r\n\t\t\t@media(min-width:992px){ #spacer-block_ea1dd2d41c0cfe903e4ce8f0af079a35{ height: 5px; } }\r\n\t\t\t@media(min-width:1200px){ #spacer-block_ea1dd2d41c0cfe903e4ce8f0af079a35{ height: 10px; } }\r\n\t\t\t<\/style>\r\n<\/div>\n\n\r\n<div id=\"textColumnsWrap-block_1bbca0d8f83db022bd7c6e4f6f7352da\" class=\"textColumnsWrap\">\r\n    <div class=\"container\">\r\n        <div class=\"row\">\r\n            <div class=\"col-12\">\r\n                                <div class=\"textColumns\">\r\n                                                                                <div class=\"textColumns__single\">\r\n                                    <div class=\"textColumns__single__image\"><img data-src=\"https:\/\/jensens.com\/wp-content\/uploads\/2024\/10\/Boernefotos-website-3-1080x1080.jpg\" data-srcset=\"https:\/\/jensens.com\/wp-content\/uploads\/2024\/10\/Boernefotos-website-3-600x600.jpg 600w, https:\/\/jensens.com\/wp-content\/uploads\/2024\/10\/Boernefotos-website-3-1024x1024.jpg 1024w, https:\/\/jensens.com\/wp-content\/uploads\/2024\/10\/Boernefotos-website-3-1080x1080.jpg 1900w\" sizes=\"auto\" alt=\"\" class=\"lazyload cover\" \/><\/div><div class=\"textColumns__text\"><p><strong>Gratis mjukglass f\u00f6r hela s\u00e4llskapet i samband med f\u00f6delsedag<\/strong><\/p>\n<p>Gratis mjukglass f\u00f6r hela s\u00e4llskapet i samband med din f\u00f6delsedag. G\u00e4ller en vecka f\u00f6re och en vecka efter din f\u00f6delsedag \u2013 och du kan utnyttja denna f\u00f6rm\u00e5n s\u00e5 m\u00e5nga g\u00e5nger du vill under denna period.<\/p>\n<\/div>                                <\/div>\r\n                                                            <div class=\"textColumns__single\">\r\n                                    <div class=\"textColumns__single__image\"><img data-src=\"https:\/\/jensens.com\/wp-content\/uploads\/2024\/10\/Boernefotos-website-1-1080x1080.jpg\" data-srcset=\"https:\/\/jensens.com\/wp-content\/uploads\/2024\/10\/Boernefotos-website-1-600x600.jpg 600w, https:\/\/jensens.com\/wp-content\/uploads\/2024\/10\/Boernefotos-website-1-1024x1024.jpg 1024w, https:\/\/jensens.com\/wp-content\/uploads\/2024\/10\/Boernefotos-website-1-1080x1080.jpg 1900w\" sizes=\"auto\" alt=\"\" class=\"lazyload cover\" \/><\/div><div class=\"textColumns__text\"><p><strong>Happy Sunday \u2013 Barnrabatt VARJE s\u00f6ndag!<\/strong><\/p>\n<p>Varje s\u00f6ndag kan barn (upp till och med 12 \u00e5r) \u00e4ta till halva priset*. V\u00e5ra barnr\u00e4tter inkluderar alltid gratis mjukglass fr\u00e5n v\u00e5r sj\u00e4lvservering.<\/p>\n<\/div>                                <\/div>\r\n                                                            <div class=\"textColumns__single\">\r\n                                    <div class=\"textColumns__single__image\"><img data-src=\"https:\/\/jensens.com\/wp-content\/uploads\/2024\/10\/Medarbejderfotos-3-1080x1080.jpg\" data-srcset=\"https:\/\/jensens.com\/wp-content\/uploads\/2024\/10\/Medarbejderfotos-3-600x600.jpg 600w, https:\/\/jensens.com\/wp-content\/uploads\/2024\/10\/Medarbejderfotos-3-1024x1024.jpg 1024w, https:\/\/jensens.com\/wp-content\/uploads\/2024\/10\/Medarbejderfotos-3-1080x1080.jpg 1900w\" sizes=\"auto\" alt=\"\" class=\"lazyload cover\" \/><\/div><div class=\"textColumns__text\"><p><strong>Exklusiva f\u00f6rm\u00e5ner<\/strong><\/p>\n<p>Som medlem i Club Jensens f\u00e5r du tillg\u00e5ng till exklusiva f\u00f6rm\u00e5ner! Du f\u00e5r m\u00f6jlighet att delta i sp\u00e4nnande evenemang, vinna biljetter till event och tillst\u00e4llningar, samt smaka p\u00e5 utvalda r\u00e4tter innan alla andra.<\/p>\n<\/div>                                <\/div>\r\n                                                                <\/div>\r\n            <\/div>\r\n        <\/div>\r\n    <\/div>\r\n<\/div>\n\n","protected":false},"excerpt":{"rendered":"","protected":false},"author":3,"featured_media":0,"parent":0,"menu_order":0,"comment_status":"closed","ping_status":"closed","template":"template-parts\/min-profil-template.php","meta":{"_acf_changed":false,"inline_featured_image":false,"footnotes":""},"class_list":["post-19230884","page","type-page","status-publish","hentry"],"acf":[],"yoast_head":"<!-- This site is optimized with the Yoast SEO Premium plugin v26.9 (Yoast SEO v26.9) - https:\/\/yoast.com\/product\/yoast-seo-premium-wordpress\/ -->\n<title>Min profil - Jensens<\/title>\n<meta name=\"robots\" content=\"index, follow, max-snippet:-1, max-image-preview:large, max-video-preview:-1\" \/>\n<link rel=\"canonical\" href=\"https:\/\/jensens.com\/sv\/min-profil\/\" \/>\n<meta property=\"og:locale\" content=\"sv_SE\" \/>\n<meta property=\"og:type\" content=\"article\" \/>\n<meta property=\"og:title\" content=\"Min profil\" \/>\n<meta property=\"og:url\" content=\"https:\/\/jensens.com\/sv\/min-profil\/\" \/>\n<meta property=\"og:site_name\" content=\"Jensens\" \/>\n<meta property=\"article:modified_time\" content=\"2026-01-05T07:56:55+00:00\" \/>\n<meta name=\"twitter:card\" content=\"summary_large_image\" \/>\n<script type=\"application\/ld+json\" class=\"yoast-schema-graph\">{\"@context\":\"https:\/\/schema.org\",\"@graph\":[{\"@type\":\"WebPage\",\"@id\":\"https:\/\/jensens.com\/sv\/min-profil\/\",\"url\":\"https:\/\/jensens.com\/sv\/min-profil\/\",\"name\":\"Min profil - Jensens\",\"isPartOf\":{\"@id\":\"https:\/\/jensens.com\/sv\/#website\"},\"datePublished\":\"2022-08-16T13:41:39+00:00\",\"dateModified\":\"2026-01-05T07:56:55+00:00\",\"breadcrumb\":{\"@id\":\"https:\/\/jensens.com\/sv\/min-profil\/#breadcrumb\"},\"inLanguage\":\"sv-SE\",\"potentialAction\":[{\"@type\":\"ReadAction\",\"target\":[\"https:\/\/jensens.com\/sv\/min-profil\/\"]}]},{\"@type\":\"BreadcrumbList\",\"@id\":\"https:\/\/jensens.com\/sv\/min-profil\/#breadcrumb\",\"itemListElement\":[{\"@type\":\"ListItem\",\"position\":1,\"name\":\"Home\",\"item\":\"https:\/\/jensens.com\/sv\/\"},{\"@type\":\"ListItem\",\"position\":2,\"name\":\"Min profil\"}]},{\"@type\":\"WebSite\",\"@id\":\"https:\/\/jensens.com\/sv\/#website\",\"url\":\"https:\/\/jensens.com\/sv\/\",\"name\":\"Jensens\",\"description\":\"\",\"potentialAction\":[{\"@type\":\"SearchAction\",\"target\":{\"@type\":\"EntryPoint\",\"urlTemplate\":\"https:\/\/jensens.com\/sv\/?s={search_term_string}\"},\"query-input\":{\"@type\":\"PropertyValueSpecification\",\"valueRequired\":true,\"valueName\":\"search_term_string\"}}],\"inLanguage\":\"sv-SE\"}]}<\/script>\n<!-- \/ Yoast SEO Premium plugin. -->","yoast_head_json":{"title":"Min profil - Jensens","robots":{"index":"index","follow":"follow","max-snippet":"max-snippet:-1","max-image-preview":"max-image-preview:large","max-video-preview":"max-video-preview:-1"},"canonical":"https:\/\/jensens.com\/sv\/min-profil\/","og_locale":"sv_SE","og_type":"article","og_title":"Min profil","og_url":"https:\/\/jensens.com\/sv\/min-profil\/","og_site_name":"Jensens","article_modified_time":"2026-01-05T07:56:55+00:00","twitter_card":"summary_large_image","schema":{"@context":"https:\/\/schema.org","@graph":[{"@type":"WebPage","@id":"https:\/\/jensens.com\/sv\/min-profil\/","url":"https:\/\/jensens.com\/sv\/min-profil\/","name":"Min profil - Jensens","isPartOf":{"@id":"https:\/\/jensens.com\/sv\/#website"},"datePublished":"2022-08-16T13:41:39+00:00","dateModified":"2026-01-05T07:56:55+00:00","breadcrumb":{"@id":"https:\/\/jensens.com\/sv\/min-profil\/#breadcrumb"},"inLanguage":"sv-SE","potentialAction":[{"@type":"ReadAction","target":["https:\/\/jensens.com\/sv\/min-profil\/"]}]},{"@type":"BreadcrumbList","@id":"https:\/\/jensens.com\/sv\/min-profil\/#breadcrumb","itemListElement":[{"@type":"ListItem","position":1,"name":"Home","item":"https:\/\/jensens.com\/sv\/"},{"@type":"ListItem","position":2,"name":"Min profil"}]},{"@type":"WebSite","@id":"https:\/\/jensens.com\/sv\/#website","url":"https:\/\/jensens.com\/sv\/","name":"Jensens","description":"","potentialAction":[{"@type":"SearchAction","target":{"@type":"EntryPoint","urlTemplate":"https:\/\/jensens.com\/sv\/?s={search_term_string}"},"query-input":{"@type":"PropertyValueSpecification","valueRequired":true,"valueName":"search_term_string"}}],"inLanguage":"sv-SE"}]}},"_links":{"self":[{"href":"https:\/\/jensens.com\/sv\/wp-json\/wp\/v2\/pages\/19230884","targetHints":{"allow":["GET"]}}],"collection":[{"href":"https:\/\/jensens.com\/sv\/wp-json\/wp\/v2\/pages"}],"about":[{"href":"https:\/\/jensens.com\/sv\/wp-json\/wp\/v2\/types\/page"}],"author":[{"embeddable":true,"href":"https:\/\/jensens.com\/sv\/wp-json\/wp\/v2\/users\/3"}],"replies":[{"embeddable":true,"href":"https:\/\/jensens.com\/sv\/wp-json\/wp\/v2\/comments?post=19230884"}],"version-history":[{"count":52,"href":"https:\/\/jensens.com\/sv\/wp-json\/wp\/v2\/pages\/19230884\/revisions"}],"predecessor-version":[{"id":397902031,"href":"https:\/\/jensens.com\/sv\/wp-json\/wp\/v2\/pages\/19230884\/revisions\/397902031"}],"wp:attachment":[{"href":"https:\/\/jensens.com\/sv\/wp-json\/wp\/v2\/media?parent=19230884"}],"curies":[{"name":"wp","href":"https:\/\/api.w.org\/{rel}","templated":true}]}}