{"id":19232171,"date":"2022-09-28T10:40:35","date_gmt":"2022-09-28T08:40:35","guid":{"rendered":"https:\/\/stoic-haibt.89-188-76-10.plesk.page\/tak-din\/"},"modified":"2022-10-10T15:58:14","modified_gmt":"2022-10-10T13:58:14","slug":"tak-din","status":"publish","type":"page","link":"https:\/\/jensens.com\/sv\/tak-din\/","title":{"rendered":"Tak din"},"content":{"rendered":"\r\n<div id=\"textBlock-block_f3e5905a9347660308e7b0aee27c1123\" class=\"textBlock confirmContact textBlock--\">\r\n\t<div class=\"container\">\r\n\t\t<div class=\"row\">\r\n\t\t\t<div class=\"col-12 col-lg-10 col-xl-8 offset-xl-2 offset-lg-1\" data-aos=\"fade-up\" data-aos-duration=\"800\" data-aos-offset=\"-150\">\r\n\t\t\t\t<div class=\"textBlock__inner\">\r\n\t\t\t\t\t<h1>K\u00e4ra g\u00e4st<\/h1>\n<p>Tack f\u00f6r din f\u00f6rfr\u00e5gan<\/p>\n<p>Jensens B\u00f8fhus Odense, L\u00e6ss\u00f8egade<br \/>\nL\u00e6ss\u00f8egade 215,<br \/>\n5230 Odense M<\/p>\n<p><a href=\"tel:66 11 20 22\">66 11 20 22<\/a><\/p>\n<p><a href=\"mailto:info@jensens.dk\">info@jensens.dk<\/a><\/p>\n\t\t\t\t\t<div class=\"textBlock__inner__buttons\">\r\n\t\t\t\t\t\t\t\t\t\t\t\t\t\t\t\t\t\t\t\t\t<a href=\"https:\/\/jensens.com\/sv\/kontakt-faq\/\" target=\"\" class=\"button button--red button--round\"><span>Se oftest stillede sp\u00f8rgsm\u00e5l<\/span><\/a>\t\t\t\t\t\t\t\t\t\t\t\t\t\t\t\t\t\t<\/div>\r\n\t\t\t\t<\/div>\r\n\t\t\t\t\t\t\t<\/div>\r\n\t\t<\/div>\r\n\t<\/div>\r\n<\/div>\n\n\r\n<div id=\"spacer-block_c9dd7f4ace1235cf22bb59c246ebce47\" class=\"spacer\" style=\"background:rgba(255,255,255,0)\">\r\n\t<style>\r\n\t\t\r\n\t\t\t#spacer-block_c9dd7f4ace1235cf22bb59c246ebce47{ height: 30px; }\r\n\t\t\t@media(min-width:992px){ #spacer-block_c9dd7f4ace1235cf22bb59c246ebce47{ height: 30px; } }\r\n\t\t\t@media(min-width:1200px){ #spacer-block_c9dd7f4ace1235cf22bb59c246ebce47{ height: 40px; } }\r\n\t\t\t<\/style>\r\n<\/div>","protected":false},"excerpt":{"rendered":"","protected":false},"author":3,"featured_media":0,"parent":0,"menu_order":0,"comment_status":"closed","ping_status":"closed","template":"","meta":{"_acf_changed":false,"inline_featured_image":false,"footnotes":""},"class_list":["post-19232171","page","type-page","status-publish","hentry"],"acf":[],"yoast_head":"<!-- This site is optimized with the Yoast SEO Premium plugin v26.9 (Yoast SEO v26.9) - https:\/\/yoast.com\/product\/yoast-seo-premium-wordpress\/ -->\n<title>Tak din - Jensens<\/title>\n<meta name=\"robots\" content=\"index, follow, max-snippet:-1, max-image-preview:large, max-video-preview:-1\" \/>\n<link rel=\"canonical\" href=\"https:\/\/jensens.com\/sv\/tak-din\/\" \/>\n<meta property=\"og:locale\" content=\"sv_SE\" \/>\n<meta property=\"og:type\" content=\"article\" \/>\n<meta property=\"og:title\" content=\"Tak din\" \/>\n<meta property=\"og:url\" content=\"https:\/\/jensens.com\/sv\/tak-din\/\" \/>\n<meta property=\"og:site_name\" content=\"Jensens\" \/>\n<meta property=\"article:modified_time\" content=\"2022-10-10T13:58:14+00:00\" \/>\n<meta name=\"twitter:card\" content=\"summary_large_image\" \/>\n<script type=\"application\/ld+json\" class=\"yoast-schema-graph\">{\"@context\":\"https:\/\/schema.org\",\"@graph\":[{\"@type\":\"WebPage\",\"@id\":\"https:\/\/jensens.com\/sv\/tak-din\/\",\"url\":\"https:\/\/jensens.com\/sv\/tak-din\/\",\"name\":\"Tak din - Jensens\",\"isPartOf\":{\"@id\":\"https:\/\/jensens.com\/sv\/#website\"},\"datePublished\":\"2022-09-28T08:40:35+00:00\",\"dateModified\":\"2022-10-10T13:58:14+00:00\",\"breadcrumb\":{\"@id\":\"https:\/\/jensens.com\/sv\/tak-din\/#breadcrumb\"},\"inLanguage\":\"sv-SE\",\"potentialAction\":[{\"@type\":\"ReadAction\",\"target\":[\"https:\/\/jensens.com\/sv\/tak-din\/\"]}]},{\"@type\":\"BreadcrumbList\",\"@id\":\"https:\/\/jensens.com\/sv\/tak-din\/#breadcrumb\",\"itemListElement\":[{\"@type\":\"ListItem\",\"position\":1,\"name\":\"Home\",\"item\":\"https:\/\/jensens.com\/sv\/\"},{\"@type\":\"ListItem\",\"position\":2,\"name\":\"Tak din\"}]},{\"@type\":\"WebSite\",\"@id\":\"https:\/\/jensens.com\/sv\/#website\",\"url\":\"https:\/\/jensens.com\/sv\/\",\"name\":\"Jensens\",\"description\":\"\",\"potentialAction\":[{\"@type\":\"SearchAction\",\"target\":{\"@type\":\"EntryPoint\",\"urlTemplate\":\"https:\/\/jensens.com\/sv\/?s={search_term_string}\"},\"query-input\":{\"@type\":\"PropertyValueSpecification\",\"valueRequired\":true,\"valueName\":\"search_term_string\"}}],\"inLanguage\":\"sv-SE\"}]}<\/script>\n<!-- \/ Yoast SEO Premium plugin. -->","yoast_head_json":{"title":"Tak din - Jensens","robots":{"index":"index","follow":"follow","max-snippet":"max-snippet:-1","max-image-preview":"max-image-preview:large","max-video-preview":"max-video-preview:-1"},"canonical":"https:\/\/jensens.com\/sv\/tak-din\/","og_locale":"sv_SE","og_type":"article","og_title":"Tak din","og_url":"https:\/\/jensens.com\/sv\/tak-din\/","og_site_name":"Jensens","article_modified_time":"2022-10-10T13:58:14+00:00","twitter_card":"summary_large_image","schema":{"@context":"https:\/\/schema.org","@graph":[{"@type":"WebPage","@id":"https:\/\/jensens.com\/sv\/tak-din\/","url":"https:\/\/jensens.com\/sv\/tak-din\/","name":"Tak din - Jensens","isPartOf":{"@id":"https:\/\/jensens.com\/sv\/#website"},"datePublished":"2022-09-28T08:40:35+00:00","dateModified":"2022-10-10T13:58:14+00:00","breadcrumb":{"@id":"https:\/\/jensens.com\/sv\/tak-din\/#breadcrumb"},"inLanguage":"sv-SE","potentialAction":[{"@type":"ReadAction","target":["https:\/\/jensens.com\/sv\/tak-din\/"]}]},{"@type":"BreadcrumbList","@id":"https:\/\/jensens.com\/sv\/tak-din\/#breadcrumb","itemListElement":[{"@type":"ListItem","position":1,"name":"Home","item":"https:\/\/jensens.com\/sv\/"},{"@type":"ListItem","position":2,"name":"Tak din"}]},{"@type":"WebSite","@id":"https:\/\/jensens.com\/sv\/#website","url":"https:\/\/jensens.com\/sv\/","name":"Jensens","description":"","potentialAction":[{"@type":"SearchAction","target":{"@type":"EntryPoint","urlTemplate":"https:\/\/jensens.com\/sv\/?s={search_term_string}"},"query-input":{"@type":"PropertyValueSpecification","valueRequired":true,"valueName":"search_term_string"}}],"inLanguage":"sv-SE"}]}},"_links":{"self":[{"href":"https:\/\/jensens.com\/sv\/wp-json\/wp\/v2\/pages\/19232171","targetHints":{"allow":["GET"]}}],"collection":[{"href":"https:\/\/jensens.com\/sv\/wp-json\/wp\/v2\/pages"}],"about":[{"href":"https:\/\/jensens.com\/sv\/wp-json\/wp\/v2\/types\/page"}],"author":[{"embeddable":true,"href":"https:\/\/jensens.com\/sv\/wp-json\/wp\/v2\/users\/3"}],"replies":[{"embeddable":true,"href":"https:\/\/jensens.com\/sv\/wp-json\/wp\/v2\/comments?post=19232171"}],"version-history":[{"count":6,"href":"https:\/\/jensens.com\/sv\/wp-json\/wp\/v2\/pages\/19232171\/revisions"}],"predecessor-version":[{"id":19232823,"href":"https:\/\/jensens.com\/sv\/wp-json\/wp\/v2\/pages\/19232171\/revisions\/19232823"}],"wp:attachment":[{"href":"https:\/\/jensens.com\/sv\/wp-json\/wp\/v2\/media?parent=19232171"}],"curies":[{"name":"wp","href":"https:\/\/api.w.org\/{rel}","templated":true}]}}