{"id":368300205,"date":"2022-11-15T12:36:39","date_gmt":"2022-11-15T11:36:39","guid":{"rendered":"https:\/\/stoic-haibt.89-188-76-10.plesk.page\/take-away-2\/"},"modified":"2022-11-22T13:36:45","modified_gmt":"2022-11-22T12:36:45","slug":"take-away","status":"publish","type":"page","link":"https:\/\/jensens.com\/sv\/take-away\/","title":{"rendered":"Take away"},"content":{"rendered":"\r\n<div id=\"noticeBlockWrap-block_b85c41a122fc4b19cd9ab839d7594363\" class=\"noticeBlockWrap\">\r\n\t<div class=\"container\">\r\n\t\t<div class=\"row\">\r\n\t\t\t<div class=\"col-12 col-lg-10 col-xl-8 offset-lg-1 offset-xl-2\" data-aos=\"fade-up\" data-aos-duration=\"800\">\r\n\t\t\t\t<div class=\"noticeLogo\"><img decoding=\"async\" src=\"\/wp-content\/themes\/jensens\/img\/takeaway-logo.svg\" alt=\"Logotype\" \/><\/div>\r\n\t\t\t\t<div class=\"noticeBlock\">\r\n\t\t\t\t\t\t\t\t\t\t\t<h1>Best\u00e4ll take away fr\u00e5n Jensens B\u00f8fhus<\/h1>\r\n\t\t\t\t\t\t\t\t\t\t\t\t\t\t\t\t<a href=\"https:\/\/jensens.com\/da\/find-restaurant\/\" class=\"button button--red button--round button--takeaway\">\r\n\t\t\t\t\t\t\t<svg class=\"icon\"><use xlink:href=\"#basket\"><\/use><\/svg><span>Best\u00e4ll Take Away nu<\/span>\r\n\t\t\t\t\t\t<\/a>\r\n\t\t\t\t\t\t\t\t\t\t<h2>Vi erbjuder ocks\u00e5 utk\u00f6rning av dina Favoriter fr\u00e5n Jensens<\/h2>\n<p>Du\u00a0klickar p\u00e5 dina \u00e4lsklingsr\u00e4tter, s\u00e5 fixar vi maten. Du kan v\u00e4lja mellan v\u00e5ra f\u00e4rdiga take away-boxar, som satts ihop utifr\u00e5n olika behov. Eller s\u00e5 kan du handplocka de r\u00e4tter, tillbeh\u00f6r och drycker som du f\u00f6redrar. Vi har inte hela v\u00e5r vanliga meny som take away, men i geng\u00e4ld kan du f\u00e5 din mat utk\u00f6rd i de flesta st\u00f6rre st\u00e4der.<\/p>\n<p>V\u00e5r take away-meny inneh\u00e5ller allt fr\u00e5n snacks f\u00f6r den sm\u00e5hungriga, lunch-take away och middag med b\u00e5de f\u00f6rr\u00e4tt, huvudr\u00e4tt och dessert. Vi har burgare, biffar, barnr\u00e4tter, desserter och tillbeh\u00f6r. Biffarna serverar vi i en praktisk aluminiuml\u00e5da med lock som ser till att de f\u00f6rblir saftiga.<\/p>\n<h2>Jensens B\u00f8fhus erbjuder utk\u00f6rning i st\u00f6rre st\u00e4der<\/h2>\n<p>Vi kan erbjuda utk\u00f6rning av take away via Wolt och Foodora.<\/p>\n<p>Jensens take away \u00e4r perfekt till fredagsmyset, s\u00e4rskilt om du har barn och g\u00e4rna vill beh\u00e5lla den goda st\u00e4mningen i familjen. D\u00e5 st\u00e5r vi redo med snabb och smidig hj\u00e4lp. Burger-take away, fries, s\u00e5s och l\u00e4sk brukar vara en hit hos v\u00e5ra minsta g\u00e4ster \u2013 och vi har sj\u00e4lvklart \u00e4ven r\u00e4tter i barnstorlek, s\u00e5 att du slipper sl\u00e4nga en halv Herrg\u00e5rdsburgare.<\/p>\n<h2>Vegetarisk take away med eller utan kyckling<\/h2>\n<p>K\u00e4nner du f\u00f6r gr\u00f6nsaker men inte sj\u00e4lv orkar \u2013 eller om du \u00e4r vegetarian \u2013 s\u00e5 f\u00f6rtvivla icke. Du kan n\u00e4mligen blanda din egen sallad med eller utan kycklingfil\u00e9.<\/p>\n<h2>Under \u201dTillbeh\u00f6r\u201d hittar du s\u00e5ser, dippar, chips m.m.<\/h2>\n<p>N\u00e4r du har valt de r\u00e4tter du vill ha s\u00e5 kan du ta en titt p\u00e5 v\u00e5ra tillbeh\u00f6r. H\u00e4r kan du n\u00e4mligen v\u00e4lja exakt den s\u00e5s och dipp du vill ha. Du kan \u00e4ven v\u00e4lja olika sorters chips \u2013 som ju som bekant passar utm\u00e4rkt till den serie du sedan ska ligga i soffan och kolla p\u00e5.<\/p>\n<p>Det \u00e4r ocks\u00e5 under \u201dTillbeh\u00f6r\u201d du hittar t.ex. bakpotatis, fries, potatisgrat\u00e4ng och coleslaw.<\/p>\n<p>Utforska v\u00e5r take away-meny. Vi hoppas att du hittar det du \u00f6nskar.<\/p>\n<p>Smaklig m\u00e5ltid!<\/p>\n\t\t\t\t\t\t\t\t\t\t\t<a href=\"https:\/\/jensens.com\/da\/find-restaurant\/\" class=\"button button--red button--round button--takeaway\">\r\n\t\t\t\t\t\t\t<svg class=\"icon\"><use xlink:href=\"#basket\"><\/use><\/svg><span>Best\u00e4ll Take Away nu<\/span>\r\n\t\t\t\t\t\t<\/a>\r\n\t\t\t\t\t\t\t\t\t<\/div>\r\n\t\t\t<\/div>\r\n\t\t<\/div>\r\n\t<\/div>\r\n<\/div>","protected":false},"excerpt":{"rendered":"","protected":false},"author":3,"featured_media":0,"parent":0,"menu_order":0,"comment_status":"closed","ping_status":"closed","template":"","meta":{"_acf_changed":false,"inline_featured_image":false,"footnotes":""},"class_list":["post-368300205","page","type-page","status-publish","hentry"],"acf":[],"yoast_head":"<!-- This site is optimized with the Yoast SEO Premium plugin v26.9 (Yoast SEO v26.9) - https:\/\/yoast.com\/product\/yoast-seo-premium-wordpress\/ -->\n<title>Jensens B\u00f8fhus take away \u2013 n\u00e4r du inte sj\u00e4lv orkar!<\/title>\n<meta name=\"description\" content=\"H\u00e4r f\u00e5r du burger-take away, vegetarisk take away, fries, biff och take away till barnen. Vi erbjuder utk\u00f6rning av maten i de flesta st\u00e4der. Best\u00e4ll mat h\u00e4r \ud83c\udf54\" \/>\n<meta name=\"robots\" content=\"index, follow, max-snippet:-1, max-image-preview:large, max-video-preview:-1\" \/>\n<link rel=\"canonical\" href=\"https:\/\/jensens.com\/sv\/take-away\/\" \/>\n<meta property=\"og:locale\" content=\"sv_SE\" \/>\n<meta property=\"og:type\" content=\"article\" \/>\n<meta property=\"og:title\" content=\"Take away\" \/>\n<meta property=\"og:description\" content=\"H\u00e4r f\u00e5r du burger-take away, vegetarisk take away, fries, biff och take away till barnen. Vi erbjuder utk\u00f6rning av maten i de flesta st\u00e4der. Best\u00e4ll mat h\u00e4r \ud83c\udf54\" \/>\n<meta property=\"og:url\" content=\"https:\/\/jensens.com\/sv\/take-away\/\" \/>\n<meta property=\"og:site_name\" content=\"Jensens\" \/>\n<meta property=\"article:modified_time\" content=\"2022-11-22T12:36:45+00:00\" \/>\n<meta name=\"twitter:card\" content=\"summary_large_image\" \/>\n<script type=\"application\/ld+json\" class=\"yoast-schema-graph\">{\"@context\":\"https:\/\/schema.org\",\"@graph\":[{\"@type\":\"WebPage\",\"@id\":\"https:\/\/jensens.com\/sv\/take-away\/\",\"url\":\"https:\/\/jensens.com\/sv\/take-away\/\",\"name\":\"Jensens B\u00f8fhus take away \u2013 n\u00e4r du inte sj\u00e4lv orkar!\",\"isPartOf\":{\"@id\":\"https:\/\/jensens.com\/sv\/#website\"},\"datePublished\":\"2022-11-15T11:36:39+00:00\",\"dateModified\":\"2022-11-22T12:36:45+00:00\",\"description\":\"H\u00e4r f\u00e5r du burger-take away, vegetarisk take away, fries, biff och take away till barnen. Vi erbjuder utk\u00f6rning av maten i de flesta st\u00e4der. Best\u00e4ll mat h\u00e4r \ud83c\udf54\",\"breadcrumb\":{\"@id\":\"https:\/\/jensens.com\/sv\/take-away\/#breadcrumb\"},\"inLanguage\":\"sv-SE\",\"potentialAction\":[{\"@type\":\"ReadAction\",\"target\":[\"https:\/\/jensens.com\/sv\/take-away\/\"]}]},{\"@type\":\"BreadcrumbList\",\"@id\":\"https:\/\/jensens.com\/sv\/take-away\/#breadcrumb\",\"itemListElement\":[{\"@type\":\"ListItem\",\"position\":1,\"name\":\"Home\",\"item\":\"https:\/\/jensens.com\/sv\/\"},{\"@type\":\"ListItem\",\"position\":2,\"name\":\"Take away\"}]},{\"@type\":\"WebSite\",\"@id\":\"https:\/\/jensens.com\/sv\/#website\",\"url\":\"https:\/\/jensens.com\/sv\/\",\"name\":\"Jensens\",\"description\":\"\",\"potentialAction\":[{\"@type\":\"SearchAction\",\"target\":{\"@type\":\"EntryPoint\",\"urlTemplate\":\"https:\/\/jensens.com\/sv\/?s={search_term_string}\"},\"query-input\":{\"@type\":\"PropertyValueSpecification\",\"valueRequired\":true,\"valueName\":\"search_term_string\"}}],\"inLanguage\":\"sv-SE\"}]}<\/script>\n<!-- \/ Yoast SEO Premium plugin. -->","yoast_head_json":{"title":"Jensens B\u00f8fhus take away \u2013 n\u00e4r du inte sj\u00e4lv orkar!","description":"H\u00e4r f\u00e5r du burger-take away, vegetarisk take away, fries, biff och take away till barnen. Vi erbjuder utk\u00f6rning av maten i de flesta st\u00e4der. Best\u00e4ll mat h\u00e4r \ud83c\udf54","robots":{"index":"index","follow":"follow","max-snippet":"max-snippet:-1","max-image-preview":"max-image-preview:large","max-video-preview":"max-video-preview:-1"},"canonical":"https:\/\/jensens.com\/sv\/take-away\/","og_locale":"sv_SE","og_type":"article","og_title":"Take away","og_description":"H\u00e4r f\u00e5r du burger-take away, vegetarisk take away, fries, biff och take away till barnen. Vi erbjuder utk\u00f6rning av maten i de flesta st\u00e4der. Best\u00e4ll mat h\u00e4r \ud83c\udf54","og_url":"https:\/\/jensens.com\/sv\/take-away\/","og_site_name":"Jensens","article_modified_time":"2022-11-22T12:36:45+00:00","twitter_card":"summary_large_image","schema":{"@context":"https:\/\/schema.org","@graph":[{"@type":"WebPage","@id":"https:\/\/jensens.com\/sv\/take-away\/","url":"https:\/\/jensens.com\/sv\/take-away\/","name":"Jensens B\u00f8fhus take away \u2013 n\u00e4r du inte sj\u00e4lv orkar!","isPartOf":{"@id":"https:\/\/jensens.com\/sv\/#website"},"datePublished":"2022-11-15T11:36:39+00:00","dateModified":"2022-11-22T12:36:45+00:00","description":"H\u00e4r f\u00e5r du burger-take away, vegetarisk take away, fries, biff och take away till barnen. Vi erbjuder utk\u00f6rning av maten i de flesta st\u00e4der. Best\u00e4ll mat h\u00e4r \ud83c\udf54","breadcrumb":{"@id":"https:\/\/jensens.com\/sv\/take-away\/#breadcrumb"},"inLanguage":"sv-SE","potentialAction":[{"@type":"ReadAction","target":["https:\/\/jensens.com\/sv\/take-away\/"]}]},{"@type":"BreadcrumbList","@id":"https:\/\/jensens.com\/sv\/take-away\/#breadcrumb","itemListElement":[{"@type":"ListItem","position":1,"name":"Home","item":"https:\/\/jensens.com\/sv\/"},{"@type":"ListItem","position":2,"name":"Take away"}]},{"@type":"WebSite","@id":"https:\/\/jensens.com\/sv\/#website","url":"https:\/\/jensens.com\/sv\/","name":"Jensens","description":"","potentialAction":[{"@type":"SearchAction","target":{"@type":"EntryPoint","urlTemplate":"https:\/\/jensens.com\/sv\/?s={search_term_string}"},"query-input":{"@type":"PropertyValueSpecification","valueRequired":true,"valueName":"search_term_string"}}],"inLanguage":"sv-SE"}]}},"_links":{"self":[{"href":"https:\/\/jensens.com\/sv\/wp-json\/wp\/v2\/pages\/368300205","targetHints":{"allow":["GET"]}}],"collection":[{"href":"https:\/\/jensens.com\/sv\/wp-json\/wp\/v2\/pages"}],"about":[{"href":"https:\/\/jensens.com\/sv\/wp-json\/wp\/v2\/types\/page"}],"author":[{"embeddable":true,"href":"https:\/\/jensens.com\/sv\/wp-json\/wp\/v2\/users\/3"}],"replies":[{"embeddable":true,"href":"https:\/\/jensens.com\/sv\/wp-json\/wp\/v2\/comments?post=368300205"}],"version-history":[{"count":6,"href":"https:\/\/jensens.com\/sv\/wp-json\/wp\/v2\/pages\/368300205\/revisions"}],"predecessor-version":[{"id":368318400,"href":"https:\/\/jensens.com\/sv\/wp-json\/wp\/v2\/pages\/368300205\/revisions\/368318400"}],"wp:attachment":[{"href":"https:\/\/jensens.com\/sv\/wp-json\/wp\/v2\/media?parent=368300205"}],"curies":[{"name":"wp","href":"https:\/\/api.w.org\/{rel}","templated":true}]}}