{"id":368311468,"date":"2023-02-15T13:16:42","date_gmt":"2023-02-15T12:16:42","guid":{"rendered":"https:\/\/jensens.com\/?page_id=368311468"},"modified":"2023-02-15T13:20:01","modified_gmt":"2023-02-15T12:20:01","slug":"tavlingsregler-och-villkor-for-manadens-teckning","status":"publish","type":"page","link":"https:\/\/jensens.com\/sv\/tavlingsregler-och-villkor-for-manadens-teckning\/","title":{"rendered":"T\u00e4vlingsregler och villkor f\u00f6r M\u00e5nadens teckning"},"content":{"rendered":"\r\n<div id=\"section-block_2beec13e401e044511717efa13e3487b\" class=\"section\">\r\n\t<div class=\"container\">\r\n\t\t<div class=\"row\">\r\n\t\t\t<div class=\"col-12\">\r\n\t\t\t\t<div class=\"section__inner\">\r\n\t\t\t\t\t\n\n<h2 class=\"wp-block-heading\" id=\"h-tavlingsregler-och-villkor-for-manadens-teckning\"><strong>T\u00e4vlingsregler och villkor f\u00f6r \u201dM\u00e5nadens teckning\u201d<\/strong><\/h2>\n\n\n\n<p><strong>Generella villkor<\/strong><\/p>\n\n\n\n<p>T\u00e4vlingen erbjuds av Jensens B\u00f8fhus, L\u00e6ss\u00f8egade 215, 5230 Odense M. T\u00e4vlingen h\u00e5lls i Danmark och Sverige. T\u00e4vlingen \u00e4r for barn upp till 12 \u00e5r, det \u00e4r g\u00e4ster i Jensens B\u00f8fhus restauranger i Danmark och Sverige, som l\u00e4mnar in en tekning, som \u00e4r m\u00e5lat p\u00e5 baksidan av barnmenyn som f\u00e5s i restaurangen.<\/p>\n\n\n\n<p>Anst\u00e4llda hos Jensens Foods A\/S, \u00e4ven anst\u00e4llda&nbsp;&nbsp;i Jensens B\u00f8fhus restauranger, kan inte deltaga i t\u00e4vlingen . N\u00e4r man l\u00e4mnar in en teckning accepterar man t\u00e4vlingens en deltager afleverer en tegning, accepteres konkurrencens betingelser, och det ges samtidigt till att Jensens B\u00f8fhus A\/S f\u00e5r kontakta deltagaren p\u00e5 telefon om en denne vinner.<\/p>\n\n\n\n<p><strong>T\u00e4vlingsregler<\/strong><\/p>\n\n\n\n<p>T\u00e4vlingen h\u00e5lls i alla Jensens B\u00f8fhus restauranger fr\u00e5n 8. februari 2023.<br>T\u00e4vlingen \u00e4r f\u00f6r barng\u00e4ster\u00a0\u00a0\u2013 barn till och med 12 \u00e5r.<br>Man kan delta en g\u00e5ng per restaurangbes\u00f6k.<\/p>\n\n\n\n<p><strong>S\u00e5 deltar du i t\u00e4vlingen&nbsp;<\/strong><\/p>\n\n\n\n<p>Barnet ritar en teckning p\u00e5 baksidan av barnmenyn och l\u00e4mnar teckningen till en av restaurangens v\u00e4rdar\/ v\u00e4rdinnor. Det ska skrivas f\u00f6rnamn p\u00e5 barn och vuxen samt telefonnummer till den vuxne som kan kontaktas vid eventuell vinst.<\/p>\n\n\n\n<p><strong>S\u00e5 dras vinnarna till t\u00e4vlingen<\/strong><\/p>\n\n\n\n<p>Teckningarna h\u00e4nga upp synligt i restaurangens lekrum. N\u00e4r m\u00e5naden \u00e4r slut v\u00e4ljer restaurangens personal 3 vinnare. Vinnaren kontaktas direkt av restaurangen. Chansen f\u00f6r att vinna \u00e4r beroende p\u00e5 hur m\u00e5nga som deltar i t\u00e4vlingen.\u00a0<\/p>\n\n\n\n<p>Vinsten kan inte\u00a0bytas till kontanter.\u00a0<\/p>\n\n\n\n<h2 class=\"wp-block-heading\"><strong>Vinster i t\u00e4vlingen&nbsp;<\/strong><\/h2>\n\n\n\n<p>Det finns totalt 3 priser per restaurang och m\u00e5nad. Priset \u00e4r ett presentkort p\u00e5 150 kr som kan anv\u00e4ndas p\u00e5 alla svenska Jensens B\u00f8fhus restauranger.&nbsp;<\/p>\n\n\n\n<h2 class=\"wp-block-heading\"><strong>Persondataansvarig<\/strong><\/h2>\n\n\n\n<p>I samband med deltagande i t\u00e4vlingen kommer mycket lite personuppgifter om t\u00e4vlingsdeltagaren att behandlas. Personuppgiftsansvarig i samband med behandling av personuppgifter \u00e4r:<\/p>\n\n\n\n<p>Jensens B\u00f8fhus A\/S, Cvr nr. 13 21 25 38, L\u00e6ss\u00f8egade 215, 5230 Odense M. Genom att delta i t\u00e4vlingen samtycker deltagaren till att Jensens B\u00f8fhus A\/S behandlar f\u00f6ljande personuppgifter om deltagaren: F\u00f6rnamn p\u00e5 barnet, f\u00f6rnamn p\u00e5 vuxen ledsagare, telefonnummer av vuxen f\u00f6ljeslagare.<\/p>\n\n\n\n<p>Personuppgifterna lagras i upp till 2 m\u00e5nader efter t\u00e4vlingens slut och anv\u00e4nds uteslutande f\u00f6r att vinnarna ska kunna kontaktas och ta emot priset.<\/p>\n\n\n\n<h2 class=\"wp-block-heading\"><strong>\u00c5terkallelse av samtycke<\/strong><\/h2>\n\n\n\n<p>Deltagaren kan n\u00e4r som helst frivilligt och utan begr\u00e4nsningar \u00e5terkalla sitt samtycke till behandling av personuppgifter, varefter Jensens B\u00f8fhus A\/S omedelbart kommer att stoppa behandlingen av personuppgifter om deltagaren och alla personuppgifter som innehas av Jensens B\u00f8fhus A\/S kommer att ocks\u00e5 raderas omedelbart.<\/p>\n\n\n\n<p>Kontakta Jensens B\u00f8fhus A\/S vid \u00f6nskan om att ta tillbaka samtycke&nbsp;&nbsp;p\u00e5&nbsp;<a href=\"mailto:info@jensens.com\">info@jensens.com<\/a>&nbsp;eller p\u00e5 telefon 70 30 40 50 (m\u00e5ndag-fredag 12.00-15.00).<\/p>\n\n\n\n<h2 class=\"wp-block-heading\"><strong>Databesky<\/strong><strong>ddslagen<\/strong><strong><\/strong><\/h2>\n\n\n\n<p>Enligt dataskyddslagen har du ett antal r\u00e4ttigheter i f\u00f6rh\u00e5llande till Jensens B\u00f8fhus behandling av uppgifter om dig. Om du vill ut\u00f6va dina r\u00e4ttigheter, v\u00e4nligen kontakta oss.<\/p>\n\n\n\n<p>Du har \u2013 med lagens begr\u00e4nsningar \u2013 f\u00f6ljande r\u00e4ttigheter:<\/p>\n\n\n\n<p>\u2022 R\u00e4tt att se din information (\u00e5tkomstr\u00e4tt) \u2013 d.v.s. r\u00e4tten att f\u00e5 insyn i den information som vi behandlar om dig, samt en rad ytterligare information.<\/p>\n\n\n\n<p>\u2022 R\u00e4tt till r\u00e4ttelse (r\u00e4ttelse) \u2013 du har r\u00e4tt att f\u00e5 felaktiga uppgifter om dig r\u00e4ttade.<\/p>\n\n\n\n<p>\u2022 R\u00e4tt till radering \u2013 i s\u00e4rskilda fall har du r\u00e4tt att f\u00e5 uppgifter om dig raderade innan tidpunkten f\u00f6r v\u00e5r normala generella radering intr\u00e4ffar.<\/p>\n\n\n\n<p>\u2022 R\u00e4tt till begr\u00e4nsning av behandling \u2013 du har r\u00e4tt att i vissa fall f\u00e5 behandlingen av dina personuppgifter begr\u00e4nsad. Om du har r\u00e4tt att f\u00e5 behandlingen begr\u00e4nsad f\u00e5r Jensens B\u00f8fhus A\/S i forts\u00e4ttningen endast behandla informationen &#8211; f\u00f6rutom lagring &#8211; med ditt samtycke, eller f\u00f6r att r\u00e4ttsliga anspr\u00e5k ska kunna fastst\u00e4llas, g\u00f6ras g\u00e4llande eller f\u00f6rsvaras, eller f\u00f6r att skydda en person eller viktiga samh\u00e4llsintressen.<\/p>\n\n\n\n<p>\u2022 R\u00e4tt att inv\u00e4nda \u2013 i vissa fall har du r\u00e4tt att inv\u00e4nda mot v\u00e5r i \u00f6vrigt lagliga behandling av dina personuppgifter.<\/p>\n\n\n\n<p>\u2022 R\u00e4tt att \u00f6verf\u00f6ra information (dataportabilitet) \u2013 i vissa fall har du r\u00e4tt att f\u00e5 dina personuppgifter i ett strukturerat, allm\u00e4nt anv\u00e4nt och maskinl\u00e4sbart format och att f\u00e5 dessa personuppgifter \u00f6verf\u00f6rda fr\u00e5n en personuppgiftsansvarig till en annan utan hinder.<\/p>\n\n\n\n<p>Du har dessutom r\u00e4tt att l\u00e4mna in klagom\u00e5l till en beh\u00f6rig tillsynsmyndighet, bland annat Integritetsskyddsmyndigheten (IMY), om du inte \u00e4r n\u00f6jd med det s\u00e4tt som vi behandlar dina personuppgifter p\u00e5. Du hittar IMY:s kontaktuppgifter p\u00e5 <a href=\"http:\/\/www.imy.se\">www.imy.se<\/a>.<\/p>\n\n\n\n<p>Du kan l\u00e4sa mer om dina r\u00e4ttigheter i IMY:s v\u00e4gledning om de registrerades r\u00e4ttigheter p\u00e5 www.imy.se. T\u00e4vlingen \u00e4r p\u00e5 inget s\u00e4tt sponsrad, administrerad eller sammankopplad med Facebook.<\/p>\n\n\r\n\t\t\t\t<\/div>\r\n\t\t\t<\/div>\r\n\t\t<\/div>\r\n\t<\/div>\r\n<\/div>","protected":false},"excerpt":{"rendered":"","protected":false},"author":28,"featured_media":0,"parent":0,"menu_order":0,"comment_status":"closed","ping_status":"closed","template":"","meta":{"_acf_changed":false,"inline_featured_image":false,"footnotes":""},"class_list":["post-368311468","page","type-page","status-publish","hentry"],"acf":[],"yoast_head":"<!-- This site is optimized with the Yoast SEO Premium plugin v26.9 (Yoast SEO v26.9) - https:\/\/yoast.com\/product\/yoast-seo-premium-wordpress\/ -->\n<title>T\u00e4vlingsregler och villkor f\u00f6r M\u00e5nadens teckning - Jensens<\/title>\n<meta name=\"robots\" content=\"index, follow, max-snippet:-1, max-image-preview:large, max-video-preview:-1\" \/>\n<link rel=\"canonical\" href=\"https:\/\/jensens.com\/sv\/tavlingsregler-och-villkor-for-manadens-teckning\/\" \/>\n<meta property=\"og:locale\" content=\"sv_SE\" \/>\n<meta property=\"og:type\" content=\"article\" \/>\n<meta property=\"og:title\" content=\"T\u00e4vlingsregler och villkor f\u00f6r M\u00e5nadens teckning\" \/>\n<meta property=\"og:url\" content=\"https:\/\/jensens.com\/sv\/tavlingsregler-och-villkor-for-manadens-teckning\/\" \/>\n<meta property=\"og:site_name\" content=\"Jensens\" \/>\n<meta property=\"article:modified_time\" content=\"2023-02-15T12:20:01+00:00\" \/>\n<meta name=\"twitter:card\" content=\"summary_large_image\" \/>\n<meta name=\"twitter:label1\" content=\"Ber\u00e4knad l\u00e4stid\" \/>\n\t<meta name=\"twitter:data1\" content=\"4 minuter\" \/>\n<script type=\"application\/ld+json\" class=\"yoast-schema-graph\">{\"@context\":\"https:\/\/schema.org\",\"@graph\":[{\"@type\":\"WebPage\",\"@id\":\"https:\/\/jensens.com\/sv\/tavlingsregler-och-villkor-for-manadens-teckning\/\",\"url\":\"https:\/\/jensens.com\/sv\/tavlingsregler-och-villkor-for-manadens-teckning\/\",\"name\":\"T\u00e4vlingsregler och villkor f\u00f6r M\u00e5nadens teckning - Jensens\",\"isPartOf\":{\"@id\":\"https:\/\/jensens.com\/sv\/#website\"},\"datePublished\":\"2023-02-15T12:16:42+00:00\",\"dateModified\":\"2023-02-15T12:20:01+00:00\",\"breadcrumb\":{\"@id\":\"https:\/\/jensens.com\/sv\/tavlingsregler-och-villkor-for-manadens-teckning\/#breadcrumb\"},\"inLanguage\":\"sv-SE\",\"potentialAction\":[{\"@type\":\"ReadAction\",\"target\":[\"https:\/\/jensens.com\/sv\/tavlingsregler-och-villkor-for-manadens-teckning\/\"]}]},{\"@type\":\"BreadcrumbList\",\"@id\":\"https:\/\/jensens.com\/sv\/tavlingsregler-och-villkor-for-manadens-teckning\/#breadcrumb\",\"itemListElement\":[{\"@type\":\"ListItem\",\"position\":1,\"name\":\"Home\",\"item\":\"https:\/\/jensens.com\/sv\/\"},{\"@type\":\"ListItem\",\"position\":2,\"name\":\"T\u00e4vlingsregler och villkor f\u00f6r M\u00e5nadens teckning\"}]},{\"@type\":\"WebSite\",\"@id\":\"https:\/\/jensens.com\/sv\/#website\",\"url\":\"https:\/\/jensens.com\/sv\/\",\"name\":\"Jensens\",\"description\":\"\",\"potentialAction\":[{\"@type\":\"SearchAction\",\"target\":{\"@type\":\"EntryPoint\",\"urlTemplate\":\"https:\/\/jensens.com\/sv\/?s={search_term_string}\"},\"query-input\":{\"@type\":\"PropertyValueSpecification\",\"valueRequired\":true,\"valueName\":\"search_term_string\"}}],\"inLanguage\":\"sv-SE\"}]}<\/script>\n<!-- \/ Yoast SEO Premium plugin. -->","yoast_head_json":{"title":"T\u00e4vlingsregler och villkor f\u00f6r M\u00e5nadens teckning - Jensens","robots":{"index":"index","follow":"follow","max-snippet":"max-snippet:-1","max-image-preview":"max-image-preview:large","max-video-preview":"max-video-preview:-1"},"canonical":"https:\/\/jensens.com\/sv\/tavlingsregler-och-villkor-for-manadens-teckning\/","og_locale":"sv_SE","og_type":"article","og_title":"T\u00e4vlingsregler och villkor f\u00f6r M\u00e5nadens teckning","og_url":"https:\/\/jensens.com\/sv\/tavlingsregler-och-villkor-for-manadens-teckning\/","og_site_name":"Jensens","article_modified_time":"2023-02-15T12:20:01+00:00","twitter_card":"summary_large_image","twitter_misc":{"Ber\u00e4knad l\u00e4stid":"4 minuter"},"schema":{"@context":"https:\/\/schema.org","@graph":[{"@type":"WebPage","@id":"https:\/\/jensens.com\/sv\/tavlingsregler-och-villkor-for-manadens-teckning\/","url":"https:\/\/jensens.com\/sv\/tavlingsregler-och-villkor-for-manadens-teckning\/","name":"T\u00e4vlingsregler och villkor f\u00f6r M\u00e5nadens teckning - Jensens","isPartOf":{"@id":"https:\/\/jensens.com\/sv\/#website"},"datePublished":"2023-02-15T12:16:42+00:00","dateModified":"2023-02-15T12:20:01+00:00","breadcrumb":{"@id":"https:\/\/jensens.com\/sv\/tavlingsregler-och-villkor-for-manadens-teckning\/#breadcrumb"},"inLanguage":"sv-SE","potentialAction":[{"@type":"ReadAction","target":["https:\/\/jensens.com\/sv\/tavlingsregler-och-villkor-for-manadens-teckning\/"]}]},{"@type":"BreadcrumbList","@id":"https:\/\/jensens.com\/sv\/tavlingsregler-och-villkor-for-manadens-teckning\/#breadcrumb","itemListElement":[{"@type":"ListItem","position":1,"name":"Home","item":"https:\/\/jensens.com\/sv\/"},{"@type":"ListItem","position":2,"name":"T\u00e4vlingsregler och villkor f\u00f6r M\u00e5nadens teckning"}]},{"@type":"WebSite","@id":"https:\/\/jensens.com\/sv\/#website","url":"https:\/\/jensens.com\/sv\/","name":"Jensens","description":"","potentialAction":[{"@type":"SearchAction","target":{"@type":"EntryPoint","urlTemplate":"https:\/\/jensens.com\/sv\/?s={search_term_string}"},"query-input":{"@type":"PropertyValueSpecification","valueRequired":true,"valueName":"search_term_string"}}],"inLanguage":"sv-SE"}]}},"_links":{"self":[{"href":"https:\/\/jensens.com\/sv\/wp-json\/wp\/v2\/pages\/368311468","targetHints":{"allow":["GET"]}}],"collection":[{"href":"https:\/\/jensens.com\/sv\/wp-json\/wp\/v2\/pages"}],"about":[{"href":"https:\/\/jensens.com\/sv\/wp-json\/wp\/v2\/types\/page"}],"author":[{"embeddable":true,"href":"https:\/\/jensens.com\/sv\/wp-json\/wp\/v2\/users\/28"}],"replies":[{"embeddable":true,"href":"https:\/\/jensens.com\/sv\/wp-json\/wp\/v2\/comments?post=368311468"}],"version-history":[{"count":3,"href":"https:\/\/jensens.com\/sv\/wp-json\/wp\/v2\/pages\/368311468\/revisions"}],"predecessor-version":[{"id":368311474,"href":"https:\/\/jensens.com\/sv\/wp-json\/wp\/v2\/pages\/368311468\/revisions\/368311474"}],"wp:attachment":[{"href":"https:\/\/jensens.com\/sv\/wp-json\/wp\/v2\/media?parent=368311468"}],"curies":[{"name":"wp","href":"https:\/\/api.w.org\/{rel}","templated":true}]}}