{"id":368317561,"date":"2023-05-21T23:08:00","date_gmt":"2023-05-21T21:08:00","guid":{"rendered":"https:\/\/jensens.com\/?page_id=368317561"},"modified":"2025-06-20T11:28:33","modified_gmt":"2025-06-20T09:28:33","slug":"meny","status":"publish","type":"page","link":"https:\/\/jensens.com\/sv\/meny\/","title":{"rendered":"Meny"},"content":{"rendered":"\r\n<div id=\"menukortCustom-block_05ea74a3a034277dbc21f9041155acb1\" class=\"menukortCustom\">\r\n\t<div class=\"container\">\r\n\t\t<div class=\"row\">\r\n\t\t\t<div class=\"col-12 col-xl-10 offset-xl-1\">\r\n                <div class=\"accordionText\">\r\n                    <h1 style=\"text-align: center\"><strong>Jensens B\u00f8fhus \u2013 meny<\/strong><\/h1>\n<p style=\"text-align: center\">Hos Jensens serverar vi dina favoriter till lunch och kv\u00e4ll \u2013 alltid lagat med k\u00e4rlek och med bra r\u00e5varor. P\u00e5 v\u00e5r meny finner du b\u00e5de v\u00e4lk\u00e4nda och nya r\u00e4tter till priser som passar alla.<\/p>\n<p>&nbsp;<\/p>\n                <\/div>\r\n                <div class=\"accordion\">\r\n                                                                        <div class=\"row\">\r\n                                                                                                            <div class=\"col-12 col-lg-4 col-sm-6\">\r\n                                            <div class=\"singleMenuItem\">\r\n                                                <div class=\"singleMenuItem__image\"><img loading=\"lazy\" decoding=\"async\" width=\"1920\" height=\"1920\" src=\"https:\/\/jensens.com\/wp-content\/uploads\/2025\/02\/16.jpg\" class=\"attachment-fulll size-fulll\" alt=\"Jensens B\u00f8fhus menukort\" srcset=\"https:\/\/jensens.com\/wp-content\/uploads\/2025\/02\/16.jpg 1920w, https:\/\/jensens.com\/wp-content\/uploads\/2025\/02\/16-300x300.jpg 300w, https:\/\/jensens.com\/wp-content\/uploads\/2025\/02\/16-1024x1024.jpg 1024w, https:\/\/jensens.com\/wp-content\/uploads\/2025\/02\/16-150x150.jpg 150w, https:\/\/jensens.com\/wp-content\/uploads\/2025\/02\/16-768x768.jpg 768w, https:\/\/jensens.com\/wp-content\/uploads\/2025\/02\/16-1536x1536.jpg 1536w, https:\/\/jensens.com\/wp-content\/uploads\/2025\/02\/16-1080x1080.jpg 1080w, https:\/\/jensens.com\/wp-content\/uploads\/2025\/02\/16-1500x1500.jpg 1500w, https:\/\/jensens.com\/wp-content\/uploads\/2025\/02\/16-600x600.jpg 600w, https:\/\/jensens.com\/wp-content\/uploads\/2025\/02\/16-100x100.jpg 100w\" sizes=\"auto, (max-width: 1920px) 100vw, 1920px\" \/><\/div>                                                <div class=\"singleMenuItem__title\">Restaurangmeny<\/div>                                                \r\n                                                <div class=\"singleMenuItem__content\"><p>N\u00e4r ni vill ha det trevligt och tid tillsammans s\u00e5 \u00e4r Jensens det r\u00e4tta st\u00e4llet. V\u00e5r duktiga personal anstr\u00e4nger sig- och v\u00e4gleder dig g\u00e4rna genom menyn s\u00e5 m\u00e5ltiden blir som du vill ha det.<\/p>\n<\/div>\r\n                                                <a href=\"https:\/\/jensens.com\/wp-content\/uploads\/2025\/06\/menukort_04-2025_SE_web-1.pdf\" target=\"_blank\" class=\"button button--red\"><span>Se meny<\/span><\/a>                                            <\/div>\r\n                                        <\/div>\r\n                                                                            <div class=\"col-12 col-lg-4 col-sm-6\">\r\n                                            <div class=\"singleMenuItem\">\r\n                                                <div class=\"singleMenuItem__image\"><img loading=\"lazy\" decoding=\"async\" width=\"1920\" height=\"1920\" src=\"https:\/\/jensens.com\/wp-content\/uploads\/2025\/02\/17.jpg\" class=\"attachment-fulll size-fulll\" alt=\"B\u00f8rneretter Jensens B\u00f8fhus\" srcset=\"https:\/\/jensens.com\/wp-content\/uploads\/2025\/02\/17.jpg 1920w, https:\/\/jensens.com\/wp-content\/uploads\/2025\/02\/17-300x300.jpg 300w, https:\/\/jensens.com\/wp-content\/uploads\/2025\/02\/17-1024x1024.jpg 1024w, https:\/\/jensens.com\/wp-content\/uploads\/2025\/02\/17-150x150.jpg 150w, https:\/\/jensens.com\/wp-content\/uploads\/2025\/02\/17-768x768.jpg 768w, https:\/\/jensens.com\/wp-content\/uploads\/2025\/02\/17-1536x1536.jpg 1536w, https:\/\/jensens.com\/wp-content\/uploads\/2025\/02\/17-1080x1080.jpg 1080w, https:\/\/jensens.com\/wp-content\/uploads\/2025\/02\/17-1500x1500.jpg 1500w, https:\/\/jensens.com\/wp-content\/uploads\/2025\/02\/17-600x600.jpg 600w, https:\/\/jensens.com\/wp-content\/uploads\/2025\/02\/17-100x100.jpg 100w\" sizes=\"auto, (max-width: 1920px) 100vw, 1920px\" \/><\/div>                                                <div class=\"singleMenuItem__title\">Barnmeny<\/div>                                                \r\n                                                <div class=\"singleMenuItem__content\"><p>F\u00f6r de minsta kan hungern vara b\u00e5de stor och liten. De vet de tokiga utomjordingarna Smask och Hick om, d\u00e4rf\u00f6r har vi s\u00e5klart en separat barnmeny med alla barns favoriter.<\/p>\n<\/div>\r\n                                                <a href=\"https:\/\/jensens.com\/wp-content\/uploads\/2025\/05\/smask_menu_SE_05_25_web.pdf\" target=\"_blank\" class=\"button button--red\"><span>Se barnemenyen<\/span><\/a>                                            <\/div>\r\n                                        <\/div>\r\n                                                                            <div class=\"col-12 col-lg-4 col-sm-6\">\r\n                                            <div class=\"singleMenuItem\">\r\n                                                <div class=\"singleMenuItem__image\"><img loading=\"lazy\" decoding=\"async\" width=\"1920\" height=\"1920\" src=\"https:\/\/jensens.com\/wp-content\/uploads\/2025\/02\/Square-App-10.jpg\" class=\"attachment-fulll size-fulll\" alt=\"Jensens B\u00f8fhus Take Away\" srcset=\"https:\/\/jensens.com\/wp-content\/uploads\/2025\/02\/Square-App-10.jpg 1920w, https:\/\/jensens.com\/wp-content\/uploads\/2025\/02\/Square-App-10-300x300.jpg 300w, https:\/\/jensens.com\/wp-content\/uploads\/2025\/02\/Square-App-10-1024x1024.jpg 1024w, https:\/\/jensens.com\/wp-content\/uploads\/2025\/02\/Square-App-10-150x150.jpg 150w, https:\/\/jensens.com\/wp-content\/uploads\/2025\/02\/Square-App-10-768x768.jpg 768w, https:\/\/jensens.com\/wp-content\/uploads\/2025\/02\/Square-App-10-1536x1536.jpg 1536w, https:\/\/jensens.com\/wp-content\/uploads\/2025\/02\/Square-App-10-1080x1080.jpg 1080w, https:\/\/jensens.com\/wp-content\/uploads\/2025\/02\/Square-App-10-1500x1500.jpg 1500w, https:\/\/jensens.com\/wp-content\/uploads\/2025\/02\/Square-App-10-600x600.jpg 600w, https:\/\/jensens.com\/wp-content\/uploads\/2025\/02\/Square-App-10-100x100.jpg 100w\" sizes=\"auto, (max-width: 1920px) 100vw, 1920px\" \/><\/div>                                                <div class=\"singleMenuItem__title\">Take away<\/div>                                                \r\n                                                <div class=\"singleMenuItem__content\"><p>Ibland beh\u00f6ver man bara ta det v\u00e4lk\u00e4nda Jensens-myset hem till vardagsrummet. Vi levererar mer \u00e4n g\u00e4rna dina favoriter och garanterar samma goda smak och r\u00e5varor som n\u00e4r du bes\u00f6ker oss.<\/p>\n<\/div>\r\n                                                <a href=\"https:\/\/jensens.com\/wp-content\/uploads\/2025\/05\/takeaway_menukort_se_05_25_web.pdf\" target=\"_blank\" class=\"button button--red\"><span>Se take away meny <\/span><\/a>                                            <\/div>\r\n                                        <\/div>\r\n                                                                                                    <div class=\"col-12\">\r\n                                    <p><a href=\"https:\/\/jensens.com\/wp-content\/uploads\/2024\/11\/vinkort_oktober24_SE_web.pdf\">Vinmeny<\/a><\/p>\n<p><a href=\"https:\/\/jensens.com\/wp-content\/uploads\/2025\/05\/menukort_04-2025_SE_ENG_web.pdf\">English menu<\/a><\/p>\n<p><a href=\"https:\/\/jensens.com\/wp-content\/uploads\/2024\/11\/vinkort_oktober24_SE_ENG_web.pdf\">English wine menu<\/a><\/p>\n                                <\/div>\r\n                            <\/div>\r\n                                            \r\n                <\/div>\r\n\t\t\t<\/div>\r\n\t\t<\/div>\r\n\t<\/div>\r\n<\/div>","protected":false},"excerpt":{"rendered":"","protected":false},"author":28,"featured_media":0,"parent":0,"menu_order":0,"comment_status":"closed","ping_status":"closed","template":"","meta":{"_acf_changed":false,"inline_featured_image":false,"footnotes":""},"class_list":["post-368317561","page","type-page","status-publish","hentry"],"acf":[],"yoast_head":"<!-- This site is optimized with the Yoast SEO Premium plugin v26.9 (Yoast SEO v26.9) - https:\/\/yoast.com\/product\/yoast-seo-premium-wordpress\/ -->\n<title>Jensens B\u00f8fhus | Menukort | Restaurant eller takeaway<\/title>\n<meta name=\"description\" content=\"P\u00e5 v\u00e5r meny finner du b\u00e5de v\u00e4lk\u00e4nda och nya r\u00e4tter till priser, som passar alla. Du kan \u00e4ta i v\u00e5r restaurang eller best\u00e4lla som takeaway.\" \/>\n<meta name=\"robots\" content=\"index, follow, max-snippet:-1, max-image-preview:large, max-video-preview:-1\" \/>\n<link rel=\"canonical\" href=\"https:\/\/jensens.com\/sv\/meny\/\" \/>\n<meta property=\"og:locale\" content=\"sv_SE\" \/>\n<meta property=\"og:type\" content=\"article\" \/>\n<meta property=\"og:title\" content=\"Meny\" \/>\n<meta property=\"og:description\" content=\"P\u00e5 v\u00e5r meny finner du b\u00e5de v\u00e4lk\u00e4nda och nya r\u00e4tter till priser, som passar alla. Du kan \u00e4ta i v\u00e5r restaurang eller best\u00e4lla som takeaway.\" \/>\n<meta property=\"og:url\" content=\"https:\/\/jensens.com\/sv\/meny\/\" \/>\n<meta property=\"og:site_name\" content=\"Jensens\" \/>\n<meta property=\"article:modified_time\" content=\"2025-06-20T09:28:33+00:00\" \/>\n<meta name=\"twitter:card\" content=\"summary_large_image\" \/>\n<script type=\"application\/ld+json\" class=\"yoast-schema-graph\">{\"@context\":\"https:\/\/schema.org\",\"@graph\":[{\"@type\":\"WebPage\",\"@id\":\"https:\/\/jensens.com\/sv\/meny\/\",\"url\":\"https:\/\/jensens.com\/sv\/meny\/\",\"name\":\"Jensens B\u00f8fhus | Menukort | Restaurant eller takeaway\",\"isPartOf\":{\"@id\":\"https:\/\/jensens.com\/sv\/#website\"},\"datePublished\":\"2023-05-21T21:08:00+00:00\",\"dateModified\":\"2025-06-20T09:28:33+00:00\",\"description\":\"P\u00e5 v\u00e5r meny finner du b\u00e5de v\u00e4lk\u00e4nda och nya r\u00e4tter till priser, som passar alla. Du kan \u00e4ta i v\u00e5r restaurang eller best\u00e4lla som takeaway.\",\"breadcrumb\":{\"@id\":\"https:\/\/jensens.com\/sv\/meny\/#breadcrumb\"},\"inLanguage\":\"sv-SE\",\"potentialAction\":[{\"@type\":\"ReadAction\",\"target\":[\"https:\/\/jensens.com\/sv\/meny\/\"]}]},{\"@type\":\"BreadcrumbList\",\"@id\":\"https:\/\/jensens.com\/sv\/meny\/#breadcrumb\",\"itemListElement\":[{\"@type\":\"ListItem\",\"position\":1,\"name\":\"Home\",\"item\":\"https:\/\/jensens.com\/sv\/\"},{\"@type\":\"ListItem\",\"position\":2,\"name\":\"Meny\"}]},{\"@type\":\"WebSite\",\"@id\":\"https:\/\/jensens.com\/sv\/#website\",\"url\":\"https:\/\/jensens.com\/sv\/\",\"name\":\"Jensens\",\"description\":\"\",\"potentialAction\":[{\"@type\":\"SearchAction\",\"target\":{\"@type\":\"EntryPoint\",\"urlTemplate\":\"https:\/\/jensens.com\/sv\/?s={search_term_string}\"},\"query-input\":{\"@type\":\"PropertyValueSpecification\",\"valueRequired\":true,\"valueName\":\"search_term_string\"}}],\"inLanguage\":\"sv-SE\"}]}<\/script>\n<!-- \/ Yoast SEO Premium plugin. -->","yoast_head_json":{"title":"Jensens B\u00f8fhus | Menukort | Restaurant eller takeaway","description":"P\u00e5 v\u00e5r meny finner du b\u00e5de v\u00e4lk\u00e4nda och nya r\u00e4tter till priser, som passar alla. Du kan \u00e4ta i v\u00e5r restaurang eller best\u00e4lla som takeaway.","robots":{"index":"index","follow":"follow","max-snippet":"max-snippet:-1","max-image-preview":"max-image-preview:large","max-video-preview":"max-video-preview:-1"},"canonical":"https:\/\/jensens.com\/sv\/meny\/","og_locale":"sv_SE","og_type":"article","og_title":"Meny","og_description":"P\u00e5 v\u00e5r meny finner du b\u00e5de v\u00e4lk\u00e4nda och nya r\u00e4tter till priser, som passar alla. Du kan \u00e4ta i v\u00e5r restaurang eller best\u00e4lla som takeaway.","og_url":"https:\/\/jensens.com\/sv\/meny\/","og_site_name":"Jensens","article_modified_time":"2025-06-20T09:28:33+00:00","twitter_card":"summary_large_image","schema":{"@context":"https:\/\/schema.org","@graph":[{"@type":"WebPage","@id":"https:\/\/jensens.com\/sv\/meny\/","url":"https:\/\/jensens.com\/sv\/meny\/","name":"Jensens B\u00f8fhus | Menukort | Restaurant eller takeaway","isPartOf":{"@id":"https:\/\/jensens.com\/sv\/#website"},"datePublished":"2023-05-21T21:08:00+00:00","dateModified":"2025-06-20T09:28:33+00:00","description":"P\u00e5 v\u00e5r meny finner du b\u00e5de v\u00e4lk\u00e4nda och nya r\u00e4tter till priser, som passar alla. Du kan \u00e4ta i v\u00e5r restaurang eller best\u00e4lla som takeaway.","breadcrumb":{"@id":"https:\/\/jensens.com\/sv\/meny\/#breadcrumb"},"inLanguage":"sv-SE","potentialAction":[{"@type":"ReadAction","target":["https:\/\/jensens.com\/sv\/meny\/"]}]},{"@type":"BreadcrumbList","@id":"https:\/\/jensens.com\/sv\/meny\/#breadcrumb","itemListElement":[{"@type":"ListItem","position":1,"name":"Home","item":"https:\/\/jensens.com\/sv\/"},{"@type":"ListItem","position":2,"name":"Meny"}]},{"@type":"WebSite","@id":"https:\/\/jensens.com\/sv\/#website","url":"https:\/\/jensens.com\/sv\/","name":"Jensens","description":"","potentialAction":[{"@type":"SearchAction","target":{"@type":"EntryPoint","urlTemplate":"https:\/\/jensens.com\/sv\/?s={search_term_string}"},"query-input":{"@type":"PropertyValueSpecification","valueRequired":true,"valueName":"search_term_string"}}],"inLanguage":"sv-SE"}]}},"_links":{"self":[{"href":"https:\/\/jensens.com\/sv\/wp-json\/wp\/v2\/pages\/368317561","targetHints":{"allow":["GET"]}}],"collection":[{"href":"https:\/\/jensens.com\/sv\/wp-json\/wp\/v2\/pages"}],"about":[{"href":"https:\/\/jensens.com\/sv\/wp-json\/wp\/v2\/types\/page"}],"author":[{"embeddable":true,"href":"https:\/\/jensens.com\/sv\/wp-json\/wp\/v2\/users\/28"}],"replies":[{"embeddable":true,"href":"https:\/\/jensens.com\/sv\/wp-json\/wp\/v2\/comments?post=368317561"}],"version-history":[{"count":94,"href":"https:\/\/jensens.com\/sv\/wp-json\/wp\/v2\/pages\/368317561\/revisions"}],"predecessor-version":[{"id":371830985,"href":"https:\/\/jensens.com\/sv\/wp-json\/wp\/v2\/pages\/368317561\/revisions\/371830985"}],"wp:attachment":[{"href":"https:\/\/jensens.com\/sv\/wp-json\/wp\/v2\/media?parent=368317561"}],"curies":[{"name":"wp","href":"https:\/\/api.w.org\/{rel}","templated":true}]}}