{"id":537,"date":"2022-05-24T09:10:18","date_gmt":"2022-05-24T09:10:18","guid":{"rendered":"https:\/\/stoic-haibt.89-188-76-10.plesk.page\/presse\/"},"modified":"2022-11-21T13:06:04","modified_gmt":"2022-11-21T12:06:04","slug":"press","status":"publish","type":"page","link":"https:\/\/jensens.com\/sv\/press\/","title":{"rendered":"Presse"},"content":{"rendered":"\r\n<div id=\"textBlock-block_b62d08c38b24e6df5d45747a7ba004d3\" class=\"textBlock textBlock--\">\r\n\t<div class=\"container\">\r\n\t\t<div class=\"row\">\r\n\t\t\t<div class=\"col-12 col-lg-10 col-xl-8 offset-xl-2 offset-lg-1\" data-aos=\"fade-up\" data-aos-duration=\"800\" data-aos-offset=\"-150\">\r\n\t\t\t\t<div class=\"textBlock__inner\">\r\n\t\t\t\t\t<p><!-- wp:heading --><\/p>\n<h1>Presskontakt<\/h1>\n<p><!-- \/wp:heading --> <!-- wp:paragraph --><\/p>\n<p>Jensens B\u00f8fhus \u00e4r en \u00f6ppen och tillg\u00e4nglig verksamhet, b\u00e5de f\u00f6r medarbetare, g\u00e4ster och samarbetspartners. Vi har restauranger i Danmark, Sverige och Norge.<\/p>\n<p>Presskontakter tar Peter Arnfeldt hand om \u2013\u00a0<a title=\"mailto:presse@jensens.com\" href=\"mailto:presse@jensens.com\">presse@jensens.com<\/a>\/+45 40 55 80 05<\/p>\n<p><strong>\u00d6vriga h\u00e4nv\u00e4ndelser:\u00a0<a href=\"mailto:info@jensens.com\">info@jensens.com<\/a><\/strong><\/p>\n<p><!-- \/wp:paragraph --><\/p>\n\t\t\t\t\t<div class=\"textBlock__inner__buttons\">\r\n\t\t\t\t\t\t\t\t\t\t\t<\/div>\r\n\t\t\t\t<\/div>\r\n\t\t\t\t\t\t\t<\/div>\r\n\t\t<\/div>\r\n\t<\/div>\r\n<\/div>","protected":false},"excerpt":{"rendered":"","protected":false},"author":3,"featured_media":0,"parent":0,"menu_order":0,"comment_status":"closed","ping_status":"closed","template":"","meta":{"_acf_changed":false,"inline_featured_image":false,"footnotes":""},"class_list":["post-537","page","type-page","status-publish","hentry"],"acf":[],"yoast_head":"<!-- This site is optimized with the Yoast SEO Premium plugin v26.9 (Yoast SEO v26.9) - https:\/\/yoast.com\/product\/yoast-seo-premium-wordpress\/ -->\n<title>Pressinformation \u2013 Jensens B\u00f8fhus \u2013 presskontakt<\/title>\n<meta name=\"description\" content=\"Jensens B\u00f8fhus \u00e4r ett \u00f6ppet och tillm\u00f6tesg\u00e5ende f\u00f6retag och vi str\u00e4var efter att besvara fr\u00e5gor om restaurangkedjans verksamhet.\" \/>\n<meta name=\"robots\" content=\"index, follow, max-snippet:-1, max-image-preview:large, max-video-preview:-1\" \/>\n<link rel=\"canonical\" href=\"https:\/\/jensens.com\/sv\/press\/\" \/>\n<meta property=\"og:locale\" content=\"sv_SE\" \/>\n<meta property=\"og:type\" content=\"article\" \/>\n<meta property=\"og:title\" content=\"Presse\" \/>\n<meta property=\"og:description\" content=\"Jensens B\u00f8fhus \u00e4r ett \u00f6ppet och tillm\u00f6tesg\u00e5ende f\u00f6retag och vi str\u00e4var efter att besvara fr\u00e5gor om restaurangkedjans verksamhet.\" \/>\n<meta property=\"og:url\" content=\"https:\/\/jensens.com\/sv\/press\/\" \/>\n<meta property=\"og:site_name\" content=\"Jensens\" \/>\n<meta property=\"article:modified_time\" content=\"2022-11-21T12:06:04+00:00\" \/>\n<meta name=\"twitter:card\" content=\"summary_large_image\" \/>\n<script type=\"application\/ld+json\" class=\"yoast-schema-graph\">{\"@context\":\"https:\/\/schema.org\",\"@graph\":[{\"@type\":\"WebPage\",\"@id\":\"https:\/\/jensens.com\/sv\/press\/\",\"url\":\"https:\/\/jensens.com\/sv\/press\/\",\"name\":\"Pressinformation \u2013 Jensens B\u00f8fhus \u2013 presskontakt\",\"isPartOf\":{\"@id\":\"https:\/\/jensens.com\/sv\/#website\"},\"datePublished\":\"2022-05-24T09:10:18+00:00\",\"dateModified\":\"2022-11-21T12:06:04+00:00\",\"description\":\"Jensens B\u00f8fhus \u00e4r ett \u00f6ppet och tillm\u00f6tesg\u00e5ende f\u00f6retag och vi str\u00e4var efter att besvara fr\u00e5gor om restaurangkedjans verksamhet.\",\"breadcrumb\":{\"@id\":\"https:\/\/jensens.com\/sv\/press\/#breadcrumb\"},\"inLanguage\":\"sv-SE\",\"potentialAction\":[{\"@type\":\"ReadAction\",\"target\":[\"https:\/\/jensens.com\/sv\/press\/\"]}]},{\"@type\":\"BreadcrumbList\",\"@id\":\"https:\/\/jensens.com\/sv\/press\/#breadcrumb\",\"itemListElement\":[{\"@type\":\"ListItem\",\"position\":1,\"name\":\"Home\",\"item\":\"https:\/\/jensens.com\/sv\/\"},{\"@type\":\"ListItem\",\"position\":2,\"name\":\"Presse\"}]},{\"@type\":\"WebSite\",\"@id\":\"https:\/\/jensens.com\/sv\/#website\",\"url\":\"https:\/\/jensens.com\/sv\/\",\"name\":\"Jensens\",\"description\":\"\",\"potentialAction\":[{\"@type\":\"SearchAction\",\"target\":{\"@type\":\"EntryPoint\",\"urlTemplate\":\"https:\/\/jensens.com\/sv\/?s={search_term_string}\"},\"query-input\":{\"@type\":\"PropertyValueSpecification\",\"valueRequired\":true,\"valueName\":\"search_term_string\"}}],\"inLanguage\":\"sv-SE\"}]}<\/script>\n<!-- \/ Yoast SEO Premium plugin. -->","yoast_head_json":{"title":"Pressinformation \u2013 Jensens B\u00f8fhus \u2013 presskontakt","description":"Jensens B\u00f8fhus \u00e4r ett \u00f6ppet och tillm\u00f6tesg\u00e5ende f\u00f6retag och vi str\u00e4var efter att besvara fr\u00e5gor om restaurangkedjans verksamhet.","robots":{"index":"index","follow":"follow","max-snippet":"max-snippet:-1","max-image-preview":"max-image-preview:large","max-video-preview":"max-video-preview:-1"},"canonical":"https:\/\/jensens.com\/sv\/press\/","og_locale":"sv_SE","og_type":"article","og_title":"Presse","og_description":"Jensens B\u00f8fhus \u00e4r ett \u00f6ppet och tillm\u00f6tesg\u00e5ende f\u00f6retag och vi str\u00e4var efter att besvara fr\u00e5gor om restaurangkedjans verksamhet.","og_url":"https:\/\/jensens.com\/sv\/press\/","og_site_name":"Jensens","article_modified_time":"2022-11-21T12:06:04+00:00","twitter_card":"summary_large_image","schema":{"@context":"https:\/\/schema.org","@graph":[{"@type":"WebPage","@id":"https:\/\/jensens.com\/sv\/press\/","url":"https:\/\/jensens.com\/sv\/press\/","name":"Pressinformation \u2013 Jensens B\u00f8fhus \u2013 presskontakt","isPartOf":{"@id":"https:\/\/jensens.com\/sv\/#website"},"datePublished":"2022-05-24T09:10:18+00:00","dateModified":"2022-11-21T12:06:04+00:00","description":"Jensens B\u00f8fhus \u00e4r ett \u00f6ppet och tillm\u00f6tesg\u00e5ende f\u00f6retag och vi str\u00e4var efter att besvara fr\u00e5gor om restaurangkedjans verksamhet.","breadcrumb":{"@id":"https:\/\/jensens.com\/sv\/press\/#breadcrumb"},"inLanguage":"sv-SE","potentialAction":[{"@type":"ReadAction","target":["https:\/\/jensens.com\/sv\/press\/"]}]},{"@type":"BreadcrumbList","@id":"https:\/\/jensens.com\/sv\/press\/#breadcrumb","itemListElement":[{"@type":"ListItem","position":1,"name":"Home","item":"https:\/\/jensens.com\/sv\/"},{"@type":"ListItem","position":2,"name":"Presse"}]},{"@type":"WebSite","@id":"https:\/\/jensens.com\/sv\/#website","url":"https:\/\/jensens.com\/sv\/","name":"Jensens","description":"","potentialAction":[{"@type":"SearchAction","target":{"@type":"EntryPoint","urlTemplate":"https:\/\/jensens.com\/sv\/?s={search_term_string}"},"query-input":{"@type":"PropertyValueSpecification","valueRequired":true,"valueName":"search_term_string"}}],"inLanguage":"sv-SE"}]}},"_links":{"self":[{"href":"https:\/\/jensens.com\/sv\/wp-json\/wp\/v2\/pages\/537","targetHints":{"allow":["GET"]}}],"collection":[{"href":"https:\/\/jensens.com\/sv\/wp-json\/wp\/v2\/pages"}],"about":[{"href":"https:\/\/jensens.com\/sv\/wp-json\/wp\/v2\/types\/page"}],"author":[{"embeddable":true,"href":"https:\/\/jensens.com\/sv\/wp-json\/wp\/v2\/users\/3"}],"replies":[{"embeddable":true,"href":"https:\/\/jensens.com\/sv\/wp-json\/wp\/v2\/comments?post=537"}],"version-history":[{"count":11,"href":"https:\/\/jensens.com\/sv\/wp-json\/wp\/v2\/pages\/537\/revisions"}],"predecessor-version":[{"id":32624434,"href":"https:\/\/jensens.com\/sv\/wp-json\/wp\/v2\/pages\/537\/revisions\/32624434"}],"wp:attachment":[{"href":"https:\/\/jensens.com\/sv\/wp-json\/wp\/v2\/media?parent=537"}],"curies":[{"name":"wp","href":"https:\/\/api.w.org\/{rel}","templated":true}]}}