{"id":540,"date":"2022-05-24T09:21:00","date_gmt":"2022-05-24T09:21:00","guid":{"rendered":"https:\/\/stoic-haibt.89-188-76-10.plesk.page\/homepage-2\/"},"modified":"2026-03-31T20:55:21","modified_gmt":"2026-03-31T18:55:21","slug":"homepage","status":"publish","type":"page","link":"https:\/\/jensens.com\/sv\/","title":{"rendered":"Homepage"},"content":{"rendered":"\r\n<div id=\"textBlock-block_f6813acc701292580143ba2de65e90b6\" class=\"textBlock textBlock--left\">\r\n\t<div class=\"container\">\r\n\t\t<div class=\"row\">\r\n\t\t\t<div class=\"col-12 col-lg-10 col-xl-8 offset-xl-2 offset-lg-1\" data-aos=\"fade-up\" data-aos-duration=\"800\" data-aos-offset=\"-150\">\r\n\t\t\t\t<div class=\"textBlock__inner\">\r\n\t\t\t\t\t<h1 style=\"text-align: center\"><strong>Information om Jensens B\u00f8fhus<\/strong><\/h1>\n<p><strong>K\u00e4ra kunder,<\/strong><br \/>\nEfter m\u00e5nga fina \u00e5r har vi fattat ett strategiskt beslut att st\u00e4nga v\u00e5ra restauranger i Norge och Sverige. V\u00e5r sista \u00f6ppningsdag blir den 31 mars 2026.<\/p>\n<p>Vi vill rikta ett varmt tack till alla er som har bes\u00f6kt oss genom \u00e5ren. Det har varit ett n\u00f6je att f\u00e5 v\u00e4lkomna er.<\/p>\n<p>V\u00e5r hemsida kommer att vara tillg\u00e4nglig fram till den 1 maj 2026.<\/p>\n<p>Vi vill \u00e4ven tacka v\u00e5ra leverant\u00f6rer och inte minst v\u00e5ra fantastiska medarbetare, som har varit en viktig del av v\u00e5r resa.<\/p>\n<p>Med v\u00e4nliga h\u00e4lsningar<br \/>\nAnders Engdahl<br \/>\nVD<\/p>\n<p><strong>Dear customers,<\/strong><br \/>\nAfter many wonderful years, we have made the strategic decision to close our restaurants in Norway and Sweden. Our final day of operation will be March 31.2026<\/p>\n<p>We are deeply grateful to all of you who have visited us over the years. It has truly been a pleasure to welcome you.<\/p>\n<p>Our website will remain available until May 1, 2026.<\/p>\n<p>We would also like to extend our sincere thanks to our suppliers and, not least, our dedicated employees, who have been an essential part of our journey.<\/p>\n<p>Kind regards,<br \/>\nAnders Engdahl<br \/>\nCEO<\/p>\n\t\t\t\t\t<div class=\"textBlock__inner__buttons\">\r\n\t\t\t\t\t\t\t\t\t\t\t<\/div>\r\n\t\t\t\t<\/div>\r\n\t\t\t\t\t\t\t<\/div>\r\n\t\t<\/div>\r\n\t<\/div>\r\n<\/div>","protected":false},"excerpt":{"rendered":"","protected":false},"author":3,"featured_media":0,"parent":0,"menu_order":0,"comment_status":"closed","ping_status":"closed","template":"","meta":{"_acf_changed":false,"inline_featured_image":false,"footnotes":""},"class_list":["post-540","page","type-page","status-publish","hentry"],"acf":[],"yoast_head":"<!-- This site is optimized with the Yoast SEO Premium plugin v26.9 (Yoast SEO v26.9) - https:\/\/yoast.com\/product\/yoast-seo-premium-wordpress\/ -->\n<title>Restaurang Jensens B\u00f8fhus \u2013 biffar av h\u00f6g kvalitet<\/title>\n<meta name=\"description\" content=\"P\u00e5 v\u00e5ra restauranger serveras biff, spareribs, kyckling, burgare, salladsbar och mjukglass med ett stort leende. Boka bord idag och f\u00e5 en fin upplevelse.\" \/>\n<meta name=\"robots\" content=\"index, follow, max-snippet:-1, max-image-preview:large, max-video-preview:-1\" \/>\n<link rel=\"canonical\" href=\"https:\/\/jensens.com\/sv\/\" \/>\n<meta property=\"og:locale\" content=\"sv_SE\" \/>\n<meta property=\"og:type\" content=\"article\" \/>\n<meta property=\"og:title\" content=\"Homepage\" \/>\n<meta property=\"og:description\" content=\"P\u00e5 v\u00e5ra restauranger serveras biff, spareribs, kyckling, burgare, salladsbar och mjukglass med ett stort leende. Boka bord idag och f\u00e5 en fin upplevelse.\" \/>\n<meta property=\"og:url\" content=\"https:\/\/jensens.com\/sv\/\" \/>\n<meta property=\"og:site_name\" content=\"Jensens\" \/>\n<meta property=\"article:modified_time\" content=\"2026-03-31T18:55:21+00:00\" \/>\n<meta name=\"twitter:card\" content=\"summary_large_image\" \/>\n<script type=\"application\/ld+json\" class=\"yoast-schema-graph\">{\"@context\":\"https:\/\/schema.org\",\"@graph\":[{\"@type\":\"WebPage\",\"@id\":\"https:\/\/jensens.com\/sv\/\",\"url\":\"https:\/\/jensens.com\/sv\/\",\"name\":\"Restaurang Jensens B\u00f8fhus \u2013 biffar av h\u00f6g kvalitet\",\"isPartOf\":{\"@id\":\"https:\/\/jensens.com\/sv\/#website\"},\"datePublished\":\"2022-05-24T09:21:00+00:00\",\"dateModified\":\"2026-03-31T18:55:21+00:00\",\"description\":\"P\u00e5 v\u00e5ra restauranger serveras biff, spareribs, kyckling, burgare, salladsbar och mjukglass med ett stort leende. Boka bord idag och f\u00e5 en fin upplevelse.\",\"breadcrumb\":{\"@id\":\"https:\/\/jensens.com\/sv\/#breadcrumb\"},\"inLanguage\":\"sv-SE\",\"potentialAction\":[{\"@type\":\"ReadAction\",\"target\":[\"https:\/\/jensens.com\/sv\/\"]}]},{\"@type\":\"BreadcrumbList\",\"@id\":\"https:\/\/jensens.com\/sv\/#breadcrumb\",\"itemListElement\":[{\"@type\":\"ListItem\",\"position\":1,\"name\":\"Home\",\"item\":\"https:\/\/jensens.com\/sv\/\"},{\"@type\":\"ListItem\",\"position\":2,\"name\":\"Homepage\"}]},{\"@type\":\"WebSite\",\"@id\":\"https:\/\/jensens.com\/sv\/#website\",\"url\":\"https:\/\/jensens.com\/sv\/\",\"name\":\"Jensens\",\"description\":\"\",\"potentialAction\":[{\"@type\":\"SearchAction\",\"target\":{\"@type\":\"EntryPoint\",\"urlTemplate\":\"https:\/\/jensens.com\/sv\/?s={search_term_string}\"},\"query-input\":{\"@type\":\"PropertyValueSpecification\",\"valueRequired\":true,\"valueName\":\"search_term_string\"}}],\"inLanguage\":\"sv-SE\"}]}<\/script>\n<!-- \/ Yoast SEO Premium plugin. -->","yoast_head_json":{"title":"Restaurang Jensens B\u00f8fhus \u2013 biffar av h\u00f6g kvalitet","description":"P\u00e5 v\u00e5ra restauranger serveras biff, spareribs, kyckling, burgare, salladsbar och mjukglass med ett stort leende. Boka bord idag och f\u00e5 en fin upplevelse.","robots":{"index":"index","follow":"follow","max-snippet":"max-snippet:-1","max-image-preview":"max-image-preview:large","max-video-preview":"max-video-preview:-1"},"canonical":"https:\/\/jensens.com\/sv\/","og_locale":"sv_SE","og_type":"article","og_title":"Homepage","og_description":"P\u00e5 v\u00e5ra restauranger serveras biff, spareribs, kyckling, burgare, salladsbar och mjukglass med ett stort leende. Boka bord idag och f\u00e5 en fin upplevelse.","og_url":"https:\/\/jensens.com\/sv\/","og_site_name":"Jensens","article_modified_time":"2026-03-31T18:55:21+00:00","twitter_card":"summary_large_image","schema":{"@context":"https:\/\/schema.org","@graph":[{"@type":"WebPage","@id":"https:\/\/jensens.com\/sv\/","url":"https:\/\/jensens.com\/sv\/","name":"Restaurang Jensens B\u00f8fhus \u2013 biffar av h\u00f6g kvalitet","isPartOf":{"@id":"https:\/\/jensens.com\/sv\/#website"},"datePublished":"2022-05-24T09:21:00+00:00","dateModified":"2026-03-31T18:55:21+00:00","description":"P\u00e5 v\u00e5ra restauranger serveras biff, spareribs, kyckling, burgare, salladsbar och mjukglass med ett stort leende. Boka bord idag och f\u00e5 en fin upplevelse.","breadcrumb":{"@id":"https:\/\/jensens.com\/sv\/#breadcrumb"},"inLanguage":"sv-SE","potentialAction":[{"@type":"ReadAction","target":["https:\/\/jensens.com\/sv\/"]}]},{"@type":"BreadcrumbList","@id":"https:\/\/jensens.com\/sv\/#breadcrumb","itemListElement":[{"@type":"ListItem","position":1,"name":"Home","item":"https:\/\/jensens.com\/sv\/"},{"@type":"ListItem","position":2,"name":"Homepage"}]},{"@type":"WebSite","@id":"https:\/\/jensens.com\/sv\/#website","url":"https:\/\/jensens.com\/sv\/","name":"Jensens","description":"","potentialAction":[{"@type":"SearchAction","target":{"@type":"EntryPoint","urlTemplate":"https:\/\/jensens.com\/sv\/?s={search_term_string}"},"query-input":{"@type":"PropertyValueSpecification","valueRequired":true,"valueName":"search_term_string"}}],"inLanguage":"sv-SE"}]}},"_links":{"self":[{"href":"https:\/\/jensens.com\/sv\/wp-json\/wp\/v2\/pages\/540","targetHints":{"allow":["GET"]}}],"collection":[{"href":"https:\/\/jensens.com\/sv\/wp-json\/wp\/v2\/pages"}],"about":[{"href":"https:\/\/jensens.com\/sv\/wp-json\/wp\/v2\/types\/page"}],"author":[{"embeddable":true,"href":"https:\/\/jensens.com\/sv\/wp-json\/wp\/v2\/users\/3"}],"replies":[{"embeddable":true,"href":"https:\/\/jensens.com\/sv\/wp-json\/wp\/v2\/comments?post=540"}],"version-history":[{"count":265,"href":"https:\/\/jensens.com\/sv\/wp-json\/wp\/v2\/pages\/540\/revisions"}],"predecessor-version":[{"id":397902565,"href":"https:\/\/jensens.com\/sv\/wp-json\/wp\/v2\/pages\/540\/revisions\/397902565"}],"wp:attachment":[{"href":"https:\/\/jensens.com\/sv\/wp-json\/wp\/v2\/media?parent=540"}],"curies":[{"name":"wp","href":"https:\/\/api.w.org\/{rel}","templated":true}]}}