{"id":620,"date":"2022-06-06T12:10:57","date_gmt":"2022-06-06T12:10:57","guid":{"rendered":"https:\/\/stoic-haibt.89-188-76-10.plesk.page\/book-bord-2\/"},"modified":"2022-10-17T12:29:52","modified_gmt":"2022-10-17T10:29:52","slug":"boka-bord","status":"publish","type":"page","link":"https:\/\/jensens.com\/sv\/boka-bord\/","title":{"rendered":"Book bord"},"content":{"rendered":"\r\n<div id=\"bookBordPage-block_cb2951c547047895549a352218456664\" class=\"bookBordPage step1\">\r\n\t<div class=\"container\">\r\n\t\t<div class=\"row\">\r\n\t\t\t<div class=\"col-12 col-lg-11 bookBordColumns\">\r\n\t\t\t\t<div class=\"bookBordSidebarWrap\">\r\n\t\t\t\t\t<div class=\"bookBordSidebar\">\r\n\t\t\t\t\t\t<div class=\"checkoutInfoWrap\">\r\n\t<div class=\"container\">\r\n\t\t<div class=\"row\">\r\n\r\n\t\t\t<div class=\"col-12 restaurantColumn\">\r\n\t\t\t\t<div class=\"checkoutRestaurant\">\r\n\t\t\t\t\t<div class=\"checkoutInfoTitle\">Restaurant<\/div>\r\n\t\t\t\t\t<div class=\"checkoutRestaurant__address\"><\/div>\r\n\t\t\t\t\t<div class=\"checkoutRestaurant__phone\">\r\n\t\t\t\t\t\t<span>Telefon:<\/span>\r\n\t\t\t\t\t\t<a href=\"tel:\"><\/a>\t\t\t\t\t<\/div>\r\n\t\t\t\t\t<div class=\"checkoutRestaurant__hours mobileTitle\">\r\n\t\t\t\t\t\t<div>\u00d6ppettider:<\/div>\r\n\t\t\t\t\t\t<span>LUKKET<\/span>\r\n\t\t\t\t\t<\/div>\r\n\t\t\t\t<\/div>\r\n\t\t\t\t<div class=\"checkoutInfoWrap__change bookBordChange\">\r\n\t\t\t\t\t<span>Byt restaurang <\/span>\r\n\t\t\t\t<\/div>\r\n\t\t\t\t<div class=\"checkoutRestaurant__hours tabletTitle\">\r\n\t\t\t\t\t<div class=\"checkoutInfoTitle\">\u00d6ppettider:<\/div>\r\n\t\t\t\t\t<span>LUKKET<\/span>\r\n\t\t\t\t<\/div>\r\n\t\t\t<\/div>\r\n\r\n\t\t\t<div class=\"col-12 checkoutData\">\r\n\t\t\t\t<div class=\"checkoutData__dateTime\">\r\n\t\t\t\t\t<span class=\"checkoutInfoTitle\">Booking:<\/span>\r\n\t\t\t\t\t<span class=\"checkoutData__dateTime__people\"><\/span>\r\n\t\t\t\t\t<span class=\"checkoutData__dateTime__date\"><\/span>\r\n\t\t\t\t\t<span class=\"checkoutData__dateTime__time\"><\/span>\r\n\t\t\t\t<\/div>\r\n\t\t\t<\/div>\r\n\t\t\t<div class=\"col-12 personalData\">\r\n\t\t\t\t<div class=\"checkoutInfoTitle\">Personlig information<\/div>\r\n\t\t\t\t<div class=\"personalData__name\">Navn<\/div>\r\n\t\t\t\t<div class=\"personalData__email\">Email<\/div>\r\n\t\t\t\t<div class=\"personalData__phone\">Phone<\/div>\r\n\t\t\t\t<div class=\"personalData__flags\">Comment<\/div>\r\n\t\t\t\t<div class=\"personalData__childSeats\"><span>2<\/span>h\u00f8jstole<\/div>\r\n\t\t\t\t<div class=\"personalData__birthday\">F\u00f8dselsdag<\/div>\r\n\t\t\t<\/div>\r\n\r\n\t\t<\/div>\r\n\t<\/div>\r\n<\/div>\t\t\t\t\t<\/div>\r\n\t\t\t\t<\/div>\r\n\t\t\t\t<div class=\"bookBord\" id=\"bookBord\">\r\n\t\t\t\t\t<div class=\"bookBord__header progressTitleBlock\">\r\n\t\t\t\t\t\t<div class=\"arrowTitle\">\r\n\t\t\t\t\t\t\t<h1>Boka bord<\/h1>\r\n\t\t\t\t\t\t<\/div>\r\n\t\t\t\t\t\t<div class=\"progress\">\r\n\t\t\t\t\t\t\t<div class=\"progress__step progress__step--one\">\r\n\t\t\t\t\t\t\t\t<span>1<\/span>\r\n\t\t\t\t\t\t\t\t<div class=\"progress__step__line\"><\/div>\r\n\t\t\t\t\t\t\t<\/div>\r\n\t\t\t\t\t\t\t<div class=\"progress__step progress__step--two\">\r\n\t\t\t\t\t\t\t\t<span>2<\/span>\r\n\t\t\t\t\t\t\t\t<div class=\"progress__step__line\"><\/div>\r\n\t\t\t\t\t\t\t<\/div>\r\n\t\t\t\t\t\t\t<div class=\"progress__complete\">\r\n\t\t\t\t\t\t\t\t<svg width=\"24\" height=\"24\" viewBox=\"0 0 24 24\" fill=\"none\" xmlns=\"http:\/\/www.w3.org\/2000\/svg\">\r\n\t\t\t\t\t\t\t\t\t<path d=\"M5 13L10 18L19 6\" stroke-width=\"1.75\" stroke-linecap=\"round\" stroke-linejoin=\"round\"\/>\r\n\t\t\t\t\t\t\t\t<\/svg>\r\n\t\t\t\t\t\t\t<\/div>\r\n\t\t\t\t\t\t<\/div>\r\n\t\t\t\t\t<\/div>\r\n\t\t\t\t\t<form class=\"bookBord__form bookBord__form--noresult bookBord__form--notime\" id=\"bookBordForm\">\r\n\r\n\t\t\t\t\t\t<div id=\"bookBordStep1\">\r\n\r\n\t<div class=\"bookBord__form__row\">\r\n\t\t<div class=\"restaurantSearch\">\r\n\t\t\t<div class=\"label\">V\u00e4lj restaurang<\/div>\r\n\t\t\t<div class=\"restaurantSearch__input\">\r\n\t\t\t\t<input type=\"text\" id=\"restaurantName\" value=\"\" autocomplete=\"off\" role=\"presentation\" type=\"text\">\r\n\t\t\t<\/div>\r\n\r\n\t\t\t<div class=\"restaurantSearch__list noItemsFound\">\r\n\t\t\t\t\t\t\t<\/div>\r\n\t\t<\/div>\r\n\t<\/div>\r\n\r\n\t<div class=\"bookBord__form__row\">\r\n\t\t<div class=\"select select--half selectJS selectVoksne\">\r\n\t\t\t<span class=\"label\">Antal vuxna<\/span>\r\n\t\t\t<div class=\"selectWrapper\">\r\n\t\t\t\t<select class=\"selectNative js-selectNative\" id=\"voksne\" aria-labelledby=\"voksne\">\r\n\t\t\t\t\t<!-- <option value=\"0\">0<\/option> -->\r\n\t\t\t\t\t<option value=\"1\" selected=\"\">1<\/option>\r\n\t\t\t\t\t<option value=\"2\">2<\/option>\r\n\t\t\t\t\t<option value=\"3\">3<\/option>\r\n\t\t\t\t\t<option value=\"4\">4<\/option>\r\n\t\t\t\t\t<option value=\"5\">5<\/option>\r\n\t\t\t\t\t<option value=\"6\">6<\/option>\r\n\t\t\t\t\t<option value=\"7\">7<\/option>\r\n\t\t\t\t\t<option value=\"8\">8<\/option>\r\n\t\t\t\t\t<option value=\"9\">9<\/option>\r\n\t\t\t\t\t<option value=\"10\">10<\/option>\r\n\t\t\t\t<\/select>\r\n\r\n\t\t\t\t<div class=\"selectCustom js-selectCustom\" aria-hidden=\"true\">\r\n\t\t\t\t\t<div class=\"selectCustom-trigger\">1<\/div>\r\n\t\t\t\t\t<div class=\"selectCustom-options\">\r\n\t\t\t\t\t\t<div class=\"selectCustom-option\" data-value=\"1\">1<\/div>\r\n\t\t\t\t\t\t<div class=\"selectCustom-option\" data-value=\"2\">2<\/div>\r\n\t\t\t\t\t\t<div class=\"selectCustom-option\" data-value=\"3\">3<\/div>\r\n\t\t\t\t\t\t<div class=\"selectCustom-option\" data-value=\"4\">4<\/div>\r\n\t\t\t\t\t\t<div class=\"selectCustom-option\" data-value=\"5\">5<\/div>\r\n\t\t\t\t\t\t<div class=\"selectCustom-option\" data-value=\"6\">6<\/div>\r\n\t\t\t\t\t\t<div class=\"selectCustom-option\" data-value=\"7\">7<\/div>\r\n\t\t\t\t\t\t<div class=\"selectCustom-option\" data-value=\"8\">8<\/div>\r\n\t\t\t\t\t\t<div class=\"selectCustom-option\" data-value=\"9\">9<\/div>\r\n\t\t\t\t\t\t<div class=\"selectCustom-option\" data-value=\"10\">10<\/div>\r\n\t\t\t\t\t<\/div>\r\n\t\t\t\t<\/div>\r\n\t\t\t<\/div>\r\n\t\t<\/div>\r\n\r\n\t\t<div class=\"select select--half selectJS selectBorn\">\r\n\t\t\t<span class=\"label\">Antal barn<\/span>\r\n\t\t\t<div class=\"selectWrapper\">\r\n\t\t\t\t<select class=\"selectNative js-selectNative\" id=\"born\" aria-labelledby=\"born\">\r\n\t\t\t\t\t<option value=\"0\" selected=\"\">0<\/option>\r\n\t\t\t\t\t<option value=\"1\">1<\/option>\r\n\t\t\t\t\t<option value=\"2\">2<\/option>\r\n\t\t\t\t\t<option value=\"3\">3<\/option>\r\n\t\t\t\t\t<option value=\"4\">4<\/option>\r\n\t\t\t\t\t<option value=\"5\">5<\/option>\r\n\t\t\t\t\t<option value=\"6\">6<\/option>\r\n\t\t\t\t\t<option value=\"7\">7<\/option>\r\n\t\t\t\t\t<option value=\"8\">8<\/option>\r\n\t\t\t\t\t<option value=\"9\">9<\/option>\r\n\t\t\t\t\t<option value=\"10\">10<\/option>\r\n\t\t\t\t<\/select>\r\n\r\n\t\t\t\t<div class=\"selectCustom js-selectCustom\" aria-hidden=\"true\">\r\n\t\t\t\t\t<div class=\"selectCustom-trigger\">0<\/div>\r\n\t\t\t\t\t<div class=\"selectCustom-options\">\r\n\t\t\t\t\t\t<div class=\"selectCustom-option\" data-value=\"0\">0<\/div>\r\n\t\t\t\t\t\t<div class=\"selectCustom-option\" data-value=\"1\">1<\/div>\r\n\t\t\t\t\t\t<div class=\"selectCustom-option\" data-value=\"2\">2<\/div>\r\n\t\t\t\t\t\t<div class=\"selectCustom-option\" data-value=\"3\">3<\/div>\r\n\t\t\t\t\t\t<div class=\"selectCustom-option\" data-value=\"4\">4<\/div>\r\n\t\t\t\t\t\t<div class=\"selectCustom-option\" data-value=\"5\">5<\/div>\r\n\t\t\t\t\t\t<div class=\"selectCustom-option\" data-value=\"6\">6<\/div>\r\n\t\t\t\t\t\t<div class=\"selectCustom-option\" data-value=\"7\">7<\/div>\r\n\t\t\t\t\t\t<div class=\"selectCustom-option\" data-value=\"8\">8<\/div>\r\n\t\t\t\t\t\t<div class=\"selectCustom-option\" data-value=\"9\">9<\/div>\r\n\t\t\t\t\t\t<div class=\"selectCustom-option\" data-value=\"10\">10<\/div>\r\n\t\t\t\t\t<\/div>\r\n\t\t\t\t<\/div>\r\n\t\t\t<\/div>\r\n\t\t<\/div>\r\n\r\n\t<\/div>\r\n\t<div class=\"bookBord__form__row\">\r\n\t\t<div class=\"calendarBlock\">\r\n\t\t\t<div class=\"label\">V\u00e4lj datum och tid<\/div>\r\n\t\t\t<div class=\"calendarInputWrap\">\r\n\t\t\t\t<input type=\"text\" class=\"calendar\" id=\"calendarBord\" placeholder=\"V\u00e4lj datum\" \/>\r\n\t\t\t\t<svg width=\"24\" height=\"24\" viewBox=\"0 0 24 24\" fill=\"none\" xmlns=\"http:\/\/www.w3.org\/2000\/svg\">\r\n\t\t\t\t\t<path d=\"M4.75 8.75C4.75 7.64543 5.64543 6.75 6.75 6.75H17.25C18.3546 6.75 19.25 7.64543 19.25 8.75V17.25C19.25 18.3546 18.3546 19.25 17.25 19.25H6.75C5.64543 19.25 4.75 18.3546 4.75 17.25V8.75Z\" stroke=\"#2B2B2B\" stroke-width=\"1.5\" stroke-linecap=\"round\" stroke-linejoin=\"round\"\/>\r\n\t\t\t\t\t<path d=\"M8 4.75V8.25\" stroke=\"#2B2B2B\" stroke-width=\"1.5\" stroke-linecap=\"round\" stroke-linejoin=\"round\"\/>\r\n\t\t\t\t\t<path d=\"M8 11V12\" stroke=\"#2B2B2B\" stroke-width=\"1.5\" stroke-linecap=\"round\" stroke-linejoin=\"round\"\/>\r\n\t\t\t\t\t<path d=\"M8 15V16\" stroke=\"#2B2B2B\" stroke-width=\"1.5\" stroke-linecap=\"round\" stroke-linejoin=\"round\"\/>\r\n\t\t\t\t\t<path d=\"M12 11V12\" stroke=\"#2B2B2B\" stroke-width=\"1.5\" stroke-linecap=\"round\" stroke-linejoin=\"round\"\/>\r\n\t\t\t\t\t<path d=\"M12 15V16\" stroke=\"#2B2B2B\" stroke-width=\"1.5\" stroke-linecap=\"round\" stroke-linejoin=\"round\"\/>\r\n\t\t\t\t\t<path d=\"M16 4.75V8.25\" stroke=\"#2B2B2B\" stroke-width=\"1.5\" stroke-linecap=\"round\" stroke-linejoin=\"round\"\/>\r\n\t\t\t\t\t<path d=\"M16 11V12\" stroke=\"#2B2B2B\" stroke-width=\"1.5\" stroke-linecap=\"round\" stroke-linejoin=\"round\"\/>\r\n\t\t\t\t\t<path d=\"M16 15V16\" stroke=\"#2B2B2B\" stroke-width=\"1.5\" stroke-linecap=\"round\" stroke-linejoin=\"round\"\/>\r\n\t\t\t\t<\/svg>\r\n\t\t\t<\/div>\r\n\t\t<\/div>\r\n\t<\/div>\r\n\t<div class=\"bordTimeTable\">\r\n\t\t<div class=\"bordTimeTable__heading\">\r\n\t\t\t<div class=\"bordTimeTable__heading__single bordTimeTable__heading__single--frokost\" data-target=\"frokost\">\r\n\t\t\t\t<span>Lunch<\/span>\r\n\t\t\t\t<span class=\"rangeFrokost\">11:00 \u2013 16:00<\/span>\r\n\t\t\t<\/div>\r\n\t\t\t<div class=\"bordTimeTable__heading__single bordTimeTable__heading__single--aften\" data-target=\"aften\">\r\n\t\t\t\t<span>Kv\u00e4ll<\/span>\r\n\t\t\t\t<span class=\"rangeAften\">16:00 \u2013 21:30<\/span>\r\n\t\t\t<\/div>\r\n\t\t<\/div>\r\n\t\t<div class=\"bordTimeTable__time\" data-id=\"frokost\" id=\"frokostTime\"><\/div>\r\n\t\t<div class=\"bordTimeTable__time\" data-id=\"aften\" id=\"aftenTime\"><\/div>\r\n\t\t<div id=\"currentTime\" data-time=\"11:11\"><\/div>\r\n\t\t<div id=\"currentDay\" data-date=\"2026-04-18\"><\/div>\r\n\t<\/div>\r\n\t<div class=\"bookBord__form__button bookBord__form__button--step1\">\r\n\t\t<button class=\"button button--red button--round buttonLoader\" ><span>N\u00e4sta<\/span><\/button>\r\n\t<\/div>\r\n<\/div>\t\t\t\t\t\t<div id=\"bookBordStep2\">\r\n\t\t<div class=\"formRow\">\r\n\t\t<label for=\"navn\">Ditt namn  *<\/label>\r\n\t\t<div class=\"formRow__input\">\r\n\t\t\t<input type=\"text\" name=\"navn\" id=\"navn\" \/>\r\n\t\t<\/div>\r\n\t<\/div>\r\n\t<div class=\"formRow\">\r\n\t\t<label for=\"email\">Din mejladress *<\/label>\r\n\t\t<div class=\"formRow__input\">\r\n\t\t\t<input type=\"text\" name=\"email\" id=\"email\" \/>\r\n\t\t<\/div>\r\n\t<\/div>\r\n\t<div class=\"formRow formRow--mobile\">\r\n\t\t<label for=\"phone\">Ditt telefonnummer  *<\/label>\r\n\t\t<div class=\"formRow__input\">\r\n\t\t\t<div class=\"select select--half selectJS\">\r\n\t\t\t\t<div class=\"selectWrapper\">\r\n\t\t\t\t\t<select class=\"selectNative js-selectNative\" id=\"telPrefix\" aria-labelledby=\"telPrefix\">\r\n\t\t\t\t\t\t<option value=\"+45\" selected=\"\">+45<\/option>\r\n\t\t\t\t\t\t<option value=\"+46\">+46<\/option>\r\n\t\t\t\t\t\t<option value=\"+47\">+47<\/option>\r\n\t\t\t\t\t\t<option value=\"+49\">+49<\/option>\r\n\t\t\t\t\t<\/select>\r\n\r\n\t\t\t\t\t<div class=\"selectCustom js-selectCustom\" aria-hidden=\"true\">\r\n\t\t\t\t\t\t<div class=\"selectCustom-trigger\"><img decoding=\"async\" src=\"https:\/\/jensens.com\/wp-content\/themes\/jensens\/img\/Flag_of_Denmark.svg\" alt=\"flag\" \/><\/div>\r\n\t\t\t\t\t\t<div class=\"selectCustom-options\">\r\n\t\t\t\t\t\t\t<div class=\"selectCustom-option isActive\" data-value=\"+45\"><img decoding=\"async\" src=\"https:\/\/jensens.com\/wp-content\/themes\/jensens\/img\/Flag_of_Denmark.svg\" alt=\"flag\" \/><\/div>\r\n\t\t\t\t\t\t\t<div class=\"selectCustom-option\" data-value=\"+46\"><img decoding=\"async\" src=\"https:\/\/jensens.com\/wp-content\/themes\/jensens\/img\/Flag_of_Sweden.svg\" alt=\"flag\" \/><\/div>\r\n\t\t\t\t\t\t\t<div class=\"selectCustom-option\" data-value=\"+47\"><img decoding=\"async\" src=\"https:\/\/jensens.com\/wp-content\/themes\/jensens\/img\/Flag_of_Norway.svg\" alt=\"flag\" \/><\/div>\r\n\t\t\t\t\t\t\t<div class=\"selectCustom-option\" data-value=\"+49\"><img decoding=\"async\" src=\"https:\/\/jensens.com\/wp-content\/themes\/jensens\/img\/Flag_of_Germany.svg\" alt=\"flag\" \/><\/div>\r\n\t\t\t\t\t\t<\/div>\r\n\t\t\t\t\t<\/div>\r\n\t\t\t\t<\/div>\r\n\t\t\t<\/div>\r\n\t\t\t<input type=\"tel\" name=\"phone\" id=\"phone\" \/>\r\n\t\t<\/div>\r\n\t<\/div>\r\n\t<div class=\"formRow\">\r\n\t\t<label for=\"kommentar\">Evt. kommentar til din ordre<\/label>\r\n\t\t<div class=\"formRow__input\">\r\n\t\t\t<textarea name=\"kommentar\" id=\"kommentar\"><\/textarea>\r\n\t\t<\/div>\r\n\t<\/div>\r\n\t<div class=\"formRow formRow--halfSelect\">\r\n\t\t<label for=\"stole\">Beh\u00f6ver ni barnstol(ar)?<\/label>\r\n\t\t<div class=\"select select--half selectJS\">\r\n\t\t\t<div class=\"selectWrapper\">\r\n\t\t\t\t<select class=\"selectNative js-selectNative\" id=\"stole\" aria-labelledby=\"stole\">\r\n\t\t\t\t\t<option value=\"0\" selected=\"\">0<\/option>\r\n\t\t\t\t\t<option value=\"1\">1<\/option>\r\n\t\t\t\t\t<option value=\"2\">2<\/option>\r\n\t\t\t\t\t<option value=\"3\">3<\/option>\r\n\t\t\t\t\t<option value=\"4\">4<\/option>\r\n\t\t\t\t\t<option value=\"5\">5<\/option>\r\n\t\t\t\t<\/select>\r\n\r\n\t\t\t\t<div class=\"selectCustom js-selectCustom\" aria-hidden=\"true\">\r\n\t\t\t\t\t<div class=\"selectCustom-trigger\">0<\/div>\r\n\t\t\t\t\t<div class=\"selectCustom-options\">\r\n\t\t\t\t\t\t<div class=\"selectCustom-option isActive\" data-value=\"0\">0<\/div>\r\n\t\t\t\t\t\t<div class=\"selectCustom-option\" data-value=\"1\">1<\/div>\r\n\t\t\t\t\t\t<div class=\"selectCustom-option\" data-value=\"2\">2<\/div>\r\n\t\t\t\t\t\t<div class=\"selectCustom-option\" data-value=\"3\">3<\/div>\r\n\t\t\t\t\t\t<div class=\"selectCustom-option\" data-value=\"4\">4<\/div>\r\n\t\t\t\t\t\t<div class=\"selectCustom-option\" data-value=\"5\">5<\/div>\r\n\t\t\t\t\t<\/div>\r\n\t\t\t\t<\/div>\r\n\t\t\t<\/div>\r\n\t\t<\/div>\r\n\t<\/div>\r\n\t<div class=\"formRow formRow--permission formRow--birthday\">\r\n\t\t<label for=\"birthday\">Vi fejrer f\u00f8dselsdag<\/label>\r\n\r\n\t\t<div class=\"cntr\">\r\n\t\t\t<label for=\"birthday\" class=\"labelCheckbox\">\r\n\t\t\t\t<input id=\"birthday\" type=\"checkbox\" class=\"invisible\">\r\n\t\t\t\t<div class=\"checkbox\">\r\n\t\t\t\t\t<svg width=\"24px\" height=\"24px\" viewBox=\"0 0 20 20\">\r\n\t\t\t\t\t\t<polyline points=\"4 11 8 15 16 6\"><\/polyline>\r\n\t\t\t\t\t<\/svg>\r\n\t\t\t\t<\/div>\r\n\t\t\t<\/label>\r\n\t\t<\/div>\r\n\t<\/div>\r\n\t<div class=\"formRow formRow--permission\">\r\n\t\t<label for=\"permission\">\r\n\t\t\tJag godk\u00e4nner Jensens B\u00f8fhus  <a href=\"https:\/\/jensens.com\/da\/privatlivspolitik\/\" target=\"_blank\">Integritetspolicy och allm\u00e4nna villkor<\/a>\t\t<\/label>\r\n\r\n\t\t<div class=\"cntr\">\r\n\t\t\t<label for=\"permission\" class=\"labelCheckbox\">\r\n\t\t\t\t<input id=\"permission\" type=\"checkbox\" class=\"invisible\">\r\n\t\t\t\t<div class=\"checkbox\">\r\n\t\t\t\t\t<svg width=\"24px\" height=\"24px\" viewBox=\"0 0 20 20\">\r\n\t\t\t\t\t\t<polyline points=\"4 11 8 15 16 6\"><\/polyline>\r\n\t\t\t\t\t<\/svg>\r\n\t\t\t\t<\/div>\r\n\t\t\t<\/label>\r\n\t\t<\/div>\r\n\t<\/div>\r\n\t<div class=\"bookBord__form__button bookBord__form__button--step2\">\r\n\t\t<button type=\"submit\" class=\"button button--red button--round buttonLoader\"><span>Bekr\u00e6ft reservation<\/span><\/button>\r\n\t<\/div>\r\n<\/div>\t\t\t\t\t\t\r\n<div id=\"bookBordStep3\">\r\n\t<div class=\"bookBordComplete\">\r\n\t\t<div class=\"bookBordComplete__content\">\r\n\t\t\t<h1 style=\"text-align: center\">Tack! Vi har reserverat ett bra bord till dig.<\/h1>\n<p style=\"text-align: center\">Om ett \u00f6gonblick f\u00e5r du ett mejl som bekr\u00e4ftar din bokning. V\u00e4lkommen!<\/p>\n\t\t<\/div>\r\n\t\t<div class=\"bookBord__form__button bookBord__form__button--step3\">\r\n\t\t\t<a href=\"https:\/\/jensens.com\/sv\/\" class=\"button button--red button--round\" >\r\n\t\t\t\t<span>G\u00e5 til forsiden<\/span>\r\n\t\t\t<\/a>\r\n\t\t<\/div>\r\n\t<\/div>\r\n<\/div>\r\n\t\t\t\t\t<\/form>\r\n\t\t\t\t<\/div>\t\r\n\t\t\t<\/div>\r\n\t\t<\/div>\r\n\t<\/div>\r\n\t<div class=\"bookBordSlider\">\r\n\t\t\r\n<div class=\"container\">\r\n\t<div class=\"row\">\r\n\t\t<div class=\"col-12\">\r\n\t\t\t<h2 class=\"orderReceivedBlocksTitle\">Tilbud hos Jensens B\u00f8fhus<\/h2>\r\n\t\t\t<div class=\"orderReceivedBlocks\">\r\n\t\t\t\t<div class=\"splide__slide\">\r\n\t\t\t\t\t<a href=\"https:\/\/jensens.com\/sv\/?post_type=tilbud&#038;p=19231506\" class=\"offersList__single offersList__single--gradient\" aria-label=\"App\">\r\n    <div class=\"offersList__single__image\">\r\n        <img decoding=\"async\" src=\"https:\/\/jensens.com\/wp-content\/uploads\/2022\/09\/fokus_app_dk.jpg\" srcset=\"https:\/\/jensens.com\/wp-content\/uploads\/2022\/09\/fokus_app_dk-600x600.jpg 600w, https:\/\/jensens.com\/wp-content\/uploads\/2022\/09\/fokus_app_dk.jpg 1024w\" alt=\"App\" sizes=\"auto\" class=\"cover\" \/>    <\/div>\r\n    <div class=\"offersList__single__title\">App<\/div><\/a>\t\t\t\t<\/div>\r\n\r\n\t\t\t\t\r\n\t\t\t\t\t\r\n\t\t\t\t\t\t<div class=\"splide__slide\">\r\n\t\t\t\t\t\t\t<a href=\"https:\/\/jensens.com\/sv\/erbjudanden\/en-mor-biff\/\" class=\"offersList__single\" aria-label=\"En m\u00f6r lunchbiff\">\r\n    <div class=\"offersList__single__image\">\r\n        <img decoding=\"async\" src=\"https:\/\/jensens.com\/wp-content\/uploads\/2024\/07\/Square-App-6-1024x1024.jpg\" srcset=\"https:\/\/jensens.com\/wp-content\/uploads\/2024\/07\/Square-App-6-600x600.jpg 600w, https:\/\/jensens.com\/wp-content\/uploads\/2024\/07\/Square-App-6-1024x1024.jpg 1024w\" alt=\"En m\u00f6r lunchbiff\" sizes=\"auto\" class=\"cover\" \/>    <\/div>\r\n    <div class=\"offersList__single__title\">En m\u00f6r lunchbiff<\/div><\/a>\t\t\t\t\t\t<\/div>\r\n\r\n\t\t\t\t\t\r\n\t\t\t\t\t\t<div class=\"splide__slide\">\r\n\t\t\t\t\t\t\t<a href=\"https:\/\/jensens.com\/sv\/erbjudanden\/happy-sunday\/\" class=\"offersList__single offersList__single--gradient\" aria-label=\"Barn \u00e4ter f\u00f6r halva priset\">\r\n    <div class=\"offersList__single__image\">\r\n        <img decoding=\"async\" src=\"https:\/\/jensens.com\/wp-content\/uploads\/2022\/11\/Design-uden-navn-6.jpg\" srcset=\"https:\/\/jensens.com\/wp-content\/uploads\/2022\/11\/Design-uden-navn-6.jpg 600w, https:\/\/jensens.com\/wp-content\/uploads\/2022\/11\/Design-uden-navn-6.jpg 1024w\" alt=\"Barn \u00e4ter f\u00f6r halva priset\" sizes=\"auto\" class=\"cover\" \/>    <\/div>\r\n    <div class=\"offersList__single__title\">Barn \u00e4ter f\u00f6r halva priset<\/div><\/a>\t\t\t\t\t\t<\/div>\r\n\r\n\t\t\t\t\t\r\n\t\t\t\t\t\t<div class=\"splide__slide\">\r\n\t\t\t\t\t\t\t<a href=\"https:\/\/jensens.com\/sv\/erbjudanden\/studenterbjudande\/\" class=\"offersList__single offersList__single--gradient\" aria-label=\"F\u00e5 20 % i studentrabatt\">\r\n    <div class=\"offersList__single__image\">\r\n        <img decoding=\"async\" src=\"https:\/\/jensens.com\/wp-content\/uploads\/2022\/05\/fokus_studierabat_dk_se_no.jpg\" srcset=\"https:\/\/jensens.com\/wp-content\/uploads\/2022\/05\/fokus_studierabat_dk_se_no.jpg 600w, https:\/\/jensens.com\/wp-content\/uploads\/2022\/05\/fokus_studierabat_dk_se_no.jpg 1024w\" alt=\"F\u00e5 20 % i studentrabatt\" sizes=\"auto\" class=\"cover\" \/>    <\/div>\r\n    <div class=\"offersList__single__title\">F\u00e5 20 % i studentrabatt<\/div><\/a>\t\t\t\t\t\t<\/div>\r\n\r\n\t\t\t\t\t\r\n\t\t\t\t\t\t\t\t\t\t\t\t<\/div>\r\n\t\t\t<div class=\"orderReceivedBlockLink\">\r\n\t\t\t\t<a href=\"https:\/\/jensens.com\/da\/kampagner-tilbud\/\" class=\"button button--round button--outline\">\r\n\t\t\t\t\t<span>Se alle kampagner &#038; Fordele<\/span>\r\n\t\t\t\t<\/a>\r\n\t\t\t<\/div>\r\n\t\t<\/div>\r\n\t<\/div>\r\n<\/div>\t<\/div>\r\n<\/div>\r\n\r\n<div class=\"exitModalWrap exitModalWrap--exit errorBooking\">\r\n\t<div class=\"exitModalWrap__inner\">\r\n\t\t<div class=\"exitModal\">\r\n\t\t\t<button class=\"exitModal__close closeExitModal\">\r\n\t\t\t\t<svg class=\"icon\">\r\n\t\t\t\t\t<use xlink:href=\"#close-thin\" \/>\r\n\t\t\t\t<\/svg>\r\n\t\t\t<\/button>\r\n\t\t\t<div class=\"exitModal__content\">\r\n\t\t\t\t<p class=\"errorText\">\r\n\t\t\t\t\tKontakt os p\u00e5 <a href=\"tel:\" class=\"errorText__phone\"><\/a> hvis du \u00f8nsker at booke st\u00f8rre selskaber end <span class=\"errorText__pax\">0<\/span> personer\t\t\t\t<\/p>\r\n\t\t\t\t<div class=\"exitModal__content__buttons\">\r\n\t\t\t\t\t<button class=\"button button--red button--round closeExitModal\"><span>OK<\/span><\/button>\r\n\t\t\t\t<\/div>\r\n\t\t\t<\/div>\r\n\t\t<\/div>\r\n\t<\/div>\r\n\t<div class=\"exitModalWrap__overlay closeExitModal\"><\/div>\r\n<\/div>\r\n\r\n<div class=\"exitModalWrap exitModalWrap--exit errorValidation\">\r\n\t<div class=\"exitModalWrap__inner\">\r\n\t\t<div class=\"exitModal\">\r\n\t\t\t<button class=\"exitModal__close closeExitModal\">\r\n\t\t\t\t<svg class=\"icon\">\r\n\t\t\t\t\t<use xlink:href=\"#close-thin\" \/>\r\n\t\t\t\t<\/svg>\r\n\t\t\t<\/button>\r\n\t\t\t<div class=\"exitModal__content\">\r\n\t\t\t\t<p class=\"errorText errorText--mobile\">\r\n\t\t\t\t\tKontroller venligst dit telefonnummer\t\t\t\t<\/p>\r\n\t\t\t\t<p class=\"errorText errorText--times\">\r\n\t\t\t\t\tRestauranten tager ikke i mod (flere) bordbestillinger p\u00e5 denne dag\t\t\t\t<\/p>\r\n\t\t\t\t<p class=\"errorText errorText--email\">\r\n\t\t\t\t\tKontroller venligst din email\t\t\t\t<\/p>\r\n\t\t\t\t<p class=\"errorText errorText--name\">\r\n\t\t\t\t\tKontroller venligst dit navn\t\t\t\t<\/p>\r\n\t\t\t\t<p class=\"errorText errorText--terms\">\r\n\t\t\t\t\tBekr\u00e6ft venligst betingelserne\t\t\t\t<\/p>\r\n\t\t\t\t<div class=\"exitModal__content__buttons\">\r\n\t\t\t\t\t<button class=\"button button--red button--round closeExitModal\"><span>OK<\/span><\/button>\r\n\t\t\t\t<\/div>\r\n\t\t\t<\/div>\r\n\t\t<\/div>\r\n\t<\/div>\r\n\t<div class=\"exitModalWrap__overlay closeExitModal\"><\/div>\r\n<\/div>","protected":false},"excerpt":{"rendered":"","protected":false},"author":3,"featured_media":0,"parent":0,"menu_order":0,"comment_status":"closed","ping_status":"closed","template":"","meta":{"_acf_changed":false,"inline_featured_image":false,"footnotes":""},"class_list":["post-620","page","type-page","status-publish","hentry"],"acf":[],"yoast_head":"<!-- This site is optimized with the Yoast SEO Premium plugin v26.9 (Yoast SEO v26.9) - https:\/\/yoast.com\/product\/yoast-seo-premium-wordpress\/ -->\n<title>Book bord - Jensens<\/title>\n<meta name=\"robots\" content=\"noindex, follow\" \/>\n<meta property=\"og:locale\" content=\"sv_SE\" \/>\n<meta property=\"og:type\" content=\"article\" \/>\n<meta property=\"og:title\" content=\"Book bord\" \/>\n<meta property=\"og:url\" content=\"https:\/\/jensens.com\/sv\/boka-bord\/\" \/>\n<meta property=\"og:site_name\" content=\"Jensens\" \/>\n<meta property=\"article:modified_time\" content=\"2022-10-17T10:29:52+00:00\" \/>\n<meta name=\"twitter:card\" content=\"summary_large_image\" \/>\n<script type=\"application\/ld+json\" class=\"yoast-schema-graph\">{\"@context\":\"https:\/\/schema.org\",\"@graph\":[{\"@type\":\"WebPage\",\"@id\":\"https:\/\/jensens.com\/sv\/boka-bord\/\",\"url\":\"https:\/\/jensens.com\/sv\/boka-bord\/\",\"name\":\"Book bord - Jensens\",\"isPartOf\":{\"@id\":\"https:\/\/jensens.com\/sv\/#website\"},\"datePublished\":\"2022-06-06T12:10:57+00:00\",\"dateModified\":\"2022-10-17T10:29:52+00:00\",\"breadcrumb\":{\"@id\":\"https:\/\/jensens.com\/sv\/boka-bord\/#breadcrumb\"},\"inLanguage\":\"sv-SE\",\"potentialAction\":[{\"@type\":\"ReadAction\",\"target\":[\"https:\/\/jensens.com\/sv\/boka-bord\/\"]}]},{\"@type\":\"BreadcrumbList\",\"@id\":\"https:\/\/jensens.com\/sv\/boka-bord\/#breadcrumb\",\"itemListElement\":[{\"@type\":\"ListItem\",\"position\":1,\"name\":\"Home\",\"item\":\"https:\/\/jensens.com\/sv\/\"},{\"@type\":\"ListItem\",\"position\":2,\"name\":\"Book bord\"}]},{\"@type\":\"WebSite\",\"@id\":\"https:\/\/jensens.com\/sv\/#website\",\"url\":\"https:\/\/jensens.com\/sv\/\",\"name\":\"Jensens\",\"description\":\"\",\"potentialAction\":[{\"@type\":\"SearchAction\",\"target\":{\"@type\":\"EntryPoint\",\"urlTemplate\":\"https:\/\/jensens.com\/sv\/?s={search_term_string}\"},\"query-input\":{\"@type\":\"PropertyValueSpecification\",\"valueRequired\":true,\"valueName\":\"search_term_string\"}}],\"inLanguage\":\"sv-SE\"}]}<\/script>\n<!-- \/ Yoast SEO Premium plugin. -->","yoast_head_json":{"title":"Book bord - Jensens","robots":{"index":"noindex","follow":"follow"},"og_locale":"sv_SE","og_type":"article","og_title":"Book bord","og_url":"https:\/\/jensens.com\/sv\/boka-bord\/","og_site_name":"Jensens","article_modified_time":"2022-10-17T10:29:52+00:00","twitter_card":"summary_large_image","schema":{"@context":"https:\/\/schema.org","@graph":[{"@type":"WebPage","@id":"https:\/\/jensens.com\/sv\/boka-bord\/","url":"https:\/\/jensens.com\/sv\/boka-bord\/","name":"Book bord - Jensens","isPartOf":{"@id":"https:\/\/jensens.com\/sv\/#website"},"datePublished":"2022-06-06T12:10:57+00:00","dateModified":"2022-10-17T10:29:52+00:00","breadcrumb":{"@id":"https:\/\/jensens.com\/sv\/boka-bord\/#breadcrumb"},"inLanguage":"sv-SE","potentialAction":[{"@type":"ReadAction","target":["https:\/\/jensens.com\/sv\/boka-bord\/"]}]},{"@type":"BreadcrumbList","@id":"https:\/\/jensens.com\/sv\/boka-bord\/#breadcrumb","itemListElement":[{"@type":"ListItem","position":1,"name":"Home","item":"https:\/\/jensens.com\/sv\/"},{"@type":"ListItem","position":2,"name":"Book bord"}]},{"@type":"WebSite","@id":"https:\/\/jensens.com\/sv\/#website","url":"https:\/\/jensens.com\/sv\/","name":"Jensens","description":"","potentialAction":[{"@type":"SearchAction","target":{"@type":"EntryPoint","urlTemplate":"https:\/\/jensens.com\/sv\/?s={search_term_string}"},"query-input":{"@type":"PropertyValueSpecification","valueRequired":true,"valueName":"search_term_string"}}],"inLanguage":"sv-SE"}]}},"_links":{"self":[{"href":"https:\/\/jensens.com\/sv\/wp-json\/wp\/v2\/pages\/620","targetHints":{"allow":["GET"]}}],"collection":[{"href":"https:\/\/jensens.com\/sv\/wp-json\/wp\/v2\/pages"}],"about":[{"href":"https:\/\/jensens.com\/sv\/wp-json\/wp\/v2\/types\/page"}],"author":[{"embeddable":true,"href":"https:\/\/jensens.com\/sv\/wp-json\/wp\/v2\/users\/3"}],"replies":[{"embeddable":true,"href":"https:\/\/jensens.com\/sv\/wp-json\/wp\/v2\/comments?post=620"}],"version-history":[{"count":2,"href":"https:\/\/jensens.com\/sv\/wp-json\/wp\/v2\/pages\/620\/revisions"}],"predecessor-version":[{"id":32620860,"href":"https:\/\/jensens.com\/sv\/wp-json\/wp\/v2\/pages\/620\/revisions\/32620860"}],"wp:attachment":[{"href":"https:\/\/jensens.com\/sv\/wp-json\/wp\/v2\/media?parent=620"}],"curies":[{"name":"wp","href":"https:\/\/api.w.org\/{rel}","templated":true}]}}