{"id":19230231,"date":"2022-06-21T13:25:31","date_gmt":"2022-06-21T11:25:31","guid":{"rendered":"https:\/\/stoic-haibt.89-188-76-10.plesk.page\/product\/giftcard\/"},"modified":"2023-11-09T13:40:05","modified_gmt":"2023-11-09T12:40:05","slug":"presentkort","status":"publish","type":"product","link":"https:\/\/jensens.com\/sv\/produkt\/presentkort\/","title":{"rendered":"Ge bort kvalitetstid"},"content":{"rendered":"<p>Den ultimata g\u00e5van till dem du vill ha mer kvalitetstid med. V\u00e4lj sj\u00e4lv beloppet nedan.<\/p>\n<p>Vi skickar presentkortet som en pdf till din mejl. T\u00e4nk p\u00e5 att kolla spamkorgen om du inte har f\u00e5tt mejlet inom n\u00e5gra minuter.<\/p>\n","protected":false},"excerpt":{"rendered":"<p>Den ultimata g\u00e5van till dem du vill ha mer kvalitetstid med. V\u00e4lj sj\u00e4lv beloppet nedan. Vi skickar presentkortet som en pdf till din mejl. T\u00e4nk p\u00e5 att kolla spamkorgen om du inte har f\u00e5tt mejlet inom n\u00e5gra minuter.<\/p>\n","protected":false},"featured_media":19232356,"template":"","meta":{"_acf_changed":false,"inline_featured_image":false},"restaurant":[],"product_brand":[],"product_cat":[1008],"product_tag":[],"class_list":{"0":"post-19230231","1":"product","2":"type-product","3":"status-publish","4":"has-post-thumbnail","6":"product_cat-gavekort-sv","8":"first","9":"instock","10":"shipping-taxable","11":"purchasable","12":"product-type-variable"},"acf":[],"yoast_head":"<!-- This site is optimized with the Yoast SEO Premium plugin v26.9 (Yoast SEO v26.9) - https:\/\/yoast.com\/product\/yoast-seo-premium-wordpress\/ -->\n<title>Presentkort till restaurangen \u2013 Jensens B\u00f8fhus<\/title>\n<meta name=\"description\" content=\"Presentkort till Jensens \u2013 presenten till den som har allt. K\u00f6p ett presentkort till en trevlig kv\u00e4ll p\u00e5 Jensens B\u00f8fhus \u2013 den perfekta presenten.\" \/>\n<meta name=\"robots\" content=\"index, follow, max-snippet:-1, max-image-preview:large, max-video-preview:-1\" \/>\n<link rel=\"canonical\" href=\"https:\/\/jensens.com\/sv\/produkt\/presentkort\/\" \/>\n<meta property=\"og:locale\" content=\"sv_SE\" \/>\n<meta property=\"og:type\" content=\"article\" \/>\n<meta property=\"og:title\" content=\"Ge bort kvalitetstid\" \/>\n<meta property=\"og:description\" content=\"Presentkort till Jensens \u2013 presenten till den som har allt. K\u00f6p ett presentkort till en trevlig kv\u00e4ll p\u00e5 Jensens B\u00f8fhus \u2013 den perfekta presenten.\" \/>\n<meta property=\"og:url\" content=\"https:\/\/jensens.com\/sv\/produkt\/presentkort\/\" \/>\n<meta property=\"og:site_name\" content=\"Jensens\" \/>\n<meta property=\"article:modified_time\" content=\"2023-11-09T12:40:05+00:00\" \/>\n<meta property=\"og:image\" content=\"https:\/\/jensens.com\/wp-content\/uploads\/2022\/10\/gavekort_se.png\" \/>\n\t<meta property=\"og:image:width\" content=\"504\" \/>\n\t<meta property=\"og:image:height\" content=\"333\" \/>\n\t<meta property=\"og:image:type\" content=\"image\/png\" \/>\n<meta name=\"twitter:card\" content=\"summary_large_image\" \/>\n<meta name=\"twitter:label1\" content=\"Ber\u00e4knad l\u00e4stid\" \/>\n\t<meta name=\"twitter:data1\" content=\"1 minut\" \/>\n<script type=\"application\/ld+json\" class=\"yoast-schema-graph\">{\"@context\":\"https:\/\/schema.org\",\"@graph\":[{\"@type\":\"WebPage\",\"@id\":\"https:\/\/jensens.com\/sv\/produkt\/presentkort\/\",\"url\":\"https:\/\/jensens.com\/sv\/produkt\/presentkort\/\",\"name\":\"Presentkort till restaurangen \u2013 Jensens B\u00f8fhus\",\"isPartOf\":{\"@id\":\"https:\/\/jensens.com\/sv\/#website\"},\"primaryImageOfPage\":{\"@id\":\"https:\/\/jensens.com\/sv\/produkt\/presentkort\/#primaryimage\"},\"image\":{\"@id\":\"https:\/\/jensens.com\/sv\/produkt\/presentkort\/#primaryimage\"},\"thumbnailUrl\":\"https:\/\/jensens.com\/wp-content\/uploads\/2022\/10\/gavekort_se.png\",\"datePublished\":\"2022-06-21T11:25:31+00:00\",\"dateModified\":\"2023-11-09T12:40:05+00:00\",\"description\":\"Presentkort till Jensens \u2013 presenten till den som har allt. K\u00f6p ett presentkort till en trevlig kv\u00e4ll p\u00e5 Jensens B\u00f8fhus \u2013 den perfekta presenten.\",\"breadcrumb\":{\"@id\":\"https:\/\/jensens.com\/sv\/produkt\/presentkort\/#breadcrumb\"},\"inLanguage\":\"sv-SE\",\"potentialAction\":[{\"@type\":\"ReadAction\",\"target\":[\"https:\/\/jensens.com\/sv\/produkt\/presentkort\/\"]}]},{\"@type\":\"ImageObject\",\"inLanguage\":\"sv-SE\",\"@id\":\"https:\/\/jensens.com\/sv\/produkt\/presentkort\/#primaryimage\",\"url\":\"https:\/\/jensens.com\/wp-content\/uploads\/2022\/10\/gavekort_se.png\",\"contentUrl\":\"https:\/\/jensens.com\/wp-content\/uploads\/2022\/10\/gavekort_se.png\",\"width\":504,\"height\":333},{\"@type\":\"BreadcrumbList\",\"@id\":\"https:\/\/jensens.com\/sv\/produkt\/presentkort\/#breadcrumb\",\"itemListElement\":[{\"@type\":\"ListItem\",\"position\":1,\"name\":\"Home\",\"item\":\"https:\/\/jensens.com\/sv\/\"},{\"@type\":\"ListItem\",\"position\":2,\"name\":\"Butik\",\"item\":\"https:\/\/jensens.com\/sv\/butik\/\"},{\"@type\":\"ListItem\",\"position\":3,\"name\":\"Ge bort kvalitetstid\"}]},{\"@type\":\"WebSite\",\"@id\":\"https:\/\/jensens.com\/sv\/#website\",\"url\":\"https:\/\/jensens.com\/sv\/\",\"name\":\"Jensens\",\"description\":\"\",\"potentialAction\":[{\"@type\":\"SearchAction\",\"target\":{\"@type\":\"EntryPoint\",\"urlTemplate\":\"https:\/\/jensens.com\/sv\/?s={search_term_string}\"},\"query-input\":{\"@type\":\"PropertyValueSpecification\",\"valueRequired\":true,\"valueName\":\"search_term_string\"}}],\"inLanguage\":\"sv-SE\"}]}<\/script>\n<!-- \/ Yoast SEO Premium plugin. -->","yoast_head_json":{"title":"Presentkort till restaurangen \u2013 Jensens B\u00f8fhus","description":"Presentkort till Jensens \u2013 presenten till den som har allt. K\u00f6p ett presentkort till en trevlig kv\u00e4ll p\u00e5 Jensens B\u00f8fhus \u2013 den perfekta presenten.","robots":{"index":"index","follow":"follow","max-snippet":"max-snippet:-1","max-image-preview":"max-image-preview:large","max-video-preview":"max-video-preview:-1"},"canonical":"https:\/\/jensens.com\/sv\/produkt\/presentkort\/","og_locale":"sv_SE","og_type":"article","og_title":"Ge bort kvalitetstid","og_description":"Presentkort till Jensens \u2013 presenten till den som har allt. K\u00f6p ett presentkort till en trevlig kv\u00e4ll p\u00e5 Jensens B\u00f8fhus \u2013 den perfekta presenten.","og_url":"https:\/\/jensens.com\/sv\/produkt\/presentkort\/","og_site_name":"Jensens","article_modified_time":"2023-11-09T12:40:05+00:00","og_image":[{"width":504,"height":333,"url":"https:\/\/jensens.com\/wp-content\/uploads\/2022\/10\/gavekort_se.png","type":"image\/png"}],"twitter_card":"summary_large_image","twitter_misc":{"Ber\u00e4knad l\u00e4stid":"1 minut"},"schema":{"@context":"https:\/\/schema.org","@graph":[{"@type":"WebPage","@id":"https:\/\/jensens.com\/sv\/produkt\/presentkort\/","url":"https:\/\/jensens.com\/sv\/produkt\/presentkort\/","name":"Presentkort till restaurangen \u2013 Jensens B\u00f8fhus","isPartOf":{"@id":"https:\/\/jensens.com\/sv\/#website"},"primaryImageOfPage":{"@id":"https:\/\/jensens.com\/sv\/produkt\/presentkort\/#primaryimage"},"image":{"@id":"https:\/\/jensens.com\/sv\/produkt\/presentkort\/#primaryimage"},"thumbnailUrl":"https:\/\/jensens.com\/wp-content\/uploads\/2022\/10\/gavekort_se.png","datePublished":"2022-06-21T11:25:31+00:00","dateModified":"2023-11-09T12:40:05+00:00","description":"Presentkort till Jensens \u2013 presenten till den som har allt. K\u00f6p ett presentkort till en trevlig kv\u00e4ll p\u00e5 Jensens B\u00f8fhus \u2013 den perfekta presenten.","breadcrumb":{"@id":"https:\/\/jensens.com\/sv\/produkt\/presentkort\/#breadcrumb"},"inLanguage":"sv-SE","potentialAction":[{"@type":"ReadAction","target":["https:\/\/jensens.com\/sv\/produkt\/presentkort\/"]}]},{"@type":"ImageObject","inLanguage":"sv-SE","@id":"https:\/\/jensens.com\/sv\/produkt\/presentkort\/#primaryimage","url":"https:\/\/jensens.com\/wp-content\/uploads\/2022\/10\/gavekort_se.png","contentUrl":"https:\/\/jensens.com\/wp-content\/uploads\/2022\/10\/gavekort_se.png","width":504,"height":333},{"@type":"BreadcrumbList","@id":"https:\/\/jensens.com\/sv\/produkt\/presentkort\/#breadcrumb","itemListElement":[{"@type":"ListItem","position":1,"name":"Home","item":"https:\/\/jensens.com\/sv\/"},{"@type":"ListItem","position":2,"name":"Butik","item":"https:\/\/jensens.com\/sv\/butik\/"},{"@type":"ListItem","position":3,"name":"Ge bort kvalitetstid"}]},{"@type":"WebSite","@id":"https:\/\/jensens.com\/sv\/#website","url":"https:\/\/jensens.com\/sv\/","name":"Jensens","description":"","potentialAction":[{"@type":"SearchAction","target":{"@type":"EntryPoint","urlTemplate":"https:\/\/jensens.com\/sv\/?s={search_term_string}"},"query-input":{"@type":"PropertyValueSpecification","valueRequired":true,"valueName":"search_term_string"}}],"inLanguage":"sv-SE"}]}},"_links":{"self":[{"href":"https:\/\/jensens.com\/sv\/wp-json\/wp\/v2\/product\/19230231","targetHints":{"allow":["GET"]}}],"collection":[{"href":"https:\/\/jensens.com\/sv\/wp-json\/wp\/v2\/product"}],"about":[{"href":"https:\/\/jensens.com\/sv\/wp-json\/wp\/v2\/types\/product"}],"wp:featuredmedia":[{"embeddable":true,"href":"https:\/\/jensens.com\/sv\/wp-json\/wp\/v2\/media\/19232356"}],"wp:attachment":[{"href":"https:\/\/jensens.com\/sv\/wp-json\/wp\/v2\/media?parent=19230231"}],"wp:term":[{"taxonomy":"restaurant","embeddable":true,"href":"https:\/\/jensens.com\/sv\/wp-json\/wp\/v2\/restaurant?post=19230231"},{"taxonomy":"product_brand","embeddable":true,"href":"https:\/\/jensens.com\/sv\/wp-json\/wp\/v2\/product_brand?post=19230231"},{"taxonomy":"product_cat","embeddable":true,"href":"https:\/\/jensens.com\/sv\/wp-json\/wp\/v2\/product_cat?post=19230231"},{"taxonomy":"product_tag","embeddable":true,"href":"https:\/\/jensens.com\/sv\/wp-json\/wp\/v2\/product_tag?post=19230231"}],"curies":[{"name":"wp","href":"https:\/\/api.w.org\/{rel}","templated":true}]}}