{"id":32750000,"date":"2025-05-27T14:50:53","date_gmt":"2025-05-27T12:50:53","guid":{"rendered":"https:\/\/jensens.com\/product\/favoritkorg-6-st-2\/"},"modified":"2025-09-01T14:47:58","modified_gmt":"2025-09-01T12:47:58","slug":"favoritkorg-6-st-2","status":"publish","type":"product","link":"https:\/\/jensens.com\/sv\/produkt\/favoritkorg-6-st-2\/","title":{"rendered":"Favoritkorg 6 st"},"content":{"rendered":"<p>V\u00e4lj v\u00e5r popul\u00e4ra favoritkorg 12 st 179 som vi har mixat med Ostfyllda Jalape\u00f1os, Mozzarella sticks, Krispiga Hotwings, Gyoza, Chicken Tenders och L\u00f6kringar. Eller v\u00e4lj en korg med 6\/12 likadana bitar.<\/p>\n","protected":false},"excerpt":{"rendered":"<p>V\u00e4lj v\u00e5r popul\u00e4ra favoritkorg 12 st 179 som vi har mixat med Ostfyllda Jalape\u00f1os, Mozzarella sticks, Krispiga Hotwings, Gyoza, Chicken Tenders och L\u00f6kringar. Eller v\u00e4lj en korg med 6\/12 likadana bitar.<\/p>\n","protected":false},"featured_media":371830310,"template":"","meta":{"_acf_changed":false,"inline_featured_image":false},"restaurant":[],"product_brand":[],"product_cat":[10221],"product_tag":[],"class_list":{"0":"post-32750000","1":"product","2":"type-product","3":"status-publish","4":"has-post-thumbnail","6":"product_cat-forratter-sv","8":"first","9":"instock","10":"shipping-taxable","11":"purchasable","12":"product-type-simple"},"acf":[],"yoast_head":"<!-- This site is optimized with the Yoast SEO Premium plugin v26.9 (Yoast SEO v26.9) - https:\/\/yoast.com\/product\/yoast-seo-premium-wordpress\/ -->\n<title>Favoritkorg 6 st - Jensens<\/title>\n<meta name=\"robots\" content=\"index, follow, max-snippet:-1, max-image-preview:large, max-video-preview:-1\" \/>\n<link rel=\"canonical\" href=\"https:\/\/jensens.com\/sv\/produkt\/favoritkorg-6-st-2\/\" \/>\n<meta property=\"og:locale\" content=\"sv_SE\" \/>\n<meta property=\"og:type\" content=\"article\" \/>\n<meta property=\"og:title\" content=\"Favoritkorg 6 st\" \/>\n<meta property=\"og:description\" content=\"V\u00e4lj v\u00e5r popul\u00e4ra favoritkorg 12 st 179 som vi har mixat med Ostfyllda Jalape\u00f1os, Mozzarella sticks, Krispiga Hotwings, Gyoza, Chicken Tenders och L\u00f6kringar. Eller v\u00e4lj en korg med 6\/12 likadana bitar.\" \/>\n<meta property=\"og:url\" content=\"https:\/\/jensens.com\/sv\/produkt\/favoritkorg-6-st-2\/\" \/>\n<meta property=\"og:site_name\" content=\"Jensens\" \/>\n<meta property=\"article:modified_time\" content=\"2025-09-01T12:47:58+00:00\" \/>\n<meta property=\"og:image\" content=\"https:\/\/jensens.com\/wp-content\/uploads\/2025\/05\/Favoritkorg-6-st-2-1024x953.png\" \/>\n\t<meta property=\"og:image:width\" content=\"1024\" \/>\n\t<meta property=\"og:image:height\" content=\"953\" \/>\n\t<meta property=\"og:image:type\" content=\"image\/png\" \/>\n<meta name=\"twitter:card\" content=\"summary_large_image\" \/>\n<script type=\"application\/ld+json\" class=\"yoast-schema-graph\">{\"@context\":\"https:\/\/schema.org\",\"@graph\":[{\"@type\":\"WebPage\",\"@id\":\"https:\/\/jensens.com\/sv\/produkt\/favoritkorg-6-st-2\/\",\"url\":\"https:\/\/jensens.com\/sv\/produkt\/favoritkorg-6-st-2\/\",\"name\":\"Favoritkorg 6 st - Jensens\",\"isPartOf\":{\"@id\":\"https:\/\/jensens.com\/sv\/#website\"},\"primaryImageOfPage\":{\"@id\":\"https:\/\/jensens.com\/sv\/produkt\/favoritkorg-6-st-2\/#primaryimage\"},\"image\":{\"@id\":\"https:\/\/jensens.com\/sv\/produkt\/favoritkorg-6-st-2\/#primaryimage\"},\"thumbnailUrl\":\"https:\/\/jensens.com\/wp-content\/uploads\/2025\/05\/Favoritkorg-6-st-2.png\",\"datePublished\":\"2025-05-27T12:50:53+00:00\",\"dateModified\":\"2025-09-01T12:47:58+00:00\",\"breadcrumb\":{\"@id\":\"https:\/\/jensens.com\/sv\/produkt\/favoritkorg-6-st-2\/#breadcrumb\"},\"inLanguage\":\"sv-SE\",\"potentialAction\":[{\"@type\":\"ReadAction\",\"target\":[\"https:\/\/jensens.com\/sv\/produkt\/favoritkorg-6-st-2\/\"]}]},{\"@type\":\"ImageObject\",\"inLanguage\":\"sv-SE\",\"@id\":\"https:\/\/jensens.com\/sv\/produkt\/favoritkorg-6-st-2\/#primaryimage\",\"url\":\"https:\/\/jensens.com\/wp-content\/uploads\/2025\/05\/Favoritkorg-6-st-2.png\",\"contentUrl\":\"https:\/\/jensens.com\/wp-content\/uploads\/2025\/05\/Favoritkorg-6-st-2.png\",\"width\":1920,\"height\":1787,\"caption\":\"Favoritkorg 6 st\"},{\"@type\":\"BreadcrumbList\",\"@id\":\"https:\/\/jensens.com\/sv\/produkt\/favoritkorg-6-st-2\/#breadcrumb\",\"itemListElement\":[{\"@type\":\"ListItem\",\"position\":1,\"name\":\"Home\",\"item\":\"https:\/\/jensens.com\/sv\/\"},{\"@type\":\"ListItem\",\"position\":2,\"name\":\"Butik\",\"item\":\"https:\/\/jensens.com\/sv\/butik\/\"},{\"@type\":\"ListItem\",\"position\":3,\"name\":\"Favoritkorg 6 st\"}]},{\"@type\":\"WebSite\",\"@id\":\"https:\/\/jensens.com\/sv\/#website\",\"url\":\"https:\/\/jensens.com\/sv\/\",\"name\":\"Jensens\",\"description\":\"\",\"potentialAction\":[{\"@type\":\"SearchAction\",\"target\":{\"@type\":\"EntryPoint\",\"urlTemplate\":\"https:\/\/jensens.com\/sv\/?s={search_term_string}\"},\"query-input\":{\"@type\":\"PropertyValueSpecification\",\"valueRequired\":true,\"valueName\":\"search_term_string\"}}],\"inLanguage\":\"sv-SE\"}]}<\/script>\n<!-- \/ Yoast SEO Premium plugin. -->","yoast_head_json":{"title":"Favoritkorg 6 st - Jensens","robots":{"index":"index","follow":"follow","max-snippet":"max-snippet:-1","max-image-preview":"max-image-preview:large","max-video-preview":"max-video-preview:-1"},"canonical":"https:\/\/jensens.com\/sv\/produkt\/favoritkorg-6-st-2\/","og_locale":"sv_SE","og_type":"article","og_title":"Favoritkorg 6 st","og_description":"V\u00e4lj v\u00e5r popul\u00e4ra favoritkorg 12 st 179 som vi har mixat med Ostfyllda Jalape\u00f1os, Mozzarella sticks, Krispiga Hotwings, Gyoza, Chicken Tenders och L\u00f6kringar. Eller v\u00e4lj en korg med 6\/12 likadana bitar.","og_url":"https:\/\/jensens.com\/sv\/produkt\/favoritkorg-6-st-2\/","og_site_name":"Jensens","article_modified_time":"2025-09-01T12:47:58+00:00","og_image":[{"width":1024,"height":953,"url":"https:\/\/jensens.com\/wp-content\/uploads\/2025\/05\/Favoritkorg-6-st-2-1024x953.png","type":"image\/png"}],"twitter_card":"summary_large_image","schema":{"@context":"https:\/\/schema.org","@graph":[{"@type":"WebPage","@id":"https:\/\/jensens.com\/sv\/produkt\/favoritkorg-6-st-2\/","url":"https:\/\/jensens.com\/sv\/produkt\/favoritkorg-6-st-2\/","name":"Favoritkorg 6 st - Jensens","isPartOf":{"@id":"https:\/\/jensens.com\/sv\/#website"},"primaryImageOfPage":{"@id":"https:\/\/jensens.com\/sv\/produkt\/favoritkorg-6-st-2\/#primaryimage"},"image":{"@id":"https:\/\/jensens.com\/sv\/produkt\/favoritkorg-6-st-2\/#primaryimage"},"thumbnailUrl":"https:\/\/jensens.com\/wp-content\/uploads\/2025\/05\/Favoritkorg-6-st-2.png","datePublished":"2025-05-27T12:50:53+00:00","dateModified":"2025-09-01T12:47:58+00:00","breadcrumb":{"@id":"https:\/\/jensens.com\/sv\/produkt\/favoritkorg-6-st-2\/#breadcrumb"},"inLanguage":"sv-SE","potentialAction":[{"@type":"ReadAction","target":["https:\/\/jensens.com\/sv\/produkt\/favoritkorg-6-st-2\/"]}]},{"@type":"ImageObject","inLanguage":"sv-SE","@id":"https:\/\/jensens.com\/sv\/produkt\/favoritkorg-6-st-2\/#primaryimage","url":"https:\/\/jensens.com\/wp-content\/uploads\/2025\/05\/Favoritkorg-6-st-2.png","contentUrl":"https:\/\/jensens.com\/wp-content\/uploads\/2025\/05\/Favoritkorg-6-st-2.png","width":1920,"height":1787,"caption":"Favoritkorg 6 st"},{"@type":"BreadcrumbList","@id":"https:\/\/jensens.com\/sv\/produkt\/favoritkorg-6-st-2\/#breadcrumb","itemListElement":[{"@type":"ListItem","position":1,"name":"Home","item":"https:\/\/jensens.com\/sv\/"},{"@type":"ListItem","position":2,"name":"Butik","item":"https:\/\/jensens.com\/sv\/butik\/"},{"@type":"ListItem","position":3,"name":"Favoritkorg 6 st"}]},{"@type":"WebSite","@id":"https:\/\/jensens.com\/sv\/#website","url":"https:\/\/jensens.com\/sv\/","name":"Jensens","description":"","potentialAction":[{"@type":"SearchAction","target":{"@type":"EntryPoint","urlTemplate":"https:\/\/jensens.com\/sv\/?s={search_term_string}"},"query-input":{"@type":"PropertyValueSpecification","valueRequired":true,"valueName":"search_term_string"}}],"inLanguage":"sv-SE"}]}},"_links":{"self":[{"href":"https:\/\/jensens.com\/sv\/wp-json\/wp\/v2\/product\/32750000","targetHints":{"allow":["GET"]}}],"collection":[{"href":"https:\/\/jensens.com\/sv\/wp-json\/wp\/v2\/product"}],"about":[{"href":"https:\/\/jensens.com\/sv\/wp-json\/wp\/v2\/types\/product"}],"wp:featuredmedia":[{"embeddable":true,"href":"https:\/\/jensens.com\/sv\/wp-json\/wp\/v2\/media\/371830310"}],"wp:attachment":[{"href":"https:\/\/jensens.com\/sv\/wp-json\/wp\/v2\/media?parent=32750000"}],"wp:term":[{"taxonomy":"restaurant","embeddable":true,"href":"https:\/\/jensens.com\/sv\/wp-json\/wp\/v2\/restaurant?post=32750000"},{"taxonomy":"product_brand","embeddable":true,"href":"https:\/\/jensens.com\/sv\/wp-json\/wp\/v2\/product_brand?post=32750000"},{"taxonomy":"product_cat","embeddable":true,"href":"https:\/\/jensens.com\/sv\/wp-json\/wp\/v2\/product_cat?post=32750000"},{"taxonomy":"product_tag","embeddable":true,"href":"https:\/\/jensens.com\/sv\/wp-json\/wp\/v2\/product_tag?post=32750000"}],"curies":[{"name":"wp","href":"https:\/\/api.w.org\/{rel}","templated":true}]}}